{"id":6110,"date":"2019-11-04T17:34:38","date_gmt":"2019-11-04T17:34:38","guid":{"rendered":"http:\/\/copiamais.com\/lojaonline\/?page_id=6110"},"modified":"2020-05-18T09:33:41","modified_gmt":"2020-05-18T09:33:41","slug":"politica-de-cookies","status":"publish","type":"page","link":"https:\/\/copiamais.com\/lojaonline\/politica-de-cookies\/","title":{"rendered":"Pol\u00edtica de Cookies e privacidade"},"content":{"rendered":"\n<p>Um cookie \u00e9 um pequeno ficheiro de texto que \u00e9 guardado no browser ap\u00f3s o acesso a\u00a0uma p\u00e1gina web e costuma armazenar informa\u00e7\u00f5es t\u00e9cnicas,  prefer\u00eancias pessoais,\u00a0personaliza\u00e7\u00e3o de conte\u00fado, estat\u00edsticas de uso, links para redes sociais, acessos a\u00a0contas de utilizadores, etc. O objetivo do cookie \u00e9 adaptar o conte\u00fado ao perfil e\u00a0necessidades do utilizador.<\/p>\n\n\n\n<br><br>\n\n\n\n<p><strong>Cookies usados neste site<br><\/strong>Seguindo as diretrizes da Ag\u00eancia Portuguesa de Prote\u00e7\u00e3o de Dados, procedemos a&nbsp;detalhar o uso de cookies feitos por este site.<\/p>\n\n\n\n<p>Este site utiliza cookies pr\u00f3prias: cookies de sess\u00e3o. As cookies de sess\u00e3o garantem que&nbsp;os utilizadores s\u00e3o humanos. Desta forma, tentamos  minimizar o spam.<\/p>\n\n\n\n<br><br>\n\n\n\n<p>Este site usa tamb\u00e9m os seguintes cookies de terceiros:<\/p>\n\n\n\n<p>Google Analytics: armazena cookies para poder elaborar estat\u00edsticas  sobre o tr\u00e1fego e o&nbsp;volume de visitas deste site. Ao usar este site, concorda com o processamento de informa\u00e7\u00f5es pelo Google. Portanto, o exerc\u00edcio de qualquer direito em rela\u00e7\u00e3o a esse&nbsp;ponto deve ser comunicado diretamente ao Google.<\/p>\n\n\n\n<br><br>\n\n\n\n<p><strong>Desativar ou remover cookies.<br><\/strong>\u00c9 poss\u00edvel, a qualquer momento, desativar ou excluir as cookies deste site. Essas a\u00e7\u00f5es&nbsp;s\u00e3o realizadas de forma diferente de acordo com o browser  utilizado. A desativa\u00e7\u00e3o das&nbsp;cookies pode comprometer a experi\u00eancia no  site.<\/p>\n\n\n\n<br><br>\n\n\n\n<p><strong>Notas adicionais<br><\/strong>Este site n\u00e3o \u00e9 respons\u00e1vel pelo conte\u00fado ou pela veracidade das pol\u00edticas de privacidade que os terceiros mencionados nesta pol\u00edtica de&nbsp;cookies podem apresentar.<\/p>\n\n\n\n<p>O browser \u00e9 a ferramenta encarregada de armazenar os cookies e \u00e9 no  browser que \u00e9&nbsp;poss\u00edvel exclu\u00ed-los ou desativ\u00e1-los. Este site n\u00e3o pode garantir a manipula\u00e7\u00e3o correta ou incorreta de cookies pelos browsers&nbsp;mencionados. Em alguns casos, \u00e9 necess\u00e1rio instalar cookies para que o browser n\u00e3o<br>esque\u00e7a a decis\u00e3o de n\u00e3o aceit\u00e1-los.<\/p>\n\n\n\n<p>No caso dos cookies do Google Analytics, esta empresa armazena cookies em servidores&nbsp;localizados nos Estados Unidos e concorda em n\u00e3o compartilhar com terceiros, exceto&nbsp;nos casos em que seja necess\u00e1rio para a opera\u00e7\u00e3o do sistema ou quando a lei assim o&nbsp;exigir.<\/p>\n","protected":false},"excerpt":{"rendered":"<p>Um cookie \u00e9 um pequeno ficheiro de texto que \u00e9 guardado no browser ap\u00f3s o acesso a\u00a0uma p\u00e1gina web e costuma armazenar informa\u00e7\u00f5es t\u00e9cnicas, prefer\u00eancias pessoais,\u00a0personaliza\u00e7\u00e3o de conte\u00fado, estat\u00edsticas de uso, links para redes sociais, acessos a\u00a0contas de utilizadores, etc. O objetivo do cookie \u00e9 adaptar o conte\u00fado ao perfil e\u00a0necessidades do utilizador. Cookies usados<\/p>\n","protected":false},"author":1,"featured_media":0,"parent":0,"menu_order":0,"comment_status":"closed","ping_status":"closed","template":"","meta":{"_monsterinsights_skip_tracking":false,"_monsterinsights_sitenote_active":false,"_monsterinsights_sitenote_note":"","_monsterinsights_sitenote_category":0,"footnotes":""},"class_list":["post-6110","page","type-page","status-publish","hentry"],"yoast_head":"<!-- This site is optimized with the Yoast SEO plugin v25.5 - https:\/\/yoast.com\/wordpress\/plugins\/seo\/ -->\n<title>Pol\u00edtica de Cookies e privacidade - C\u00f3pia+ | Loja Online - Presentes Personalizados - Prendas Originais<\/title>\n<meta name=\"robots\" content=\"index, follow, max-snippet:-1, max-image-preview:large, max-video-preview:-1\" \/>\n<link rel=\"canonical\" href=\"https:\/\/copiamais.com\/lojaonline\/politica-de-cookies\/\" \/>\n<meta property=\"og:locale\" content=\"pt_PT\" \/>\n<meta property=\"og:type\" content=\"article\" \/>\n<meta property=\"og:title\" content=\"Pol\u00edtica de Cookies e privacidade - C\u00f3pia+ | Loja Online - Presentes Personalizados - Prendas Originais\" \/>\n<meta property=\"og:description\" content=\"Um cookie \u00e9 um pequeno ficheiro de texto que \u00e9 guardado no browser ap\u00f3s o acesso a\u00a0uma p\u00e1gina web e costuma armazenar informa\u00e7\u00f5es t\u00e9cnicas, prefer\u00eancias pessoais,\u00a0personaliza\u00e7\u00e3o de conte\u00fado, estat\u00edsticas de uso, links para redes sociais, acessos a\u00a0contas de utilizadores, etc. O objetivo do cookie \u00e9 adaptar o conte\u00fado ao perfil e\u00a0necessidades do utilizador. Cookies usados\" \/>\n<meta property=\"og:url\" content=\"https:\/\/copiamais.com\/lojaonline\/politica-de-cookies\/\" \/>\n<meta property=\"og:site_name\" content=\"C\u00f3pia+ | Loja Online - Presentes Personalizados - Prendas Originais\" \/>\n<meta property=\"article:modified_time\" content=\"2020-05-18T09:33:41+00:00\" \/>\n<meta name=\"twitter:card\" content=\"summary_large_image\" \/>\n<meta name=\"twitter:label1\" content=\"Tempo estimado de leitura\" \/>\n\t<meta name=\"twitter:data1\" content=\"2 minutos\" \/>\n<script type=\"application\/ld+json\" class=\"yoast-schema-graph\">{\"@context\":\"https:\/\/schema.org\",\"@graph\":[{\"@type\":\"WebPage\",\"@id\":\"https:\/\/copiamais.com\/lojaonline\/politica-de-cookies\/\",\"url\":\"https:\/\/copiamais.com\/lojaonline\/politica-de-cookies\/\",\"name\":\"Pol\u00edtica de Cookies e privacidade - C\u00f3pia+ | Loja Online - Presentes Personalizados - Prendas Originais\",\"isPartOf\":{\"@id\":\"https:\/\/copiamais.com\/lojaonline\/#website\"},\"datePublished\":\"2019-11-04T17:34:38+00:00\",\"dateModified\":\"2020-05-18T09:33:41+00:00\",\"breadcrumb\":{\"@id\":\"https:\/\/copiamais.com\/lojaonline\/politica-de-cookies\/#breadcrumb\"},\"inLanguage\":\"pt-PT\",\"potentialAction\":[{\"@type\":\"ReadAction\",\"target\":[\"https:\/\/copiamais.com\/lojaonline\/politica-de-cookies\/\"]}]},{\"@type\":\"BreadcrumbList\",\"@id\":\"https:\/\/copiamais.com\/lojaonline\/politica-de-cookies\/#breadcrumb\",\"itemListElement\":[{\"@type\":\"ListItem\",\"position\":1,\"name\":\"In\u00edcio\",\"item\":\"https:\/\/copiamais.com\/lojaonline\/\"},{\"@type\":\"ListItem\",\"position\":2,\"name\":\"Pol\u00edtica de Cookies e privacidade\"}]},{\"@type\":\"WebSite\",\"@id\":\"https:\/\/copiamais.com\/lojaonline\/#website\",\"url\":\"https:\/\/copiamais.com\/lojaonline\/\",\"name\":\"C\u00f3pia+ | Loja Online - Presentes Personalizados - Prendas Originais\",\"description\":\"Presentes para namorados, Dia do Pai, Dia da M\u00e3e, Dia dos Av\u00f3s, P\u00e1scoa...\",\"publisher\":{\"@id\":\"https:\/\/copiamais.com\/lojaonline\/#organization\"},\"potentialAction\":[{\"@type\":\"SearchAction\",\"target\":{\"@type\":\"EntryPoint\",\"urlTemplate\":\"https:\/\/copiamais.com\/lojaonline\/?s={search_term_string}\"},\"query-input\":{\"@type\":\"PropertyValueSpecification\",\"valueRequired\":true,\"valueName\":\"search_term_string\"}}],\"inLanguage\":\"pt-PT\"},{\"@type\":\"Organization\",\"@id\":\"https:\/\/copiamais.com\/lojaonline\/#organization\",\"name\":\"C\u00f3pia+\",\"url\":\"https:\/\/copiamais.com\/lojaonline\/\",\"logo\":{\"@type\":\"ImageObject\",\"inLanguage\":\"pt-PT\",\"@id\":\"https:\/\/copiamais.com\/lojaonline\/#\/schema\/logo\/image\/\",\"url\":\"https:\/\/copiamais.com\/lojaonline\/wp-content\/uploads\/2019\/08\/logo_copia.png\",\"contentUrl\":\"https:\/\/copiamais.com\/lojaonline\/wp-content\/uploads\/2019\/08\/logo_copia.png\",\"width\":150,\"height\":92,\"caption\":\"C\u00f3pia+\"},\"image\":{\"@id\":\"https:\/\/copiamais.com\/lojaonline\/#\/schema\/logo\/image\/\"}}]}<\/script>\n<!-- \/ Yoast SEO plugin. -->","yoast_head_json":{"title":"Pol\u00edtica de Cookies e privacidade - C\u00f3pia+ | Loja Online - Presentes Personalizados - Prendas Originais","robots":{"index":"index","follow":"follow","max-snippet":"max-snippet:-1","max-image-preview":"max-image-preview:large","max-video-preview":"max-video-preview:-1"},"canonical":"https:\/\/copiamais.com\/lojaonline\/politica-de-cookies\/","og_locale":"pt_PT","og_type":"article","og_title":"Pol\u00edtica de Cookies e privacidade - C\u00f3pia+ | Loja Online - Presentes Personalizados - Prendas Originais","og_description":"Um cookie \u00e9 um pequeno ficheiro de texto que \u00e9 guardado no browser ap\u00f3s o acesso a\u00a0uma p\u00e1gina web e costuma armazenar informa\u00e7\u00f5es t\u00e9cnicas, prefer\u00eancias pessoais,\u00a0personaliza\u00e7\u00e3o de conte\u00fado, estat\u00edsticas de uso, links para redes sociais, acessos a\u00a0contas de utilizadores, etc. O objetivo do cookie \u00e9 adaptar o conte\u00fado ao perfil e\u00a0necessidades do utilizador. Cookies usados","og_url":"https:\/\/copiamais.com\/lojaonline\/politica-de-cookies\/","og_site_name":"C\u00f3pia+ | Loja Online - Presentes Personalizados - Prendas Originais","article_modified_time":"2020-05-18T09:33:41+00:00","twitter_card":"summary_large_image","twitter_misc":{"Tempo estimado de leitura":"2 minutos"},"schema":{"@context":"https:\/\/schema.org","@graph":[{"@type":"WebPage","@id":"https:\/\/copiamais.com\/lojaonline\/politica-de-cookies\/","url":"https:\/\/copiamais.com\/lojaonline\/politica-de-cookies\/","name":"Pol\u00edtica de Cookies e privacidade - C\u00f3pia+ | Loja Online - Presentes Personalizados - Prendas Originais","isPartOf":{"@id":"https:\/\/copiamais.com\/lojaonline\/#website"},"datePublished":"2019-11-04T17:34:38+00:00","dateModified":"2020-05-18T09:33:41+00:00","breadcrumb":{"@id":"https:\/\/copiamais.com\/lojaonline\/politica-de-cookies\/#breadcrumb"},"inLanguage":"pt-PT","potentialAction":[{"@type":"ReadAction","target":["https:\/\/copiamais.com\/lojaonline\/politica-de-cookies\/"]}]},{"@type":"BreadcrumbList","@id":"https:\/\/copiamais.com\/lojaonline\/politica-de-cookies\/#breadcrumb","itemListElement":[{"@type":"ListItem","position":1,"name":"In\u00edcio","item":"https:\/\/copiamais.com\/lojaonline\/"},{"@type":"ListItem","position":2,"name":"Pol\u00edtica de Cookies e privacidade"}]},{"@type":"WebSite","@id":"https:\/\/copiamais.com\/lojaonline\/#website","url":"https:\/\/copiamais.com\/lojaonline\/","name":"C\u00f3pia+ | Loja Online - Presentes Personalizados - Prendas Originais","description":"Presentes para namorados, Dia do Pai, Dia da M\u00e3e, Dia dos Av\u00f3s, P\u00e1scoa...","publisher":{"@id":"https:\/\/copiamais.com\/lojaonline\/#organization"},"potentialAction":[{"@type":"SearchAction","target":{"@type":"EntryPoint","urlTemplate":"https:\/\/copiamais.com\/lojaonline\/?s={search_term_string}"},"query-input":{"@type":"PropertyValueSpecification","valueRequired":true,"valueName":"search_term_string"}}],"inLanguage":"pt-PT"},{"@type":"Organization","@id":"https:\/\/copiamais.com\/lojaonline\/#organization","name":"C\u00f3pia+","url":"https:\/\/copiamais.com\/lojaonline\/","logo":{"@type":"ImageObject","inLanguage":"pt-PT","@id":"https:\/\/copiamais.com\/lojaonline\/#\/schema\/logo\/image\/","url":"https:\/\/copiamais.com\/lojaonline\/wp-content\/uploads\/2019\/08\/logo_copia.png","contentUrl":"https:\/\/copiamais.com\/lojaonline\/wp-content\/uploads\/2019\/08\/logo_copia.png","width":150,"height":92,"caption":"C\u00f3pia+"},"image":{"@id":"https:\/\/copiamais.com\/lojaonline\/#\/schema\/logo\/image\/"}}]}},"_links":{"self":[{"href":"https:\/\/copiamais.com\/lojaonline\/wp-json\/wp\/v2\/pages\/6110","targetHints":{"allow":["GET"]}}],"collection":[{"href":"https:\/\/copiamais.com\/lojaonline\/wp-json\/wp\/v2\/pages"}],"about":[{"href":"https:\/\/copiamais.com\/lojaonline\/wp-json\/wp\/v2\/types\/page"}],"author":[{"embeddable":true,"href":"https:\/\/copiamais.com\/lojaonline\/wp-json\/wp\/v2\/users\/1"}],"replies":[{"embeddable":true,"href":"https:\/\/copiamais.com\/lojaonline\/wp-json\/wp\/v2\/comments?post=6110"}],"version-history":[{"count":9,"href":"https:\/\/copiamais.com\/lojaonline\/wp-json\/wp\/v2\/pages\/6110\/revisions"}],"predecessor-version":[{"id":8162,"href":"https:\/\/copiamais.com\/lojaonline\/wp-json\/wp\/v2\/pages\/6110\/revisions\/8162"}],"wp:attachment":[{"href":"https:\/\/copiamais.com\/lojaonline\/wp-json\/wp\/v2\/media?parent=6110"}],"curies":[{"name":"wp","href":"https:\/\/api.w.org\/{rel}","templated":true}]}}