{"id":6123,"date":"2019-11-04T18:38:37","date_gmt":"2019-11-04T18:38:37","guid":{"rendered":"http:\/\/copiamais.com\/lojaonline\/?page_id=6123"},"modified":"2020-05-20T13:51:04","modified_gmt":"2020-05-20T13:51:04","slug":"meios-de-pagamento","status":"publish","type":"page","link":"https:\/\/copiamais.com\/lojaonline\/meios-de-pagamento\/","title":{"rendered":"Meios de pagamento"},"content":{"rendered":"\n<p>Na C\u00d3PIA+ Loja Online, adoptamos os meios de pagamento mais seguros.<\/p>\n\n\n\n<p>As nossas op\u00e7\u00f5es dispon\u00edveis para o pagamento da sua encomenda s\u00e3o:<\/p>\n\n\n\n<p><strong>&#8211; Multibanco (Pagamento de servi\u00e7os Ref\u00aa \/ Entidade \/ Valor)<\/strong><\/p>\n\n\n\n<p><strong>&#8211; MBWAY<\/strong><\/p>\n\n\n\n<p><strong>&#8211; PAYSHOP<\/strong><\/p>\n\n\n\n<br><br>\n\n\n\n<p><strong><em>Nota Importante:<\/em><\/strong><\/p>\n\n\n\n<p>Ao escolher um produto personalizado o mesmo s\u00f3 \u00e9 colocado em produ\u00e7\u00e3o ap\u00f3s confirma\u00e7\u00e3o de pagamento.<\/p>\n","protected":false},"excerpt":{"rendered":"<p>Na C\u00d3PIA+ Loja Online, adoptamos os meios de pagamento mais seguros. As nossas op\u00e7\u00f5es dispon\u00edveis para o pagamento da sua encomenda s\u00e3o: &#8211; Multibanco (Pagamento de servi\u00e7os Ref\u00aa \/ Entidade \/ Valor) &#8211; MBWAY &#8211; PAYSHOP Nota Importante: Ao escolher um produto personalizado o mesmo s\u00f3 \u00e9 colocado em produ\u00e7\u00e3o ap\u00f3s confirma\u00e7\u00e3o de pagamento.<\/p>\n","protected":false},"author":1,"featured_media":0,"parent":0,"menu_order":0,"comment_status":"closed","ping_status":"closed","template":"","meta":{"_monsterinsights_skip_tracking":false,"_monsterinsights_sitenote_active":false,"_monsterinsights_sitenote_note":"","_monsterinsights_sitenote_category":0,"footnotes":""},"class_list":["post-6123","page","type-page","status-publish","hentry"],"yoast_head":"<!-- This site is optimized with the Yoast SEO plugin v25.5 - https:\/\/yoast.com\/wordpress\/plugins\/seo\/ -->\n<title>Meios de pagamento - C\u00f3pia+ | Loja Online - Presentes Personalizados - Prendas Originais<\/title>\n<meta name=\"description\" content=\"Na C\u00f3pia+ dispomos de v\u00e1rios m\u00e9todos de pagamento: Refer\u00eancia Multibanco, Paypal (Cart\u00e3o de Cr\u00e9dito), Pagamento e levantamento na loja.\" \/>\n<meta name=\"robots\" content=\"index, follow, max-snippet:-1, max-image-preview:large, max-video-preview:-1\" \/>\n<link rel=\"canonical\" href=\"https:\/\/copiamais.com\/lojaonline\/meios-de-pagamento\/\" \/>\n<meta property=\"og:locale\" content=\"pt_PT\" \/>\n<meta property=\"og:type\" content=\"article\" \/>\n<meta property=\"og:title\" content=\"Meios de pagamento - C\u00f3pia+ | Loja Online - Presentes Personalizados - Prendas Originais\" \/>\n<meta property=\"og:description\" content=\"Na C\u00f3pia+ dispomos de v\u00e1rios m\u00e9todos de pagamento: Refer\u00eancia Multibanco, Paypal (Cart\u00e3o de Cr\u00e9dito), Pagamento e levantamento na loja.\" \/>\n<meta property=\"og:url\" content=\"https:\/\/copiamais.com\/lojaonline\/meios-de-pagamento\/\" \/>\n<meta property=\"og:site_name\" content=\"C\u00f3pia+ | Loja Online - Presentes Personalizados - Prendas Originais\" \/>\n<meta property=\"article:modified_time\" content=\"2020-05-20T13:51:04+00:00\" \/>\n<meta name=\"twitter:card\" content=\"summary_large_image\" \/>\n<script type=\"application\/ld+json\" class=\"yoast-schema-graph\">{\"@context\":\"https:\/\/schema.org\",\"@graph\":[{\"@type\":\"WebPage\",\"@id\":\"https:\/\/copiamais.com\/lojaonline\/meios-de-pagamento\/\",\"url\":\"https:\/\/copiamais.com\/lojaonline\/meios-de-pagamento\/\",\"name\":\"Meios de pagamento - C\u00f3pia+ | Loja Online - Presentes Personalizados - Prendas Originais\",\"isPartOf\":{\"@id\":\"https:\/\/copiamais.com\/lojaonline\/#website\"},\"datePublished\":\"2019-11-04T18:38:37+00:00\",\"dateModified\":\"2020-05-20T13:51:04+00:00\",\"description\":\"Na C\u00f3pia+ dispomos de v\u00e1rios m\u00e9todos de pagamento: Refer\u00eancia Multibanco, Paypal (Cart\u00e3o de Cr\u00e9dito), Pagamento e levantamento na loja.\",\"breadcrumb\":{\"@id\":\"https:\/\/copiamais.com\/lojaonline\/meios-de-pagamento\/#breadcrumb\"},\"inLanguage\":\"pt-PT\",\"potentialAction\":[{\"@type\":\"ReadAction\",\"target\":[\"https:\/\/copiamais.com\/lojaonline\/meios-de-pagamento\/\"]}]},{\"@type\":\"BreadcrumbList\",\"@id\":\"https:\/\/copiamais.com\/lojaonline\/meios-de-pagamento\/#breadcrumb\",\"itemListElement\":[{\"@type\":\"ListItem\",\"position\":1,\"name\":\"In\u00edcio\",\"item\":\"https:\/\/copiamais.com\/lojaonline\/\"},{\"@type\":\"ListItem\",\"position\":2,\"name\":\"Meios de pagamento\"}]},{\"@type\":\"WebSite\",\"@id\":\"https:\/\/copiamais.com\/lojaonline\/#website\",\"url\":\"https:\/\/copiamais.com\/lojaonline\/\",\"name\":\"C\u00f3pia+ | Loja Online - Presentes Personalizados - Prendas Originais\",\"description\":\"Presentes para namorados, Dia do Pai, Dia da M\u00e3e, Dia dos Av\u00f3s, P\u00e1scoa...\",\"publisher\":{\"@id\":\"https:\/\/copiamais.com\/lojaonline\/#organization\"},\"potentialAction\":[{\"@type\":\"SearchAction\",\"target\":{\"@type\":\"EntryPoint\",\"urlTemplate\":\"https:\/\/copiamais.com\/lojaonline\/?s={search_term_string}\"},\"query-input\":{\"@type\":\"PropertyValueSpecification\",\"valueRequired\":true,\"valueName\":\"search_term_string\"}}],\"inLanguage\":\"pt-PT\"},{\"@type\":\"Organization\",\"@id\":\"https:\/\/copiamais.com\/lojaonline\/#organization\",\"name\":\"C\u00f3pia+\",\"url\":\"https:\/\/copiamais.com\/lojaonline\/\",\"logo\":{\"@type\":\"ImageObject\",\"inLanguage\":\"pt-PT\",\"@id\":\"https:\/\/copiamais.com\/lojaonline\/#\/schema\/logo\/image\/\",\"url\":\"https:\/\/copiamais.com\/lojaonline\/wp-content\/uploads\/2019\/08\/logo_copia.png\",\"contentUrl\":\"https:\/\/copiamais.com\/lojaonline\/wp-content\/uploads\/2019\/08\/logo_copia.png\",\"width\":150,\"height\":92,\"caption\":\"C\u00f3pia+\"},\"image\":{\"@id\":\"https:\/\/copiamais.com\/lojaonline\/#\/schema\/logo\/image\/\"}}]}<\/script>\n<!-- \/ Yoast SEO plugin. -->","yoast_head_json":{"title":"Meios de pagamento - C\u00f3pia+ | Loja Online - Presentes Personalizados - Prendas Originais","description":"Na C\u00f3pia+ dispomos de v\u00e1rios m\u00e9todos de pagamento: Refer\u00eancia Multibanco, Paypal (Cart\u00e3o de Cr\u00e9dito), Pagamento e levantamento na loja.","robots":{"index":"index","follow":"follow","max-snippet":"max-snippet:-1","max-image-preview":"max-image-preview:large","max-video-preview":"max-video-preview:-1"},"canonical":"https:\/\/copiamais.com\/lojaonline\/meios-de-pagamento\/","og_locale":"pt_PT","og_type":"article","og_title":"Meios de pagamento - C\u00f3pia+ | Loja Online - Presentes Personalizados - Prendas Originais","og_description":"Na C\u00f3pia+ dispomos de v\u00e1rios m\u00e9todos de pagamento: Refer\u00eancia Multibanco, Paypal (Cart\u00e3o de Cr\u00e9dito), Pagamento e levantamento na loja.","og_url":"https:\/\/copiamais.com\/lojaonline\/meios-de-pagamento\/","og_site_name":"C\u00f3pia+ | Loja Online - Presentes Personalizados - Prendas Originais","article_modified_time":"2020-05-20T13:51:04+00:00","twitter_card":"summary_large_image","schema":{"@context":"https:\/\/schema.org","@graph":[{"@type":"WebPage","@id":"https:\/\/copiamais.com\/lojaonline\/meios-de-pagamento\/","url":"https:\/\/copiamais.com\/lojaonline\/meios-de-pagamento\/","name":"Meios de pagamento - C\u00f3pia+ | Loja Online - Presentes Personalizados - Prendas Originais","isPartOf":{"@id":"https:\/\/copiamais.com\/lojaonline\/#website"},"datePublished":"2019-11-04T18:38:37+00:00","dateModified":"2020-05-20T13:51:04+00:00","description":"Na C\u00f3pia+ dispomos de v\u00e1rios m\u00e9todos de pagamento: Refer\u00eancia Multibanco, Paypal (Cart\u00e3o de Cr\u00e9dito), Pagamento e levantamento na loja.","breadcrumb":{"@id":"https:\/\/copiamais.com\/lojaonline\/meios-de-pagamento\/#breadcrumb"},"inLanguage":"pt-PT","potentialAction":[{"@type":"ReadAction","target":["https:\/\/copiamais.com\/lojaonline\/meios-de-pagamento\/"]}]},{"@type":"BreadcrumbList","@id":"https:\/\/copiamais.com\/lojaonline\/meios-de-pagamento\/#breadcrumb","itemListElement":[{"@type":"ListItem","position":1,"name":"In\u00edcio","item":"https:\/\/copiamais.com\/lojaonline\/"},{"@type":"ListItem","position":2,"name":"Meios de pagamento"}]},{"@type":"WebSite","@id":"https:\/\/copiamais.com\/lojaonline\/#website","url":"https:\/\/copiamais.com\/lojaonline\/","name":"C\u00f3pia+ | Loja Online - Presentes Personalizados - Prendas Originais","description":"Presentes para namorados, Dia do Pai, Dia da M\u00e3e, Dia dos Av\u00f3s, P\u00e1scoa...","publisher":{"@id":"https:\/\/copiamais.com\/lojaonline\/#organization"},"potentialAction":[{"@type":"SearchAction","target":{"@type":"EntryPoint","urlTemplate":"https:\/\/copiamais.com\/lojaonline\/?s={search_term_string}"},"query-input":{"@type":"PropertyValueSpecification","valueRequired":true,"valueName":"search_term_string"}}],"inLanguage":"pt-PT"},{"@type":"Organization","@id":"https:\/\/copiamais.com\/lojaonline\/#organization","name":"C\u00f3pia+","url":"https:\/\/copiamais.com\/lojaonline\/","logo":{"@type":"ImageObject","inLanguage":"pt-PT","@id":"https:\/\/copiamais.com\/lojaonline\/#\/schema\/logo\/image\/","url":"https:\/\/copiamais.com\/lojaonline\/wp-content\/uploads\/2019\/08\/logo_copia.png","contentUrl":"https:\/\/copiamais.com\/lojaonline\/wp-content\/uploads\/2019\/08\/logo_copia.png","width":150,"height":92,"caption":"C\u00f3pia+"},"image":{"@id":"https:\/\/copiamais.com\/lojaonline\/#\/schema\/logo\/image\/"}}]}},"_links":{"self":[{"href":"https:\/\/copiamais.com\/lojaonline\/wp-json\/wp\/v2\/pages\/6123","targetHints":{"allow":["GET"]}}],"collection":[{"href":"https:\/\/copiamais.com\/lojaonline\/wp-json\/wp\/v2\/pages"}],"about":[{"href":"https:\/\/copiamais.com\/lojaonline\/wp-json\/wp\/v2\/types\/page"}],"author":[{"embeddable":true,"href":"https:\/\/copiamais.com\/lojaonline\/wp-json\/wp\/v2\/users\/1"}],"replies":[{"embeddable":true,"href":"https:\/\/copiamais.com\/lojaonline\/wp-json\/wp\/v2\/comments?post=6123"}],"version-history":[{"count":14,"href":"https:\/\/copiamais.com\/lojaonline\/wp-json\/wp\/v2\/pages\/6123\/revisions"}],"predecessor-version":[{"id":8210,"href":"https:\/\/copiamais.com\/lojaonline\/wp-json\/wp\/v2\/pages\/6123\/revisions\/8210"}],"wp:attachment":[{"href":"https:\/\/copiamais.com\/lojaonline\/wp-json\/wp\/v2\/media?parent=6123"}],"curies":[{"name":"wp","href":"https:\/\/api.w.org\/{rel}","templated":true}]}}