{"id":6132,"date":"2019-11-04T19:04:21","date_gmt":"2019-11-04T19:04:21","guid":{"rendered":"http:\/\/copiamais.com\/lojaonline\/?page_id=6132"},"modified":"2020-11-06T10:02:24","modified_gmt":"2020-11-06T10:02:24","slug":"metodos-e-prazos-de-envio","status":"publish","type":"page","link":"https:\/\/copiamais.com\/lojaonline\/metodos-e-prazos-de-envio\/","title":{"rendered":"M\u00e9todos e prazos de envio"},"content":{"rendered":"\n<p><strong>ZONAS DE ENTREGA<\/strong><br>Portugal Continental.<br>Se pretende que o envio seja feito para as ilhas portuguesas ou outro pa\u00eds, por favor contacte-nos.<\/p>\n\n\n\n<br><br>\n\n\n\n<p><strong>PRAZO DE ENTREGA<\/strong><br><strong>Portugal Continental: 3 a 6 dias \u00fateis (produ\u00e7\u00e3o + envio) ap\u00f3s a confirma\u00e7\u00e3o da compra ou ap\u00f3s aprova\u00e7\u00e3o da maqueta se for um artigo com algum tipo de personaliza\u00e7\u00e3o.<\/strong><\/p>\n\n\n\n<br><br>\n\n\n\n<p><strong>VALOR DOS PORTES<\/strong><br>Portugal Continental &#8211; Uma vez que o valor dos portes depende do peso da encomenda, confirme o valor dos portes na p\u00e1gina &#8220;Carrinho&#8221;<\/p>\n\n\n\n<br><br>\n\n\n\n<p><strong>M\u00c9TODO DE ENVIO<\/strong><br>As encomendas da C\u00d3PIA+ s\u00e3o enviadas por transportadora.<\/p>\n\n\n\n<p>Dever\u00e1 sempre no momento da recep\u00e7\u00e3o confirmar o estado da encomenda\/embalagem verificando se existem anomalias. Caso detecte alguma anomalia na encomenda dever\u00e1 comunicar ao estafeta e solicitar resolu\u00e7\u00e3o do problema com o mesmo. <\/p>\n\n\n\n<p>A C\u00d3PIA+ n\u00e3o se poder\u00e1 responsabilizar por quaisquer danos resultantes do transporte \/ manipula\u00e7\u00e3o da encomenda devendo ser responsabilizada a empresa transportadora.<\/p>\n\n\n\n<p><br>As  encomendas s\u00e3o entregues na morada indicada pelo cliente. Se a morada estiver incorreta ou for recusada a entrega da encomenda, a mesma ser\u00e1 devolvida \u00e0 C\u00d3PIA+.  Posteriormente ser\u00e1 informado por n\u00f3s, podendo solicitar um novo envio,  mas mediante o pagamento de novos portes, antecipadamente.<\/p>\n","protected":false},"excerpt":{"rendered":"<p>ZONAS DE ENTREGAPortugal Continental.Se pretende que o envio seja feito para as ilhas portuguesas ou outro pa\u00eds, por favor contacte-nos. PRAZO DE ENTREGAPortugal Continental: 3 a 6 dias \u00fateis (produ\u00e7\u00e3o + envio) ap\u00f3s a confirma\u00e7\u00e3o da compra ou ap\u00f3s aprova\u00e7\u00e3o da maqueta se for um artigo com algum tipo de personaliza\u00e7\u00e3o. VALOR DOS PORTESPortugal Continental<\/p>\n","protected":false},"author":1,"featured_media":0,"parent":0,"menu_order":0,"comment_status":"closed","ping_status":"closed","template":"","meta":{"_monsterinsights_skip_tracking":false,"_monsterinsights_sitenote_active":false,"_monsterinsights_sitenote_note":"","_monsterinsights_sitenote_category":0,"footnotes":""},"class_list":["post-6132","page","type-page","status-publish","hentry"],"yoast_head":"<!-- This site is optimized with the Yoast SEO plugin v25.5 - https:\/\/yoast.com\/wordpress\/plugins\/seo\/ -->\n<title>M\u00e9todos e prazos de envio - C\u00f3pia+ | Loja Online - Presentes Personalizados - Prendas Originais<\/title>\n<meta name=\"robots\" content=\"index, follow, max-snippet:-1, max-image-preview:large, max-video-preview:-1\" \/>\n<link rel=\"canonical\" href=\"https:\/\/copiamais.com\/lojaonline\/metodos-e-prazos-de-envio\/\" \/>\n<meta property=\"og:locale\" content=\"pt_PT\" \/>\n<meta property=\"og:type\" content=\"article\" \/>\n<meta property=\"og:title\" content=\"M\u00e9todos e prazos de envio - C\u00f3pia+ | Loja Online - Presentes Personalizados - Prendas Originais\" \/>\n<meta property=\"og:description\" content=\"ZONAS DE ENTREGAPortugal Continental.Se pretende que o envio seja feito para as ilhas portuguesas ou outro pa\u00eds, por favor contacte-nos. PRAZO DE ENTREGAPortugal Continental: 3 a 6 dias \u00fateis (produ\u00e7\u00e3o + envio) ap\u00f3s a confirma\u00e7\u00e3o da compra ou ap\u00f3s aprova\u00e7\u00e3o da maqueta se for um artigo com algum tipo de personaliza\u00e7\u00e3o. VALOR DOS PORTESPortugal Continental\" \/>\n<meta property=\"og:url\" content=\"https:\/\/copiamais.com\/lojaonline\/metodos-e-prazos-de-envio\/\" \/>\n<meta property=\"og:site_name\" content=\"C\u00f3pia+ | Loja Online - Presentes Personalizados - Prendas Originais\" \/>\n<meta property=\"article:modified_time\" content=\"2020-11-06T10:02:24+00:00\" \/>\n<meta name=\"twitter:card\" content=\"summary_large_image\" \/>\n<meta name=\"twitter:label1\" content=\"Tempo estimado de leitura\" \/>\n\t<meta name=\"twitter:data1\" content=\"1 minuto\" \/>\n<script type=\"application\/ld+json\" class=\"yoast-schema-graph\">{\"@context\":\"https:\/\/schema.org\",\"@graph\":[{\"@type\":\"WebPage\",\"@id\":\"https:\/\/copiamais.com\/lojaonline\/metodos-e-prazos-de-envio\/\",\"url\":\"https:\/\/copiamais.com\/lojaonline\/metodos-e-prazos-de-envio\/\",\"name\":\"M\u00e9todos e prazos de envio - C\u00f3pia+ | Loja Online - Presentes Personalizados - Prendas Originais\",\"isPartOf\":{\"@id\":\"https:\/\/copiamais.com\/lojaonline\/#website\"},\"datePublished\":\"2019-11-04T19:04:21+00:00\",\"dateModified\":\"2020-11-06T10:02:24+00:00\",\"breadcrumb\":{\"@id\":\"https:\/\/copiamais.com\/lojaonline\/metodos-e-prazos-de-envio\/#breadcrumb\"},\"inLanguage\":\"pt-PT\",\"potentialAction\":[{\"@type\":\"ReadAction\",\"target\":[\"https:\/\/copiamais.com\/lojaonline\/metodos-e-prazos-de-envio\/\"]}]},{\"@type\":\"BreadcrumbList\",\"@id\":\"https:\/\/copiamais.com\/lojaonline\/metodos-e-prazos-de-envio\/#breadcrumb\",\"itemListElement\":[{\"@type\":\"ListItem\",\"position\":1,\"name\":\"In\u00edcio\",\"item\":\"https:\/\/copiamais.com\/lojaonline\/\"},{\"@type\":\"ListItem\",\"position\":2,\"name\":\"M\u00e9todos e prazos de envio\"}]},{\"@type\":\"WebSite\",\"@id\":\"https:\/\/copiamais.com\/lojaonline\/#website\",\"url\":\"https:\/\/copiamais.com\/lojaonline\/\",\"name\":\"C\u00f3pia+ | Loja Online - Presentes Personalizados - Prendas Originais\",\"description\":\"Presentes para namorados, Dia do Pai, Dia da M\u00e3e, Dia dos Av\u00f3s, P\u00e1scoa...\",\"publisher\":{\"@id\":\"https:\/\/copiamais.com\/lojaonline\/#organization\"},\"potentialAction\":[{\"@type\":\"SearchAction\",\"target\":{\"@type\":\"EntryPoint\",\"urlTemplate\":\"https:\/\/copiamais.com\/lojaonline\/?s={search_term_string}\"},\"query-input\":{\"@type\":\"PropertyValueSpecification\",\"valueRequired\":true,\"valueName\":\"search_term_string\"}}],\"inLanguage\":\"pt-PT\"},{\"@type\":\"Organization\",\"@id\":\"https:\/\/copiamais.com\/lojaonline\/#organization\",\"name\":\"C\u00f3pia+\",\"url\":\"https:\/\/copiamais.com\/lojaonline\/\",\"logo\":{\"@type\":\"ImageObject\",\"inLanguage\":\"pt-PT\",\"@id\":\"https:\/\/copiamais.com\/lojaonline\/#\/schema\/logo\/image\/\",\"url\":\"https:\/\/copiamais.com\/lojaonline\/wp-content\/uploads\/2019\/08\/logo_copia.png\",\"contentUrl\":\"https:\/\/copiamais.com\/lojaonline\/wp-content\/uploads\/2019\/08\/logo_copia.png\",\"width\":150,\"height\":92,\"caption\":\"C\u00f3pia+\"},\"image\":{\"@id\":\"https:\/\/copiamais.com\/lojaonline\/#\/schema\/logo\/image\/\"}}]}<\/script>\n<!-- \/ Yoast SEO plugin. -->","yoast_head_json":{"title":"M\u00e9todos e prazos de envio - C\u00f3pia+ | Loja Online - Presentes Personalizados - Prendas Originais","robots":{"index":"index","follow":"follow","max-snippet":"max-snippet:-1","max-image-preview":"max-image-preview:large","max-video-preview":"max-video-preview:-1"},"canonical":"https:\/\/copiamais.com\/lojaonline\/metodos-e-prazos-de-envio\/","og_locale":"pt_PT","og_type":"article","og_title":"M\u00e9todos e prazos de envio - C\u00f3pia+ | Loja Online - Presentes Personalizados - Prendas Originais","og_description":"ZONAS DE ENTREGAPortugal Continental.Se pretende que o envio seja feito para as ilhas portuguesas ou outro pa\u00eds, por favor contacte-nos. PRAZO DE ENTREGAPortugal Continental: 3 a 6 dias \u00fateis (produ\u00e7\u00e3o + envio) ap\u00f3s a confirma\u00e7\u00e3o da compra ou ap\u00f3s aprova\u00e7\u00e3o da maqueta se for um artigo com algum tipo de personaliza\u00e7\u00e3o. VALOR DOS PORTESPortugal Continental","og_url":"https:\/\/copiamais.com\/lojaonline\/metodos-e-prazos-de-envio\/","og_site_name":"C\u00f3pia+ | Loja Online - Presentes Personalizados - Prendas Originais","article_modified_time":"2020-11-06T10:02:24+00:00","twitter_card":"summary_large_image","twitter_misc":{"Tempo estimado de leitura":"1 minuto"},"schema":{"@context":"https:\/\/schema.org","@graph":[{"@type":"WebPage","@id":"https:\/\/copiamais.com\/lojaonline\/metodos-e-prazos-de-envio\/","url":"https:\/\/copiamais.com\/lojaonline\/metodos-e-prazos-de-envio\/","name":"M\u00e9todos e prazos de envio - C\u00f3pia+ | Loja Online - Presentes Personalizados - Prendas Originais","isPartOf":{"@id":"https:\/\/copiamais.com\/lojaonline\/#website"},"datePublished":"2019-11-04T19:04:21+00:00","dateModified":"2020-11-06T10:02:24+00:00","breadcrumb":{"@id":"https:\/\/copiamais.com\/lojaonline\/metodos-e-prazos-de-envio\/#breadcrumb"},"inLanguage":"pt-PT","potentialAction":[{"@type":"ReadAction","target":["https:\/\/copiamais.com\/lojaonline\/metodos-e-prazos-de-envio\/"]}]},{"@type":"BreadcrumbList","@id":"https:\/\/copiamais.com\/lojaonline\/metodos-e-prazos-de-envio\/#breadcrumb","itemListElement":[{"@type":"ListItem","position":1,"name":"In\u00edcio","item":"https:\/\/copiamais.com\/lojaonline\/"},{"@type":"ListItem","position":2,"name":"M\u00e9todos e prazos de envio"}]},{"@type":"WebSite","@id":"https:\/\/copiamais.com\/lojaonline\/#website","url":"https:\/\/copiamais.com\/lojaonline\/","name":"C\u00f3pia+ | Loja Online - Presentes Personalizados - Prendas Originais","description":"Presentes para namorados, Dia do Pai, Dia da M\u00e3e, Dia dos Av\u00f3s, P\u00e1scoa...","publisher":{"@id":"https:\/\/copiamais.com\/lojaonline\/#organization"},"potentialAction":[{"@type":"SearchAction","target":{"@type":"EntryPoint","urlTemplate":"https:\/\/copiamais.com\/lojaonline\/?s={search_term_string}"},"query-input":{"@type":"PropertyValueSpecification","valueRequired":true,"valueName":"search_term_string"}}],"inLanguage":"pt-PT"},{"@type":"Organization","@id":"https:\/\/copiamais.com\/lojaonline\/#organization","name":"C\u00f3pia+","url":"https:\/\/copiamais.com\/lojaonline\/","logo":{"@type":"ImageObject","inLanguage":"pt-PT","@id":"https:\/\/copiamais.com\/lojaonline\/#\/schema\/logo\/image\/","url":"https:\/\/copiamais.com\/lojaonline\/wp-content\/uploads\/2019\/08\/logo_copia.png","contentUrl":"https:\/\/copiamais.com\/lojaonline\/wp-content\/uploads\/2019\/08\/logo_copia.png","width":150,"height":92,"caption":"C\u00f3pia+"},"image":{"@id":"https:\/\/copiamais.com\/lojaonline\/#\/schema\/logo\/image\/"}}]}},"_links":{"self":[{"href":"https:\/\/copiamais.com\/lojaonline\/wp-json\/wp\/v2\/pages\/6132","targetHints":{"allow":["GET"]}}],"collection":[{"href":"https:\/\/copiamais.com\/lojaonline\/wp-json\/wp\/v2\/pages"}],"about":[{"href":"https:\/\/copiamais.com\/lojaonline\/wp-json\/wp\/v2\/types\/page"}],"author":[{"embeddable":true,"href":"https:\/\/copiamais.com\/lojaonline\/wp-json\/wp\/v2\/users\/1"}],"replies":[{"embeddable":true,"href":"https:\/\/copiamais.com\/lojaonline\/wp-json\/wp\/v2\/comments?post=6132"}],"version-history":[{"count":12,"href":"https:\/\/copiamais.com\/lojaonline\/wp-json\/wp\/v2\/pages\/6132\/revisions"}],"predecessor-version":[{"id":9446,"href":"https:\/\/copiamais.com\/lojaonline\/wp-json\/wp\/v2\/pages\/6132\/revisions\/9446"}],"wp:attachment":[{"href":"https:\/\/copiamais.com\/lojaonline\/wp-json\/wp\/v2\/media?parent=6132"}],"curies":[{"name":"wp","href":"https:\/\/api.w.org\/{rel}","templated":true}]}}