{"id":6141,"date":"2019-11-04T19:12:21","date_gmt":"2019-11-04T19:12:21","guid":{"rendered":"http:\/\/copiamais.com\/lojaonline\/?page_id=6141"},"modified":"2023-04-11T09:13:19","modified_gmt":"2023-04-11T09:13:19","slug":"como-personalizar-artigos","status":"publish","type":"page","link":"https:\/\/copiamais.com\/lojaonline\/como-personalizar-artigos\/","title":{"rendered":"Como personalizar artigos"},"content":{"rendered":"\n<p>Muitos dos nossos artigos t\u00eam personaliza\u00e7\u00e3o parcial\/total. <\/p>\n\n\n\n<p><strong>PERSONALIZA\u00c7\u00c3O PARCIAL COM RECURSO A MODELO PR\u00c9-CRIADO<\/strong><br>No caso do artigo ser personaliz\u00e1vel atrav\u00e9s dos modelos pr\u00e9-criados, carregue as fotografias e\/ou os textos nos respetivos espa\u00e7os. Proceda \u00e0 compra e pagamento do artigo.<\/p>\n\n\n\n<p>Se indicado na p\u00e1gina do produtos, no prazo de 1 a 2 dias \u00fateis receber\u00e1 por e-mail uma maqueta com a disposi\u00e7\u00e3o da(s) fotografia(s) e\/ou texto(s). Veja com aten\u00e7\u00e3o todos os pormenores para n\u00e3o haver erros no artigo final. A produ\u00e7\u00e3o do artigo personaliz\u00e1vel s\u00f3 avan\u00e7a depois de aprovada a maqueta pelo cliente.<\/p>\n\n\n\n<p><strong>PERSONALIZA\u00c7\u00c3O LIVRE<\/strong> <br>No caso de ser um artigo de personaliza\u00e7\u00e3o livre clique no bot\u00e3o &#8220;Personalizar&#8221;. Ser\u00e1 encaminhado para um editor onde pode adicionar textos, imagens e formas criar livremente a sua personaliza\u00e7\u00e3o na \u00e1rea estipulada. Depois de finalizada a personaliza\u00e7\u00e3o clique em &#8220;Adicionar ao carrinho&#8221;<\/p>\n\n\n\n<p>Caso n\u00e3o encontre aquilo que procura nos nossos artigos pode sempre fazer uma personaliza\u00e7\u00e3o \u00e0 sua medida. Pode consultar <a href=\"http:\/\/copiamais.com\/lojaonline\/personalizar\/\">AQUI<\/a> mais informa\u00e7\u00f5es.<\/p>\n\n\n\n<br><br>\n\n\n\n<p><strong>QUALIDADE DE IMAGENS<\/strong><br>Temos  sempre em aten\u00e7\u00e3o a qualidade dos ficheiros enviados pelos clientes, e alertamos sempre quando a qualidade das fotos n\u00e3o garante um  bom resultado final.<\/p>\n\n\n\n<p>Nos artigos indicados, ser\u00e1 enviada  uma maqueta para aprova\u00e7\u00e3o. Dever\u00e1 ter aten\u00e7\u00e3o a todos os pormenores.<\/p>\n\n\n\n<p>Dependendo do artigo \/ imagem utilizadas poder\u00e3o ocorrer pequenas varia\u00e7\u00f5es na cor apresentada \/ impressa sendo que o cliente poder\u00e1 ver no seu monitor uma cor que n\u00e3o seja exactamente a cor real (caso o seu monitor n\u00e3o esteja calibrado de forma exacta). <\/p>\n\n\n\n<p>As personaliza\u00e7\u00f5es s\u00e3o executadas no modo de cor CMYK e as imagens apresentadas no monitor est\u00e3o no modo de cor RGB e por isso poder\u00e3o tamb\u00e9m haver pequenas diferen\u00e7as na apresenta\u00e7\u00e3o da cor. As diferen\u00e7as costumam ser m\u00ednimas sendo que a C\u00d3PIA+ n\u00e3o se poder\u00e1 responsabilizar se ocorrerem essas diferen\u00e7as.<\/p>\n","protected":false},"excerpt":{"rendered":"<p>Muitos dos nossos artigos t\u00eam personaliza\u00e7\u00e3o parcial\/total. PERSONALIZA\u00c7\u00c3O PARCIAL COM RECURSO A MODELO PR\u00c9-CRIADONo caso do artigo ser personaliz\u00e1vel atrav\u00e9s dos modelos pr\u00e9-criados, carregue as fotografias e\/ou os textos nos respetivos espa\u00e7os. Proceda \u00e0 compra e pagamento do artigo. Se indicado na p\u00e1gina do produtos, no prazo de 1 a 2 dias \u00fateis receber\u00e1 por<\/p>\n","protected":false},"author":1,"featured_media":0,"parent":0,"menu_order":0,"comment_status":"closed","ping_status":"closed","template":"","meta":{"_monsterinsights_skip_tracking":false,"_monsterinsights_sitenote_active":false,"_monsterinsights_sitenote_note":"","_monsterinsights_sitenote_category":0,"footnotes":""},"class_list":["post-6141","page","type-page","status-publish","hentry"],"yoast_head":"<!-- This site is optimized with the Yoast SEO plugin v25.5 - https:\/\/yoast.com\/wordpress\/plugins\/seo\/ -->\n<title>Como personalizar artigos - C\u00f3pia+ | Loja Online - Presentes Personalizados - Prendas Originais<\/title>\n<meta name=\"robots\" content=\"index, follow, max-snippet:-1, max-image-preview:large, max-video-preview:-1\" \/>\n<link rel=\"canonical\" href=\"https:\/\/copiamais.com\/lojaonline\/como-personalizar-artigos\/\" \/>\n<meta property=\"og:locale\" content=\"pt_PT\" \/>\n<meta property=\"og:type\" content=\"article\" \/>\n<meta property=\"og:title\" content=\"Como personalizar artigos - C\u00f3pia+ | Loja Online - Presentes Personalizados - Prendas Originais\" \/>\n<meta property=\"og:description\" content=\"Muitos dos nossos artigos t\u00eam personaliza\u00e7\u00e3o parcial\/total. PERSONALIZA\u00c7\u00c3O PARCIAL COM RECURSO A MODELO PR\u00c9-CRIADONo caso do artigo ser personaliz\u00e1vel atrav\u00e9s dos modelos pr\u00e9-criados, carregue as fotografias e\/ou os textos nos respetivos espa\u00e7os. Proceda \u00e0 compra e pagamento do artigo. Se indicado na p\u00e1gina do produtos, no prazo de 1 a 2 dias \u00fateis receber\u00e1 por\" \/>\n<meta property=\"og:url\" content=\"https:\/\/copiamais.com\/lojaonline\/como-personalizar-artigos\/\" \/>\n<meta property=\"og:site_name\" content=\"C\u00f3pia+ | Loja Online - Presentes Personalizados - Prendas Originais\" \/>\n<meta property=\"article:modified_time\" content=\"2023-04-11T09:13:19+00:00\" \/>\n<meta name=\"twitter:card\" content=\"summary_large_image\" \/>\n<meta name=\"twitter:label1\" content=\"Tempo estimado de leitura\" \/>\n\t<meta name=\"twitter:data1\" content=\"2 minutos\" \/>\n<script type=\"application\/ld+json\" class=\"yoast-schema-graph\">{\"@context\":\"https:\/\/schema.org\",\"@graph\":[{\"@type\":\"WebPage\",\"@id\":\"https:\/\/copiamais.com\/lojaonline\/como-personalizar-artigos\/\",\"url\":\"https:\/\/copiamais.com\/lojaonline\/como-personalizar-artigos\/\",\"name\":\"Como personalizar artigos - C\u00f3pia+ | Loja Online - Presentes Personalizados - Prendas Originais\",\"isPartOf\":{\"@id\":\"https:\/\/copiamais.com\/lojaonline\/#website\"},\"datePublished\":\"2019-11-04T19:12:21+00:00\",\"dateModified\":\"2023-04-11T09:13:19+00:00\",\"breadcrumb\":{\"@id\":\"https:\/\/copiamais.com\/lojaonline\/como-personalizar-artigos\/#breadcrumb\"},\"inLanguage\":\"pt-PT\",\"potentialAction\":[{\"@type\":\"ReadAction\",\"target\":[\"https:\/\/copiamais.com\/lojaonline\/como-personalizar-artigos\/\"]}]},{\"@type\":\"BreadcrumbList\",\"@id\":\"https:\/\/copiamais.com\/lojaonline\/como-personalizar-artigos\/#breadcrumb\",\"itemListElement\":[{\"@type\":\"ListItem\",\"position\":1,\"name\":\"In\u00edcio\",\"item\":\"https:\/\/copiamais.com\/lojaonline\/\"},{\"@type\":\"ListItem\",\"position\":2,\"name\":\"Como personalizar artigos\"}]},{\"@type\":\"WebSite\",\"@id\":\"https:\/\/copiamais.com\/lojaonline\/#website\",\"url\":\"https:\/\/copiamais.com\/lojaonline\/\",\"name\":\"C\u00f3pia+ | Loja Online - Presentes Personalizados - Prendas Originais\",\"description\":\"Presentes para namorados, Dia do Pai, Dia da M\u00e3e, Dia dos Av\u00f3s, P\u00e1scoa...\",\"publisher\":{\"@id\":\"https:\/\/copiamais.com\/lojaonline\/#organization\"},\"potentialAction\":[{\"@type\":\"SearchAction\",\"target\":{\"@type\":\"EntryPoint\",\"urlTemplate\":\"https:\/\/copiamais.com\/lojaonline\/?s={search_term_string}\"},\"query-input\":{\"@type\":\"PropertyValueSpecification\",\"valueRequired\":true,\"valueName\":\"search_term_string\"}}],\"inLanguage\":\"pt-PT\"},{\"@type\":\"Organization\",\"@id\":\"https:\/\/copiamais.com\/lojaonline\/#organization\",\"name\":\"C\u00f3pia+\",\"url\":\"https:\/\/copiamais.com\/lojaonline\/\",\"logo\":{\"@type\":\"ImageObject\",\"inLanguage\":\"pt-PT\",\"@id\":\"https:\/\/copiamais.com\/lojaonline\/#\/schema\/logo\/image\/\",\"url\":\"https:\/\/copiamais.com\/lojaonline\/wp-content\/uploads\/2019\/08\/logo_copia.png\",\"contentUrl\":\"https:\/\/copiamais.com\/lojaonline\/wp-content\/uploads\/2019\/08\/logo_copia.png\",\"width\":150,\"height\":92,\"caption\":\"C\u00f3pia+\"},\"image\":{\"@id\":\"https:\/\/copiamais.com\/lojaonline\/#\/schema\/logo\/image\/\"}}]}<\/script>\n<!-- \/ Yoast SEO plugin. -->","yoast_head_json":{"title":"Como personalizar artigos - C\u00f3pia+ | Loja Online - Presentes Personalizados - Prendas Originais","robots":{"index":"index","follow":"follow","max-snippet":"max-snippet:-1","max-image-preview":"max-image-preview:large","max-video-preview":"max-video-preview:-1"},"canonical":"https:\/\/copiamais.com\/lojaonline\/como-personalizar-artigos\/","og_locale":"pt_PT","og_type":"article","og_title":"Como personalizar artigos - C\u00f3pia+ | Loja Online - Presentes Personalizados - Prendas Originais","og_description":"Muitos dos nossos artigos t\u00eam personaliza\u00e7\u00e3o parcial\/total. PERSONALIZA\u00c7\u00c3O PARCIAL COM RECURSO A MODELO PR\u00c9-CRIADONo caso do artigo ser personaliz\u00e1vel atrav\u00e9s dos modelos pr\u00e9-criados, carregue as fotografias e\/ou os textos nos respetivos espa\u00e7os. Proceda \u00e0 compra e pagamento do artigo. Se indicado na p\u00e1gina do produtos, no prazo de 1 a 2 dias \u00fateis receber\u00e1 por","og_url":"https:\/\/copiamais.com\/lojaonline\/como-personalizar-artigos\/","og_site_name":"C\u00f3pia+ | Loja Online - Presentes Personalizados - Prendas Originais","article_modified_time":"2023-04-11T09:13:19+00:00","twitter_card":"summary_large_image","twitter_misc":{"Tempo estimado de leitura":"2 minutos"},"schema":{"@context":"https:\/\/schema.org","@graph":[{"@type":"WebPage","@id":"https:\/\/copiamais.com\/lojaonline\/como-personalizar-artigos\/","url":"https:\/\/copiamais.com\/lojaonline\/como-personalizar-artigos\/","name":"Como personalizar artigos - C\u00f3pia+ | Loja Online - Presentes Personalizados - Prendas Originais","isPartOf":{"@id":"https:\/\/copiamais.com\/lojaonline\/#website"},"datePublished":"2019-11-04T19:12:21+00:00","dateModified":"2023-04-11T09:13:19+00:00","breadcrumb":{"@id":"https:\/\/copiamais.com\/lojaonline\/como-personalizar-artigos\/#breadcrumb"},"inLanguage":"pt-PT","potentialAction":[{"@type":"ReadAction","target":["https:\/\/copiamais.com\/lojaonline\/como-personalizar-artigos\/"]}]},{"@type":"BreadcrumbList","@id":"https:\/\/copiamais.com\/lojaonline\/como-personalizar-artigos\/#breadcrumb","itemListElement":[{"@type":"ListItem","position":1,"name":"In\u00edcio","item":"https:\/\/copiamais.com\/lojaonline\/"},{"@type":"ListItem","position":2,"name":"Como personalizar artigos"}]},{"@type":"WebSite","@id":"https:\/\/copiamais.com\/lojaonline\/#website","url":"https:\/\/copiamais.com\/lojaonline\/","name":"C\u00f3pia+ | Loja Online - Presentes Personalizados - Prendas Originais","description":"Presentes para namorados, Dia do Pai, Dia da M\u00e3e, Dia dos Av\u00f3s, P\u00e1scoa...","publisher":{"@id":"https:\/\/copiamais.com\/lojaonline\/#organization"},"potentialAction":[{"@type":"SearchAction","target":{"@type":"EntryPoint","urlTemplate":"https:\/\/copiamais.com\/lojaonline\/?s={search_term_string}"},"query-input":{"@type":"PropertyValueSpecification","valueRequired":true,"valueName":"search_term_string"}}],"inLanguage":"pt-PT"},{"@type":"Organization","@id":"https:\/\/copiamais.com\/lojaonline\/#organization","name":"C\u00f3pia+","url":"https:\/\/copiamais.com\/lojaonline\/","logo":{"@type":"ImageObject","inLanguage":"pt-PT","@id":"https:\/\/copiamais.com\/lojaonline\/#\/schema\/logo\/image\/","url":"https:\/\/copiamais.com\/lojaonline\/wp-content\/uploads\/2019\/08\/logo_copia.png","contentUrl":"https:\/\/copiamais.com\/lojaonline\/wp-content\/uploads\/2019\/08\/logo_copia.png","width":150,"height":92,"caption":"C\u00f3pia+"},"image":{"@id":"https:\/\/copiamais.com\/lojaonline\/#\/schema\/logo\/image\/"}}]}},"_links":{"self":[{"href":"https:\/\/copiamais.com\/lojaonline\/wp-json\/wp\/v2\/pages\/6141","targetHints":{"allow":["GET"]}}],"collection":[{"href":"https:\/\/copiamais.com\/lojaonline\/wp-json\/wp\/v2\/pages"}],"about":[{"href":"https:\/\/copiamais.com\/lojaonline\/wp-json\/wp\/v2\/types\/page"}],"author":[{"embeddable":true,"href":"https:\/\/copiamais.com\/lojaonline\/wp-json\/wp\/v2\/users\/1"}],"replies":[{"embeddable":true,"href":"https:\/\/copiamais.com\/lojaonline\/wp-json\/wp\/v2\/comments?post=6141"}],"version-history":[{"count":5,"href":"https:\/\/copiamais.com\/lojaonline\/wp-json\/wp\/v2\/pages\/6141\/revisions"}],"predecessor-version":[{"id":16497,"href":"https:\/\/copiamais.com\/lojaonline\/wp-json\/wp\/v2\/pages\/6141\/revisions\/16497"}],"wp:attachment":[{"href":"https:\/\/copiamais.com\/lojaonline\/wp-json\/wp\/v2\/media?parent=6141"}],"curies":[{"name":"wp","href":"https:\/\/api.w.org\/{rel}","templated":true}]}}