{"id":7775,"date":"2020-05-05T15:36:24","date_gmt":"2020-05-05T15:36:24","guid":{"rendered":"http:\/\/copiamais.com\/lojaonline\/?page_id=7775"},"modified":"2020-10-22T10:27:10","modified_gmt":"2020-10-22T10:27:10","slug":"personalizar","status":"publish","type":"page","link":"https:\/\/copiamais.com\/lojaonline\/personalizar\/","title":{"rendered":"Personalizar artigos \u00e0 sua medida"},"content":{"rendered":"\t\t<div data-elementor-type=\"wp-page\" data-elementor-id=\"7775\" class=\"elementor elementor-7775\">\n\t\t\t\t\t\t<section class=\"elementor-section elementor-top-section elementor-element elementor-element-105faecc elementor-section-boxed elementor-section-height-default elementor-section-height-default\" data-id=\"105faecc\" data-element_type=\"section\">\n\t\t\t\t\t\t<div class=\"elementor-container elementor-column-gap-default\">\n\t\t\t\t\t<div class=\"elementor-column elementor-col-100 elementor-top-column elementor-element elementor-element-2f695850\" data-id=\"2f695850\" data-element_type=\"column\">\n\t\t\t<div class=\"elementor-widget-wrap elementor-element-populated\">\n\t\t\t\t\t\t<div class=\"elementor-element elementor-element-41923c0a elementor-widget elementor-widget-text-editor\" data-id=\"41923c0a\" data-element_type=\"widget\" data-widget_type=\"text-editor.default\">\n\t\t\t\t<div class=\"elementor-widget-container\">\n\t\t\t\t\t\t\t\t\t\n<h5 class=\"wp-block-heading\" style=\"text-align: left;\">Muitos dos nossos artigos j\u00e1 t\u00eam personaliza\u00e7\u00e3o parcial. Mas se mesmo assim ainda n\u00e3o encontrou aquilo que pretendia pode sempre personalizar ao seu gosto.<\/h5>\n\t\t\t\t\t\t\t\t<\/div>\n\t\t\t\t<\/div>\n\t\t\t\t\t<\/div>\n\t\t<\/div>\n\t\t\t\t\t<\/div>\n\t\t<\/section>\n\t\t\t\t<section class=\"elementor-section elementor-top-section elementor-element elementor-element-04419a9 elementor-section-boxed elementor-section-height-default elementor-section-height-default\" data-id=\"04419a9\" data-element_type=\"section\">\n\t\t\t\t\t\t<div class=\"elementor-container elementor-column-gap-default\">\n\t\t\t\t\t<div class=\"elementor-column elementor-col-100 elementor-top-column elementor-element elementor-element-9a0d8c7\" data-id=\"9a0d8c7\" data-element_type=\"column\">\n\t\t\t<div class=\"elementor-widget-wrap elementor-element-populated\">\n\t\t\t\t\t\t<div class=\"elementor-element elementor-element-e844734 gallery-spacing-custom elementor-widget elementor-widget-image-gallery\" data-id=\"e844734\" data-element_type=\"widget\" data-widget_type=\"image-gallery.default\">\n\t\t\t\t<div class=\"elementor-widget-container\">\n\t\t\t\t\t\t\t<div class=\"elementor-image-gallery\">\n\t\t\t<div id='gallery-1' class='gallery galleryid-7775 gallery-columns-3 gallery-size-medium'><figure class='gallery-item'>\n\t\t\t<div class='gallery-icon landscape'>\n\t\t\t\t<a data-elementor-open-lightbox=\"yes\" data-elementor-lightbox-slideshow=\"e844734\" data-elementor-lightbox-title=\"icons-loja-online-1\" data-e-action-hash=\"#elementor-action%3Aaction%3Dlightbox%26settings%3DeyJpZCI6Nzc5MCwidXJsIjoiaHR0cHM6XC9cL2NvcGlhbWFpcy5jb21cL2xvamFvbmxpbmVcL3dwLWNvbnRlbnRcL3VwbG9hZHNcLzIwMjBcLzA1XC9pY29ucy1sb2phLW9ubGluZS0xLmpwZyIsInNsaWRlc2hvdyI6ImU4NDQ3MzQifQ%3D%3D\" href='https:\/\/copiamais.com\/lojaonline\/wp-content\/uploads\/2020\/05\/icons-loja-online-1.jpg'><img fetchpriority=\"high\" decoding=\"async\" width=\"300\" height=\"300\" src=\"https:\/\/copiamais.com\/lojaonline\/wp-content\/uploads\/2020\/05\/icons-loja-online-1-300x300.jpg\" class=\"attachment-medium size-medium\" alt=\"\" srcset=\"https:\/\/copiamais.com\/lojaonline\/wp-content\/uploads\/2020\/05\/icons-loja-online-1-300x300.jpg 300w, https:\/\/copiamais.com\/lojaonline\/wp-content\/uploads\/2020\/05\/icons-loja-online-1-150x150.jpg 150w, https:\/\/copiamais.com\/lojaonline\/wp-content\/uploads\/2020\/05\/icons-loja-online-1-175x175.jpg 175w, https:\/\/copiamais.com\/lojaonline\/wp-content\/uploads\/2020\/05\/icons-loja-online-1-100x100.jpg 100w, https:\/\/copiamais.com\/lojaonline\/wp-content\/uploads\/2020\/05\/icons-loja-online-1.jpg 500w\" sizes=\"(max-width: 300px) 100vw, 300px\" \/><\/a>\n\t\t\t<\/div><\/figure><figure class='gallery-item'>\n\t\t\t<div class='gallery-icon landscape'>\n\t\t\t\t<a data-elementor-open-lightbox=\"yes\" data-elementor-lightbox-slideshow=\"e844734\" data-elementor-lightbox-title=\"icons-loja-online-2\" data-e-action-hash=\"#elementor-action%3Aaction%3Dlightbox%26settings%3DeyJpZCI6Nzc5MSwidXJsIjoiaHR0cHM6XC9cL2NvcGlhbWFpcy5jb21cL2xvamFvbmxpbmVcL3dwLWNvbnRlbnRcL3VwbG9hZHNcLzIwMjBcLzA1XC9pY29ucy1sb2phLW9ubGluZS0yLmpwZyIsInNsaWRlc2hvdyI6ImU4NDQ3MzQifQ%3D%3D\" href='https:\/\/copiamais.com\/lojaonline\/wp-content\/uploads\/2020\/05\/icons-loja-online-2.jpg'><img decoding=\"async\" width=\"300\" height=\"300\" src=\"https:\/\/copiamais.com\/lojaonline\/wp-content\/uploads\/2020\/05\/icons-loja-online-2-300x300.jpg\" class=\"attachment-medium size-medium\" alt=\"\" srcset=\"https:\/\/copiamais.com\/lojaonline\/wp-content\/uploads\/2020\/05\/icons-loja-online-2-300x300.jpg 300w, https:\/\/copiamais.com\/lojaonline\/wp-content\/uploads\/2020\/05\/icons-loja-online-2-150x150.jpg 150w, https:\/\/copiamais.com\/lojaonline\/wp-content\/uploads\/2020\/05\/icons-loja-online-2-175x175.jpg 175w, https:\/\/copiamais.com\/lojaonline\/wp-content\/uploads\/2020\/05\/icons-loja-online-2-100x100.jpg 100w, https:\/\/copiamais.com\/lojaonline\/wp-content\/uploads\/2020\/05\/icons-loja-online-2.jpg 500w\" sizes=\"(max-width: 300px) 100vw, 300px\" \/><\/a>\n\t\t\t<\/div><\/figure><figure class='gallery-item'>\n\t\t\t<div class='gallery-icon landscape'>\n\t\t\t\t<a data-elementor-open-lightbox=\"yes\" data-elementor-lightbox-slideshow=\"e844734\" data-elementor-lightbox-title=\"icons-loja-online-3\" data-e-action-hash=\"#elementor-action%3Aaction%3Dlightbox%26settings%3DeyJpZCI6Nzc5MiwidXJsIjoiaHR0cHM6XC9cL2NvcGlhbWFpcy5jb21cL2xvamFvbmxpbmVcL3dwLWNvbnRlbnRcL3VwbG9hZHNcLzIwMjBcLzA1XC9pY29ucy1sb2phLW9ubGluZS0zLmpwZyIsInNsaWRlc2hvdyI6ImU4NDQ3MzQifQ%3D%3D\" href='https:\/\/copiamais.com\/lojaonline\/wp-content\/uploads\/2020\/05\/icons-loja-online-3.jpg'><img decoding=\"async\" width=\"300\" height=\"300\" src=\"https:\/\/copiamais.com\/lojaonline\/wp-content\/uploads\/2020\/05\/icons-loja-online-3-300x300.jpg\" class=\"attachment-medium size-medium\" alt=\"\" srcset=\"https:\/\/copiamais.com\/lojaonline\/wp-content\/uploads\/2020\/05\/icons-loja-online-3-300x300.jpg 300w, https:\/\/copiamais.com\/lojaonline\/wp-content\/uploads\/2020\/05\/icons-loja-online-3-150x150.jpg 150w, https:\/\/copiamais.com\/lojaonline\/wp-content\/uploads\/2020\/05\/icons-loja-online-3-175x175.jpg 175w, https:\/\/copiamais.com\/lojaonline\/wp-content\/uploads\/2020\/05\/icons-loja-online-3-100x100.jpg 100w, https:\/\/copiamais.com\/lojaonline\/wp-content\/uploads\/2020\/05\/icons-loja-online-3.jpg 500w\" sizes=\"(max-width: 300px) 100vw, 300px\" \/><\/a>\n\t\t\t<\/div><\/figure><figure class='gallery-item'>\n\t\t\t<div class='gallery-icon landscape'>\n\t\t\t\t<a data-elementor-open-lightbox=\"yes\" data-elementor-lightbox-slideshow=\"e844734\" data-elementor-lightbox-title=\"icons-loja-online-4\" data-e-action-hash=\"#elementor-action%3Aaction%3Dlightbox%26settings%3DeyJpZCI6Nzc5MywidXJsIjoiaHR0cHM6XC9cL2NvcGlhbWFpcy5jb21cL2xvamFvbmxpbmVcL3dwLWNvbnRlbnRcL3VwbG9hZHNcLzIwMjBcLzA1XC9pY29ucy1sb2phLW9ubGluZS00LmpwZyIsInNsaWRlc2hvdyI6ImU4NDQ3MzQifQ%3D%3D\" href='https:\/\/copiamais.com\/lojaonline\/wp-content\/uploads\/2020\/05\/icons-loja-online-4.jpg'><img loading=\"lazy\" decoding=\"async\" width=\"300\" height=\"300\" src=\"https:\/\/copiamais.com\/lojaonline\/wp-content\/uploads\/2020\/05\/icons-loja-online-4-300x300.jpg\" class=\"attachment-medium size-medium\" alt=\"\" srcset=\"https:\/\/copiamais.com\/lojaonline\/wp-content\/uploads\/2020\/05\/icons-loja-online-4-300x300.jpg 300w, https:\/\/copiamais.com\/lojaonline\/wp-content\/uploads\/2020\/05\/icons-loja-online-4-150x150.jpg 150w, https:\/\/copiamais.com\/lojaonline\/wp-content\/uploads\/2020\/05\/icons-loja-online-4-175x175.jpg 175w, https:\/\/copiamais.com\/lojaonline\/wp-content\/uploads\/2020\/05\/icons-loja-online-4-100x100.jpg 100w, https:\/\/copiamais.com\/lojaonline\/wp-content\/uploads\/2020\/05\/icons-loja-online-4.jpg 500w\" sizes=\"(max-width: 300px) 100vw, 300px\" \/><\/a>\n\t\t\t<\/div><\/figure><figure class='gallery-item'>\n\t\t\t<div class='gallery-icon landscape'>\n\t\t\t\t<a data-elementor-open-lightbox=\"yes\" data-elementor-lightbox-slideshow=\"e844734\" data-elementor-lightbox-title=\"icons-loja-online-5\" data-e-action-hash=\"#elementor-action%3Aaction%3Dlightbox%26settings%3DeyJpZCI6Nzc5NCwidXJsIjoiaHR0cHM6XC9cL2NvcGlhbWFpcy5jb21cL2xvamFvbmxpbmVcL3dwLWNvbnRlbnRcL3VwbG9hZHNcLzIwMjBcLzA1XC9pY29ucy1sb2phLW9ubGluZS01LmpwZyIsInNsaWRlc2hvdyI6ImU4NDQ3MzQifQ%3D%3D\" href='https:\/\/copiamais.com\/lojaonline\/wp-content\/uploads\/2020\/05\/icons-loja-online-5.jpg'><img loading=\"lazy\" decoding=\"async\" width=\"300\" height=\"300\" src=\"https:\/\/copiamais.com\/lojaonline\/wp-content\/uploads\/2020\/05\/icons-loja-online-5-300x300.jpg\" class=\"attachment-medium size-medium\" alt=\"\" srcset=\"https:\/\/copiamais.com\/lojaonline\/wp-content\/uploads\/2020\/05\/icons-loja-online-5-300x300.jpg 300w, https:\/\/copiamais.com\/lojaonline\/wp-content\/uploads\/2020\/05\/icons-loja-online-5-150x150.jpg 150w, https:\/\/copiamais.com\/lojaonline\/wp-content\/uploads\/2020\/05\/icons-loja-online-5-175x175.jpg 175w, https:\/\/copiamais.com\/lojaonline\/wp-content\/uploads\/2020\/05\/icons-loja-online-5-100x100.jpg 100w, https:\/\/copiamais.com\/lojaonline\/wp-content\/uploads\/2020\/05\/icons-loja-online-5.jpg 500w\" sizes=\"(max-width: 300px) 100vw, 300px\" \/><\/a>\n\t\t\t<\/div><\/figure><figure class='gallery-item'>\n\t\t\t<div class='gallery-icon landscape'>\n\t\t\t\t<a data-elementor-open-lightbox=\"yes\" data-elementor-lightbox-slideshow=\"e844734\" data-elementor-lightbox-title=\"icons-loja-online-6\" data-e-action-hash=\"#elementor-action%3Aaction%3Dlightbox%26settings%3DeyJpZCI6Nzc5NSwidXJsIjoiaHR0cHM6XC9cL2NvcGlhbWFpcy5jb21cL2xvamFvbmxpbmVcL3dwLWNvbnRlbnRcL3VwbG9hZHNcLzIwMjBcLzA1XC9pY29ucy1sb2phLW9ubGluZS02LmpwZyIsInNsaWRlc2hvdyI6ImU4NDQ3MzQifQ%3D%3D\" href='https:\/\/copiamais.com\/lojaonline\/wp-content\/uploads\/2020\/05\/icons-loja-online-6.jpg'><img loading=\"lazy\" decoding=\"async\" width=\"300\" height=\"300\" src=\"https:\/\/copiamais.com\/lojaonline\/wp-content\/uploads\/2020\/05\/icons-loja-online-6-300x300.jpg\" class=\"attachment-medium size-medium\" alt=\"\" srcset=\"https:\/\/copiamais.com\/lojaonline\/wp-content\/uploads\/2020\/05\/icons-loja-online-6-300x300.jpg 300w, https:\/\/copiamais.com\/lojaonline\/wp-content\/uploads\/2020\/05\/icons-loja-online-6-150x150.jpg 150w, https:\/\/copiamais.com\/lojaonline\/wp-content\/uploads\/2020\/05\/icons-loja-online-6-175x175.jpg 175w, https:\/\/copiamais.com\/lojaonline\/wp-content\/uploads\/2020\/05\/icons-loja-online-6-100x100.jpg 100w, https:\/\/copiamais.com\/lojaonline\/wp-content\/uploads\/2020\/05\/icons-loja-online-6.jpg 500w\" sizes=\"(max-width: 300px) 100vw, 300px\" \/><\/a>\n\t\t\t<\/div><\/figure>\n\t\t<\/div>\n\t\t<\/div>\n\t\t\t\t\t\t<\/div>\n\t\t\t\t<\/div>\n\t\t\t\t\t<\/div>\n\t\t<\/div>\n\t\t\t\t\t<\/div>\n\t\t<\/section>\n\t\t\t\t<section class=\"elementor-section elementor-top-section elementor-element elementor-element-921c48f elementor-section-boxed elementor-section-height-default elementor-section-height-default\" data-id=\"921c48f\" data-element_type=\"section\">\n\t\t\t\t\t\t<div class=\"elementor-container elementor-column-gap-default\">\n\t\t\t\t\t<div class=\"elementor-column elementor-col-100 elementor-top-column elementor-element elementor-element-5564c86\" data-id=\"5564c86\" data-element_type=\"column\">\n\t\t\t<div class=\"elementor-widget-wrap elementor-element-populated\">\n\t\t\t\t\t\t<div class=\"elementor-element elementor-element-47bf412 elementor-widget elementor-widget-text-editor\" data-id=\"47bf412\" data-element_type=\"widget\" data-widget_type=\"text-editor.default\">\n\t\t\t\t<div class=\"elementor-widget-container\">\n\t\t\t\t\t\t\t\t\t<h6>\u00c9 poss\u00edvel fazer personaliza\u00e7\u00e3o de qualquer artigo que encontra na loja online. A personaliza\u00e7\u00e3o pode ser feita com imagens, fotografias log\u00f3tipos, textos, etc.<\/h6>\n<h6>Contacte-nos atrav\u00e9s do email <span style=\"color: #013171;\"><strong>geral@copiamais.com<\/strong><\/span> e descreva detalhadamente o que pretende.<\/h6>\n<h6>Exemplos de detalhes a enviar:<br \/>-Quantidade desejada. Se forem imagens diferentes indique as respetivas quantidades.<br \/>-Os tamanhos que pretende, se for o caso.<br \/>-As cores que pretende, se for o caso.<\/h6>\n<h6>Iremos analisar o seu pedido e responder-lhe o mais r\u00e1pido poss\u00edvel com o or\u00e7amento.<\/h6>\t\t\t\t\t\t\t\t<\/div>\n\t\t\t\t<\/div>\n\t\t\t\t\t<\/div>\n\t\t<\/div>\n\t\t\t\t\t<\/div>\n\t\t<\/section>\n\t\t\t\t<section class=\"elementor-section elementor-top-section elementor-element elementor-element-d4e3d66 elementor-section-boxed elementor-section-height-default elementor-section-height-default\" data-id=\"d4e3d66\" data-element_type=\"section\">\n\t\t\t\t\t\t<div class=\"elementor-container elementor-column-gap-default\">\n\t\t\t\t\t<div class=\"elementor-column elementor-col-100 elementor-top-column elementor-element elementor-element-e2a0e77\" data-id=\"e2a0e77\" data-element_type=\"column\">\n\t\t\t<div class=\"elementor-widget-wrap elementor-element-populated\">\n\t\t\t\t\t\t<div class=\"elementor-element elementor-element-5a81685 elementor-widget-divider--separator-type-pattern elementor-widget-divider--view-line elementor-widget elementor-widget-divider\" data-id=\"5a81685\" data-element_type=\"widget\" data-widget_type=\"divider.default\">\n\t\t\t\t<div class=\"elementor-widget-container\">\n\t\t\t\t\t\t\t<div class=\"elementor-divider\" style=\"--divider-pattern-url: url(&quot;data:image\/svg+xml,%3Csvg xmlns=&#039;http:\/\/www.w3.org\/2000\/svg&#039; preserveAspectRatio=&#039;none&#039; overflow=&#039;visible&#039; height=&#039;100%&#039; viewBox=&#039;0 0 20 16&#039; fill=&#039;none&#039; stroke=&#039;black&#039; stroke-width=&#039;1&#039; stroke-linecap=&#039;square&#039; stroke-miterlimit=&#039;10&#039;%3E%3Cg transform=&#039;translate(-12.000000, 0)&#039;%3E%3Cpath d=&#039;M28,0L10,18&#039;\/%3E%3Cpath d=&#039;M18,0L0,18&#039;\/%3E%3Cpath d=&#039;M48,0L30,18&#039;\/%3E%3Cpath d=&#039;M38,0L20,18&#039;\/%3E%3C\/g%3E%3C\/svg%3E&quot;);\">\n\t\t\t<span class=\"elementor-divider-separator\">\n\t\t\t\t\t\t<\/span>\n\t\t<\/div>\n\t\t\t\t\t\t<\/div>\n\t\t\t\t<\/div>\n\t\t\t\t\t<\/div>\n\t\t<\/div>\n\t\t\t\t\t<\/div>\n\t\t<\/section>\n\t\t\t\t<section class=\"elementor-section elementor-top-section elementor-element elementor-element-e76c4b1 elementor-section-boxed elementor-section-height-default elementor-section-height-default\" data-id=\"e76c4b1\" data-element_type=\"section\">\n\t\t\t\t\t\t<div class=\"elementor-container elementor-column-gap-default\">\n\t\t\t\t\t<div class=\"elementor-column elementor-col-100 elementor-top-column elementor-element elementor-element-3221f43\" data-id=\"3221f43\" data-element_type=\"column\">\n\t\t\t<div class=\"elementor-widget-wrap elementor-element-populated\">\n\t\t\t\t\t\t<div class=\"elementor-element elementor-element-dddf71c elementor-widget elementor-widget-text-editor\" data-id=\"dddf71c\" data-element_type=\"widget\" data-widget_type=\"text-editor.default\">\n\t\t\t\t<div class=\"elementor-widget-container\">\n\t\t\t\t\t\t\t\t\t<p>Ao enviar-nos a imagem que pretende, est\u00e1 a garantir-nos que n\u00e3o est\u00e1 a usar qualquer imagem que n\u00e3o deva utilizar devido aos direitos de autor.<\/p>\n<p>A qualidade das imagens devem ter no m\u00ednimo 200dpi para obter resultados excelentes.<\/p>\n<p>Os formatos dos ficheiros enviados devem ser: <b>PNG, <\/b><b>JPG ou <\/b><b>PDF<\/b><\/p>\n<p>Caso tenha alguma d\u00favida n\u00e3o hesite em entrar em contacto connosco para o podermos ajudar.<\/p>\n<p>Ap\u00f3s o envio do pedido iremos sempre verificar se todos os requerimentos est\u00e3o cumpridos. Caso algo n\u00e3o esteja dentro dos requerimentos entraremos em contacto.<\/p>\t\t\t\t\t\t\t\t<\/div>\n\t\t\t\t<\/div>\n\t\t\t\t\t<\/div>\n\t\t<\/div>\n\t\t\t\t\t<\/div>\n\t\t<\/section>\n\t\t\t\t<\/div>\n\t\t","protected":false},"excerpt":{"rendered":"<p>Muitos dos nossos artigos j\u00e1 t\u00eam personaliza\u00e7\u00e3o parcial. Mas se mesmo assim ainda n\u00e3o encontrou aquilo que pretendia pode sempre personalizar ao seu gosto. \u00c9 poss\u00edvel fazer personaliza\u00e7\u00e3o de qualquer artigo que encontra na loja online. A personaliza\u00e7\u00e3o pode ser feita com imagens, fotografias log\u00f3tipos, textos, etc. Contacte-nos atrav\u00e9s do email geral@copiamais.com e descreva detalhadamente<\/p>\n","protected":false},"author":1,"featured_media":0,"parent":0,"menu_order":0,"comment_status":"closed","ping_status":"closed","template":"","meta":{"_monsterinsights_skip_tracking":false,"_monsterinsights_sitenote_active":false,"_monsterinsights_sitenote_note":"","_monsterinsights_sitenote_category":0,"footnotes":""},"class_list":["post-7775","page","type-page","status-publish","hentry"],"yoast_head":"<!-- This site is optimized with the Yoast SEO plugin v25.5 - https:\/\/yoast.com\/wordpress\/plugins\/seo\/ -->\n<title>Personalizar artigos \u00e0 sua medida - C\u00f3pia+ | Loja Online - Presentes Personalizados - Prendas Originais<\/title>\n<meta name=\"robots\" content=\"index, follow, max-snippet:-1, max-image-preview:large, max-video-preview:-1\" \/>\n<link rel=\"canonical\" href=\"https:\/\/copiamais.com\/lojaonline\/personalizar\/\" \/>\n<meta property=\"og:locale\" content=\"pt_PT\" \/>\n<meta property=\"og:type\" content=\"article\" \/>\n<meta property=\"og:title\" content=\"Personalizar artigos \u00e0 sua medida - C\u00f3pia+ | Loja Online - Presentes Personalizados - Prendas Originais\" \/>\n<meta property=\"og:description\" content=\"Muitos dos nossos artigos j\u00e1 t\u00eam personaliza\u00e7\u00e3o parcial. Mas se mesmo assim ainda n\u00e3o encontrou aquilo que pretendia pode sempre personalizar ao seu gosto. \u00c9 poss\u00edvel fazer personaliza\u00e7\u00e3o de qualquer artigo que encontra na loja online. A personaliza\u00e7\u00e3o pode ser feita com imagens, fotografias log\u00f3tipos, textos, etc. Contacte-nos atrav\u00e9s do email geral@copiamais.com e descreva detalhadamente\" \/>\n<meta property=\"og:url\" content=\"https:\/\/copiamais.com\/lojaonline\/personalizar\/\" \/>\n<meta property=\"og:site_name\" content=\"C\u00f3pia+ | Loja Online - Presentes Personalizados - Prendas Originais\" \/>\n<meta property=\"article:modified_time\" content=\"2020-10-22T10:27:10+00:00\" \/>\n<meta property=\"og:image\" content=\"https:\/\/copiamais.com\/lojaonline\/wp-content\/uploads\/2020\/05\/icons-loja-online-1-300x300.jpg\" \/>\n<meta name=\"twitter:card\" content=\"summary_large_image\" \/>\n<meta name=\"twitter:label1\" content=\"Tempo estimado de leitura\" \/>\n\t<meta name=\"twitter:data1\" content=\"1 minuto\" \/>\n<script type=\"application\/ld+json\" class=\"yoast-schema-graph\">{\"@context\":\"https:\/\/schema.org\",\"@graph\":[{\"@type\":\"WebPage\",\"@id\":\"https:\/\/copiamais.com\/lojaonline\/personalizar\/\",\"url\":\"https:\/\/copiamais.com\/lojaonline\/personalizar\/\",\"name\":\"Personalizar artigos \u00e0 sua medida - C\u00f3pia+ | Loja Online - Presentes Personalizados - Prendas Originais\",\"isPartOf\":{\"@id\":\"https:\/\/copiamais.com\/lojaonline\/#website\"},\"primaryImageOfPage\":{\"@id\":\"https:\/\/copiamais.com\/lojaonline\/personalizar\/#primaryimage\"},\"image\":{\"@id\":\"https:\/\/copiamais.com\/lojaonline\/personalizar\/#primaryimage\"},\"thumbnailUrl\":\"https:\/\/copiamais.com\/lojaonline\/wp-content\/uploads\/2020\/05\/icons-loja-online-1-300x300.jpg\",\"datePublished\":\"2020-05-05T15:36:24+00:00\",\"dateModified\":\"2020-10-22T10:27:10+00:00\",\"breadcrumb\":{\"@id\":\"https:\/\/copiamais.com\/lojaonline\/personalizar\/#breadcrumb\"},\"inLanguage\":\"pt-PT\",\"potentialAction\":[{\"@type\":\"ReadAction\",\"target\":[\"https:\/\/copiamais.com\/lojaonline\/personalizar\/\"]}]},{\"@type\":\"ImageObject\",\"inLanguage\":\"pt-PT\",\"@id\":\"https:\/\/copiamais.com\/lojaonline\/personalizar\/#primaryimage\",\"url\":\"https:\/\/copiamais.com\/lojaonline\/wp-content\/uploads\/2020\/05\/icons-loja-online-1.jpg\",\"contentUrl\":\"https:\/\/copiamais.com\/lojaonline\/wp-content\/uploads\/2020\/05\/icons-loja-online-1.jpg\",\"width\":500,\"height\":500},{\"@type\":\"BreadcrumbList\",\"@id\":\"https:\/\/copiamais.com\/lojaonline\/personalizar\/#breadcrumb\",\"itemListElement\":[{\"@type\":\"ListItem\",\"position\":1,\"name\":\"In\u00edcio\",\"item\":\"https:\/\/copiamais.com\/lojaonline\/\"},{\"@type\":\"ListItem\",\"position\":2,\"name\":\"Personalizar artigos \u00e0 sua medida\"}]},{\"@type\":\"WebSite\",\"@id\":\"https:\/\/copiamais.com\/lojaonline\/#website\",\"url\":\"https:\/\/copiamais.com\/lojaonline\/\",\"name\":\"C\u00f3pia+ | Loja Online - Presentes Personalizados - Prendas Originais\",\"description\":\"Presentes para namorados, Dia do Pai, Dia da M\u00e3e, Dia dos Av\u00f3s, P\u00e1scoa...\",\"publisher\":{\"@id\":\"https:\/\/copiamais.com\/lojaonline\/#organization\"},\"potentialAction\":[{\"@type\":\"SearchAction\",\"target\":{\"@type\":\"EntryPoint\",\"urlTemplate\":\"https:\/\/copiamais.com\/lojaonline\/?s={search_term_string}\"},\"query-input\":{\"@type\":\"PropertyValueSpecification\",\"valueRequired\":true,\"valueName\":\"search_term_string\"}}],\"inLanguage\":\"pt-PT\"},{\"@type\":\"Organization\",\"@id\":\"https:\/\/copiamais.com\/lojaonline\/#organization\",\"name\":\"C\u00f3pia+\",\"url\":\"https:\/\/copiamais.com\/lojaonline\/\",\"logo\":{\"@type\":\"ImageObject\",\"inLanguage\":\"pt-PT\",\"@id\":\"https:\/\/copiamais.com\/lojaonline\/#\/schema\/logo\/image\/\",\"url\":\"https:\/\/copiamais.com\/lojaonline\/wp-content\/uploads\/2019\/08\/logo_copia.png\",\"contentUrl\":\"https:\/\/copiamais.com\/lojaonline\/wp-content\/uploads\/2019\/08\/logo_copia.png\",\"width\":150,\"height\":92,\"caption\":\"C\u00f3pia+\"},\"image\":{\"@id\":\"https:\/\/copiamais.com\/lojaonline\/#\/schema\/logo\/image\/\"}}]}<\/script>\n<!-- \/ Yoast SEO plugin. -->","yoast_head_json":{"title":"Personalizar artigos \u00e0 sua medida - C\u00f3pia+ | Loja Online - Presentes Personalizados - Prendas Originais","robots":{"index":"index","follow":"follow","max-snippet":"max-snippet:-1","max-image-preview":"max-image-preview:large","max-video-preview":"max-video-preview:-1"},"canonical":"https:\/\/copiamais.com\/lojaonline\/personalizar\/","og_locale":"pt_PT","og_type":"article","og_title":"Personalizar artigos \u00e0 sua medida - C\u00f3pia+ | Loja Online - Presentes Personalizados - Prendas Originais","og_description":"Muitos dos nossos artigos j\u00e1 t\u00eam personaliza\u00e7\u00e3o parcial. Mas se mesmo assim ainda n\u00e3o encontrou aquilo que pretendia pode sempre personalizar ao seu gosto. \u00c9 poss\u00edvel fazer personaliza\u00e7\u00e3o de qualquer artigo que encontra na loja online. A personaliza\u00e7\u00e3o pode ser feita com imagens, fotografias log\u00f3tipos, textos, etc. Contacte-nos atrav\u00e9s do email geral@copiamais.com e descreva detalhadamente","og_url":"https:\/\/copiamais.com\/lojaonline\/personalizar\/","og_site_name":"C\u00f3pia+ | Loja Online - Presentes Personalizados - Prendas Originais","article_modified_time":"2020-10-22T10:27:10+00:00","og_image":[{"url":"https:\/\/copiamais.com\/lojaonline\/wp-content\/uploads\/2020\/05\/icons-loja-online-1-300x300.jpg","type":"","width":"","height":""}],"twitter_card":"summary_large_image","twitter_misc":{"Tempo estimado de leitura":"1 minuto"},"schema":{"@context":"https:\/\/schema.org","@graph":[{"@type":"WebPage","@id":"https:\/\/copiamais.com\/lojaonline\/personalizar\/","url":"https:\/\/copiamais.com\/lojaonline\/personalizar\/","name":"Personalizar artigos \u00e0 sua medida - C\u00f3pia+ | Loja Online - Presentes Personalizados - Prendas Originais","isPartOf":{"@id":"https:\/\/copiamais.com\/lojaonline\/#website"},"primaryImageOfPage":{"@id":"https:\/\/copiamais.com\/lojaonline\/personalizar\/#primaryimage"},"image":{"@id":"https:\/\/copiamais.com\/lojaonline\/personalizar\/#primaryimage"},"thumbnailUrl":"https:\/\/copiamais.com\/lojaonline\/wp-content\/uploads\/2020\/05\/icons-loja-online-1-300x300.jpg","datePublished":"2020-05-05T15:36:24+00:00","dateModified":"2020-10-22T10:27:10+00:00","breadcrumb":{"@id":"https:\/\/copiamais.com\/lojaonline\/personalizar\/#breadcrumb"},"inLanguage":"pt-PT","potentialAction":[{"@type":"ReadAction","target":["https:\/\/copiamais.com\/lojaonline\/personalizar\/"]}]},{"@type":"ImageObject","inLanguage":"pt-PT","@id":"https:\/\/copiamais.com\/lojaonline\/personalizar\/#primaryimage","url":"https:\/\/copiamais.com\/lojaonline\/wp-content\/uploads\/2020\/05\/icons-loja-online-1.jpg","contentUrl":"https:\/\/copiamais.com\/lojaonline\/wp-content\/uploads\/2020\/05\/icons-loja-online-1.jpg","width":500,"height":500},{"@type":"BreadcrumbList","@id":"https:\/\/copiamais.com\/lojaonline\/personalizar\/#breadcrumb","itemListElement":[{"@type":"ListItem","position":1,"name":"In\u00edcio","item":"https:\/\/copiamais.com\/lojaonline\/"},{"@type":"ListItem","position":2,"name":"Personalizar artigos \u00e0 sua medida"}]},{"@type":"WebSite","@id":"https:\/\/copiamais.com\/lojaonline\/#website","url":"https:\/\/copiamais.com\/lojaonline\/","name":"C\u00f3pia+ | Loja Online - Presentes Personalizados - Prendas Originais","description":"Presentes para namorados, Dia do Pai, Dia da M\u00e3e, Dia dos Av\u00f3s, P\u00e1scoa...","publisher":{"@id":"https:\/\/copiamais.com\/lojaonline\/#organization"},"potentialAction":[{"@type":"SearchAction","target":{"@type":"EntryPoint","urlTemplate":"https:\/\/copiamais.com\/lojaonline\/?s={search_term_string}"},"query-input":{"@type":"PropertyValueSpecification","valueRequired":true,"valueName":"search_term_string"}}],"inLanguage":"pt-PT"},{"@type":"Organization","@id":"https:\/\/copiamais.com\/lojaonline\/#organization","name":"C\u00f3pia+","url":"https:\/\/copiamais.com\/lojaonline\/","logo":{"@type":"ImageObject","inLanguage":"pt-PT","@id":"https:\/\/copiamais.com\/lojaonline\/#\/schema\/logo\/image\/","url":"https:\/\/copiamais.com\/lojaonline\/wp-content\/uploads\/2019\/08\/logo_copia.png","contentUrl":"https:\/\/copiamais.com\/lojaonline\/wp-content\/uploads\/2019\/08\/logo_copia.png","width":150,"height":92,"caption":"C\u00f3pia+"},"image":{"@id":"https:\/\/copiamais.com\/lojaonline\/#\/schema\/logo\/image\/"}}]}},"_links":{"self":[{"href":"https:\/\/copiamais.com\/lojaonline\/wp-json\/wp\/v2\/pages\/7775","targetHints":{"allow":["GET"]}}],"collection":[{"href":"https:\/\/copiamais.com\/lojaonline\/wp-json\/wp\/v2\/pages"}],"about":[{"href":"https:\/\/copiamais.com\/lojaonline\/wp-json\/wp\/v2\/types\/page"}],"author":[{"embeddable":true,"href":"https:\/\/copiamais.com\/lojaonline\/wp-json\/wp\/v2\/users\/1"}],"replies":[{"embeddable":true,"href":"https:\/\/copiamais.com\/lojaonline\/wp-json\/wp\/v2\/comments?post=7775"}],"version-history":[{"count":12,"href":"https:\/\/copiamais.com\/lojaonline\/wp-json\/wp\/v2\/pages\/7775\/revisions"}],"predecessor-version":[{"id":9274,"href":"https:\/\/copiamais.com\/lojaonline\/wp-json\/wp\/v2\/pages\/7775\/revisions\/9274"}],"wp:attachment":[{"href":"https:\/\/copiamais.com\/lojaonline\/wp-json\/wp\/v2\/media?parent=7775"}],"curies":[{"name":"wp","href":"https:\/\/api.w.org\/{rel}","templated":true}]}}