{"id":10095,"date":"2021-01-14T09:36:57","date_gmt":"2021-01-14T09:36:57","guid":{"rendered":"https:\/\/copiamais.com\/lojaonline\/?post_type=product&#038;p=10095"},"modified":"2023-03-10T16:37:09","modified_gmt":"2023-03-10T16:37:09","slug":"bola-de-neve-coracao","status":"publish","type":"product","link":"https:\/\/copiamais.com\/lojaonline\/produto\/bola-de-neve-coracao\/","title":{"rendered":"Bola de Neve Cora\u00e7\u00e3o"},"content":{"rendered":"<p>Bola de Neve em formato cora\u00e7\u00e3o, personalizada com uma fotografia.<br \/>\nInterior com l\u00edquido, cora\u00e7\u00f5es vermelhos brilhantes e &#8220;flocos de neve&#8221; brancos.<\/p>\n<p>Tamanho do artigo: 9,5cm x 9,5cm x 4,5cm<\/p>\n<p>&nbsp;<\/p>\n<p>&nbsp;<\/p>\n<p style=\"padding-left: 40px;\"><strong>Aten\u00e7\u00e3o:<\/strong><\/p>\n<p style=\"padding-left: 40px;\"><strong>Clique no bot\u00e3o &#8220;Personalizar&#8221; para avan\u00e7ar para a p\u00e1gina de personaliza\u00e7\u00e3o do artigo.<\/strong><\/p>\n<p style=\"padding-left: 40px;\"><strong>\u00a0<\/strong><\/p>\n<p>&nbsp;<\/p>\n<p><em>*Imagem meramente ilustrativa. <\/em><br \/>\n<em>Pode haver pequenas varia\u00e7\u00f5es de cor da imagem do produto para o produto final devido \u00e0 mudan\u00e7a do modo de cor de RGB para CMYK e devido ao processo de impress\u00e3o.<\/em><\/p>\n<p>&nbsp;<\/p>\n<p>&nbsp;<\/p>\n<p>&nbsp;<\/p>\n","protected":false},"excerpt":{"rendered":"<p>Bola de Neve em formato cora\u00e7\u00e3o, personalizada com uma fotografia. Interior com l\u00edquido, cora\u00e7\u00f5es vermelhos brilhantes e &#8220;flocos de neve&#8221; brancos. Tamanho do artigo: 9,5cm x 9,5cm x 4,5cm &nbsp; &nbsp; Aten\u00e7\u00e3o: Clique no bot\u00e3o &#8220;Personalizar&#8221; para avan\u00e7ar para a p\u00e1gina de personaliza\u00e7\u00e3o do artigo. \u00a0 &nbsp; *Imagem meramente ilustrativa. Pode haver pequenas varia\u00e7\u00f5es de<\/p>\n","protected":false},"featured_media":10098,"comment_status":"open","ping_status":"closed","template":"","meta":{"_monsterinsights_skip_tracking":false,"_monsterinsights_sitenote_active":false,"_monsterinsights_sitenote_note":"","_monsterinsights_sitenote_category":0},"product_brand":[],"product_cat":[184,185,66],"product_tag":[100,115,103],"class_list":{"0":"post-10095","1":"product","2":"type-product","3":"status-publish","4":"has-post-thumbnail","6":"product_cat-bolas-de-neve","7":"product_cat-personalizacao-livre-bolas-de-neve","8":"product_cat-decoracao","9":"product_tag-artigos-personalizaveis","10":"product_tag-casais","11":"product_tag-dia-dos-namorados","13":"first","14":"instock","15":"taxable","16":"shipping-taxable","17":"purchasable","18":"product-type-simple"},"yoast_head":"<!-- This site is optimized with the Yoast SEO plugin v25.5 - https:\/\/yoast.com\/wordpress\/plugins\/seo\/ -->\n<title>Bola de Neve Cora\u00e7\u00e3o - C\u00f3pia+ | Loja Online - Presentes Personalizados - Prendas Originais<\/title>\n<meta name=\"description\" content=\"Bola de Neve Cora\u00e7\u00e3o\" \/>\n<meta name=\"robots\" content=\"index, follow, max-snippet:-1, max-image-preview:large, max-video-preview:-1\" \/>\n<link rel=\"canonical\" href=\"https:\/\/copiamais.com\/lojaonline\/produto\/bola-de-neve-coracao\/\" \/>\n<meta property=\"og:locale\" content=\"pt_PT\" \/>\n<meta property=\"og:type\" content=\"article\" \/>\n<meta property=\"og:title\" content=\"Bola de Neve Cora\u00e7\u00e3o - C\u00f3pia+ | Loja Online - Presentes Personalizados - Prendas Originais\" \/>\n<meta property=\"og:description\" content=\"Bola de Neve Cora\u00e7\u00e3o\" \/>\n<meta property=\"og:url\" content=\"https:\/\/copiamais.com\/lojaonline\/produto\/bola-de-neve-coracao\/\" \/>\n<meta property=\"og:site_name\" content=\"C\u00f3pia+ | Loja Online - Presentes Personalizados - Prendas Originais\" \/>\n<meta property=\"article:modified_time\" content=\"2023-03-10T16:37:09+00:00\" \/>\n<meta property=\"og:image\" content=\"https:\/\/copiamais.com\/lojaonline\/wp-content\/uploads\/2021\/01\/Bola-Neve-Coracao-frente1.1.jpg?v=1642590175\" \/>\n\t<meta property=\"og:image:width\" content=\"1500\" \/>\n\t<meta property=\"og:image:height\" content=\"1500\" \/>\n\t<meta property=\"og:image:type\" content=\"image\/jpeg\" \/>\n<meta name=\"twitter:card\" content=\"summary_large_image\" \/>\n<meta name=\"twitter:label1\" content=\"Tempo estimado de leitura\" \/>\n\t<meta name=\"twitter:data1\" content=\"1 minuto\" \/>\n<script type=\"application\/ld+json\" class=\"yoast-schema-graph\">{\"@context\":\"https:\/\/schema.org\",\"@graph\":[{\"@type\":\"WebPage\",\"@id\":\"https:\/\/copiamais.com\/lojaonline\/produto\/bola-de-neve-coracao\/\",\"url\":\"https:\/\/copiamais.com\/lojaonline\/produto\/bola-de-neve-coracao\/\",\"name\":\"Bola de Neve Cora\u00e7\u00e3o - C\u00f3pia+ | Loja Online - Presentes Personalizados - Prendas Originais\",\"isPartOf\":{\"@id\":\"https:\/\/copiamais.com\/lojaonline\/#website\"},\"primaryImageOfPage\":{\"@id\":\"https:\/\/copiamais.com\/lojaonline\/produto\/bola-de-neve-coracao\/#primaryimage\"},\"image\":{\"@id\":\"https:\/\/copiamais.com\/lojaonline\/produto\/bola-de-neve-coracao\/#primaryimage\"},\"thumbnailUrl\":\"https:\/\/copiamais.com\/lojaonline\/wp-content\/uploads\/2021\/01\/Bola-Neve-Coracao-frente1.1.jpg?v=1642590175\",\"datePublished\":\"2021-01-14T09:36:57+00:00\",\"dateModified\":\"2023-03-10T16:37:09+00:00\",\"description\":\"Bola de Neve Cora\u00e7\u00e3o\",\"breadcrumb\":{\"@id\":\"https:\/\/copiamais.com\/lojaonline\/produto\/bola-de-neve-coracao\/#breadcrumb\"},\"inLanguage\":\"pt-PT\",\"potentialAction\":[{\"@type\":\"ReadAction\",\"target\":[\"https:\/\/copiamais.com\/lojaonline\/produto\/bola-de-neve-coracao\/\"]}]},{\"@type\":\"ImageObject\",\"inLanguage\":\"pt-PT\",\"@id\":\"https:\/\/copiamais.com\/lojaonline\/produto\/bola-de-neve-coracao\/#primaryimage\",\"url\":\"https:\/\/copiamais.com\/lojaonline\/wp-content\/uploads\/2021\/01\/Bola-Neve-Coracao-frente1.1.jpg?v=1642590175\",\"contentUrl\":\"https:\/\/copiamais.com\/lojaonline\/wp-content\/uploads\/2021\/01\/Bola-Neve-Coracao-frente1.1.jpg?v=1642590175\",\"width\":1500,\"height\":1500,\"caption\":\"bola neve cora\u00e7\u00e3o copiamais\"},{\"@type\":\"BreadcrumbList\",\"@id\":\"https:\/\/copiamais.com\/lojaonline\/produto\/bola-de-neve-coracao\/#breadcrumb\",\"itemListElement\":[{\"@type\":\"ListItem\",\"position\":1,\"name\":\"In\u00edcio\",\"item\":\"https:\/\/copiamais.com\/lojaonline\/\"},{\"@type\":\"ListItem\",\"position\":2,\"name\":\"Loja\",\"item\":\"https:\/\/copiamais.com\/lojaonline\/loja\/\"},{\"@type\":\"ListItem\",\"position\":3,\"name\":\"Bola de Neve Cora\u00e7\u00e3o\"}]},{\"@type\":\"WebSite\",\"@id\":\"https:\/\/copiamais.com\/lojaonline\/#website\",\"url\":\"https:\/\/copiamais.com\/lojaonline\/\",\"name\":\"C\u00f3pia+ | Loja Online - Presentes Personalizados - Prendas Originais\",\"description\":\"Presentes para namorados, Dia do Pai, Dia da M\u00e3e, Dia dos Av\u00f3s, P\u00e1scoa...\",\"publisher\":{\"@id\":\"https:\/\/copiamais.com\/lojaonline\/#organization\"},\"potentialAction\":[{\"@type\":\"SearchAction\",\"target\":{\"@type\":\"EntryPoint\",\"urlTemplate\":\"https:\/\/copiamais.com\/lojaonline\/?s={search_term_string}\"},\"query-input\":{\"@type\":\"PropertyValueSpecification\",\"valueRequired\":true,\"valueName\":\"search_term_string\"}}],\"inLanguage\":\"pt-PT\"},{\"@type\":\"Organization\",\"@id\":\"https:\/\/copiamais.com\/lojaonline\/#organization\",\"name\":\"C\u00f3pia+\",\"url\":\"https:\/\/copiamais.com\/lojaonline\/\",\"logo\":{\"@type\":\"ImageObject\",\"inLanguage\":\"pt-PT\",\"@id\":\"https:\/\/copiamais.com\/lojaonline\/#\/schema\/logo\/image\/\",\"url\":\"https:\/\/copiamais.com\/lojaonline\/wp-content\/uploads\/2019\/08\/logo_copia.png\",\"contentUrl\":\"https:\/\/copiamais.com\/lojaonline\/wp-content\/uploads\/2019\/08\/logo_copia.png\",\"width\":150,\"height\":92,\"caption\":\"C\u00f3pia+\"},\"image\":{\"@id\":\"https:\/\/copiamais.com\/lojaonline\/#\/schema\/logo\/image\/\"}}]}<\/script>\n<!-- \/ Yoast SEO plugin. -->","yoast_head_json":{"title":"Bola de Neve Cora\u00e7\u00e3o - C\u00f3pia+ | Loja Online - Presentes Personalizados - Prendas Originais","description":"Bola de Neve Cora\u00e7\u00e3o","robots":{"index":"index","follow":"follow","max-snippet":"max-snippet:-1","max-image-preview":"max-image-preview:large","max-video-preview":"max-video-preview:-1"},"canonical":"https:\/\/copiamais.com\/lojaonline\/produto\/bola-de-neve-coracao\/","og_locale":"pt_PT","og_type":"article","og_title":"Bola de Neve Cora\u00e7\u00e3o - C\u00f3pia+ | Loja Online - Presentes Personalizados - Prendas Originais","og_description":"Bola de Neve Cora\u00e7\u00e3o","og_url":"https:\/\/copiamais.com\/lojaonline\/produto\/bola-de-neve-coracao\/","og_site_name":"C\u00f3pia+ | Loja Online - Presentes Personalizados - Prendas Originais","article_modified_time":"2023-03-10T16:37:09+00:00","og_image":[{"width":1500,"height":1500,"url":"https:\/\/copiamais.com\/lojaonline\/wp-content\/uploads\/2021\/01\/Bola-Neve-Coracao-frente1.1.jpg?v=1642590175","type":"image\/jpeg"}],"twitter_card":"summary_large_image","twitter_misc":{"Tempo estimado de leitura":"1 minuto"},"schema":{"@context":"https:\/\/schema.org","@graph":[{"@type":"WebPage","@id":"https:\/\/copiamais.com\/lojaonline\/produto\/bola-de-neve-coracao\/","url":"https:\/\/copiamais.com\/lojaonline\/produto\/bola-de-neve-coracao\/","name":"Bola de Neve Cora\u00e7\u00e3o - C\u00f3pia+ | Loja Online - Presentes Personalizados - Prendas Originais","isPartOf":{"@id":"https:\/\/copiamais.com\/lojaonline\/#website"},"primaryImageOfPage":{"@id":"https:\/\/copiamais.com\/lojaonline\/produto\/bola-de-neve-coracao\/#primaryimage"},"image":{"@id":"https:\/\/copiamais.com\/lojaonline\/produto\/bola-de-neve-coracao\/#primaryimage"},"thumbnailUrl":"https:\/\/copiamais.com\/lojaonline\/wp-content\/uploads\/2021\/01\/Bola-Neve-Coracao-frente1.1.jpg?v=1642590175","datePublished":"2021-01-14T09:36:57+00:00","dateModified":"2023-03-10T16:37:09+00:00","description":"Bola de Neve Cora\u00e7\u00e3o","breadcrumb":{"@id":"https:\/\/copiamais.com\/lojaonline\/produto\/bola-de-neve-coracao\/#breadcrumb"},"inLanguage":"pt-PT","potentialAction":[{"@type":"ReadAction","target":["https:\/\/copiamais.com\/lojaonline\/produto\/bola-de-neve-coracao\/"]}]},{"@type":"ImageObject","inLanguage":"pt-PT","@id":"https:\/\/copiamais.com\/lojaonline\/produto\/bola-de-neve-coracao\/#primaryimage","url":"https:\/\/copiamais.com\/lojaonline\/wp-content\/uploads\/2021\/01\/Bola-Neve-Coracao-frente1.1.jpg?v=1642590175","contentUrl":"https:\/\/copiamais.com\/lojaonline\/wp-content\/uploads\/2021\/01\/Bola-Neve-Coracao-frente1.1.jpg?v=1642590175","width":1500,"height":1500,"caption":"bola neve cora\u00e7\u00e3o copiamais"},{"@type":"BreadcrumbList","@id":"https:\/\/copiamais.com\/lojaonline\/produto\/bola-de-neve-coracao\/#breadcrumb","itemListElement":[{"@type":"ListItem","position":1,"name":"In\u00edcio","item":"https:\/\/copiamais.com\/lojaonline\/"},{"@type":"ListItem","position":2,"name":"Loja","item":"https:\/\/copiamais.com\/lojaonline\/loja\/"},{"@type":"ListItem","position":3,"name":"Bola de Neve Cora\u00e7\u00e3o"}]},{"@type":"WebSite","@id":"https:\/\/copiamais.com\/lojaonline\/#website","url":"https:\/\/copiamais.com\/lojaonline\/","name":"C\u00f3pia+ | Loja Online - Presentes Personalizados - Prendas Originais","description":"Presentes para namorados, Dia do Pai, Dia da M\u00e3e, Dia dos Av\u00f3s, P\u00e1scoa...","publisher":{"@id":"https:\/\/copiamais.com\/lojaonline\/#organization"},"potentialAction":[{"@type":"SearchAction","target":{"@type":"EntryPoint","urlTemplate":"https:\/\/copiamais.com\/lojaonline\/?s={search_term_string}"},"query-input":{"@type":"PropertyValueSpecification","valueRequired":true,"valueName":"search_term_string"}}],"inLanguage":"pt-PT"},{"@type":"Organization","@id":"https:\/\/copiamais.com\/lojaonline\/#organization","name":"C\u00f3pia+","url":"https:\/\/copiamais.com\/lojaonline\/","logo":{"@type":"ImageObject","inLanguage":"pt-PT","@id":"https:\/\/copiamais.com\/lojaonline\/#\/schema\/logo\/image\/","url":"https:\/\/copiamais.com\/lojaonline\/wp-content\/uploads\/2019\/08\/logo_copia.png","contentUrl":"https:\/\/copiamais.com\/lojaonline\/wp-content\/uploads\/2019\/08\/logo_copia.png","width":150,"height":92,"caption":"C\u00f3pia+"},"image":{"@id":"https:\/\/copiamais.com\/lojaonline\/#\/schema\/logo\/image\/"}}]}},"_links":{"self":[{"href":"https:\/\/copiamais.com\/lojaonline\/wp-json\/wp\/v2\/product\/10095","targetHints":{"allow":["GET"]}}],"collection":[{"href":"https:\/\/copiamais.com\/lojaonline\/wp-json\/wp\/v2\/product"}],"about":[{"href":"https:\/\/copiamais.com\/lojaonline\/wp-json\/wp\/v2\/types\/product"}],"replies":[{"embeddable":true,"href":"https:\/\/copiamais.com\/lojaonline\/wp-json\/wp\/v2\/comments?post=10095"}],"wp:featuredmedia":[{"embeddable":true,"href":"https:\/\/copiamais.com\/lojaonline\/wp-json\/wp\/v2\/media\/10098"}],"wp:attachment":[{"href":"https:\/\/copiamais.com\/lojaonline\/wp-json\/wp\/v2\/media?parent=10095"}],"wp:term":[{"taxonomy":"product_brand","embeddable":true,"href":"https:\/\/copiamais.com\/lojaonline\/wp-json\/wp\/v2\/product_brand?post=10095"},{"taxonomy":"product_cat","embeddable":true,"href":"https:\/\/copiamais.com\/lojaonline\/wp-json\/wp\/v2\/product_cat?post=10095"},{"taxonomy":"product_tag","embeddable":true,"href":"https:\/\/copiamais.com\/lojaonline\/wp-json\/wp\/v2\/product_tag?post=10095"}],"curies":[{"name":"wp","href":"https:\/\/api.w.org\/{rel}","templated":true}]}}