{"id":10790,"date":"2021-03-24T14:47:33","date_gmt":"2021-03-24T14:47:33","guid":{"rendered":"https:\/\/copiamais.com\/lojaonline\/?post_type=product&#038;p=10790"},"modified":"2023-03-30T17:44:40","modified_gmt":"2023-03-30T17:44:40","slug":"caneca-musica-spotify","status":"publish","type":"product","link":"https:\/\/copiamais.com\/lojaonline\/produto\/caneca-musica-spotify\/","title":{"rendered":"Caneca &#8211; M\u00fasica Spotify"},"content":{"rendered":"<p><strong>Caneca personaliz\u00e1vel com m\u00fasica do Spotify.<\/strong><br \/>\n<strong>Os elementos personaliz\u00e1veis s\u00e3o os seguintes:<\/strong><\/p>\n<blockquote><p><strong>Fotografia\/imagem<\/strong> <span style=\"color: #ff0000;\">(a fornecer pelo cliente em formato quadrado. Caso n\u00e3o tenha a propor\u00e7\u00e3o correta, ser\u00e1 cortada e ajustada pela C\u00d3PIA+)<\/span><br \/>\n<strong>Nome da m\u00fasica<\/strong> <span style=\"color: #ff0000;\">(a fornecer pelo cliente; a trocar por &#8220;I love you&#8221;)<\/span><br \/>\n<strong>Nome do artista\/banda<\/strong> <span style=\"color: #ff0000;\">(a fornecer pelo cliente; a trocar por &#8220;Billie Eilish&#8221;)<\/span><br \/>\n<strong>Dura\u00e7\u00e3o da m\u00fasica<\/strong> (modificado pela C\u00d3PIA+ de acordo com a m\u00fasica indicada)<br \/>\n<strong>C\u00f3digo Spotify<\/strong> (modificado pela C\u00d3PIA+ de acordo com a m\u00fasica indicada)<\/p>\n<p>&nbsp;<\/p><\/blockquote>\n<p>Os elementos s\u00e3o repetidos em ambos os lados da Caneca<br \/>\n<strong>Enviaremos uma maqueta para aprova\u00e7\u00e3o por email antes de avan\u00e7ar com a produ\u00e7\u00e3o.<\/strong><\/p>\n<blockquote><p>&nbsp;<\/p><\/blockquote>\n<p><strong>Personaliza\u00e7\u00e3o da caneca dispon\u00edvel em 2 vers\u00f5es (ver galeria):<\/strong><\/p>\n<blockquote><p><strong>Vers\u00e3o 1<\/strong> &#8211; Elementos a preto<br \/>\n<strong>Vers\u00e3o 2<\/strong> &#8211; Elementos a preto e vermelho<\/p><\/blockquote>\n<p>&nbsp;<\/p>\n<p><strong>Dispomos de v\u00e1rios tipos de canecas que podem ser personalizadas com este modelo independentemente da vers\u00e3o escolhida:<\/strong><\/p>\n<blockquote><p>-Caneca Branca<br \/>\n-Caneca Rosa (asa e interior de cor rosa; exterior branco; acabamento brilhante)<br \/>\n-Caneca Verde (asa e interior de cor verde.; exterior branco; acabamento brilhante)<br \/>\n-Caneca Preta (asa e interior de cor preta; exterior branco; acabamento brilhante)<br \/>\n-Caneca Azul (asa e interior de cor azul; exterior branco; acabamento brilhante)<br \/>\n-Caneca Vermelha (asa e interior de cor vermelha; exterior branco; acabamento brilhante)<br \/>\n-Caneca Amarela (asa e interior de cor amarela; exterior branco; acabamento brilhante)<br \/>\n-Caneca M\u00e1gica (apresenta-se preta enquanto est\u00e1 \u00e0 temperatura ambiente; a imagem surge quando colocado um l\u00edquido quente no seu interior)<\/p><\/blockquote>\n<p>&nbsp;<\/p>\n<p>Dimens\u00e3o do artigo: 9,5cm de altura por 8,2cm de di\u00e2metro.<\/p>\n<p>&nbsp;<\/p>\n<p><em>*Imagem meramente ilustrativa.<\/em><br \/>\n<em>Pode haver pequenas varia\u00e7\u00f5es de cor da imagem do produto para o produto final devido \u00e0 mudan\u00e7a do modo de cor de RGB para CMYK.<\/em><\/p>\n","protected":false},"excerpt":{"rendered":"<p>Caneca personaliz\u00e1vel com m\u00fasica do Spotify. Os elementos personaliz\u00e1veis s\u00e3o os seguintes: Fotografia\/imagem (a fornecer pelo cliente em formato quadrado. Caso n\u00e3o tenha a propor\u00e7\u00e3o correta, ser\u00e1 cortada e ajustada pela C\u00d3PIA+) Nome da m\u00fasica (a fornecer pelo cliente; a trocar por &#8220;I love you&#8221;) Nome do artista\/banda (a fornecer pelo cliente; a trocar por<\/p>\n","protected":false},"featured_media":10772,"comment_status":"open","ping_status":"closed","template":"","meta":{"_monsterinsights_skip_tracking":false,"_monsterinsights_sitenote_active":false,"_monsterinsights_sitenote_note":"","_monsterinsights_sitenote_category":0},"product_brand":[],"product_cat":[168,75,76],"product_tag":[100,115,103,187],"class_list":{"0":"post-10790","1":"product","2":"type-product","3":"status-publish","4":"has-post-thumbnail","6":"product_cat-modelos-pre-criados-canecas","7":"product_cat-utensilios","8":"product_cat-canecas","9":"product_tag-artigos-personalizaveis","10":"product_tag-casais","11":"product_tag-dia-dos-namorados","12":"product_tag-musica","14":"first","15":"instock","16":"taxable","17":"shipping-taxable","18":"purchasable","19":"product-type-variable"},"yoast_head":"<!-- This site is optimized with the Yoast SEO plugin v25.5 - https:\/\/yoast.com\/wordpress\/plugins\/seo\/ -->\n<title>Caneca - M\u00fasica Spotify - C\u00f3pia+ | Loja Online - Presentes Personalizados - Prendas Originais<\/title>\n<meta name=\"description\" content=\"Caneca - M\u00fasica Spotify\" \/>\n<meta name=\"robots\" content=\"index, follow, max-snippet:-1, max-image-preview:large, max-video-preview:-1\" \/>\n<link rel=\"canonical\" href=\"https:\/\/copiamais.com\/lojaonline\/produto\/caneca-musica-spotify\/\" \/>\n<meta property=\"og:locale\" content=\"pt_PT\" \/>\n<meta property=\"og:type\" content=\"article\" \/>\n<meta property=\"og:title\" content=\"Caneca - M\u00fasica Spotify - C\u00f3pia+ | Loja Online - Presentes Personalizados - Prendas Originais\" \/>\n<meta property=\"og:description\" content=\"Caneca - M\u00fasica Spotify\" \/>\n<meta property=\"og:url\" content=\"https:\/\/copiamais.com\/lojaonline\/produto\/caneca-musica-spotify\/\" \/>\n<meta property=\"og:site_name\" content=\"C\u00f3pia+ | Loja Online - Presentes Personalizados - Prendas Originais\" \/>\n<meta property=\"article:modified_time\" content=\"2023-03-30T17:44:40+00:00\" \/>\n<meta property=\"og:image\" content=\"https:\/\/copiamais.com\/lojaonline\/wp-content\/uploads\/2021\/03\/Caneca-Spotify_147_1.jpg?v=1616694168\" \/>\n\t<meta property=\"og:image:width\" content=\"1880\" \/>\n\t<meta property=\"og:image:height\" content=\"1880\" \/>\n\t<meta property=\"og:image:type\" content=\"image\/jpeg\" \/>\n<meta name=\"twitter:card\" content=\"summary_large_image\" \/>\n<meta name=\"twitter:label1\" content=\"Tempo estimado de leitura\" \/>\n\t<meta name=\"twitter:data1\" content=\"2 minutos\" \/>\n<script type=\"application\/ld+json\" class=\"yoast-schema-graph\">{\"@context\":\"https:\/\/schema.org\",\"@graph\":[{\"@type\":\"WebPage\",\"@id\":\"https:\/\/copiamais.com\/lojaonline\/produto\/caneca-musica-spotify\/\",\"url\":\"https:\/\/copiamais.com\/lojaonline\/produto\/caneca-musica-spotify\/\",\"name\":\"Caneca - M\u00fasica Spotify - C\u00f3pia+ | Loja Online - Presentes Personalizados - Prendas Originais\",\"isPartOf\":{\"@id\":\"https:\/\/copiamais.com\/lojaonline\/#website\"},\"primaryImageOfPage\":{\"@id\":\"https:\/\/copiamais.com\/lojaonline\/produto\/caneca-musica-spotify\/#primaryimage\"},\"image\":{\"@id\":\"https:\/\/copiamais.com\/lojaonline\/produto\/caneca-musica-spotify\/#primaryimage\"},\"thumbnailUrl\":\"https:\/\/copiamais.com\/lojaonline\/wp-content\/uploads\/2021\/03\/Caneca-Spotify_147_1.jpg?v=1616694168\",\"datePublished\":\"2021-03-24T14:47:33+00:00\",\"dateModified\":\"2023-03-30T17:44:40+00:00\",\"description\":\"Caneca - M\u00fasica Spotify\",\"breadcrumb\":{\"@id\":\"https:\/\/copiamais.com\/lojaonline\/produto\/caneca-musica-spotify\/#breadcrumb\"},\"inLanguage\":\"pt-PT\",\"potentialAction\":[{\"@type\":\"ReadAction\",\"target\":[\"https:\/\/copiamais.com\/lojaonline\/produto\/caneca-musica-spotify\/\"]}]},{\"@type\":\"ImageObject\",\"inLanguage\":\"pt-PT\",\"@id\":\"https:\/\/copiamais.com\/lojaonline\/produto\/caneca-musica-spotify\/#primaryimage\",\"url\":\"https:\/\/copiamais.com\/lojaonline\/wp-content\/uploads\/2021\/03\/Caneca-Spotify_147_1.jpg?v=1616694168\",\"contentUrl\":\"https:\/\/copiamais.com\/lojaonline\/wp-content\/uploads\/2021\/03\/Caneca-Spotify_147_1.jpg?v=1616694168\",\"width\":1880,\"height\":1880,\"caption\":\"Caneca personaliz\u00e1vel M\u00fasica Spotify copia+ mod.147\"},{\"@type\":\"BreadcrumbList\",\"@id\":\"https:\/\/copiamais.com\/lojaonline\/produto\/caneca-musica-spotify\/#breadcrumb\",\"itemListElement\":[{\"@type\":\"ListItem\",\"position\":1,\"name\":\"In\u00edcio\",\"item\":\"https:\/\/copiamais.com\/lojaonline\/\"},{\"@type\":\"ListItem\",\"position\":2,\"name\":\"Loja\",\"item\":\"https:\/\/copiamais.com\/lojaonline\/loja\/\"},{\"@type\":\"ListItem\",\"position\":3,\"name\":\"Caneca &#8211; M\u00fasica Spotify\"}]},{\"@type\":\"WebSite\",\"@id\":\"https:\/\/copiamais.com\/lojaonline\/#website\",\"url\":\"https:\/\/copiamais.com\/lojaonline\/\",\"name\":\"C\u00f3pia+ | Loja Online - Presentes Personalizados - Prendas Originais\",\"description\":\"Presentes para namorados, Dia do Pai, Dia da M\u00e3e, Dia dos Av\u00f3s, P\u00e1scoa...\",\"publisher\":{\"@id\":\"https:\/\/copiamais.com\/lojaonline\/#organization\"},\"potentialAction\":[{\"@type\":\"SearchAction\",\"target\":{\"@type\":\"EntryPoint\",\"urlTemplate\":\"https:\/\/copiamais.com\/lojaonline\/?s={search_term_string}\"},\"query-input\":{\"@type\":\"PropertyValueSpecification\",\"valueRequired\":true,\"valueName\":\"search_term_string\"}}],\"inLanguage\":\"pt-PT\"},{\"@type\":\"Organization\",\"@id\":\"https:\/\/copiamais.com\/lojaonline\/#organization\",\"name\":\"C\u00f3pia+\",\"url\":\"https:\/\/copiamais.com\/lojaonline\/\",\"logo\":{\"@type\":\"ImageObject\",\"inLanguage\":\"pt-PT\",\"@id\":\"https:\/\/copiamais.com\/lojaonline\/#\/schema\/logo\/image\/\",\"url\":\"https:\/\/copiamais.com\/lojaonline\/wp-content\/uploads\/2019\/08\/logo_copia.png\",\"contentUrl\":\"https:\/\/copiamais.com\/lojaonline\/wp-content\/uploads\/2019\/08\/logo_copia.png\",\"width\":150,\"height\":92,\"caption\":\"C\u00f3pia+\"},\"image\":{\"@id\":\"https:\/\/copiamais.com\/lojaonline\/#\/schema\/logo\/image\/\"}}]}<\/script>\n<!-- \/ Yoast SEO plugin. -->","yoast_head_json":{"title":"Caneca - M\u00fasica Spotify - C\u00f3pia+ | Loja Online - Presentes Personalizados - Prendas Originais","description":"Caneca - M\u00fasica Spotify","robots":{"index":"index","follow":"follow","max-snippet":"max-snippet:-1","max-image-preview":"max-image-preview:large","max-video-preview":"max-video-preview:-1"},"canonical":"https:\/\/copiamais.com\/lojaonline\/produto\/caneca-musica-spotify\/","og_locale":"pt_PT","og_type":"article","og_title":"Caneca - M\u00fasica Spotify - C\u00f3pia+ | Loja Online - Presentes Personalizados - Prendas Originais","og_description":"Caneca - M\u00fasica Spotify","og_url":"https:\/\/copiamais.com\/lojaonline\/produto\/caneca-musica-spotify\/","og_site_name":"C\u00f3pia+ | Loja Online - Presentes Personalizados - Prendas Originais","article_modified_time":"2023-03-30T17:44:40+00:00","og_image":[{"width":1880,"height":1880,"url":"https:\/\/copiamais.com\/lojaonline\/wp-content\/uploads\/2021\/03\/Caneca-Spotify_147_1.jpg?v=1616694168","type":"image\/jpeg"}],"twitter_card":"summary_large_image","twitter_misc":{"Tempo estimado de leitura":"2 minutos"},"schema":{"@context":"https:\/\/schema.org","@graph":[{"@type":"WebPage","@id":"https:\/\/copiamais.com\/lojaonline\/produto\/caneca-musica-spotify\/","url":"https:\/\/copiamais.com\/lojaonline\/produto\/caneca-musica-spotify\/","name":"Caneca - M\u00fasica Spotify - C\u00f3pia+ | Loja Online - Presentes Personalizados - Prendas Originais","isPartOf":{"@id":"https:\/\/copiamais.com\/lojaonline\/#website"},"primaryImageOfPage":{"@id":"https:\/\/copiamais.com\/lojaonline\/produto\/caneca-musica-spotify\/#primaryimage"},"image":{"@id":"https:\/\/copiamais.com\/lojaonline\/produto\/caneca-musica-spotify\/#primaryimage"},"thumbnailUrl":"https:\/\/copiamais.com\/lojaonline\/wp-content\/uploads\/2021\/03\/Caneca-Spotify_147_1.jpg?v=1616694168","datePublished":"2021-03-24T14:47:33+00:00","dateModified":"2023-03-30T17:44:40+00:00","description":"Caneca - M\u00fasica Spotify","breadcrumb":{"@id":"https:\/\/copiamais.com\/lojaonline\/produto\/caneca-musica-spotify\/#breadcrumb"},"inLanguage":"pt-PT","potentialAction":[{"@type":"ReadAction","target":["https:\/\/copiamais.com\/lojaonline\/produto\/caneca-musica-spotify\/"]}]},{"@type":"ImageObject","inLanguage":"pt-PT","@id":"https:\/\/copiamais.com\/lojaonline\/produto\/caneca-musica-spotify\/#primaryimage","url":"https:\/\/copiamais.com\/lojaonline\/wp-content\/uploads\/2021\/03\/Caneca-Spotify_147_1.jpg?v=1616694168","contentUrl":"https:\/\/copiamais.com\/lojaonline\/wp-content\/uploads\/2021\/03\/Caneca-Spotify_147_1.jpg?v=1616694168","width":1880,"height":1880,"caption":"Caneca personaliz\u00e1vel M\u00fasica Spotify copia+ mod.147"},{"@type":"BreadcrumbList","@id":"https:\/\/copiamais.com\/lojaonline\/produto\/caneca-musica-spotify\/#breadcrumb","itemListElement":[{"@type":"ListItem","position":1,"name":"In\u00edcio","item":"https:\/\/copiamais.com\/lojaonline\/"},{"@type":"ListItem","position":2,"name":"Loja","item":"https:\/\/copiamais.com\/lojaonline\/loja\/"},{"@type":"ListItem","position":3,"name":"Caneca &#8211; M\u00fasica Spotify"}]},{"@type":"WebSite","@id":"https:\/\/copiamais.com\/lojaonline\/#website","url":"https:\/\/copiamais.com\/lojaonline\/","name":"C\u00f3pia+ | Loja Online - Presentes Personalizados - Prendas Originais","description":"Presentes para namorados, Dia do Pai, Dia da M\u00e3e, Dia dos Av\u00f3s, P\u00e1scoa...","publisher":{"@id":"https:\/\/copiamais.com\/lojaonline\/#organization"},"potentialAction":[{"@type":"SearchAction","target":{"@type":"EntryPoint","urlTemplate":"https:\/\/copiamais.com\/lojaonline\/?s={search_term_string}"},"query-input":{"@type":"PropertyValueSpecification","valueRequired":true,"valueName":"search_term_string"}}],"inLanguage":"pt-PT"},{"@type":"Organization","@id":"https:\/\/copiamais.com\/lojaonline\/#organization","name":"C\u00f3pia+","url":"https:\/\/copiamais.com\/lojaonline\/","logo":{"@type":"ImageObject","inLanguage":"pt-PT","@id":"https:\/\/copiamais.com\/lojaonline\/#\/schema\/logo\/image\/","url":"https:\/\/copiamais.com\/lojaonline\/wp-content\/uploads\/2019\/08\/logo_copia.png","contentUrl":"https:\/\/copiamais.com\/lojaonline\/wp-content\/uploads\/2019\/08\/logo_copia.png","width":150,"height":92,"caption":"C\u00f3pia+"},"image":{"@id":"https:\/\/copiamais.com\/lojaonline\/#\/schema\/logo\/image\/"}}]}},"_links":{"self":[{"href":"https:\/\/copiamais.com\/lojaonline\/wp-json\/wp\/v2\/product\/10790","targetHints":{"allow":["GET"]}}],"collection":[{"href":"https:\/\/copiamais.com\/lojaonline\/wp-json\/wp\/v2\/product"}],"about":[{"href":"https:\/\/copiamais.com\/lojaonline\/wp-json\/wp\/v2\/types\/product"}],"replies":[{"embeddable":true,"href":"https:\/\/copiamais.com\/lojaonline\/wp-json\/wp\/v2\/comments?post=10790"}],"wp:featuredmedia":[{"embeddable":true,"href":"https:\/\/copiamais.com\/lojaonline\/wp-json\/wp\/v2\/media\/10772"}],"wp:attachment":[{"href":"https:\/\/copiamais.com\/lojaonline\/wp-json\/wp\/v2\/media?parent=10790"}],"wp:term":[{"taxonomy":"product_brand","embeddable":true,"href":"https:\/\/copiamais.com\/lojaonline\/wp-json\/wp\/v2\/product_brand?post=10790"},{"taxonomy":"product_cat","embeddable":true,"href":"https:\/\/copiamais.com\/lojaonline\/wp-json\/wp\/v2\/product_cat?post=10790"},{"taxonomy":"product_tag","embeddable":true,"href":"https:\/\/copiamais.com\/lojaonline\/wp-json\/wp\/v2\/product_tag?post=10790"}],"curies":[{"name":"wp","href":"https:\/\/api.w.org\/{rel}","templated":true}]}}