{"id":12441,"date":"2022-06-08T15:36:15","date_gmt":"2022-06-08T15:36:15","guid":{"rendered":"https:\/\/copiamais.com\/lojaonline\/?post_type=product&#038;p=12441"},"modified":"2023-03-24T15:03:47","modified_gmt":"2023-03-24T15:03:47","slug":"almofada-eu-tenho-o-melhor-pai-do-mundo","status":"publish","type":"product","link":"https:\/\/copiamais.com\/lojaonline\/produto\/almofada-eu-tenho-o-melhor-pai-do-mundo\/","title":{"rendered":"Almofada &#8211; Eu tenho o melhor Pai do Mundo"},"content":{"rendered":"<p>As Almofadas est\u00e3o dispon\u00edveis com a frente branca e verso dispon\u00edvel em variadas cores: branco, preto, rosa, azul e vermelho.<\/p>\n<p>Caracter\u00edsticas:<br \/>\n&#8211; Dimens\u00e3o do artigo: 40x40cm<\/p>\n<blockquote><p><strong>Aten\u00e7\u00e3o!<\/strong><br \/>\n<strong>Carregue 5 fotografias a colocar na Almofada, no espa\u00e7o acima destinado a esse fim.<\/strong><\/p>\n<p>As fotografias ser\u00e3o cortadas e ajustadas ao formato do modelo e distribu\u00eddas de forma aleat\u00f3ria de maneira a ter o melhor aproveitamento.<br \/>\nEnviaremos uma maqueta para aprova\u00e7\u00e3o por email antes de avan\u00e7ar com a produ\u00e7\u00e3o.<\/p><\/blockquote>\n<p>&nbsp;<\/p>\n<p><em>*Imagem meramente ilustrativa.<\/em><br \/>\n<em>Pode haver pequenas varia\u00e7\u00f5es de cor da imagem do produto para o produto final devido \u00e0 mudan\u00e7a do modo de cor de RGB para CMYK.<\/em><\/p>\n<p>&nbsp;<\/p>\n","protected":false},"excerpt":{"rendered":"<p>As Almofadas est\u00e3o dispon\u00edveis com a frente branca e verso dispon\u00edvel em variadas cores: branco, preto, rosa, azul e vermelho. Caracter\u00edsticas: &#8211; Dimens\u00e3o do artigo: 40x40cm Aten\u00e7\u00e3o! Carregue 5 fotografias a colocar na Almofada, no espa\u00e7o acima destinado a esse fim. As fotografias ser\u00e3o cortadas e ajustadas ao formato do modelo e distribu\u00eddas de forma<\/p>\n","protected":false},"featured_media":12447,"comment_status":"open","ping_status":"closed","template":"","meta":{"_monsterinsights_skip_tracking":false,"_monsterinsights_sitenote_active":false,"_monsterinsights_sitenote_note":"","_monsterinsights_sitenote_category":0},"product_brand":[],"product_cat":[165,66,67],"product_tag":[100,102,104],"class_list":{"0":"post-12441","1":"product","2":"type-product","3":"status-publish","4":"has-post-thumbnail","6":"product_cat-modelos-pre-criados-almofadas","7":"product_cat-decoracao","8":"product_cat-almofadas","9":"product_tag-artigos-personalizaveis","10":"product_tag-decoracao-de-casa","11":"product_tag-dia-do-pai","13":"first","14":"instock","15":"taxable","16":"shipping-taxable","17":"purchasable","18":"product-type-variable"},"yoast_head":"<!-- This site is optimized with the Yoast SEO plugin v25.5 - https:\/\/yoast.com\/wordpress\/plugins\/seo\/ -->\n<title>Almofada - Eu tenho o melhor Pai do Mundo - C\u00f3pia+ | Loja Online - Presentes Personalizados - Prendas Originais<\/title>\n<meta name=\"description\" content=\"Almofada - Eu tenho o melhor Pai do Mundo\" \/>\n<meta name=\"robots\" content=\"index, follow, max-snippet:-1, max-image-preview:large, max-video-preview:-1\" \/>\n<link rel=\"canonical\" href=\"https:\/\/copiamais.com\/lojaonline\/produto\/almofada-eu-tenho-o-melhor-pai-do-mundo\/\" \/>\n<meta property=\"og:locale\" content=\"pt_PT\" \/>\n<meta property=\"og:type\" content=\"article\" \/>\n<meta property=\"og:title\" content=\"Almofada - Eu tenho o melhor Pai do Mundo - C\u00f3pia+ | Loja Online - Presentes Personalizados - Prendas Originais\" \/>\n<meta property=\"og:description\" content=\"Almofada - Eu tenho o melhor Pai do Mundo\" \/>\n<meta property=\"og:url\" content=\"https:\/\/copiamais.com\/lojaonline\/produto\/almofada-eu-tenho-o-melhor-pai-do-mundo\/\" \/>\n<meta property=\"og:site_name\" content=\"C\u00f3pia+ | Loja Online - Presentes Personalizados - Prendas Originais\" \/>\n<meta property=\"article:modified_time\" content=\"2023-03-24T15:03:47+00:00\" \/>\n<meta property=\"og:image\" content=\"https:\/\/copiamais.com\/lojaonline\/wp-content\/uploads\/2022\/06\/Almofada-Dia-do-Pai-mod.74.jpg?v=1654786206\" \/>\n\t<meta property=\"og:image:width\" content=\"2500\" \/>\n\t<meta property=\"og:image:height\" content=\"2500\" \/>\n\t<meta property=\"og:image:type\" content=\"image\/jpeg\" \/>\n<meta name=\"twitter:card\" content=\"summary_large_image\" \/>\n<meta name=\"twitter:label1\" content=\"Tempo estimado de leitura\" \/>\n\t<meta name=\"twitter:data1\" content=\"1 minuto\" \/>\n<script type=\"application\/ld+json\" class=\"yoast-schema-graph\">{\"@context\":\"https:\/\/schema.org\",\"@graph\":[{\"@type\":\"WebPage\",\"@id\":\"https:\/\/copiamais.com\/lojaonline\/produto\/almofada-eu-tenho-o-melhor-pai-do-mundo\/\",\"url\":\"https:\/\/copiamais.com\/lojaonline\/produto\/almofada-eu-tenho-o-melhor-pai-do-mundo\/\",\"name\":\"Almofada - Eu tenho o melhor Pai do Mundo - C\u00f3pia+ | Loja Online - Presentes Personalizados - Prendas Originais\",\"isPartOf\":{\"@id\":\"https:\/\/copiamais.com\/lojaonline\/#website\"},\"primaryImageOfPage\":{\"@id\":\"https:\/\/copiamais.com\/lojaonline\/produto\/almofada-eu-tenho-o-melhor-pai-do-mundo\/#primaryimage\"},\"image\":{\"@id\":\"https:\/\/copiamais.com\/lojaonline\/produto\/almofada-eu-tenho-o-melhor-pai-do-mundo\/#primaryimage\"},\"thumbnailUrl\":\"https:\/\/copiamais.com\/lojaonline\/wp-content\/uploads\/2022\/06\/Almofada-Dia-do-Pai-mod.74.jpg?v=1654786206\",\"datePublished\":\"2022-06-08T15:36:15+00:00\",\"dateModified\":\"2023-03-24T15:03:47+00:00\",\"description\":\"Almofada - Eu tenho o melhor Pai do Mundo\",\"breadcrumb\":{\"@id\":\"https:\/\/copiamais.com\/lojaonline\/produto\/almofada-eu-tenho-o-melhor-pai-do-mundo\/#breadcrumb\"},\"inLanguage\":\"pt-PT\",\"potentialAction\":[{\"@type\":\"ReadAction\",\"target\":[\"https:\/\/copiamais.com\/lojaonline\/produto\/almofada-eu-tenho-o-melhor-pai-do-mundo\/\"]}]},{\"@type\":\"ImageObject\",\"inLanguage\":\"pt-PT\",\"@id\":\"https:\/\/copiamais.com\/lojaonline\/produto\/almofada-eu-tenho-o-melhor-pai-do-mundo\/#primaryimage\",\"url\":\"https:\/\/copiamais.com\/lojaonline\/wp-content\/uploads\/2022\/06\/Almofada-Dia-do-Pai-mod.74.jpg?v=1654786206\",\"contentUrl\":\"https:\/\/copiamais.com\/lojaonline\/wp-content\/uploads\/2022\/06\/Almofada-Dia-do-Pai-mod.74.jpg?v=1654786206\",\"width\":2500,\"height\":2500,\"caption\":\"Almofada Eu tenho o melhor pai do mundo mod.74 copia+\"},{\"@type\":\"BreadcrumbList\",\"@id\":\"https:\/\/copiamais.com\/lojaonline\/produto\/almofada-eu-tenho-o-melhor-pai-do-mundo\/#breadcrumb\",\"itemListElement\":[{\"@type\":\"ListItem\",\"position\":1,\"name\":\"In\u00edcio\",\"item\":\"https:\/\/copiamais.com\/lojaonline\/\"},{\"@type\":\"ListItem\",\"position\":2,\"name\":\"Loja\",\"item\":\"https:\/\/copiamais.com\/lojaonline\/loja\/\"},{\"@type\":\"ListItem\",\"position\":3,\"name\":\"Almofada &#8211; Eu tenho o melhor Pai do Mundo\"}]},{\"@type\":\"WebSite\",\"@id\":\"https:\/\/copiamais.com\/lojaonline\/#website\",\"url\":\"https:\/\/copiamais.com\/lojaonline\/\",\"name\":\"C\u00f3pia+ | Loja Online - Presentes Personalizados - Prendas Originais\",\"description\":\"Presentes para namorados, Dia do Pai, Dia da M\u00e3e, Dia dos Av\u00f3s, P\u00e1scoa...\",\"publisher\":{\"@id\":\"https:\/\/copiamais.com\/lojaonline\/#organization\"},\"potentialAction\":[{\"@type\":\"SearchAction\",\"target\":{\"@type\":\"EntryPoint\",\"urlTemplate\":\"https:\/\/copiamais.com\/lojaonline\/?s={search_term_string}\"},\"query-input\":{\"@type\":\"PropertyValueSpecification\",\"valueRequired\":true,\"valueName\":\"search_term_string\"}}],\"inLanguage\":\"pt-PT\"},{\"@type\":\"Organization\",\"@id\":\"https:\/\/copiamais.com\/lojaonline\/#organization\",\"name\":\"C\u00f3pia+\",\"url\":\"https:\/\/copiamais.com\/lojaonline\/\",\"logo\":{\"@type\":\"ImageObject\",\"inLanguage\":\"pt-PT\",\"@id\":\"https:\/\/copiamais.com\/lojaonline\/#\/schema\/logo\/image\/\",\"url\":\"https:\/\/copiamais.com\/lojaonline\/wp-content\/uploads\/2019\/08\/logo_copia.png\",\"contentUrl\":\"https:\/\/copiamais.com\/lojaonline\/wp-content\/uploads\/2019\/08\/logo_copia.png\",\"width\":150,\"height\":92,\"caption\":\"C\u00f3pia+\"},\"image\":{\"@id\":\"https:\/\/copiamais.com\/lojaonline\/#\/schema\/logo\/image\/\"}}]}<\/script>\n<!-- \/ Yoast SEO plugin. -->","yoast_head_json":{"title":"Almofada - Eu tenho o melhor Pai do Mundo - C\u00f3pia+ | Loja Online - Presentes Personalizados - Prendas Originais","description":"Almofada - Eu tenho o melhor Pai do Mundo","robots":{"index":"index","follow":"follow","max-snippet":"max-snippet:-1","max-image-preview":"max-image-preview:large","max-video-preview":"max-video-preview:-1"},"canonical":"https:\/\/copiamais.com\/lojaonline\/produto\/almofada-eu-tenho-o-melhor-pai-do-mundo\/","og_locale":"pt_PT","og_type":"article","og_title":"Almofada - Eu tenho o melhor Pai do Mundo - C\u00f3pia+ | Loja Online - Presentes Personalizados - Prendas Originais","og_description":"Almofada - Eu tenho o melhor Pai do Mundo","og_url":"https:\/\/copiamais.com\/lojaonline\/produto\/almofada-eu-tenho-o-melhor-pai-do-mundo\/","og_site_name":"C\u00f3pia+ | Loja Online - Presentes Personalizados - Prendas Originais","article_modified_time":"2023-03-24T15:03:47+00:00","og_image":[{"width":2500,"height":2500,"url":"https:\/\/copiamais.com\/lojaonline\/wp-content\/uploads\/2022\/06\/Almofada-Dia-do-Pai-mod.74.jpg?v=1654786206","type":"image\/jpeg"}],"twitter_card":"summary_large_image","twitter_misc":{"Tempo estimado de leitura":"1 minuto"},"schema":{"@context":"https:\/\/schema.org","@graph":[{"@type":"WebPage","@id":"https:\/\/copiamais.com\/lojaonline\/produto\/almofada-eu-tenho-o-melhor-pai-do-mundo\/","url":"https:\/\/copiamais.com\/lojaonline\/produto\/almofada-eu-tenho-o-melhor-pai-do-mundo\/","name":"Almofada - Eu tenho o melhor Pai do Mundo - C\u00f3pia+ | Loja Online - Presentes Personalizados - Prendas Originais","isPartOf":{"@id":"https:\/\/copiamais.com\/lojaonline\/#website"},"primaryImageOfPage":{"@id":"https:\/\/copiamais.com\/lojaonline\/produto\/almofada-eu-tenho-o-melhor-pai-do-mundo\/#primaryimage"},"image":{"@id":"https:\/\/copiamais.com\/lojaonline\/produto\/almofada-eu-tenho-o-melhor-pai-do-mundo\/#primaryimage"},"thumbnailUrl":"https:\/\/copiamais.com\/lojaonline\/wp-content\/uploads\/2022\/06\/Almofada-Dia-do-Pai-mod.74.jpg?v=1654786206","datePublished":"2022-06-08T15:36:15+00:00","dateModified":"2023-03-24T15:03:47+00:00","description":"Almofada - Eu tenho o melhor Pai do Mundo","breadcrumb":{"@id":"https:\/\/copiamais.com\/lojaonline\/produto\/almofada-eu-tenho-o-melhor-pai-do-mundo\/#breadcrumb"},"inLanguage":"pt-PT","potentialAction":[{"@type":"ReadAction","target":["https:\/\/copiamais.com\/lojaonline\/produto\/almofada-eu-tenho-o-melhor-pai-do-mundo\/"]}]},{"@type":"ImageObject","inLanguage":"pt-PT","@id":"https:\/\/copiamais.com\/lojaonline\/produto\/almofada-eu-tenho-o-melhor-pai-do-mundo\/#primaryimage","url":"https:\/\/copiamais.com\/lojaonline\/wp-content\/uploads\/2022\/06\/Almofada-Dia-do-Pai-mod.74.jpg?v=1654786206","contentUrl":"https:\/\/copiamais.com\/lojaonline\/wp-content\/uploads\/2022\/06\/Almofada-Dia-do-Pai-mod.74.jpg?v=1654786206","width":2500,"height":2500,"caption":"Almofada Eu tenho o melhor pai do mundo mod.74 copia+"},{"@type":"BreadcrumbList","@id":"https:\/\/copiamais.com\/lojaonline\/produto\/almofada-eu-tenho-o-melhor-pai-do-mundo\/#breadcrumb","itemListElement":[{"@type":"ListItem","position":1,"name":"In\u00edcio","item":"https:\/\/copiamais.com\/lojaonline\/"},{"@type":"ListItem","position":2,"name":"Loja","item":"https:\/\/copiamais.com\/lojaonline\/loja\/"},{"@type":"ListItem","position":3,"name":"Almofada &#8211; Eu tenho o melhor Pai do Mundo"}]},{"@type":"WebSite","@id":"https:\/\/copiamais.com\/lojaonline\/#website","url":"https:\/\/copiamais.com\/lojaonline\/","name":"C\u00f3pia+ | Loja Online - Presentes Personalizados - Prendas Originais","description":"Presentes para namorados, Dia do Pai, Dia da M\u00e3e, Dia dos Av\u00f3s, P\u00e1scoa...","publisher":{"@id":"https:\/\/copiamais.com\/lojaonline\/#organization"},"potentialAction":[{"@type":"SearchAction","target":{"@type":"EntryPoint","urlTemplate":"https:\/\/copiamais.com\/lojaonline\/?s={search_term_string}"},"query-input":{"@type":"PropertyValueSpecification","valueRequired":true,"valueName":"search_term_string"}}],"inLanguage":"pt-PT"},{"@type":"Organization","@id":"https:\/\/copiamais.com\/lojaonline\/#organization","name":"C\u00f3pia+","url":"https:\/\/copiamais.com\/lojaonline\/","logo":{"@type":"ImageObject","inLanguage":"pt-PT","@id":"https:\/\/copiamais.com\/lojaonline\/#\/schema\/logo\/image\/","url":"https:\/\/copiamais.com\/lojaonline\/wp-content\/uploads\/2019\/08\/logo_copia.png","contentUrl":"https:\/\/copiamais.com\/lojaonline\/wp-content\/uploads\/2019\/08\/logo_copia.png","width":150,"height":92,"caption":"C\u00f3pia+"},"image":{"@id":"https:\/\/copiamais.com\/lojaonline\/#\/schema\/logo\/image\/"}}]}},"_links":{"self":[{"href":"https:\/\/copiamais.com\/lojaonline\/wp-json\/wp\/v2\/product\/12441","targetHints":{"allow":["GET"]}}],"collection":[{"href":"https:\/\/copiamais.com\/lojaonline\/wp-json\/wp\/v2\/product"}],"about":[{"href":"https:\/\/copiamais.com\/lojaonline\/wp-json\/wp\/v2\/types\/product"}],"replies":[{"embeddable":true,"href":"https:\/\/copiamais.com\/lojaonline\/wp-json\/wp\/v2\/comments?post=12441"}],"wp:featuredmedia":[{"embeddable":true,"href":"https:\/\/copiamais.com\/lojaonline\/wp-json\/wp\/v2\/media\/12447"}],"wp:attachment":[{"href":"https:\/\/copiamais.com\/lojaonline\/wp-json\/wp\/v2\/media?parent=12441"}],"wp:term":[{"taxonomy":"product_brand","embeddable":true,"href":"https:\/\/copiamais.com\/lojaonline\/wp-json\/wp\/v2\/product_brand?post=12441"},{"taxonomy":"product_cat","embeddable":true,"href":"https:\/\/copiamais.com\/lojaonline\/wp-json\/wp\/v2\/product_cat?post=12441"},{"taxonomy":"product_tag","embeddable":true,"href":"https:\/\/copiamais.com\/lojaonline\/wp-json\/wp\/v2\/product_tag?post=12441"}],"curies":[{"name":"wp","href":"https:\/\/api.w.org\/{rel}","templated":true}]}}