{"id":12554,"date":"2022-06-09T09:58:10","date_gmt":"2022-06-09T09:58:10","guid":{"rendered":"https:\/\/copiamais.com\/lojaonline\/?post_type=product&#038;p=12554"},"modified":"2023-03-24T14:58:04","modified_gmt":"2023-03-24T14:58:04","slug":"tapete-de-rato-a3-fortnite-mod-3","status":"publish","type":"product","link":"https:\/\/copiamais.com\/lojaonline\/produto\/tapete-de-rato-a3-fortnite-mod-3\/","title":{"rendered":"Tapete de Rato A3 &#8211; Fortnite (mod.3)"},"content":{"rendered":"<p>Tapete de Rato t\u00eaxtil com base preta em borracha.<\/p>\n<p>Tamanho do artigo: 41x29cm<\/p>\n<p>&nbsp;<\/p>\n<blockquote>\n<blockquote><p><strong>Aten\u00e7\u00e3o!<\/strong><br \/>\n<strong>Introduza na respetiva caixa o nome a colocar (a trocar por &#8220;Mariana&#8221;).<\/strong><\/p>\n<p>Enviaremos uma maqueta para aprova\u00e7\u00e3o por email antes de avan\u00e7ar com a produ\u00e7\u00e3o.<\/p><\/blockquote>\n<\/blockquote>\n<p>&nbsp;<\/p>\n<p>&nbsp;<\/p>\n<p><em>*Imagem meramente ilustrativa.<\/em><br \/>\n<em>Pode haver pequenas varia\u00e7\u00f5es de cor da imagem do produto para o produto final devido \u00e0 mudan\u00e7a do modo de cor de RGB para CMYK.<\/em><\/p>\n","protected":false},"excerpt":{"rendered":"<p>Tapete de Rato t\u00eaxtil com base preta em borracha. Tamanho do artigo: 41x29cm &nbsp; Aten\u00e7\u00e3o! Introduza na respetiva caixa o nome a colocar (a trocar por &#8220;Mariana&#8221;). Enviaremos uma maqueta para aprova\u00e7\u00e3o por email antes de avan\u00e7ar com a produ\u00e7\u00e3o. &nbsp; &nbsp; *Imagem meramente ilustrativa. Pode haver pequenas varia\u00e7\u00f5es de cor da imagem do produto<\/p>\n","protected":false},"featured_media":12556,"comment_status":"open","ping_status":"closed","template":"","meta":{"_monsterinsights_skip_tracking":false,"_monsterinsights_sitenote_active":false,"_monsterinsights_sitenote_note":"","_monsterinsights_sitenote_category":0},"product_brand":[],"product_cat":[172,132,75],"product_tag":[100,186],"class_list":{"0":"post-12554","1":"product","2":"type-product","3":"status-publish","4":"has-post-thumbnail","6":"product_cat-modelos-pre-criados-tapetesrato","7":"product_cat-tapetesrato","8":"product_cat-utensilios","9":"product_tag-artigos-personalizaveis","10":"product_tag-gamers","12":"first","13":"instock","14":"taxable","15":"shipping-taxable","16":"purchasable","17":"product-type-variable"},"yoast_head":"<!-- This site is optimized with the Yoast SEO plugin v25.5 - https:\/\/yoast.com\/wordpress\/plugins\/seo\/ -->\n<title>Tapete de Rato A3 - Fortnite (mod.3) - C\u00f3pia+ | Loja Online - Presentes Personalizados - Prendas Originais<\/title>\n<meta name=\"description\" content=\"Tapete de Rato - Fortnite\" \/>\n<meta name=\"robots\" content=\"index, follow, max-snippet:-1, max-image-preview:large, max-video-preview:-1\" \/>\n<link rel=\"canonical\" href=\"https:\/\/copiamais.com\/lojaonline\/produto\/tapete-de-rato-a3-fortnite-mod-3\/\" \/>\n<meta property=\"og:locale\" content=\"pt_PT\" \/>\n<meta property=\"og:type\" content=\"article\" \/>\n<meta property=\"og:title\" content=\"Tapete de Rato A3 - Fortnite (mod.3) - C\u00f3pia+ | Loja Online - Presentes Personalizados - Prendas Originais\" \/>\n<meta property=\"og:description\" content=\"Tapete de Rato - Fortnite\" \/>\n<meta property=\"og:url\" content=\"https:\/\/copiamais.com\/lojaonline\/produto\/tapete-de-rato-a3-fortnite-mod-3\/\" \/>\n<meta property=\"og:site_name\" content=\"C\u00f3pia+ | Loja Online - Presentes Personalizados - Prendas Originais\" \/>\n<meta property=\"article:modified_time\" content=\"2023-03-24T14:58:04+00:00\" \/>\n<meta property=\"og:image\" content=\"https:\/\/copiamais.com\/lojaonline\/wp-content\/uploads\/2022\/06\/Tapete-de-Rato-A3_30.jpg?v=1654785234\" \/>\n\t<meta property=\"og:image:width\" content=\"1000\" \/>\n\t<meta property=\"og:image:height\" content=\"1000\" \/>\n\t<meta property=\"og:image:type\" content=\"image\/jpeg\" \/>\n<meta name=\"twitter:card\" content=\"summary_large_image\" \/>\n<meta name=\"twitter:label1\" content=\"Tempo estimado de leitura\" \/>\n\t<meta name=\"twitter:data1\" content=\"1 minuto\" \/>\n<script type=\"application\/ld+json\" class=\"yoast-schema-graph\">{\"@context\":\"https:\/\/schema.org\",\"@graph\":[{\"@type\":\"WebPage\",\"@id\":\"https:\/\/copiamais.com\/lojaonline\/produto\/tapete-de-rato-a3-fortnite-mod-3\/\",\"url\":\"https:\/\/copiamais.com\/lojaonline\/produto\/tapete-de-rato-a3-fortnite-mod-3\/\",\"name\":\"Tapete de Rato A3 - Fortnite (mod.3) - C\u00f3pia+ | Loja Online - Presentes Personalizados - Prendas Originais\",\"isPartOf\":{\"@id\":\"https:\/\/copiamais.com\/lojaonline\/#website\"},\"primaryImageOfPage\":{\"@id\":\"https:\/\/copiamais.com\/lojaonline\/produto\/tapete-de-rato-a3-fortnite-mod-3\/#primaryimage\"},\"image\":{\"@id\":\"https:\/\/copiamais.com\/lojaonline\/produto\/tapete-de-rato-a3-fortnite-mod-3\/#primaryimage\"},\"thumbnailUrl\":\"https:\/\/copiamais.com\/lojaonline\/wp-content\/uploads\/2022\/06\/Tapete-de-Rato-A3_30.jpg?v=1654785234\",\"datePublished\":\"2022-06-09T09:58:10+00:00\",\"dateModified\":\"2023-03-24T14:58:04+00:00\",\"description\":\"Tapete de Rato - Fortnite\",\"breadcrumb\":{\"@id\":\"https:\/\/copiamais.com\/lojaonline\/produto\/tapete-de-rato-a3-fortnite-mod-3\/#breadcrumb\"},\"inLanguage\":\"pt-PT\",\"potentialAction\":[{\"@type\":\"ReadAction\",\"target\":[\"https:\/\/copiamais.com\/lojaonline\/produto\/tapete-de-rato-a3-fortnite-mod-3\/\"]}]},{\"@type\":\"ImageObject\",\"inLanguage\":\"pt-PT\",\"@id\":\"https:\/\/copiamais.com\/lojaonline\/produto\/tapete-de-rato-a3-fortnite-mod-3\/#primaryimage\",\"url\":\"https:\/\/copiamais.com\/lojaonline\/wp-content\/uploads\/2022\/06\/Tapete-de-Rato-A3_30.jpg?v=1654785234\",\"contentUrl\":\"https:\/\/copiamais.com\/lojaonline\/wp-content\/uploads\/2022\/06\/Tapete-de-Rato-A3_30.jpg?v=1654785234\",\"width\":1000,\"height\":1000,\"caption\":\"Tapete de rato A3 fortnite mod.30\"},{\"@type\":\"BreadcrumbList\",\"@id\":\"https:\/\/copiamais.com\/lojaonline\/produto\/tapete-de-rato-a3-fortnite-mod-3\/#breadcrumb\",\"itemListElement\":[{\"@type\":\"ListItem\",\"position\":1,\"name\":\"In\u00edcio\",\"item\":\"https:\/\/copiamais.com\/lojaonline\/\"},{\"@type\":\"ListItem\",\"position\":2,\"name\":\"Loja\",\"item\":\"https:\/\/copiamais.com\/lojaonline\/loja\/\"},{\"@type\":\"ListItem\",\"position\":3,\"name\":\"Tapete de Rato A3 &#8211; Fortnite (mod.3)\"}]},{\"@type\":\"WebSite\",\"@id\":\"https:\/\/copiamais.com\/lojaonline\/#website\",\"url\":\"https:\/\/copiamais.com\/lojaonline\/\",\"name\":\"C\u00f3pia+ | Loja Online - Presentes Personalizados - Prendas Originais\",\"description\":\"Presentes para namorados, Dia do Pai, Dia da M\u00e3e, Dia dos Av\u00f3s, P\u00e1scoa...\",\"publisher\":{\"@id\":\"https:\/\/copiamais.com\/lojaonline\/#organization\"},\"potentialAction\":[{\"@type\":\"SearchAction\",\"target\":{\"@type\":\"EntryPoint\",\"urlTemplate\":\"https:\/\/copiamais.com\/lojaonline\/?s={search_term_string}\"},\"query-input\":{\"@type\":\"PropertyValueSpecification\",\"valueRequired\":true,\"valueName\":\"search_term_string\"}}],\"inLanguage\":\"pt-PT\"},{\"@type\":\"Organization\",\"@id\":\"https:\/\/copiamais.com\/lojaonline\/#organization\",\"name\":\"C\u00f3pia+\",\"url\":\"https:\/\/copiamais.com\/lojaonline\/\",\"logo\":{\"@type\":\"ImageObject\",\"inLanguage\":\"pt-PT\",\"@id\":\"https:\/\/copiamais.com\/lojaonline\/#\/schema\/logo\/image\/\",\"url\":\"https:\/\/copiamais.com\/lojaonline\/wp-content\/uploads\/2019\/08\/logo_copia.png\",\"contentUrl\":\"https:\/\/copiamais.com\/lojaonline\/wp-content\/uploads\/2019\/08\/logo_copia.png\",\"width\":150,\"height\":92,\"caption\":\"C\u00f3pia+\"},\"image\":{\"@id\":\"https:\/\/copiamais.com\/lojaonline\/#\/schema\/logo\/image\/\"}}]}<\/script>\n<!-- \/ Yoast SEO plugin. -->","yoast_head_json":{"title":"Tapete de Rato A3 - Fortnite (mod.3) - C\u00f3pia+ | Loja Online - Presentes Personalizados - Prendas Originais","description":"Tapete de Rato - Fortnite","robots":{"index":"index","follow":"follow","max-snippet":"max-snippet:-1","max-image-preview":"max-image-preview:large","max-video-preview":"max-video-preview:-1"},"canonical":"https:\/\/copiamais.com\/lojaonline\/produto\/tapete-de-rato-a3-fortnite-mod-3\/","og_locale":"pt_PT","og_type":"article","og_title":"Tapete de Rato A3 - Fortnite (mod.3) - C\u00f3pia+ | Loja Online - Presentes Personalizados - Prendas Originais","og_description":"Tapete de Rato - Fortnite","og_url":"https:\/\/copiamais.com\/lojaonline\/produto\/tapete-de-rato-a3-fortnite-mod-3\/","og_site_name":"C\u00f3pia+ | Loja Online - Presentes Personalizados - Prendas Originais","article_modified_time":"2023-03-24T14:58:04+00:00","og_image":[{"width":1000,"height":1000,"url":"https:\/\/copiamais.com\/lojaonline\/wp-content\/uploads\/2022\/06\/Tapete-de-Rato-A3_30.jpg?v=1654785234","type":"image\/jpeg"}],"twitter_card":"summary_large_image","twitter_misc":{"Tempo estimado de leitura":"1 minuto"},"schema":{"@context":"https:\/\/schema.org","@graph":[{"@type":"WebPage","@id":"https:\/\/copiamais.com\/lojaonline\/produto\/tapete-de-rato-a3-fortnite-mod-3\/","url":"https:\/\/copiamais.com\/lojaonline\/produto\/tapete-de-rato-a3-fortnite-mod-3\/","name":"Tapete de Rato A3 - Fortnite (mod.3) - C\u00f3pia+ | Loja Online - Presentes Personalizados - Prendas Originais","isPartOf":{"@id":"https:\/\/copiamais.com\/lojaonline\/#website"},"primaryImageOfPage":{"@id":"https:\/\/copiamais.com\/lojaonline\/produto\/tapete-de-rato-a3-fortnite-mod-3\/#primaryimage"},"image":{"@id":"https:\/\/copiamais.com\/lojaonline\/produto\/tapete-de-rato-a3-fortnite-mod-3\/#primaryimage"},"thumbnailUrl":"https:\/\/copiamais.com\/lojaonline\/wp-content\/uploads\/2022\/06\/Tapete-de-Rato-A3_30.jpg?v=1654785234","datePublished":"2022-06-09T09:58:10+00:00","dateModified":"2023-03-24T14:58:04+00:00","description":"Tapete de Rato - Fortnite","breadcrumb":{"@id":"https:\/\/copiamais.com\/lojaonline\/produto\/tapete-de-rato-a3-fortnite-mod-3\/#breadcrumb"},"inLanguage":"pt-PT","potentialAction":[{"@type":"ReadAction","target":["https:\/\/copiamais.com\/lojaonline\/produto\/tapete-de-rato-a3-fortnite-mod-3\/"]}]},{"@type":"ImageObject","inLanguage":"pt-PT","@id":"https:\/\/copiamais.com\/lojaonline\/produto\/tapete-de-rato-a3-fortnite-mod-3\/#primaryimage","url":"https:\/\/copiamais.com\/lojaonline\/wp-content\/uploads\/2022\/06\/Tapete-de-Rato-A3_30.jpg?v=1654785234","contentUrl":"https:\/\/copiamais.com\/lojaonline\/wp-content\/uploads\/2022\/06\/Tapete-de-Rato-A3_30.jpg?v=1654785234","width":1000,"height":1000,"caption":"Tapete de rato A3 fortnite mod.30"},{"@type":"BreadcrumbList","@id":"https:\/\/copiamais.com\/lojaonline\/produto\/tapete-de-rato-a3-fortnite-mod-3\/#breadcrumb","itemListElement":[{"@type":"ListItem","position":1,"name":"In\u00edcio","item":"https:\/\/copiamais.com\/lojaonline\/"},{"@type":"ListItem","position":2,"name":"Loja","item":"https:\/\/copiamais.com\/lojaonline\/loja\/"},{"@type":"ListItem","position":3,"name":"Tapete de Rato A3 &#8211; Fortnite (mod.3)"}]},{"@type":"WebSite","@id":"https:\/\/copiamais.com\/lojaonline\/#website","url":"https:\/\/copiamais.com\/lojaonline\/","name":"C\u00f3pia+ | Loja Online - Presentes Personalizados - Prendas Originais","description":"Presentes para namorados, Dia do Pai, Dia da M\u00e3e, Dia dos Av\u00f3s, P\u00e1scoa...","publisher":{"@id":"https:\/\/copiamais.com\/lojaonline\/#organization"},"potentialAction":[{"@type":"SearchAction","target":{"@type":"EntryPoint","urlTemplate":"https:\/\/copiamais.com\/lojaonline\/?s={search_term_string}"},"query-input":{"@type":"PropertyValueSpecification","valueRequired":true,"valueName":"search_term_string"}}],"inLanguage":"pt-PT"},{"@type":"Organization","@id":"https:\/\/copiamais.com\/lojaonline\/#organization","name":"C\u00f3pia+","url":"https:\/\/copiamais.com\/lojaonline\/","logo":{"@type":"ImageObject","inLanguage":"pt-PT","@id":"https:\/\/copiamais.com\/lojaonline\/#\/schema\/logo\/image\/","url":"https:\/\/copiamais.com\/lojaonline\/wp-content\/uploads\/2019\/08\/logo_copia.png","contentUrl":"https:\/\/copiamais.com\/lojaonline\/wp-content\/uploads\/2019\/08\/logo_copia.png","width":150,"height":92,"caption":"C\u00f3pia+"},"image":{"@id":"https:\/\/copiamais.com\/lojaonline\/#\/schema\/logo\/image\/"}}]}},"_links":{"self":[{"href":"https:\/\/copiamais.com\/lojaonline\/wp-json\/wp\/v2\/product\/12554","targetHints":{"allow":["GET"]}}],"collection":[{"href":"https:\/\/copiamais.com\/lojaonline\/wp-json\/wp\/v2\/product"}],"about":[{"href":"https:\/\/copiamais.com\/lojaonline\/wp-json\/wp\/v2\/types\/product"}],"replies":[{"embeddable":true,"href":"https:\/\/copiamais.com\/lojaonline\/wp-json\/wp\/v2\/comments?post=12554"}],"wp:featuredmedia":[{"embeddable":true,"href":"https:\/\/copiamais.com\/lojaonline\/wp-json\/wp\/v2\/media\/12556"}],"wp:attachment":[{"href":"https:\/\/copiamais.com\/lojaonline\/wp-json\/wp\/v2\/media?parent=12554"}],"wp:term":[{"taxonomy":"product_brand","embeddable":true,"href":"https:\/\/copiamais.com\/lojaonline\/wp-json\/wp\/v2\/product_brand?post=12554"},{"taxonomy":"product_cat","embeddable":true,"href":"https:\/\/copiamais.com\/lojaonline\/wp-json\/wp\/v2\/product_cat?post=12554"},{"taxonomy":"product_tag","embeddable":true,"href":"https:\/\/copiamais.com\/lojaonline\/wp-json\/wp\/v2\/product_tag?post=12554"}],"curies":[{"name":"wp","href":"https:\/\/api.w.org\/{rel}","templated":true}]}}