{"id":12999,"date":"2022-06-15T14:11:19","date_gmt":"2022-06-15T14:11:19","guid":{"rendered":"https:\/\/copiamais.com\/lojaonline\/?post_type=product&#038;p=12999"},"modified":"2023-03-24T14:42:34","modified_gmt":"2023-03-24T14:42:34","slug":"poster-superheroes","status":"publish","type":"product","link":"https:\/\/copiamais.com\/lojaonline\/produto\/poster-superheroes\/","title":{"rendered":"Poster &#8211; Superheroes"},"content":{"rendered":"<p>Decore a sua casa com os posters da C\u00d3PIA+!<\/p>\n<p>Impress\u00e3o de qualidade fotogr\u00e1fica com tintas de longa durabilidade EPSON, em papel couch\u00e9 brilhante de 200g.<\/p>\n<p><strong>Moldura n\u00e3o inclu\u00edda.<\/strong><\/p>\n<p>&nbsp;<\/p>\n<p>Tamanhos dispon\u00edveis:<br \/>\n30x40cm | 40x50cm | 50x70cm | 70x100cm<\/p>\n<p>&nbsp;<\/p>\n<p>&nbsp;<\/p>\n<blockquote><p>&nbsp;<\/p><\/blockquote>\n<p>&nbsp;<\/p>\n<p><em>*Imagem meramente ilustrativa.<\/em><br \/>\n<em>Pode haver pequenas varia\u00e7\u00f5es de cor da imagem do produto para o produto final devido \u00e0 mudan\u00e7a do modo de cor de RGB para CMYK.<\/em><\/p>\n","protected":false},"excerpt":{"rendered":"<p>Decore a sua casa com os posters da C\u00d3PIA+! Impress\u00e3o de qualidade fotogr\u00e1fica com tintas de longa durabilidade EPSON, em papel couch\u00e9 brilhante de 200g. Moldura n\u00e3o inclu\u00edda. &nbsp; Tamanhos dispon\u00edveis: 30x40cm | 40x50cm | 50x70cm | 70x100cm &nbsp; &nbsp; &nbsp; &nbsp; *Imagem meramente ilustrativa. Pode haver pequenas varia\u00e7\u00f5es de cor da imagem do produto<\/p>\n","protected":false},"featured_media":13004,"comment_status":"open","ping_status":"closed","template":"","meta":{"_monsterinsights_skip_tracking":false,"_monsterinsights_sitenote_active":false,"_monsterinsights_sitenote_note":"","_monsterinsights_sitenote_category":0},"product_brand":[],"product_cat":[197,66],"product_tag":[94,102],"class_list":{"0":"post-12999","1":"product","2":"type-product","3":"status-publish","4":"has-post-thumbnail","6":"product_cat-posters","7":"product_cat-decoracao","8":"product_tag-crianca","9":"product_tag-decoracao-de-casa","11":"first","12":"instock","13":"taxable","14":"shipping-taxable","15":"purchasable","16":"product-type-variable"},"yoast_head":"<!-- This site is optimized with the Yoast SEO plugin v25.5 - https:\/\/yoast.com\/wordpress\/plugins\/seo\/ -->\n<title>Poster - Superheroes - C\u00f3pia+ | Loja Online - Presentes Personalizados - Prendas Originais<\/title>\n<meta name=\"description\" content=\"Poster - Superheroes\" \/>\n<meta name=\"robots\" content=\"index, follow, max-snippet:-1, max-image-preview:large, max-video-preview:-1\" \/>\n<link rel=\"canonical\" href=\"https:\/\/copiamais.com\/lojaonline\/produto\/poster-superheroes\/\" \/>\n<meta property=\"og:locale\" content=\"pt_PT\" \/>\n<meta property=\"og:type\" content=\"article\" \/>\n<meta property=\"og:title\" content=\"Poster - Superheroes - C\u00f3pia+ | Loja Online - Presentes Personalizados - Prendas Originais\" \/>\n<meta property=\"og:description\" content=\"Poster - Superheroes\" \/>\n<meta property=\"og:url\" content=\"https:\/\/copiamais.com\/lojaonline\/produto\/poster-superheroes\/\" \/>\n<meta property=\"og:site_name\" content=\"C\u00f3pia+ | Loja Online - Presentes Personalizados - Prendas Originais\" \/>\n<meta property=\"article:modified_time\" content=\"2023-03-24T14:42:34+00:00\" \/>\n<meta property=\"og:image\" content=\"https:\/\/copiamais.com\/lojaonline\/wp-content\/uploads\/2022\/06\/mockup_53.jpg\" \/>\n\t<meta property=\"og:image:width\" content=\"1500\" \/>\n\t<meta property=\"og:image:height\" content=\"1500\" \/>\n\t<meta property=\"og:image:type\" content=\"image\/jpeg\" \/>\n<meta name=\"twitter:card\" content=\"summary_large_image\" \/>\n<meta name=\"twitter:label1\" content=\"Tempo estimado de leitura\" \/>\n\t<meta name=\"twitter:data1\" content=\"1 minuto\" \/>\n<script type=\"application\/ld+json\" class=\"yoast-schema-graph\">{\"@context\":\"https:\/\/schema.org\",\"@graph\":[{\"@type\":\"WebPage\",\"@id\":\"https:\/\/copiamais.com\/lojaonline\/produto\/poster-superheroes\/\",\"url\":\"https:\/\/copiamais.com\/lojaonline\/produto\/poster-superheroes\/\",\"name\":\"Poster - Superheroes - C\u00f3pia+ | Loja Online - Presentes Personalizados - Prendas Originais\",\"isPartOf\":{\"@id\":\"https:\/\/copiamais.com\/lojaonline\/#website\"},\"primaryImageOfPage\":{\"@id\":\"https:\/\/copiamais.com\/lojaonline\/produto\/poster-superheroes\/#primaryimage\"},\"image\":{\"@id\":\"https:\/\/copiamais.com\/lojaonline\/produto\/poster-superheroes\/#primaryimage\"},\"thumbnailUrl\":\"https:\/\/copiamais.com\/lojaonline\/wp-content\/uploads\/2022\/06\/mockup_53.jpg\",\"datePublished\":\"2022-06-15T14:11:19+00:00\",\"dateModified\":\"2023-03-24T14:42:34+00:00\",\"description\":\"Poster - Superheroes\",\"breadcrumb\":{\"@id\":\"https:\/\/copiamais.com\/lojaonline\/produto\/poster-superheroes\/#breadcrumb\"},\"inLanguage\":\"pt-PT\",\"potentialAction\":[{\"@type\":\"ReadAction\",\"target\":[\"https:\/\/copiamais.com\/lojaonline\/produto\/poster-superheroes\/\"]}]},{\"@type\":\"ImageObject\",\"inLanguage\":\"pt-PT\",\"@id\":\"https:\/\/copiamais.com\/lojaonline\/produto\/poster-superheroes\/#primaryimage\",\"url\":\"https:\/\/copiamais.com\/lojaonline\/wp-content\/uploads\/2022\/06\/mockup_53.jpg\",\"contentUrl\":\"https:\/\/copiamais.com\/lojaonline\/wp-content\/uploads\/2022\/06\/mockup_53.jpg\",\"width\":1500,\"height\":1500,\"caption\":\"poster True Superheroes are brave and courageous use kind words and do their best smile have fun laugh share their toys clena their room dream big play in the rain and explore have good manners brush their teeth and do their homework help others c\u00f3pia+ mod.53\"},{\"@type\":\"BreadcrumbList\",\"@id\":\"https:\/\/copiamais.com\/lojaonline\/produto\/poster-superheroes\/#breadcrumb\",\"itemListElement\":[{\"@type\":\"ListItem\",\"position\":1,\"name\":\"In\u00edcio\",\"item\":\"https:\/\/copiamais.com\/lojaonline\/\"},{\"@type\":\"ListItem\",\"position\":2,\"name\":\"Loja\",\"item\":\"https:\/\/copiamais.com\/lojaonline\/loja\/\"},{\"@type\":\"ListItem\",\"position\":3,\"name\":\"Poster &#8211; Superheroes\"}]},{\"@type\":\"WebSite\",\"@id\":\"https:\/\/copiamais.com\/lojaonline\/#website\",\"url\":\"https:\/\/copiamais.com\/lojaonline\/\",\"name\":\"C\u00f3pia+ | Loja Online - Presentes Personalizados - Prendas Originais\",\"description\":\"Presentes para namorados, Dia do Pai, Dia da M\u00e3e, Dia dos Av\u00f3s, P\u00e1scoa...\",\"publisher\":{\"@id\":\"https:\/\/copiamais.com\/lojaonline\/#organization\"},\"potentialAction\":[{\"@type\":\"SearchAction\",\"target\":{\"@type\":\"EntryPoint\",\"urlTemplate\":\"https:\/\/copiamais.com\/lojaonline\/?s={search_term_string}\"},\"query-input\":{\"@type\":\"PropertyValueSpecification\",\"valueRequired\":true,\"valueName\":\"search_term_string\"}}],\"inLanguage\":\"pt-PT\"},{\"@type\":\"Organization\",\"@id\":\"https:\/\/copiamais.com\/lojaonline\/#organization\",\"name\":\"C\u00f3pia+\",\"url\":\"https:\/\/copiamais.com\/lojaonline\/\",\"logo\":{\"@type\":\"ImageObject\",\"inLanguage\":\"pt-PT\",\"@id\":\"https:\/\/copiamais.com\/lojaonline\/#\/schema\/logo\/image\/\",\"url\":\"https:\/\/copiamais.com\/lojaonline\/wp-content\/uploads\/2019\/08\/logo_copia.png\",\"contentUrl\":\"https:\/\/copiamais.com\/lojaonline\/wp-content\/uploads\/2019\/08\/logo_copia.png\",\"width\":150,\"height\":92,\"caption\":\"C\u00f3pia+\"},\"image\":{\"@id\":\"https:\/\/copiamais.com\/lojaonline\/#\/schema\/logo\/image\/\"}}]}<\/script>\n<!-- \/ Yoast SEO plugin. -->","yoast_head_json":{"title":"Poster - Superheroes - C\u00f3pia+ | Loja Online - Presentes Personalizados - Prendas Originais","description":"Poster - Superheroes","robots":{"index":"index","follow":"follow","max-snippet":"max-snippet:-1","max-image-preview":"max-image-preview:large","max-video-preview":"max-video-preview:-1"},"canonical":"https:\/\/copiamais.com\/lojaonline\/produto\/poster-superheroes\/","og_locale":"pt_PT","og_type":"article","og_title":"Poster - Superheroes - C\u00f3pia+ | Loja Online - Presentes Personalizados - Prendas Originais","og_description":"Poster - Superheroes","og_url":"https:\/\/copiamais.com\/lojaonline\/produto\/poster-superheroes\/","og_site_name":"C\u00f3pia+ | Loja Online - Presentes Personalizados - Prendas Originais","article_modified_time":"2023-03-24T14:42:34+00:00","og_image":[{"width":1500,"height":1500,"url":"https:\/\/copiamais.com\/lojaonline\/wp-content\/uploads\/2022\/06\/mockup_53.jpg","type":"image\/jpeg"}],"twitter_card":"summary_large_image","twitter_misc":{"Tempo estimado de leitura":"1 minuto"},"schema":{"@context":"https:\/\/schema.org","@graph":[{"@type":"WebPage","@id":"https:\/\/copiamais.com\/lojaonline\/produto\/poster-superheroes\/","url":"https:\/\/copiamais.com\/lojaonline\/produto\/poster-superheroes\/","name":"Poster - Superheroes - C\u00f3pia+ | Loja Online - Presentes Personalizados - Prendas Originais","isPartOf":{"@id":"https:\/\/copiamais.com\/lojaonline\/#website"},"primaryImageOfPage":{"@id":"https:\/\/copiamais.com\/lojaonline\/produto\/poster-superheroes\/#primaryimage"},"image":{"@id":"https:\/\/copiamais.com\/lojaonline\/produto\/poster-superheroes\/#primaryimage"},"thumbnailUrl":"https:\/\/copiamais.com\/lojaonline\/wp-content\/uploads\/2022\/06\/mockup_53.jpg","datePublished":"2022-06-15T14:11:19+00:00","dateModified":"2023-03-24T14:42:34+00:00","description":"Poster - Superheroes","breadcrumb":{"@id":"https:\/\/copiamais.com\/lojaonline\/produto\/poster-superheroes\/#breadcrumb"},"inLanguage":"pt-PT","potentialAction":[{"@type":"ReadAction","target":["https:\/\/copiamais.com\/lojaonline\/produto\/poster-superheroes\/"]}]},{"@type":"ImageObject","inLanguage":"pt-PT","@id":"https:\/\/copiamais.com\/lojaonline\/produto\/poster-superheroes\/#primaryimage","url":"https:\/\/copiamais.com\/lojaonline\/wp-content\/uploads\/2022\/06\/mockup_53.jpg","contentUrl":"https:\/\/copiamais.com\/lojaonline\/wp-content\/uploads\/2022\/06\/mockup_53.jpg","width":1500,"height":1500,"caption":"poster True Superheroes are brave and courageous use kind words and do their best smile have fun laugh share their toys clena their room dream big play in the rain and explore have good manners brush their teeth and do their homework help others c\u00f3pia+ mod.53"},{"@type":"BreadcrumbList","@id":"https:\/\/copiamais.com\/lojaonline\/produto\/poster-superheroes\/#breadcrumb","itemListElement":[{"@type":"ListItem","position":1,"name":"In\u00edcio","item":"https:\/\/copiamais.com\/lojaonline\/"},{"@type":"ListItem","position":2,"name":"Loja","item":"https:\/\/copiamais.com\/lojaonline\/loja\/"},{"@type":"ListItem","position":3,"name":"Poster &#8211; Superheroes"}]},{"@type":"WebSite","@id":"https:\/\/copiamais.com\/lojaonline\/#website","url":"https:\/\/copiamais.com\/lojaonline\/","name":"C\u00f3pia+ | Loja Online - Presentes Personalizados - Prendas Originais","description":"Presentes para namorados, Dia do Pai, Dia da M\u00e3e, Dia dos Av\u00f3s, P\u00e1scoa...","publisher":{"@id":"https:\/\/copiamais.com\/lojaonline\/#organization"},"potentialAction":[{"@type":"SearchAction","target":{"@type":"EntryPoint","urlTemplate":"https:\/\/copiamais.com\/lojaonline\/?s={search_term_string}"},"query-input":{"@type":"PropertyValueSpecification","valueRequired":true,"valueName":"search_term_string"}}],"inLanguage":"pt-PT"},{"@type":"Organization","@id":"https:\/\/copiamais.com\/lojaonline\/#organization","name":"C\u00f3pia+","url":"https:\/\/copiamais.com\/lojaonline\/","logo":{"@type":"ImageObject","inLanguage":"pt-PT","@id":"https:\/\/copiamais.com\/lojaonline\/#\/schema\/logo\/image\/","url":"https:\/\/copiamais.com\/lojaonline\/wp-content\/uploads\/2019\/08\/logo_copia.png","contentUrl":"https:\/\/copiamais.com\/lojaonline\/wp-content\/uploads\/2019\/08\/logo_copia.png","width":150,"height":92,"caption":"C\u00f3pia+"},"image":{"@id":"https:\/\/copiamais.com\/lojaonline\/#\/schema\/logo\/image\/"}}]}},"_links":{"self":[{"href":"https:\/\/copiamais.com\/lojaonline\/wp-json\/wp\/v2\/product\/12999","targetHints":{"allow":["GET"]}}],"collection":[{"href":"https:\/\/copiamais.com\/lojaonline\/wp-json\/wp\/v2\/product"}],"about":[{"href":"https:\/\/copiamais.com\/lojaonline\/wp-json\/wp\/v2\/types\/product"}],"replies":[{"embeddable":true,"href":"https:\/\/copiamais.com\/lojaonline\/wp-json\/wp\/v2\/comments?post=12999"}],"wp:featuredmedia":[{"embeddable":true,"href":"https:\/\/copiamais.com\/lojaonline\/wp-json\/wp\/v2\/media\/13004"}],"wp:attachment":[{"href":"https:\/\/copiamais.com\/lojaonline\/wp-json\/wp\/v2\/media?parent=12999"}],"wp:term":[{"taxonomy":"product_brand","embeddable":true,"href":"https:\/\/copiamais.com\/lojaonline\/wp-json\/wp\/v2\/product_brand?post=12999"},{"taxonomy":"product_cat","embeddable":true,"href":"https:\/\/copiamais.com\/lojaonline\/wp-json\/wp\/v2\/product_cat?post=12999"},{"taxonomy":"product_tag","embeddable":true,"href":"https:\/\/copiamais.com\/lojaonline\/wp-json\/wp\/v2\/product_tag?post=12999"}],"curies":[{"name":"wp","href":"https:\/\/api.w.org\/{rel}","templated":true}]}}