{"id":1349,"date":"2019-08-22T16:05:50","date_gmt":"2019-08-22T16:05:50","guid":{"rendered":"http:\/\/copiamais.com\/lojaonline\/?post_type=product&#038;p=1349"},"modified":"2023-03-28T08:37:21","modified_gmt":"2023-03-28T08:37:21","slug":"wall-3d-mod-16","status":"publish","type":"product","link":"https:\/\/copiamais.com\/lojaonline\/produto\/wall-3d-mod-16\/","title":{"rendered":"Wall 3D &#8211; Cubos"},"content":{"rendered":"<p>Os Wall 3D C\u00d3PIA+ s\u00e3o ideais para decora\u00e7\u00e3o interior.<br \/>\nS\u00e3o produzidos em vinil autocolante com lamina\u00e7\u00e3o (plastifica\u00e7\u00e3o) brilhante ou mate.<br \/>\nA imagem de fundo \u00e9 personalizada ao seu gosto.<\/p>\n<blockquote><p><strong>Pode optar por escolher uma das imagens listadas e numeradas na galeria para o fundo do seu wall 3D.<\/strong><br \/>\n<strong>Para isso basta indicar acima, na respetiva caixa, o n\u00famero correspondente \u00e0 imagem pretendida.<\/strong><\/p>\n<p><strong>Pode tamb\u00e9m personalizar o Wall 3D com uma imagem sua. Para isso carregue a imagem na zona acima destinada a esse fim.<\/strong><br \/>\n<strong>A imagem dever\u00e1 ter qualidade suficiente para o tamanho pretendido.<\/strong><\/p>\n<p><strong>No caso de enviar imagem de fundo, verificamos a qualidade da mesma.<br \/>\nA imagem ir\u00e1 ser cortada e ajustada ao formato do modelo.<br \/>\nAntes de avan\u00e7ar com a produ\u00e7\u00e3o, enviamos por email uma maqueta para aprova\u00e7\u00e3o.<\/strong><\/p><\/blockquote>\n<p>&nbsp;<\/p>\n<p>&nbsp;<\/p>\n<hr \/>\n<p>&nbsp;<\/p>\n<p><strong>Como aplicar o Wall 3D?<\/strong><br \/>\nSeguir\u00e1 juntamente com a encomenda um documento com as devidas instru\u00e7\u00f5es de aplica\u00e7\u00e3o.<br \/>\nRecomendamos a aplica\u00e7\u00e3o do Wall 3D com <a href=\"https:\/\/copiamais.com\/lojaonline\/produto\/espatula-de-feltro\/\">esp\u00e1tula<\/a>.<br \/>\nPoder\u00e1 sempre tamb\u00e9m contactar-nos atrav\u00e9s do telefone fixo ou email e teremos toda a disponibilidade para esclarecer qualquer d\u00favida que possa existir.<\/p>\n<p><strong>Onde posso aplicar?<\/strong><br \/>\nA superf\u00edcie onde vai colar o Wall 3D deve ser lisa e n\u00e3o porosa. Deve estar seca, sem sujidade e impurezas tais como p\u00f3, l\u00edquidos e manchas.<br \/>\nDever\u00e1 limpar a \u00e1rea onde ir\u00e1 colocar o material com \u00e1lcool.<\/p>\n<p><strong>O que ir\u00e1 receber?<\/strong><br \/>\nReceber\u00e1 uma embalagem com o Wall 3D.<br \/>\nNo caso de ter comprado tamb\u00e9m uma <a href=\"https:\/\/copiamais.com\/lojaonline\/produto\/espatula-de-feltro\/\">esp\u00e1tula<\/a>, esta estar\u00e1 tamb\u00e9m no interior da embalagem.<br \/>\nO Wall 3D \u00e9 composto por 2 ou 3 camadas de materiais: uma pel\u00edcula de transporte transparente por cima (opcional em desenhos com cortes finos), o vinil autocolante que ir\u00e1 ficar aplicado na parede e, por baixo, o papel que suporta o autocolante.<\/p>\n<p>&nbsp;<\/p>\n<p>&nbsp;<\/p>\n<p>&nbsp;<\/p>\n<p><em>*Imagem meramente ilustrativa.<\/em><br \/>\n<em>Pode haver pequenas varia\u00e7\u00f5es de cor da imagem do produto para o produto final devido \u00e0 mudan\u00e7a do modo de cor de RGB para CMYK.<\/em><\/p>\n","protected":false},"excerpt":{"rendered":"<p>Os Wall 3D C\u00d3PIA+ s\u00e3o ideais para decora\u00e7\u00e3o interior. S\u00e3o produzidos em vinil autocolante com lamina\u00e7\u00e3o (plastifica\u00e7\u00e3o) brilhante ou mate. A imagem de fundo \u00e9 personalizada ao seu gosto. Pode optar por escolher uma das imagens listadas e numeradas na galeria para o fundo do seu wall 3D. Para isso basta indicar acima, na respetiva<\/p>\n","protected":false},"featured_media":1352,"comment_status":"open","ping_status":"closed","template":"","meta":{"_monsterinsights_skip_tracking":false,"_monsterinsights_sitenote_active":false,"_monsterinsights_sitenote_note":"","_monsterinsights_sitenote_category":0},"product_brand":[],"product_cat":[61,62],"product_tag":[100],"class_list":{"0":"post-1349","1":"product","2":"type-product","3":"status-publish","4":"has-post-thumbnail","6":"product_cat-adesivos","7":"product_cat-wall3d","8":"product_tag-artigos-personalizaveis","10":"first","11":"instock","12":"taxable","13":"shipping-taxable","14":"purchasable","15":"product-type-variable"},"yoast_head":"<!-- This site is optimized with the Yoast SEO plugin v25.5 - https:\/\/yoast.com\/wordpress\/plugins\/seo\/ -->\n<title>Wall 3D - Cubos - C\u00f3pia+ | Loja Online - Presentes Personalizados - Prendas Originais<\/title>\n<meta name=\"robots\" content=\"index, follow, max-snippet:-1, max-image-preview:large, max-video-preview:-1\" \/>\n<link rel=\"canonical\" href=\"https:\/\/copiamais.com\/lojaonline\/produto\/wall-3d-mod-16\/\" \/>\n<meta property=\"og:locale\" content=\"pt_PT\" \/>\n<meta property=\"og:type\" content=\"article\" \/>\n<meta property=\"og:title\" content=\"Wall 3D - Cubos - C\u00f3pia+ | Loja Online - Presentes Personalizados - Prendas Originais\" \/>\n<meta property=\"og:description\" content=\"Os Wall 3D C\u00d3PIA+ s\u00e3o ideais para decora\u00e7\u00e3o interior. S\u00e3o produzidos em vinil autocolante com lamina\u00e7\u00e3o (plastifica\u00e7\u00e3o) brilhante ou mate. A imagem de fundo \u00e9 personalizada ao seu gosto. Pode optar por escolher uma das imagens listadas e numeradas na galeria para o fundo do seu wall 3D. Para isso basta indicar acima, na respetiva\" \/>\n<meta property=\"og:url\" content=\"https:\/\/copiamais.com\/lojaonline\/produto\/wall-3d-mod-16\/\" \/>\n<meta property=\"og:site_name\" content=\"C\u00f3pia+ | Loja Online - Presentes Personalizados - Prendas Originais\" \/>\n<meta property=\"article:modified_time\" content=\"2023-03-28T08:37:21+00:00\" \/>\n<meta property=\"og:image\" content=\"https:\/\/copiamais.com\/lojaonline\/wp-content\/uploads\/2019\/08\/WALL3D16.jpg?v=1604669843\" \/>\n\t<meta property=\"og:image:width\" content=\"1139\" \/>\n\t<meta property=\"og:image:height\" content=\"1139\" \/>\n\t<meta property=\"og:image:type\" content=\"image\/jpeg\" \/>\n<meta name=\"twitter:card\" content=\"summary_large_image\" \/>\n<meta name=\"twitter:label1\" content=\"Tempo estimado de leitura\" \/>\n\t<meta name=\"twitter:data1\" content=\"2 minutos\" \/>\n<script type=\"application\/ld+json\" class=\"yoast-schema-graph\">{\"@context\":\"https:\/\/schema.org\",\"@graph\":[{\"@type\":\"WebPage\",\"@id\":\"https:\/\/copiamais.com\/lojaonline\/produto\/wall-3d-mod-16\/\",\"url\":\"https:\/\/copiamais.com\/lojaonline\/produto\/wall-3d-mod-16\/\",\"name\":\"Wall 3D - Cubos - C\u00f3pia+ | Loja Online - Presentes Personalizados - Prendas Originais\",\"isPartOf\":{\"@id\":\"https:\/\/copiamais.com\/lojaonline\/#website\"},\"primaryImageOfPage\":{\"@id\":\"https:\/\/copiamais.com\/lojaonline\/produto\/wall-3d-mod-16\/#primaryimage\"},\"image\":{\"@id\":\"https:\/\/copiamais.com\/lojaonline\/produto\/wall-3d-mod-16\/#primaryimage\"},\"thumbnailUrl\":\"https:\/\/copiamais.com\/lojaonline\/wp-content\/uploads\/2019\/08\/WALL3D16.jpg?v=1604669843\",\"datePublished\":\"2019-08-22T16:05:50+00:00\",\"dateModified\":\"2023-03-28T08:37:21+00:00\",\"breadcrumb\":{\"@id\":\"https:\/\/copiamais.com\/lojaonline\/produto\/wall-3d-mod-16\/#breadcrumb\"},\"inLanguage\":\"pt-PT\",\"potentialAction\":[{\"@type\":\"ReadAction\",\"target\":[\"https:\/\/copiamais.com\/lojaonline\/produto\/wall-3d-mod-16\/\"]}]},{\"@type\":\"ImageObject\",\"inLanguage\":\"pt-PT\",\"@id\":\"https:\/\/copiamais.com\/lojaonline\/produto\/wall-3d-mod-16\/#primaryimage\",\"url\":\"https:\/\/copiamais.com\/lojaonline\/wp-content\/uploads\/2019\/08\/WALL3D16.jpg?v=1604669843\",\"contentUrl\":\"https:\/\/copiamais.com\/lojaonline\/wp-content\/uploads\/2019\/08\/WALL3D16.jpg?v=1604669843\",\"width\":1139,\"height\":1139,\"caption\":\"wall 3d c\u00f3pia+ 16\"},{\"@type\":\"BreadcrumbList\",\"@id\":\"https:\/\/copiamais.com\/lojaonline\/produto\/wall-3d-mod-16\/#breadcrumb\",\"itemListElement\":[{\"@type\":\"ListItem\",\"position\":1,\"name\":\"In\u00edcio\",\"item\":\"https:\/\/copiamais.com\/lojaonline\/\"},{\"@type\":\"ListItem\",\"position\":2,\"name\":\"Loja\",\"item\":\"https:\/\/copiamais.com\/lojaonline\/loja\/\"},{\"@type\":\"ListItem\",\"position\":3,\"name\":\"Wall 3D &#8211; Cubos\"}]},{\"@type\":\"WebSite\",\"@id\":\"https:\/\/copiamais.com\/lojaonline\/#website\",\"url\":\"https:\/\/copiamais.com\/lojaonline\/\",\"name\":\"C\u00f3pia+ | Loja Online - Presentes Personalizados - Prendas Originais\",\"description\":\"Presentes para namorados, Dia do Pai, Dia da M\u00e3e, Dia dos Av\u00f3s, P\u00e1scoa...\",\"publisher\":{\"@id\":\"https:\/\/copiamais.com\/lojaonline\/#organization\"},\"potentialAction\":[{\"@type\":\"SearchAction\",\"target\":{\"@type\":\"EntryPoint\",\"urlTemplate\":\"https:\/\/copiamais.com\/lojaonline\/?s={search_term_string}\"},\"query-input\":{\"@type\":\"PropertyValueSpecification\",\"valueRequired\":true,\"valueName\":\"search_term_string\"}}],\"inLanguage\":\"pt-PT\"},{\"@type\":\"Organization\",\"@id\":\"https:\/\/copiamais.com\/lojaonline\/#organization\",\"name\":\"C\u00f3pia+\",\"url\":\"https:\/\/copiamais.com\/lojaonline\/\",\"logo\":{\"@type\":\"ImageObject\",\"inLanguage\":\"pt-PT\",\"@id\":\"https:\/\/copiamais.com\/lojaonline\/#\/schema\/logo\/image\/\",\"url\":\"https:\/\/copiamais.com\/lojaonline\/wp-content\/uploads\/2019\/08\/logo_copia.png\",\"contentUrl\":\"https:\/\/copiamais.com\/lojaonline\/wp-content\/uploads\/2019\/08\/logo_copia.png\",\"width\":150,\"height\":92,\"caption\":\"C\u00f3pia+\"},\"image\":{\"@id\":\"https:\/\/copiamais.com\/lojaonline\/#\/schema\/logo\/image\/\"}}]}<\/script>\n<!-- \/ Yoast SEO plugin. -->","yoast_head_json":{"title":"Wall 3D - Cubos - C\u00f3pia+ | Loja Online - Presentes Personalizados - Prendas Originais","robots":{"index":"index","follow":"follow","max-snippet":"max-snippet:-1","max-image-preview":"max-image-preview:large","max-video-preview":"max-video-preview:-1"},"canonical":"https:\/\/copiamais.com\/lojaonline\/produto\/wall-3d-mod-16\/","og_locale":"pt_PT","og_type":"article","og_title":"Wall 3D - Cubos - C\u00f3pia+ | Loja Online - Presentes Personalizados - Prendas Originais","og_description":"Os Wall 3D C\u00d3PIA+ s\u00e3o ideais para decora\u00e7\u00e3o interior. S\u00e3o produzidos em vinil autocolante com lamina\u00e7\u00e3o (plastifica\u00e7\u00e3o) brilhante ou mate. A imagem de fundo \u00e9 personalizada ao seu gosto. Pode optar por escolher uma das imagens listadas e numeradas na galeria para o fundo do seu wall 3D. Para isso basta indicar acima, na respetiva","og_url":"https:\/\/copiamais.com\/lojaonline\/produto\/wall-3d-mod-16\/","og_site_name":"C\u00f3pia+ | Loja Online - Presentes Personalizados - Prendas Originais","article_modified_time":"2023-03-28T08:37:21+00:00","og_image":[{"width":1139,"height":1139,"url":"https:\/\/copiamais.com\/lojaonline\/wp-content\/uploads\/2019\/08\/WALL3D16.jpg?v=1604669843","type":"image\/jpeg"}],"twitter_card":"summary_large_image","twitter_misc":{"Tempo estimado de leitura":"2 minutos"},"schema":{"@context":"https:\/\/schema.org","@graph":[{"@type":"WebPage","@id":"https:\/\/copiamais.com\/lojaonline\/produto\/wall-3d-mod-16\/","url":"https:\/\/copiamais.com\/lojaonline\/produto\/wall-3d-mod-16\/","name":"Wall 3D - Cubos - C\u00f3pia+ | Loja Online - Presentes Personalizados - Prendas Originais","isPartOf":{"@id":"https:\/\/copiamais.com\/lojaonline\/#website"},"primaryImageOfPage":{"@id":"https:\/\/copiamais.com\/lojaonline\/produto\/wall-3d-mod-16\/#primaryimage"},"image":{"@id":"https:\/\/copiamais.com\/lojaonline\/produto\/wall-3d-mod-16\/#primaryimage"},"thumbnailUrl":"https:\/\/copiamais.com\/lojaonline\/wp-content\/uploads\/2019\/08\/WALL3D16.jpg?v=1604669843","datePublished":"2019-08-22T16:05:50+00:00","dateModified":"2023-03-28T08:37:21+00:00","breadcrumb":{"@id":"https:\/\/copiamais.com\/lojaonline\/produto\/wall-3d-mod-16\/#breadcrumb"},"inLanguage":"pt-PT","potentialAction":[{"@type":"ReadAction","target":["https:\/\/copiamais.com\/lojaonline\/produto\/wall-3d-mod-16\/"]}]},{"@type":"ImageObject","inLanguage":"pt-PT","@id":"https:\/\/copiamais.com\/lojaonline\/produto\/wall-3d-mod-16\/#primaryimage","url":"https:\/\/copiamais.com\/lojaonline\/wp-content\/uploads\/2019\/08\/WALL3D16.jpg?v=1604669843","contentUrl":"https:\/\/copiamais.com\/lojaonline\/wp-content\/uploads\/2019\/08\/WALL3D16.jpg?v=1604669843","width":1139,"height":1139,"caption":"wall 3d c\u00f3pia+ 16"},{"@type":"BreadcrumbList","@id":"https:\/\/copiamais.com\/lojaonline\/produto\/wall-3d-mod-16\/#breadcrumb","itemListElement":[{"@type":"ListItem","position":1,"name":"In\u00edcio","item":"https:\/\/copiamais.com\/lojaonline\/"},{"@type":"ListItem","position":2,"name":"Loja","item":"https:\/\/copiamais.com\/lojaonline\/loja\/"},{"@type":"ListItem","position":3,"name":"Wall 3D &#8211; Cubos"}]},{"@type":"WebSite","@id":"https:\/\/copiamais.com\/lojaonline\/#website","url":"https:\/\/copiamais.com\/lojaonline\/","name":"C\u00f3pia+ | Loja Online - Presentes Personalizados - Prendas Originais","description":"Presentes para namorados, Dia do Pai, Dia da M\u00e3e, Dia dos Av\u00f3s, P\u00e1scoa...","publisher":{"@id":"https:\/\/copiamais.com\/lojaonline\/#organization"},"potentialAction":[{"@type":"SearchAction","target":{"@type":"EntryPoint","urlTemplate":"https:\/\/copiamais.com\/lojaonline\/?s={search_term_string}"},"query-input":{"@type":"PropertyValueSpecification","valueRequired":true,"valueName":"search_term_string"}}],"inLanguage":"pt-PT"},{"@type":"Organization","@id":"https:\/\/copiamais.com\/lojaonline\/#organization","name":"C\u00f3pia+","url":"https:\/\/copiamais.com\/lojaonline\/","logo":{"@type":"ImageObject","inLanguage":"pt-PT","@id":"https:\/\/copiamais.com\/lojaonline\/#\/schema\/logo\/image\/","url":"https:\/\/copiamais.com\/lojaonline\/wp-content\/uploads\/2019\/08\/logo_copia.png","contentUrl":"https:\/\/copiamais.com\/lojaonline\/wp-content\/uploads\/2019\/08\/logo_copia.png","width":150,"height":92,"caption":"C\u00f3pia+"},"image":{"@id":"https:\/\/copiamais.com\/lojaonline\/#\/schema\/logo\/image\/"}}]}},"_links":{"self":[{"href":"https:\/\/copiamais.com\/lojaonline\/wp-json\/wp\/v2\/product\/1349","targetHints":{"allow":["GET"]}}],"collection":[{"href":"https:\/\/copiamais.com\/lojaonline\/wp-json\/wp\/v2\/product"}],"about":[{"href":"https:\/\/copiamais.com\/lojaonline\/wp-json\/wp\/v2\/types\/product"}],"replies":[{"embeddable":true,"href":"https:\/\/copiamais.com\/lojaonline\/wp-json\/wp\/v2\/comments?post=1349"}],"wp:featuredmedia":[{"embeddable":true,"href":"https:\/\/copiamais.com\/lojaonline\/wp-json\/wp\/v2\/media\/1352"}],"wp:attachment":[{"href":"https:\/\/copiamais.com\/lojaonline\/wp-json\/wp\/v2\/media?parent=1349"}],"wp:term":[{"taxonomy":"product_brand","embeddable":true,"href":"https:\/\/copiamais.com\/lojaonline\/wp-json\/wp\/v2\/product_brand?post=1349"},{"taxonomy":"product_cat","embeddable":true,"href":"https:\/\/copiamais.com\/lojaonline\/wp-json\/wp\/v2\/product_cat?post=1349"},{"taxonomy":"product_tag","embeddable":true,"href":"https:\/\/copiamais.com\/lojaonline\/wp-json\/wp\/v2\/product_tag?post=1349"}],"curies":[{"name":"wp","href":"https:\/\/api.w.org\/{rel}","templated":true}]}}