{"id":13550,"date":"2022-07-01T14:04:30","date_gmt":"2022-07-01T14:04:30","guid":{"rendered":"https:\/\/copiamais.com\/lojaonline\/?post_type=product&#038;p=13550"},"modified":"2023-03-24T13:53:43","modified_gmt":"2023-03-24T13:53:43","slug":"almofada-avo-gosto-muito-de-ti-2","status":"publish","type":"product","link":"https:\/\/copiamais.com\/lojaonline\/produto\/almofada-avo-gosto-muito-de-ti-2\/","title":{"rendered":"Almofada &#8211; Av\u00f4 gosto muito de ti"},"content":{"rendered":"<p>As Almofadas est\u00e3o dispon\u00edveis com a frente branca e verso dispon\u00edvel em variadas cores: branco, preto, rosa, azul e vermelho.<\/p>\n<p>Caracter\u00edsticas:<br \/>\n&#8211; Dimens\u00e3o do artigo: 40x40cm<\/p>\n<blockquote><p><strong>Aten\u00e7\u00e3o!<\/strong><\/p>\n<p><strong>Introduza o nome do Av\u00f4 a colocar na Almofada,<\/strong> a trocar por &#8220;Miguel&#8221;.<br \/>\n<strong>Carregue 1 fotografia a colocar na Almofada, no espa\u00e7o acima destinado a esse fim.<\/strong><\/p>\n<p>A fotografia ser\u00e1 cortada e ajustada ao formato do modelo.<br \/>\nEnviaremos uma maqueta para aprova\u00e7\u00e3o por email antes de avan\u00e7ar com a produ\u00e7\u00e3o.<\/p><\/blockquote>\n<p>&nbsp;<\/p>\n<p><em>*Imagem meramente ilustrativa.<\/em><br \/>\n<em>Pode haver pequenas varia\u00e7\u00f5es de cor da imagem do produto para o produto final devido \u00e0 mudan\u00e7a do modo de cor de RGB para CMYK.<\/em><\/p>\n<p>&nbsp;<\/p>\n","protected":false},"excerpt":{"rendered":"<p>As Almofadas est\u00e3o dispon\u00edveis com a frente branca e verso dispon\u00edvel em variadas cores: branco, preto, rosa, azul e vermelho. Caracter\u00edsticas: &#8211; Dimens\u00e3o do artigo: 40x40cm Aten\u00e7\u00e3o! Introduza o nome do Av\u00f4 a colocar na Almofada, a trocar por &#8220;Miguel&#8221;. Carregue 1 fotografia a colocar na Almofada, no espa\u00e7o acima destinado a esse fim. A<\/p>\n","protected":false},"featured_media":13556,"comment_status":"open","ping_status":"closed","template":"","meta":{"_monsterinsights_skip_tracking":false,"_monsterinsights_sitenote_active":false,"_monsterinsights_sitenote_note":"","_monsterinsights_sitenote_category":0},"product_brand":[],"product_cat":[165,66,67],"product_tag":[100,99,102,98],"class_list":{"0":"post-13550","1":"product","2":"type-product","3":"status-publish","4":"has-post-thumbnail","6":"product_cat-modelos-pre-criados-almofadas","7":"product_cat-decoracao","8":"product_cat-almofadas","9":"product_tag-artigos-personalizaveis","10":"product_tag-avos","11":"product_tag-decoracao-de-casa","12":"product_tag-dia-dos-avos","14":"first","15":"instock","16":"taxable","17":"shipping-taxable","18":"purchasable","19":"product-type-variable"},"yoast_head":"<!-- This site is optimized with the Yoast SEO plugin v25.5 - https:\/\/yoast.com\/wordpress\/plugins\/seo\/ -->\n<title>Almofada - Av\u00f4 gosto muito de ti - C\u00f3pia+ | Loja Online - Presentes Personalizados - Prendas Originais<\/title>\n<meta name=\"description\" content=\"Almofada - Av\u00f4 gosto muito de ti\" \/>\n<meta name=\"robots\" content=\"index, follow, max-snippet:-1, max-image-preview:large, max-video-preview:-1\" \/>\n<link rel=\"canonical\" href=\"https:\/\/copiamais.com\/lojaonline\/produto\/almofada-avo-gosto-muito-de-ti-2\/\" \/>\n<meta property=\"og:locale\" content=\"pt_PT\" \/>\n<meta property=\"og:type\" content=\"article\" \/>\n<meta property=\"og:title\" content=\"Almofada - Av\u00f4 gosto muito de ti - C\u00f3pia+ | Loja Online - Presentes Personalizados - Prendas Originais\" \/>\n<meta property=\"og:description\" content=\"Almofada - Av\u00f4 gosto muito de ti\" \/>\n<meta property=\"og:url\" content=\"https:\/\/copiamais.com\/lojaonline\/produto\/almofada-avo-gosto-muito-de-ti-2\/\" \/>\n<meta property=\"og:site_name\" content=\"C\u00f3pia+ | Loja Online - Presentes Personalizados - Prendas Originais\" \/>\n<meta property=\"article:modified_time\" content=\"2023-03-24T13:53:43+00:00\" \/>\n<meta property=\"og:image\" content=\"https:\/\/copiamais.com\/lojaonline\/wp-content\/uploads\/2022\/07\/Mockup-Almofada_77.jpg?v=1656693153\" \/>\n\t<meta property=\"og:image:width\" content=\"1500\" \/>\n\t<meta property=\"og:image:height\" content=\"1500\" \/>\n\t<meta property=\"og:image:type\" content=\"image\/jpeg\" \/>\n<meta name=\"twitter:card\" content=\"summary_large_image\" \/>\n<meta name=\"twitter:label1\" content=\"Tempo estimado de leitura\" \/>\n\t<meta name=\"twitter:data1\" content=\"1 minuto\" \/>\n<script type=\"application\/ld+json\" class=\"yoast-schema-graph\">{\"@context\":\"https:\/\/schema.org\",\"@graph\":[{\"@type\":\"WebPage\",\"@id\":\"https:\/\/copiamais.com\/lojaonline\/produto\/almofada-avo-gosto-muito-de-ti-2\/\",\"url\":\"https:\/\/copiamais.com\/lojaonline\/produto\/almofada-avo-gosto-muito-de-ti-2\/\",\"name\":\"Almofada - Av\u00f4 gosto muito de ti - C\u00f3pia+ | Loja Online - Presentes Personalizados - Prendas Originais\",\"isPartOf\":{\"@id\":\"https:\/\/copiamais.com\/lojaonline\/#website\"},\"primaryImageOfPage\":{\"@id\":\"https:\/\/copiamais.com\/lojaonline\/produto\/almofada-avo-gosto-muito-de-ti-2\/#primaryimage\"},\"image\":{\"@id\":\"https:\/\/copiamais.com\/lojaonline\/produto\/almofada-avo-gosto-muito-de-ti-2\/#primaryimage\"},\"thumbnailUrl\":\"https:\/\/copiamais.com\/lojaonline\/wp-content\/uploads\/2022\/07\/Mockup-Almofada_77.jpg?v=1656693153\",\"datePublished\":\"2022-07-01T14:04:30+00:00\",\"dateModified\":\"2023-03-24T13:53:43+00:00\",\"description\":\"Almofada - Av\u00f4 gosto muito de ti\",\"breadcrumb\":{\"@id\":\"https:\/\/copiamais.com\/lojaonline\/produto\/almofada-avo-gosto-muito-de-ti-2\/#breadcrumb\"},\"inLanguage\":\"pt-PT\",\"potentialAction\":[{\"@type\":\"ReadAction\",\"target\":[\"https:\/\/copiamais.com\/lojaonline\/produto\/almofada-avo-gosto-muito-de-ti-2\/\"]}]},{\"@type\":\"ImageObject\",\"inLanguage\":\"pt-PT\",\"@id\":\"https:\/\/copiamais.com\/lojaonline\/produto\/almofada-avo-gosto-muito-de-ti-2\/#primaryimage\",\"url\":\"https:\/\/copiamais.com\/lojaonline\/wp-content\/uploads\/2022\/07\/Mockup-Almofada_77.jpg?v=1656693153\",\"contentUrl\":\"https:\/\/copiamais.com\/lojaonline\/wp-content\/uploads\/2022\/07\/Mockup-Almofada_77.jpg?v=1656693153\",\"width\":1500,\"height\":1500,\"caption\":\"Almofada dia dos av\u00f3s av\u00f4 gosto muito de ti mod.77 c\u00f3pia+\"},{\"@type\":\"BreadcrumbList\",\"@id\":\"https:\/\/copiamais.com\/lojaonline\/produto\/almofada-avo-gosto-muito-de-ti-2\/#breadcrumb\",\"itemListElement\":[{\"@type\":\"ListItem\",\"position\":1,\"name\":\"In\u00edcio\",\"item\":\"https:\/\/copiamais.com\/lojaonline\/\"},{\"@type\":\"ListItem\",\"position\":2,\"name\":\"Loja\",\"item\":\"https:\/\/copiamais.com\/lojaonline\/loja\/\"},{\"@type\":\"ListItem\",\"position\":3,\"name\":\"Almofada &#8211; Av\u00f4 gosto muito de ti\"}]},{\"@type\":\"WebSite\",\"@id\":\"https:\/\/copiamais.com\/lojaonline\/#website\",\"url\":\"https:\/\/copiamais.com\/lojaonline\/\",\"name\":\"C\u00f3pia+ | Loja Online - Presentes Personalizados - Prendas Originais\",\"description\":\"Presentes para namorados, Dia do Pai, Dia da M\u00e3e, Dia dos Av\u00f3s, P\u00e1scoa...\",\"publisher\":{\"@id\":\"https:\/\/copiamais.com\/lojaonline\/#organization\"},\"potentialAction\":[{\"@type\":\"SearchAction\",\"target\":{\"@type\":\"EntryPoint\",\"urlTemplate\":\"https:\/\/copiamais.com\/lojaonline\/?s={search_term_string}\"},\"query-input\":{\"@type\":\"PropertyValueSpecification\",\"valueRequired\":true,\"valueName\":\"search_term_string\"}}],\"inLanguage\":\"pt-PT\"},{\"@type\":\"Organization\",\"@id\":\"https:\/\/copiamais.com\/lojaonline\/#organization\",\"name\":\"C\u00f3pia+\",\"url\":\"https:\/\/copiamais.com\/lojaonline\/\",\"logo\":{\"@type\":\"ImageObject\",\"inLanguage\":\"pt-PT\",\"@id\":\"https:\/\/copiamais.com\/lojaonline\/#\/schema\/logo\/image\/\",\"url\":\"https:\/\/copiamais.com\/lojaonline\/wp-content\/uploads\/2019\/08\/logo_copia.png\",\"contentUrl\":\"https:\/\/copiamais.com\/lojaonline\/wp-content\/uploads\/2019\/08\/logo_copia.png\",\"width\":150,\"height\":92,\"caption\":\"C\u00f3pia+\"},\"image\":{\"@id\":\"https:\/\/copiamais.com\/lojaonline\/#\/schema\/logo\/image\/\"}}]}<\/script>\n<!-- \/ Yoast SEO plugin. -->","yoast_head_json":{"title":"Almofada - Av\u00f4 gosto muito de ti - C\u00f3pia+ | Loja Online - Presentes Personalizados - Prendas Originais","description":"Almofada - Av\u00f4 gosto muito de ti","robots":{"index":"index","follow":"follow","max-snippet":"max-snippet:-1","max-image-preview":"max-image-preview:large","max-video-preview":"max-video-preview:-1"},"canonical":"https:\/\/copiamais.com\/lojaonline\/produto\/almofada-avo-gosto-muito-de-ti-2\/","og_locale":"pt_PT","og_type":"article","og_title":"Almofada - Av\u00f4 gosto muito de ti - C\u00f3pia+ | Loja Online - Presentes Personalizados - Prendas Originais","og_description":"Almofada - Av\u00f4 gosto muito de ti","og_url":"https:\/\/copiamais.com\/lojaonline\/produto\/almofada-avo-gosto-muito-de-ti-2\/","og_site_name":"C\u00f3pia+ | Loja Online - Presentes Personalizados - Prendas Originais","article_modified_time":"2023-03-24T13:53:43+00:00","og_image":[{"width":1500,"height":1500,"url":"https:\/\/copiamais.com\/lojaonline\/wp-content\/uploads\/2022\/07\/Mockup-Almofada_77.jpg?v=1656693153","type":"image\/jpeg"}],"twitter_card":"summary_large_image","twitter_misc":{"Tempo estimado de leitura":"1 minuto"},"schema":{"@context":"https:\/\/schema.org","@graph":[{"@type":"WebPage","@id":"https:\/\/copiamais.com\/lojaonline\/produto\/almofada-avo-gosto-muito-de-ti-2\/","url":"https:\/\/copiamais.com\/lojaonline\/produto\/almofada-avo-gosto-muito-de-ti-2\/","name":"Almofada - Av\u00f4 gosto muito de ti - C\u00f3pia+ | Loja Online - Presentes Personalizados - Prendas Originais","isPartOf":{"@id":"https:\/\/copiamais.com\/lojaonline\/#website"},"primaryImageOfPage":{"@id":"https:\/\/copiamais.com\/lojaonline\/produto\/almofada-avo-gosto-muito-de-ti-2\/#primaryimage"},"image":{"@id":"https:\/\/copiamais.com\/lojaonline\/produto\/almofada-avo-gosto-muito-de-ti-2\/#primaryimage"},"thumbnailUrl":"https:\/\/copiamais.com\/lojaonline\/wp-content\/uploads\/2022\/07\/Mockup-Almofada_77.jpg?v=1656693153","datePublished":"2022-07-01T14:04:30+00:00","dateModified":"2023-03-24T13:53:43+00:00","description":"Almofada - Av\u00f4 gosto muito de ti","breadcrumb":{"@id":"https:\/\/copiamais.com\/lojaonline\/produto\/almofada-avo-gosto-muito-de-ti-2\/#breadcrumb"},"inLanguage":"pt-PT","potentialAction":[{"@type":"ReadAction","target":["https:\/\/copiamais.com\/lojaonline\/produto\/almofada-avo-gosto-muito-de-ti-2\/"]}]},{"@type":"ImageObject","inLanguage":"pt-PT","@id":"https:\/\/copiamais.com\/lojaonline\/produto\/almofada-avo-gosto-muito-de-ti-2\/#primaryimage","url":"https:\/\/copiamais.com\/lojaonline\/wp-content\/uploads\/2022\/07\/Mockup-Almofada_77.jpg?v=1656693153","contentUrl":"https:\/\/copiamais.com\/lojaonline\/wp-content\/uploads\/2022\/07\/Mockup-Almofada_77.jpg?v=1656693153","width":1500,"height":1500,"caption":"Almofada dia dos av\u00f3s av\u00f4 gosto muito de ti mod.77 c\u00f3pia+"},{"@type":"BreadcrumbList","@id":"https:\/\/copiamais.com\/lojaonline\/produto\/almofada-avo-gosto-muito-de-ti-2\/#breadcrumb","itemListElement":[{"@type":"ListItem","position":1,"name":"In\u00edcio","item":"https:\/\/copiamais.com\/lojaonline\/"},{"@type":"ListItem","position":2,"name":"Loja","item":"https:\/\/copiamais.com\/lojaonline\/loja\/"},{"@type":"ListItem","position":3,"name":"Almofada &#8211; Av\u00f4 gosto muito de ti"}]},{"@type":"WebSite","@id":"https:\/\/copiamais.com\/lojaonline\/#website","url":"https:\/\/copiamais.com\/lojaonline\/","name":"C\u00f3pia+ | Loja Online - Presentes Personalizados - Prendas Originais","description":"Presentes para namorados, Dia do Pai, Dia da M\u00e3e, Dia dos Av\u00f3s, P\u00e1scoa...","publisher":{"@id":"https:\/\/copiamais.com\/lojaonline\/#organization"},"potentialAction":[{"@type":"SearchAction","target":{"@type":"EntryPoint","urlTemplate":"https:\/\/copiamais.com\/lojaonline\/?s={search_term_string}"},"query-input":{"@type":"PropertyValueSpecification","valueRequired":true,"valueName":"search_term_string"}}],"inLanguage":"pt-PT"},{"@type":"Organization","@id":"https:\/\/copiamais.com\/lojaonline\/#organization","name":"C\u00f3pia+","url":"https:\/\/copiamais.com\/lojaonline\/","logo":{"@type":"ImageObject","inLanguage":"pt-PT","@id":"https:\/\/copiamais.com\/lojaonline\/#\/schema\/logo\/image\/","url":"https:\/\/copiamais.com\/lojaonline\/wp-content\/uploads\/2019\/08\/logo_copia.png","contentUrl":"https:\/\/copiamais.com\/lojaonline\/wp-content\/uploads\/2019\/08\/logo_copia.png","width":150,"height":92,"caption":"C\u00f3pia+"},"image":{"@id":"https:\/\/copiamais.com\/lojaonline\/#\/schema\/logo\/image\/"}}]}},"_links":{"self":[{"href":"https:\/\/copiamais.com\/lojaonline\/wp-json\/wp\/v2\/product\/13550","targetHints":{"allow":["GET"]}}],"collection":[{"href":"https:\/\/copiamais.com\/lojaonline\/wp-json\/wp\/v2\/product"}],"about":[{"href":"https:\/\/copiamais.com\/lojaonline\/wp-json\/wp\/v2\/types\/product"}],"replies":[{"embeddable":true,"href":"https:\/\/copiamais.com\/lojaonline\/wp-json\/wp\/v2\/comments?post=13550"}],"wp:featuredmedia":[{"embeddable":true,"href":"https:\/\/copiamais.com\/lojaonline\/wp-json\/wp\/v2\/media\/13556"}],"wp:attachment":[{"href":"https:\/\/copiamais.com\/lojaonline\/wp-json\/wp\/v2\/media?parent=13550"}],"wp:term":[{"taxonomy":"product_brand","embeddable":true,"href":"https:\/\/copiamais.com\/lojaonline\/wp-json\/wp\/v2\/product_brand?post=13550"},{"taxonomy":"product_cat","embeddable":true,"href":"https:\/\/copiamais.com\/lojaonline\/wp-json\/wp\/v2\/product_cat?post=13550"},{"taxonomy":"product_tag","embeddable":true,"href":"https:\/\/copiamais.com\/lojaonline\/wp-json\/wp\/v2\/product_tag?post=13550"}],"curies":[{"name":"wp","href":"https:\/\/api.w.org\/{rel}","templated":true}]}}