{"id":1386,"date":"2019-08-22T16:52:02","date_gmt":"2019-08-22T16:52:02","guid":{"rendered":"http:\/\/copiamais.com\/lojaonline\/?post_type=product&#038;p=1386"},"modified":"2023-03-28T08:34:55","modified_gmt":"2023-03-28T08:34:55","slug":"wall-art-mod-4","status":"publish","type":"product","link":"https:\/\/copiamais.com\/lojaonline\/produto\/wall-art-mod-4\/","title":{"rendered":"Wall Art mod.4"},"content":{"rendered":"<p><strong>Os Wall Art C\u00d3PIA+ s\u00e3o ideais para decora\u00e7\u00e3o interior.<br \/>\nS\u00e3o produzidos em vinil autocolante transparente com lamina\u00e7\u00e3o (plastifica\u00e7\u00e3o) brilhante ou mate, criando a ilus\u00e3o de que a pintura est\u00e1 na parede.<\/strong><br \/>\n<strong>Como o material do Wall Art \u00e9 transparente, dever\u00e1 ser aplicado em paredes brancas para n\u00e3o haver altera\u00e7\u00f5es de cor.<br \/>\n<\/strong><\/p>\n<blockquote><p><strong>Aten\u00e7\u00e3o!<\/strong><br \/>\n<strong>Carregue a imagem na zona acima destinada a esse fim.<\/strong><\/p><\/blockquote>\n<p>A imagem dever\u00e1 ter qualidade suficiente para o tamanho pretendido.<br \/>\nA imagem ir\u00e1 ser cortada e ajustada ao formato do modelo.<br \/>\nVerificamos a qualidade da imagem carregada e enviamos por email uma maqueta para aprova\u00e7\u00e3o antes de avan\u00e7ar com a produ\u00e7\u00e3o.<\/p>\n<p>&nbsp;<\/p>\n<hr \/>\n<p>&nbsp;<\/p>\n<p><strong>Como aplicar o Wall Art?<\/strong><br \/>\nSeguir\u00e1 juntamente com a encomenda um documento com as devidas instru\u00e7\u00f5es de aplica\u00e7\u00e3o.<br \/>\nRecomendamos a aplica\u00e7\u00e3o do Wall Art com <a href=\"http:\/\/copiamais.com\/lojaonline\/produto\/espatula-de-feltro\/\">esp\u00e1tula<\/a>.<br \/>\nPoder\u00e1 sempre tamb\u00e9m contactar-nos atrav\u00e9s do telefone fixo ou email e teremos toda a disponibilidade para esclarecer qualquer d\u00favida que possa existir.<\/p>\n<p><strong>Onde posso aplicar?<\/strong><br \/>\nA superf\u00edcie onde vai colar o Wall Art deve ser lisa e n\u00e3o porosa. Deve estar seca, sem sujidade e impurezas tais como p\u00f3, l\u00edquidos e manchas.<br \/>\nDever\u00e1 limpar a \u00e1rea onde ir\u00e1 colocar o material com \u00e1lcool.<\/p>\n<p><strong>O que ir\u00e1 receber?<\/strong><br \/>\nReceber\u00e1 uma embalagem com o Wall Art.<br \/>\nNo caso de ter comprado tamb\u00e9m uma <a href=\"http:\/\/copiamais.com\/lojaonline\/produto\/espatula-de-feltro\/\">esp\u00e1tula<\/a>, esta estar\u00e1 tamb\u00e9m no interior da embalagem.<br \/>\nO Wall Art \u00e9 composto por 2 ou 3 camadas de materiais: uma pel\u00edcula de transporte transparente por cima (opcional em desenhos com cortes finos), o vinil autocolante que ir\u00e1 ficar aplicado na parede e, por baixo, o papel que suporta o autocolante.<\/p>\n<p>&nbsp;<\/p>\n<p>&nbsp;<\/p>\n<p>&nbsp;<\/p>\n<p><em>*Imagem meramente ilustrativa.<\/em><br \/>\n<em>Pode haver pequenas varia\u00e7\u00f5es de cor da imagem do produto para o produto final devido \u00e0 mudan\u00e7a do modo de cor de RGB para CMYK.<\/em><\/p>\n","protected":false},"excerpt":{"rendered":"<p>Os Wall Art C\u00d3PIA+ s\u00e3o ideais para decora\u00e7\u00e3o interior. S\u00e3o produzidos em vinil autocolante transparente com lamina\u00e7\u00e3o (plastifica\u00e7\u00e3o) brilhante ou mate, criando a ilus\u00e3o de que a pintura est\u00e1 na parede. Como o material do Wall Art \u00e9 transparente, dever\u00e1 ser aplicado em paredes brancas para n\u00e3o haver altera\u00e7\u00f5es de cor. Aten\u00e7\u00e3o! Carregue a imagem<\/p>\n","protected":false},"featured_media":1389,"comment_status":"open","ping_status":"closed","template":"","meta":{"_monsterinsights_skip_tracking":false,"_monsterinsights_sitenote_active":false,"_monsterinsights_sitenote_note":"","_monsterinsights_sitenote_category":0},"product_brand":[],"product_cat":[61,63],"product_tag":[100],"class_list":{"0":"post-1386","1":"product","2":"type-product","3":"status-publish","4":"has-post-thumbnail","6":"product_cat-adesivos","7":"product_cat-wallart","8":"product_tag-artigos-personalizaveis","10":"first","11":"instock","12":"taxable","13":"shipping-taxable","14":"purchasable","15":"product-type-variable"},"yoast_head":"<!-- This site is optimized with the Yoast SEO plugin v25.5 - https:\/\/yoast.com\/wordpress\/plugins\/seo\/ -->\n<title>Wall Art mod.4 - C\u00f3pia+ | Loja Online - Presentes Personalizados - Prendas Originais<\/title>\n<meta name=\"robots\" content=\"index, follow, max-snippet:-1, max-image-preview:large, max-video-preview:-1\" \/>\n<link rel=\"canonical\" href=\"https:\/\/copiamais.com\/lojaonline\/produto\/wall-art-mod-4\/\" \/>\n<meta property=\"og:locale\" content=\"pt_PT\" \/>\n<meta property=\"og:type\" content=\"article\" \/>\n<meta property=\"og:title\" content=\"Wall Art mod.4 - C\u00f3pia+ | Loja Online - Presentes Personalizados - Prendas Originais\" \/>\n<meta property=\"og:description\" content=\"Os Wall Art C\u00d3PIA+ s\u00e3o ideais para decora\u00e7\u00e3o interior. S\u00e3o produzidos em vinil autocolante transparente com lamina\u00e7\u00e3o (plastifica\u00e7\u00e3o) brilhante ou mate, criando a ilus\u00e3o de que a pintura est\u00e1 na parede. Como o material do Wall Art \u00e9 transparente, dever\u00e1 ser aplicado em paredes brancas para n\u00e3o haver altera\u00e7\u00f5es de cor. Aten\u00e7\u00e3o! Carregue a imagem\" \/>\n<meta property=\"og:url\" content=\"https:\/\/copiamais.com\/lojaonline\/produto\/wall-art-mod-4\/\" \/>\n<meta property=\"og:site_name\" content=\"C\u00f3pia+ | Loja Online - Presentes Personalizados - Prendas Originais\" \/>\n<meta property=\"article:modified_time\" content=\"2023-03-28T08:34:55+00:00\" \/>\n<meta property=\"og:image\" content=\"https:\/\/copiamais.com\/lojaonline\/wp-content\/uploads\/2019\/08\/mockup_wall3d4.jpg?v=1604669743\" \/>\n\t<meta property=\"og:image:width\" content=\"938\" \/>\n\t<meta property=\"og:image:height\" content=\"938\" \/>\n\t<meta property=\"og:image:type\" content=\"image\/jpeg\" \/>\n<meta name=\"twitter:card\" content=\"summary_large_image\" \/>\n<meta name=\"twitter:label1\" content=\"Tempo estimado de leitura\" \/>\n\t<meta name=\"twitter:data1\" content=\"2 minutos\" \/>\n<script type=\"application\/ld+json\" class=\"yoast-schema-graph\">{\"@context\":\"https:\/\/schema.org\",\"@graph\":[{\"@type\":\"WebPage\",\"@id\":\"https:\/\/copiamais.com\/lojaonline\/produto\/wall-art-mod-4\/\",\"url\":\"https:\/\/copiamais.com\/lojaonline\/produto\/wall-art-mod-4\/\",\"name\":\"Wall Art mod.4 - C\u00f3pia+ | Loja Online - Presentes Personalizados - Prendas Originais\",\"isPartOf\":{\"@id\":\"https:\/\/copiamais.com\/lojaonline\/#website\"},\"primaryImageOfPage\":{\"@id\":\"https:\/\/copiamais.com\/lojaonline\/produto\/wall-art-mod-4\/#primaryimage\"},\"image\":{\"@id\":\"https:\/\/copiamais.com\/lojaonline\/produto\/wall-art-mod-4\/#primaryimage\"},\"thumbnailUrl\":\"https:\/\/copiamais.com\/lojaonline\/wp-content\/uploads\/2019\/08\/mockup_wall3d4.jpg?v=1604669743\",\"datePublished\":\"2019-08-22T16:52:02+00:00\",\"dateModified\":\"2023-03-28T08:34:55+00:00\",\"breadcrumb\":{\"@id\":\"https:\/\/copiamais.com\/lojaonline\/produto\/wall-art-mod-4\/#breadcrumb\"},\"inLanguage\":\"pt-PT\",\"potentialAction\":[{\"@type\":\"ReadAction\",\"target\":[\"https:\/\/copiamais.com\/lojaonline\/produto\/wall-art-mod-4\/\"]}]},{\"@type\":\"ImageObject\",\"inLanguage\":\"pt-PT\",\"@id\":\"https:\/\/copiamais.com\/lojaonline\/produto\/wall-art-mod-4\/#primaryimage\",\"url\":\"https:\/\/copiamais.com\/lojaonline\/wp-content\/uploads\/2019\/08\/mockup_wall3d4.jpg?v=1604669743\",\"contentUrl\":\"https:\/\/copiamais.com\/lojaonline\/wp-content\/uploads\/2019\/08\/mockup_wall3d4.jpg?v=1604669743\",\"width\":938,\"height\":938,\"caption\":\"wall art c\u00f3pia+ 4\"},{\"@type\":\"BreadcrumbList\",\"@id\":\"https:\/\/copiamais.com\/lojaonline\/produto\/wall-art-mod-4\/#breadcrumb\",\"itemListElement\":[{\"@type\":\"ListItem\",\"position\":1,\"name\":\"In\u00edcio\",\"item\":\"https:\/\/copiamais.com\/lojaonline\/\"},{\"@type\":\"ListItem\",\"position\":2,\"name\":\"Loja\",\"item\":\"https:\/\/copiamais.com\/lojaonline\/loja\/\"},{\"@type\":\"ListItem\",\"position\":3,\"name\":\"Wall Art mod.4\"}]},{\"@type\":\"WebSite\",\"@id\":\"https:\/\/copiamais.com\/lojaonline\/#website\",\"url\":\"https:\/\/copiamais.com\/lojaonline\/\",\"name\":\"C\u00f3pia+ | Loja Online - Presentes Personalizados - Prendas Originais\",\"description\":\"Presentes para namorados, Dia do Pai, Dia da M\u00e3e, Dia dos Av\u00f3s, P\u00e1scoa...\",\"publisher\":{\"@id\":\"https:\/\/copiamais.com\/lojaonline\/#organization\"},\"potentialAction\":[{\"@type\":\"SearchAction\",\"target\":{\"@type\":\"EntryPoint\",\"urlTemplate\":\"https:\/\/copiamais.com\/lojaonline\/?s={search_term_string}\"},\"query-input\":{\"@type\":\"PropertyValueSpecification\",\"valueRequired\":true,\"valueName\":\"search_term_string\"}}],\"inLanguage\":\"pt-PT\"},{\"@type\":\"Organization\",\"@id\":\"https:\/\/copiamais.com\/lojaonline\/#organization\",\"name\":\"C\u00f3pia+\",\"url\":\"https:\/\/copiamais.com\/lojaonline\/\",\"logo\":{\"@type\":\"ImageObject\",\"inLanguage\":\"pt-PT\",\"@id\":\"https:\/\/copiamais.com\/lojaonline\/#\/schema\/logo\/image\/\",\"url\":\"https:\/\/copiamais.com\/lojaonline\/wp-content\/uploads\/2019\/08\/logo_copia.png\",\"contentUrl\":\"https:\/\/copiamais.com\/lojaonline\/wp-content\/uploads\/2019\/08\/logo_copia.png\",\"width\":150,\"height\":92,\"caption\":\"C\u00f3pia+\"},\"image\":{\"@id\":\"https:\/\/copiamais.com\/lojaonline\/#\/schema\/logo\/image\/\"}}]}<\/script>\n<!-- \/ Yoast SEO plugin. -->","yoast_head_json":{"title":"Wall Art mod.4 - C\u00f3pia+ | Loja Online - Presentes Personalizados - Prendas Originais","robots":{"index":"index","follow":"follow","max-snippet":"max-snippet:-1","max-image-preview":"max-image-preview:large","max-video-preview":"max-video-preview:-1"},"canonical":"https:\/\/copiamais.com\/lojaonline\/produto\/wall-art-mod-4\/","og_locale":"pt_PT","og_type":"article","og_title":"Wall Art mod.4 - C\u00f3pia+ | Loja Online - Presentes Personalizados - Prendas Originais","og_description":"Os Wall Art C\u00d3PIA+ s\u00e3o ideais para decora\u00e7\u00e3o interior. S\u00e3o produzidos em vinil autocolante transparente com lamina\u00e7\u00e3o (plastifica\u00e7\u00e3o) brilhante ou mate, criando a ilus\u00e3o de que a pintura est\u00e1 na parede. Como o material do Wall Art \u00e9 transparente, dever\u00e1 ser aplicado em paredes brancas para n\u00e3o haver altera\u00e7\u00f5es de cor. Aten\u00e7\u00e3o! Carregue a imagem","og_url":"https:\/\/copiamais.com\/lojaonline\/produto\/wall-art-mod-4\/","og_site_name":"C\u00f3pia+ | Loja Online - Presentes Personalizados - Prendas Originais","article_modified_time":"2023-03-28T08:34:55+00:00","og_image":[{"width":938,"height":938,"url":"https:\/\/copiamais.com\/lojaonline\/wp-content\/uploads\/2019\/08\/mockup_wall3d4.jpg?v=1604669743","type":"image\/jpeg"}],"twitter_card":"summary_large_image","twitter_misc":{"Tempo estimado de leitura":"2 minutos"},"schema":{"@context":"https:\/\/schema.org","@graph":[{"@type":"WebPage","@id":"https:\/\/copiamais.com\/lojaonline\/produto\/wall-art-mod-4\/","url":"https:\/\/copiamais.com\/lojaonline\/produto\/wall-art-mod-4\/","name":"Wall Art mod.4 - C\u00f3pia+ | Loja Online - Presentes Personalizados - Prendas Originais","isPartOf":{"@id":"https:\/\/copiamais.com\/lojaonline\/#website"},"primaryImageOfPage":{"@id":"https:\/\/copiamais.com\/lojaonline\/produto\/wall-art-mod-4\/#primaryimage"},"image":{"@id":"https:\/\/copiamais.com\/lojaonline\/produto\/wall-art-mod-4\/#primaryimage"},"thumbnailUrl":"https:\/\/copiamais.com\/lojaonline\/wp-content\/uploads\/2019\/08\/mockup_wall3d4.jpg?v=1604669743","datePublished":"2019-08-22T16:52:02+00:00","dateModified":"2023-03-28T08:34:55+00:00","breadcrumb":{"@id":"https:\/\/copiamais.com\/lojaonline\/produto\/wall-art-mod-4\/#breadcrumb"},"inLanguage":"pt-PT","potentialAction":[{"@type":"ReadAction","target":["https:\/\/copiamais.com\/lojaonline\/produto\/wall-art-mod-4\/"]}]},{"@type":"ImageObject","inLanguage":"pt-PT","@id":"https:\/\/copiamais.com\/lojaonline\/produto\/wall-art-mod-4\/#primaryimage","url":"https:\/\/copiamais.com\/lojaonline\/wp-content\/uploads\/2019\/08\/mockup_wall3d4.jpg?v=1604669743","contentUrl":"https:\/\/copiamais.com\/lojaonline\/wp-content\/uploads\/2019\/08\/mockup_wall3d4.jpg?v=1604669743","width":938,"height":938,"caption":"wall art c\u00f3pia+ 4"},{"@type":"BreadcrumbList","@id":"https:\/\/copiamais.com\/lojaonline\/produto\/wall-art-mod-4\/#breadcrumb","itemListElement":[{"@type":"ListItem","position":1,"name":"In\u00edcio","item":"https:\/\/copiamais.com\/lojaonline\/"},{"@type":"ListItem","position":2,"name":"Loja","item":"https:\/\/copiamais.com\/lojaonline\/loja\/"},{"@type":"ListItem","position":3,"name":"Wall Art mod.4"}]},{"@type":"WebSite","@id":"https:\/\/copiamais.com\/lojaonline\/#website","url":"https:\/\/copiamais.com\/lojaonline\/","name":"C\u00f3pia+ | Loja Online - Presentes Personalizados - Prendas Originais","description":"Presentes para namorados, Dia do Pai, Dia da M\u00e3e, Dia dos Av\u00f3s, P\u00e1scoa...","publisher":{"@id":"https:\/\/copiamais.com\/lojaonline\/#organization"},"potentialAction":[{"@type":"SearchAction","target":{"@type":"EntryPoint","urlTemplate":"https:\/\/copiamais.com\/lojaonline\/?s={search_term_string}"},"query-input":{"@type":"PropertyValueSpecification","valueRequired":true,"valueName":"search_term_string"}}],"inLanguage":"pt-PT"},{"@type":"Organization","@id":"https:\/\/copiamais.com\/lojaonline\/#organization","name":"C\u00f3pia+","url":"https:\/\/copiamais.com\/lojaonline\/","logo":{"@type":"ImageObject","inLanguage":"pt-PT","@id":"https:\/\/copiamais.com\/lojaonline\/#\/schema\/logo\/image\/","url":"https:\/\/copiamais.com\/lojaonline\/wp-content\/uploads\/2019\/08\/logo_copia.png","contentUrl":"https:\/\/copiamais.com\/lojaonline\/wp-content\/uploads\/2019\/08\/logo_copia.png","width":150,"height":92,"caption":"C\u00f3pia+"},"image":{"@id":"https:\/\/copiamais.com\/lojaonline\/#\/schema\/logo\/image\/"}}]}},"_links":{"self":[{"href":"https:\/\/copiamais.com\/lojaonline\/wp-json\/wp\/v2\/product\/1386","targetHints":{"allow":["GET"]}}],"collection":[{"href":"https:\/\/copiamais.com\/lojaonline\/wp-json\/wp\/v2\/product"}],"about":[{"href":"https:\/\/copiamais.com\/lojaonline\/wp-json\/wp\/v2\/types\/product"}],"replies":[{"embeddable":true,"href":"https:\/\/copiamais.com\/lojaonline\/wp-json\/wp\/v2\/comments?post=1386"}],"wp:featuredmedia":[{"embeddable":true,"href":"https:\/\/copiamais.com\/lojaonline\/wp-json\/wp\/v2\/media\/1389"}],"wp:attachment":[{"href":"https:\/\/copiamais.com\/lojaonline\/wp-json\/wp\/v2\/media?parent=1386"}],"wp:term":[{"taxonomy":"product_brand","embeddable":true,"href":"https:\/\/copiamais.com\/lojaonline\/wp-json\/wp\/v2\/product_brand?post=1386"},{"taxonomy":"product_cat","embeddable":true,"href":"https:\/\/copiamais.com\/lojaonline\/wp-json\/wp\/v2\/product_cat?post=1386"},{"taxonomy":"product_tag","embeddable":true,"href":"https:\/\/copiamais.com\/lojaonline\/wp-json\/wp\/v2\/product_tag?post=1386"}],"curies":[{"name":"wp","href":"https:\/\/api.w.org\/{rel}","templated":true}]}}