{"id":15177,"date":"2022-11-16T15:33:23","date_gmt":"2022-11-16T15:33:23","guid":{"rendered":"https:\/\/copiamais.com\/lojaonline\/?post_type=product&#038;p=15177"},"modified":"2023-10-25T16:37:30","modified_gmt":"2023-10-25T16:37:30","slug":"calendario-de-secretaria-plastificado-2023-2","status":"publish","type":"product","link":"https:\/\/copiamais.com\/lojaonline\/produto\/calendario-de-secretaria-plastificado-2023-2\/","title":{"rendered":"Calend\u00e1rio de Secret\u00e1ria Plastificado"},"content":{"rendered":"<p>Calend\u00e1rio de secret\u00e1ria plastificado para ser utilizado como base.<\/p>\n<p>Personaliz\u00e1vel com 2 fotografias.<br \/>\nAs fotografias ser\u00e3o cortadas e ajustadas ao formato do modelo.<\/p>\n<p>O calend\u00e1rio pode ser produzido com as cores originais do modelo ou, se preferir, podemos ajustar as cores do modelo \u00e0s cores da fotografia.<\/p>\n<p><u>Enviaremos uma maqueta para aprova\u00e7\u00e3o por email antes de avan\u00e7ar com a produ\u00e7\u00e3o.<\/u><\/p>\n<p>&nbsp;<\/p>\n<p>Caracter\u00edsticas:<\/p>\n<p>&#8211; Tamanho do calend\u00e1rio: 42&#215;29,7cm aprox.<br \/>\n&#8211; Tamanho das imagens personaliz\u00e1veis: 20x19cm aprox.<\/p>\n<p>&nbsp;<\/p>\n<blockquote><p><strong>Aten\u00e7\u00e3o!<\/strong><\/p>\n<p><strong>Introduza na caixa acima o ano para que pretende o calend\u00e1rio.<br \/>\n<\/strong>A palavra &#8220;ANO&#8221; no calend\u00e1rio, ser\u00e1 trocada pelo ano indicado e o calend\u00e1rio ser\u00e1 ajustado ao respetivo ano.<\/p>\n<p><strong>Selecione se pretende o calend\u00e1rio com as &#8220;cores originais do modelo&#8221; ou se prefere &#8220;ajustar cores \u00e0s das fotos&#8221;.<\/strong><br \/>\n<strong>Carregue 2 fotografia na zona acima destinada a esse fim.<\/strong><\/p><\/blockquote>\n<p>&nbsp;<\/p>\n<p><em>*Imagem meramente ilustrativa.<\/em><br \/>\n<em>Pode haver pequenas varia\u00e7\u00f5es de cor da imagem do produto para o produto final devido \u00e0 mudan\u00e7a do modo de cor de RGB para CMYK.<\/em><\/p>\n","protected":false},"excerpt":{"rendered":"<p>Calend\u00e1rio de secret\u00e1ria plastificado para ser utilizado como base. Personaliz\u00e1vel com 2 fotografias. As fotografias ser\u00e3o cortadas e ajustadas ao formato do modelo. O calend\u00e1rio pode ser produzido com as cores originais do modelo ou, se preferir, podemos ajustar as cores do modelo \u00e0s cores da fotografia. Enviaremos uma maqueta para aprova\u00e7\u00e3o por email antes<\/p>\n","protected":false},"featured_media":18286,"comment_status":"open","ping_status":"closed","template":"","meta":{"_monsterinsights_skip_tracking":false,"_monsterinsights_sitenote_active":false,"_monsterinsights_sitenote_note":"","_monsterinsights_sitenote_category":0},"product_brand":[],"product_cat":[201,207,75],"product_tag":[100,202],"class_list":{"0":"post-15177","1":"product","2":"type-product","3":"status-publish","4":"has-post-thumbnail","6":"product_cat-calendarios","7":"product_cat-calendario-de-secretaria-plastificado","8":"product_cat-utensilios","9":"product_tag-artigos-personalizaveis","10":"product_tag-calendarios","12":"first","13":"instock","14":"taxable","15":"shipping-taxable","16":"purchasable","17":"product-type-variable"},"yoast_head":"<!-- This site is optimized with the Yoast SEO plugin v25.5 - https:\/\/yoast.com\/wordpress\/plugins\/seo\/ -->\n<title>Calend\u00e1rio de Secret\u00e1ria Plastificado - C\u00f3pia+ | Loja Online - Presentes Personalizados - Prendas Originais<\/title>\n<meta name=\"description\" content=\"Calend\u00e1rio de Secret\u00e1ria Plastificado A3\" \/>\n<meta name=\"robots\" content=\"index, follow, max-snippet:-1, max-image-preview:large, max-video-preview:-1\" \/>\n<link rel=\"canonical\" href=\"https:\/\/copiamais.com\/lojaonline\/produto\/calendario-de-secretaria-plastificado-2023-2\/\" \/>\n<meta property=\"og:locale\" content=\"pt_PT\" \/>\n<meta property=\"og:type\" content=\"article\" \/>\n<meta property=\"og:title\" content=\"Calend\u00e1rio de Secret\u00e1ria Plastificado - C\u00f3pia+ | Loja Online - Presentes Personalizados - Prendas Originais\" \/>\n<meta property=\"og:description\" content=\"Calend\u00e1rio de Secret\u00e1ria Plastificado A3\" \/>\n<meta property=\"og:url\" content=\"https:\/\/copiamais.com\/lojaonline\/produto\/calendario-de-secretaria-plastificado-2023-2\/\" \/>\n<meta property=\"og:site_name\" content=\"C\u00f3pia+ | Loja Online - Presentes Personalizados - Prendas Originais\" \/>\n<meta property=\"article:modified_time\" content=\"2023-10-25T16:37:30+00:00\" \/>\n<meta property=\"og:image\" content=\"https:\/\/copiamais.com\/lojaonline\/wp-content\/uploads\/2022\/11\/calendarioa3mesa2_geral.jpg\" \/>\n\t<meta property=\"og:image:width\" content=\"1080\" \/>\n\t<meta property=\"og:image:height\" content=\"1080\" \/>\n\t<meta property=\"og:image:type\" content=\"image\/jpeg\" \/>\n<meta name=\"twitter:card\" content=\"summary_large_image\" \/>\n<meta name=\"twitter:label1\" content=\"Tempo estimado de leitura\" \/>\n\t<meta name=\"twitter:data1\" content=\"1 minuto\" \/>\n<script type=\"application\/ld+json\" class=\"yoast-schema-graph\">{\"@context\":\"https:\/\/schema.org\",\"@graph\":[{\"@type\":\"WebPage\",\"@id\":\"https:\/\/copiamais.com\/lojaonline\/produto\/calendario-de-secretaria-plastificado-2023-2\/\",\"url\":\"https:\/\/copiamais.com\/lojaonline\/produto\/calendario-de-secretaria-plastificado-2023-2\/\",\"name\":\"Calend\u00e1rio de Secret\u00e1ria Plastificado - C\u00f3pia+ | Loja Online - Presentes Personalizados - Prendas Originais\",\"isPartOf\":{\"@id\":\"https:\/\/copiamais.com\/lojaonline\/#website\"},\"primaryImageOfPage\":{\"@id\":\"https:\/\/copiamais.com\/lojaonline\/produto\/calendario-de-secretaria-plastificado-2023-2\/#primaryimage\"},\"image\":{\"@id\":\"https:\/\/copiamais.com\/lojaonline\/produto\/calendario-de-secretaria-plastificado-2023-2\/#primaryimage\"},\"thumbnailUrl\":\"https:\/\/copiamais.com\/lojaonline\/wp-content\/uploads\/2022\/11\/calendarioa3mesa2_geral.jpg\",\"datePublished\":\"2022-11-16T15:33:23+00:00\",\"dateModified\":\"2023-10-25T16:37:30+00:00\",\"description\":\"Calend\u00e1rio de Secret\u00e1ria Plastificado A3\",\"breadcrumb\":{\"@id\":\"https:\/\/copiamais.com\/lojaonline\/produto\/calendario-de-secretaria-plastificado-2023-2\/#breadcrumb\"},\"inLanguage\":\"pt-PT\",\"potentialAction\":[{\"@type\":\"ReadAction\",\"target\":[\"https:\/\/copiamais.com\/lojaonline\/produto\/calendario-de-secretaria-plastificado-2023-2\/\"]}]},{\"@type\":\"ImageObject\",\"inLanguage\":\"pt-PT\",\"@id\":\"https:\/\/copiamais.com\/lojaonline\/produto\/calendario-de-secretaria-plastificado-2023-2\/#primaryimage\",\"url\":\"https:\/\/copiamais.com\/lojaonline\/wp-content\/uploads\/2022\/11\/calendarioa3mesa2_geral.jpg\",\"contentUrl\":\"https:\/\/copiamais.com\/lojaonline\/wp-content\/uploads\/2022\/11\/calendarioa3mesa2_geral.jpg\",\"width\":1080,\"height\":1080,\"caption\":\"calend\u00e1rio de mesa a3 plastificado c\u00f3pia+ mod.2\"},{\"@type\":\"BreadcrumbList\",\"@id\":\"https:\/\/copiamais.com\/lojaonline\/produto\/calendario-de-secretaria-plastificado-2023-2\/#breadcrumb\",\"itemListElement\":[{\"@type\":\"ListItem\",\"position\":1,\"name\":\"In\u00edcio\",\"item\":\"https:\/\/copiamais.com\/lojaonline\/\"},{\"@type\":\"ListItem\",\"position\":2,\"name\":\"Loja\",\"item\":\"https:\/\/copiamais.com\/lojaonline\/loja\/\"},{\"@type\":\"ListItem\",\"position\":3,\"name\":\"Calend\u00e1rio de Secret\u00e1ria Plastificado\"}]},{\"@type\":\"WebSite\",\"@id\":\"https:\/\/copiamais.com\/lojaonline\/#website\",\"url\":\"https:\/\/copiamais.com\/lojaonline\/\",\"name\":\"C\u00f3pia+ | Loja Online - Presentes Personalizados - Prendas Originais\",\"description\":\"Presentes para namorados, Dia do Pai, Dia da M\u00e3e, Dia dos Av\u00f3s, P\u00e1scoa...\",\"publisher\":{\"@id\":\"https:\/\/copiamais.com\/lojaonline\/#organization\"},\"potentialAction\":[{\"@type\":\"SearchAction\",\"target\":{\"@type\":\"EntryPoint\",\"urlTemplate\":\"https:\/\/copiamais.com\/lojaonline\/?s={search_term_string}\"},\"query-input\":{\"@type\":\"PropertyValueSpecification\",\"valueRequired\":true,\"valueName\":\"search_term_string\"}}],\"inLanguage\":\"pt-PT\"},{\"@type\":\"Organization\",\"@id\":\"https:\/\/copiamais.com\/lojaonline\/#organization\",\"name\":\"C\u00f3pia+\",\"url\":\"https:\/\/copiamais.com\/lojaonline\/\",\"logo\":{\"@type\":\"ImageObject\",\"inLanguage\":\"pt-PT\",\"@id\":\"https:\/\/copiamais.com\/lojaonline\/#\/schema\/logo\/image\/\",\"url\":\"https:\/\/copiamais.com\/lojaonline\/wp-content\/uploads\/2019\/08\/logo_copia.png\",\"contentUrl\":\"https:\/\/copiamais.com\/lojaonline\/wp-content\/uploads\/2019\/08\/logo_copia.png\",\"width\":150,\"height\":92,\"caption\":\"C\u00f3pia+\"},\"image\":{\"@id\":\"https:\/\/copiamais.com\/lojaonline\/#\/schema\/logo\/image\/\"}}]}<\/script>\n<!-- \/ Yoast SEO plugin. -->","yoast_head_json":{"title":"Calend\u00e1rio de Secret\u00e1ria Plastificado - C\u00f3pia+ | Loja Online - Presentes Personalizados - Prendas Originais","description":"Calend\u00e1rio de Secret\u00e1ria Plastificado A3","robots":{"index":"index","follow":"follow","max-snippet":"max-snippet:-1","max-image-preview":"max-image-preview:large","max-video-preview":"max-video-preview:-1"},"canonical":"https:\/\/copiamais.com\/lojaonline\/produto\/calendario-de-secretaria-plastificado-2023-2\/","og_locale":"pt_PT","og_type":"article","og_title":"Calend\u00e1rio de Secret\u00e1ria Plastificado - C\u00f3pia+ | Loja Online - Presentes Personalizados - Prendas Originais","og_description":"Calend\u00e1rio de Secret\u00e1ria Plastificado A3","og_url":"https:\/\/copiamais.com\/lojaonline\/produto\/calendario-de-secretaria-plastificado-2023-2\/","og_site_name":"C\u00f3pia+ | Loja Online - Presentes Personalizados - Prendas Originais","article_modified_time":"2023-10-25T16:37:30+00:00","og_image":[{"width":1080,"height":1080,"url":"https:\/\/copiamais.com\/lojaonline\/wp-content\/uploads\/2022\/11\/calendarioa3mesa2_geral.jpg","type":"image\/jpeg"}],"twitter_card":"summary_large_image","twitter_misc":{"Tempo estimado de leitura":"1 minuto"},"schema":{"@context":"https:\/\/schema.org","@graph":[{"@type":"WebPage","@id":"https:\/\/copiamais.com\/lojaonline\/produto\/calendario-de-secretaria-plastificado-2023-2\/","url":"https:\/\/copiamais.com\/lojaonline\/produto\/calendario-de-secretaria-plastificado-2023-2\/","name":"Calend\u00e1rio de Secret\u00e1ria Plastificado - C\u00f3pia+ | Loja Online - Presentes Personalizados - Prendas Originais","isPartOf":{"@id":"https:\/\/copiamais.com\/lojaonline\/#website"},"primaryImageOfPage":{"@id":"https:\/\/copiamais.com\/lojaonline\/produto\/calendario-de-secretaria-plastificado-2023-2\/#primaryimage"},"image":{"@id":"https:\/\/copiamais.com\/lojaonline\/produto\/calendario-de-secretaria-plastificado-2023-2\/#primaryimage"},"thumbnailUrl":"https:\/\/copiamais.com\/lojaonline\/wp-content\/uploads\/2022\/11\/calendarioa3mesa2_geral.jpg","datePublished":"2022-11-16T15:33:23+00:00","dateModified":"2023-10-25T16:37:30+00:00","description":"Calend\u00e1rio de Secret\u00e1ria Plastificado A3","breadcrumb":{"@id":"https:\/\/copiamais.com\/lojaonline\/produto\/calendario-de-secretaria-plastificado-2023-2\/#breadcrumb"},"inLanguage":"pt-PT","potentialAction":[{"@type":"ReadAction","target":["https:\/\/copiamais.com\/lojaonline\/produto\/calendario-de-secretaria-plastificado-2023-2\/"]}]},{"@type":"ImageObject","inLanguage":"pt-PT","@id":"https:\/\/copiamais.com\/lojaonline\/produto\/calendario-de-secretaria-plastificado-2023-2\/#primaryimage","url":"https:\/\/copiamais.com\/lojaonline\/wp-content\/uploads\/2022\/11\/calendarioa3mesa2_geral.jpg","contentUrl":"https:\/\/copiamais.com\/lojaonline\/wp-content\/uploads\/2022\/11\/calendarioa3mesa2_geral.jpg","width":1080,"height":1080,"caption":"calend\u00e1rio de mesa a3 plastificado c\u00f3pia+ mod.2"},{"@type":"BreadcrumbList","@id":"https:\/\/copiamais.com\/lojaonline\/produto\/calendario-de-secretaria-plastificado-2023-2\/#breadcrumb","itemListElement":[{"@type":"ListItem","position":1,"name":"In\u00edcio","item":"https:\/\/copiamais.com\/lojaonline\/"},{"@type":"ListItem","position":2,"name":"Loja","item":"https:\/\/copiamais.com\/lojaonline\/loja\/"},{"@type":"ListItem","position":3,"name":"Calend\u00e1rio de Secret\u00e1ria Plastificado"}]},{"@type":"WebSite","@id":"https:\/\/copiamais.com\/lojaonline\/#website","url":"https:\/\/copiamais.com\/lojaonline\/","name":"C\u00f3pia+ | Loja Online - Presentes Personalizados - Prendas Originais","description":"Presentes para namorados, Dia do Pai, Dia da M\u00e3e, Dia dos Av\u00f3s, P\u00e1scoa...","publisher":{"@id":"https:\/\/copiamais.com\/lojaonline\/#organization"},"potentialAction":[{"@type":"SearchAction","target":{"@type":"EntryPoint","urlTemplate":"https:\/\/copiamais.com\/lojaonline\/?s={search_term_string}"},"query-input":{"@type":"PropertyValueSpecification","valueRequired":true,"valueName":"search_term_string"}}],"inLanguage":"pt-PT"},{"@type":"Organization","@id":"https:\/\/copiamais.com\/lojaonline\/#organization","name":"C\u00f3pia+","url":"https:\/\/copiamais.com\/lojaonline\/","logo":{"@type":"ImageObject","inLanguage":"pt-PT","@id":"https:\/\/copiamais.com\/lojaonline\/#\/schema\/logo\/image\/","url":"https:\/\/copiamais.com\/lojaonline\/wp-content\/uploads\/2019\/08\/logo_copia.png","contentUrl":"https:\/\/copiamais.com\/lojaonline\/wp-content\/uploads\/2019\/08\/logo_copia.png","width":150,"height":92,"caption":"C\u00f3pia+"},"image":{"@id":"https:\/\/copiamais.com\/lojaonline\/#\/schema\/logo\/image\/"}}]}},"_links":{"self":[{"href":"https:\/\/copiamais.com\/lojaonline\/wp-json\/wp\/v2\/product\/15177","targetHints":{"allow":["GET"]}}],"collection":[{"href":"https:\/\/copiamais.com\/lojaonline\/wp-json\/wp\/v2\/product"}],"about":[{"href":"https:\/\/copiamais.com\/lojaonline\/wp-json\/wp\/v2\/types\/product"}],"replies":[{"embeddable":true,"href":"https:\/\/copiamais.com\/lojaonline\/wp-json\/wp\/v2\/comments?post=15177"}],"wp:featuredmedia":[{"embeddable":true,"href":"https:\/\/copiamais.com\/lojaonline\/wp-json\/wp\/v2\/media\/18286"}],"wp:attachment":[{"href":"https:\/\/copiamais.com\/lojaonline\/wp-json\/wp\/v2\/media?parent=15177"}],"wp:term":[{"taxonomy":"product_brand","embeddable":true,"href":"https:\/\/copiamais.com\/lojaonline\/wp-json\/wp\/v2\/product_brand?post=15177"},{"taxonomy":"product_cat","embeddable":true,"href":"https:\/\/copiamais.com\/lojaonline\/wp-json\/wp\/v2\/product_cat?post=15177"},{"taxonomy":"product_tag","embeddable":true,"href":"https:\/\/copiamais.com\/lojaonline\/wp-json\/wp\/v2\/product_tag?post=15177"}],"curies":[{"name":"wp","href":"https:\/\/api.w.org\/{rel}","templated":true}]}}