{"id":15388,"date":"2023-02-02T09:49:04","date_gmt":"2023-02-02T09:49:04","guid":{"rendered":"https:\/\/copiamais.com\/lojaonline\/?post_type=product&#038;p=15388"},"modified":"2023-03-10T17:02:52","modified_gmt":"2023-03-10T17:02:52","slug":"relogio-despertador-personalizado","status":"publish","type":"product","link":"https:\/\/copiamais.com\/lojaonline\/produto\/relogio-despertador-personalizado\/","title":{"rendered":"Rel\u00f3gio Despertador Anal\u00f3gico Personalizado"},"content":{"rendered":"<p>Rel\u00f3gio Despertador com fotografia personalizada no mostrador.<br \/>\nBot\u00e3o superior para desativar toque do despertador.<\/p>\n<p>Pilha inclu\u00edda.<\/p>\n<p>&nbsp;<\/p>\n<p>Caracter\u00edsticas:<\/p>\n<p>-Tamanho do rel\u00f3gio: 13x10x4cm aprox.<\/p>\n<p>&nbsp;<\/p>\n<blockquote><p><strong>Clique no bot\u00e3o &#8220;Personalizar&#8221; para avan\u00e7ar para a p\u00e1gina de personaliza\u00e7\u00e3o do artigo.<\/strong><\/p>\n<blockquote><p><strong>Aten\u00e7\u00e3o:<\/strong><\/p>\n<p><a href=\"https:\/\/copiamais.com\/lojaonline\/wp-content\/uploads\/2020\/11\/aviso.png\"><img fetchpriority=\"high\" decoding=\"async\" class=\"alignnone wp-image-15852 size-full\" src=\"https:\/\/copiamais.com\/lojaonline\/wp-content\/uploads\/2020\/11\/aviso.png\" alt=\"\" width=\"500\" height=\"145\" srcset=\"https:\/\/copiamais.com\/lojaonline\/wp-content\/uploads\/2020\/11\/aviso.png 500w, https:\/\/copiamais.com\/lojaonline\/wp-content\/uploads\/2020\/11\/aviso-300x87.png 300w, https:\/\/copiamais.com\/lojaonline\/wp-content\/uploads\/2020\/11\/aviso-350x102.png 350w\" sizes=\"(max-width: 500px) 100vw, 500px\" \/><\/a><\/p><\/blockquote>\n<p>&nbsp;<\/p><\/blockquote>\n<p><em>*Imagem meramente ilustrativa.<br \/>\nPode haver pequenas varia\u00e7\u00f5es de cor da imagem do produto para o produto final devido \u00e0 mudan\u00e7a do modo de cor de RGB para CMYK.<\/em><\/p>\n<p>&nbsp;<\/p>\n","protected":false},"excerpt":{"rendered":"<p>Rel\u00f3gio Despertador com fotografia personalizada no mostrador. Bot\u00e3o superior para desativar toque do despertador. Pilha inclu\u00edda. &nbsp; Caracter\u00edsticas: -Tamanho do rel\u00f3gio: 13x10x4cm aprox. &nbsp; Clique no bot\u00e3o &#8220;Personalizar&#8221; para avan\u00e7ar para a p\u00e1gina de personaliza\u00e7\u00e3o do artigo. Aten\u00e7\u00e3o: &nbsp; *Imagem meramente ilustrativa. Pode haver pequenas varia\u00e7\u00f5es de cor da imagem do produto para o produto<\/p>\n","protected":false},"featured_media":15389,"comment_status":"open","ping_status":"closed","template":"","meta":{"_monsterinsights_skip_tracking":false,"_monsterinsights_sitenote_active":false,"_monsterinsights_sitenote_note":"","_monsterinsights_sitenote_category":0},"product_brand":[],"product_cat":[211,66],"product_tag":[100],"class_list":{"0":"post-15388","1":"product","2":"type-product","3":"status-publish","4":"has-post-thumbnail","6":"product_cat-relogios","7":"product_cat-decoracao","8":"product_tag-artigos-personalizaveis","10":"first","11":"instock","12":"taxable","13":"shipping-taxable","14":"purchasable","15":"product-type-simple"},"yoast_head":"<!-- This site is optimized with the Yoast SEO plugin v25.5 - https:\/\/yoast.com\/wordpress\/plugins\/seo\/ -->\n<title>Rel\u00f3gio Despertador Anal\u00f3gico Personalizado - C\u00f3pia+ | Loja Online - Presentes Personalizados - Prendas Originais<\/title>\n<meta name=\"description\" content=\"Rel\u00f3gio Despertador Personalizado\" \/>\n<meta name=\"robots\" content=\"index, follow, max-snippet:-1, max-image-preview:large, max-video-preview:-1\" \/>\n<link rel=\"canonical\" href=\"https:\/\/copiamais.com\/lojaonline\/produto\/relogio-despertador-personalizado\/\" \/>\n<meta property=\"og:locale\" content=\"pt_PT\" \/>\n<meta property=\"og:type\" content=\"article\" \/>\n<meta property=\"og:title\" content=\"Rel\u00f3gio Despertador Anal\u00f3gico Personalizado - C\u00f3pia+ | Loja Online - Presentes Personalizados - Prendas Originais\" \/>\n<meta property=\"og:description\" content=\"Rel\u00f3gio Despertador Personalizado\" \/>\n<meta property=\"og:url\" content=\"https:\/\/copiamais.com\/lojaonline\/produto\/relogio-despertador-personalizado\/\" \/>\n<meta property=\"og:site_name\" content=\"C\u00f3pia+ | Loja Online - Presentes Personalizados - Prendas Originais\" \/>\n<meta property=\"article:modified_time\" content=\"2023-03-10T17:02:52+00:00\" \/>\n<meta property=\"og:image\" content=\"https:\/\/copiamais.com\/lojaonline\/wp-content\/uploads\/2023\/02\/relogio-despertador.jpg?v=1676302723\" \/>\n\t<meta property=\"og:image:width\" content=\"1080\" \/>\n\t<meta property=\"og:image:height\" content=\"1080\" \/>\n\t<meta property=\"og:image:type\" content=\"image\/jpeg\" \/>\n<meta name=\"twitter:card\" content=\"summary_large_image\" \/>\n<meta name=\"twitter:label1\" content=\"Tempo estimado de leitura\" \/>\n\t<meta name=\"twitter:data1\" content=\"1 minuto\" \/>\n<script type=\"application\/ld+json\" class=\"yoast-schema-graph\">{\"@context\":\"https:\/\/schema.org\",\"@graph\":[{\"@type\":\"WebPage\",\"@id\":\"https:\/\/copiamais.com\/lojaonline\/produto\/relogio-despertador-personalizado\/\",\"url\":\"https:\/\/copiamais.com\/lojaonline\/produto\/relogio-despertador-personalizado\/\",\"name\":\"Rel\u00f3gio Despertador Anal\u00f3gico Personalizado - C\u00f3pia+ | Loja Online - Presentes Personalizados - Prendas Originais\",\"isPartOf\":{\"@id\":\"https:\/\/copiamais.com\/lojaonline\/#website\"},\"primaryImageOfPage\":{\"@id\":\"https:\/\/copiamais.com\/lojaonline\/produto\/relogio-despertador-personalizado\/#primaryimage\"},\"image\":{\"@id\":\"https:\/\/copiamais.com\/lojaonline\/produto\/relogio-despertador-personalizado\/#primaryimage\"},\"thumbnailUrl\":\"https:\/\/copiamais.com\/lojaonline\/wp-content\/uploads\/2023\/02\/relogio-despertador.jpg?v=1676302723\",\"datePublished\":\"2023-02-02T09:49:04+00:00\",\"dateModified\":\"2023-03-10T17:02:52+00:00\",\"description\":\"Rel\u00f3gio Despertador Personalizado\",\"breadcrumb\":{\"@id\":\"https:\/\/copiamais.com\/lojaonline\/produto\/relogio-despertador-personalizado\/#breadcrumb\"},\"inLanguage\":\"pt-PT\",\"potentialAction\":[{\"@type\":\"ReadAction\",\"target\":[\"https:\/\/copiamais.com\/lojaonline\/produto\/relogio-despertador-personalizado\/\"]}]},{\"@type\":\"ImageObject\",\"inLanguage\":\"pt-PT\",\"@id\":\"https:\/\/copiamais.com\/lojaonline\/produto\/relogio-despertador-personalizado\/#primaryimage\",\"url\":\"https:\/\/copiamais.com\/lojaonline\/wp-content\/uploads\/2023\/02\/relogio-despertador.jpg?v=1676302723\",\"contentUrl\":\"https:\/\/copiamais.com\/lojaonline\/wp-content\/uploads\/2023\/02\/relogio-despertador.jpg?v=1676302723\",\"width\":1080,\"height\":1080,\"caption\":\"rel\u00f3gio despertador personalizado\"},{\"@type\":\"BreadcrumbList\",\"@id\":\"https:\/\/copiamais.com\/lojaonline\/produto\/relogio-despertador-personalizado\/#breadcrumb\",\"itemListElement\":[{\"@type\":\"ListItem\",\"position\":1,\"name\":\"In\u00edcio\",\"item\":\"https:\/\/copiamais.com\/lojaonline\/\"},{\"@type\":\"ListItem\",\"position\":2,\"name\":\"Loja\",\"item\":\"https:\/\/copiamais.com\/lojaonline\/loja\/\"},{\"@type\":\"ListItem\",\"position\":3,\"name\":\"Rel\u00f3gio Despertador Anal\u00f3gico Personalizado\"}]},{\"@type\":\"WebSite\",\"@id\":\"https:\/\/copiamais.com\/lojaonline\/#website\",\"url\":\"https:\/\/copiamais.com\/lojaonline\/\",\"name\":\"C\u00f3pia+ | Loja Online - Presentes Personalizados - Prendas Originais\",\"description\":\"Presentes para namorados, Dia do Pai, Dia da M\u00e3e, Dia dos Av\u00f3s, P\u00e1scoa...\",\"publisher\":{\"@id\":\"https:\/\/copiamais.com\/lojaonline\/#organization\"},\"potentialAction\":[{\"@type\":\"SearchAction\",\"target\":{\"@type\":\"EntryPoint\",\"urlTemplate\":\"https:\/\/copiamais.com\/lojaonline\/?s={search_term_string}\"},\"query-input\":{\"@type\":\"PropertyValueSpecification\",\"valueRequired\":true,\"valueName\":\"search_term_string\"}}],\"inLanguage\":\"pt-PT\"},{\"@type\":\"Organization\",\"@id\":\"https:\/\/copiamais.com\/lojaonline\/#organization\",\"name\":\"C\u00f3pia+\",\"url\":\"https:\/\/copiamais.com\/lojaonline\/\",\"logo\":{\"@type\":\"ImageObject\",\"inLanguage\":\"pt-PT\",\"@id\":\"https:\/\/copiamais.com\/lojaonline\/#\/schema\/logo\/image\/\",\"url\":\"https:\/\/copiamais.com\/lojaonline\/wp-content\/uploads\/2019\/08\/logo_copia.png\",\"contentUrl\":\"https:\/\/copiamais.com\/lojaonline\/wp-content\/uploads\/2019\/08\/logo_copia.png\",\"width\":150,\"height\":92,\"caption\":\"C\u00f3pia+\"},\"image\":{\"@id\":\"https:\/\/copiamais.com\/lojaonline\/#\/schema\/logo\/image\/\"}}]}<\/script>\n<!-- \/ Yoast SEO plugin. -->","yoast_head_json":{"title":"Rel\u00f3gio Despertador Anal\u00f3gico Personalizado - C\u00f3pia+ | Loja Online - Presentes Personalizados - Prendas Originais","description":"Rel\u00f3gio Despertador Personalizado","robots":{"index":"index","follow":"follow","max-snippet":"max-snippet:-1","max-image-preview":"max-image-preview:large","max-video-preview":"max-video-preview:-1"},"canonical":"https:\/\/copiamais.com\/lojaonline\/produto\/relogio-despertador-personalizado\/","og_locale":"pt_PT","og_type":"article","og_title":"Rel\u00f3gio Despertador Anal\u00f3gico Personalizado - C\u00f3pia+ | Loja Online - Presentes Personalizados - Prendas Originais","og_description":"Rel\u00f3gio Despertador Personalizado","og_url":"https:\/\/copiamais.com\/lojaonline\/produto\/relogio-despertador-personalizado\/","og_site_name":"C\u00f3pia+ | Loja Online - Presentes Personalizados - Prendas Originais","article_modified_time":"2023-03-10T17:02:52+00:00","og_image":[{"width":1080,"height":1080,"url":"https:\/\/copiamais.com\/lojaonline\/wp-content\/uploads\/2023\/02\/relogio-despertador.jpg?v=1676302723","type":"image\/jpeg"}],"twitter_card":"summary_large_image","twitter_misc":{"Tempo estimado de leitura":"1 minuto"},"schema":{"@context":"https:\/\/schema.org","@graph":[{"@type":"WebPage","@id":"https:\/\/copiamais.com\/lojaonline\/produto\/relogio-despertador-personalizado\/","url":"https:\/\/copiamais.com\/lojaonline\/produto\/relogio-despertador-personalizado\/","name":"Rel\u00f3gio Despertador Anal\u00f3gico Personalizado - C\u00f3pia+ | Loja Online - Presentes Personalizados - Prendas Originais","isPartOf":{"@id":"https:\/\/copiamais.com\/lojaonline\/#website"},"primaryImageOfPage":{"@id":"https:\/\/copiamais.com\/lojaonline\/produto\/relogio-despertador-personalizado\/#primaryimage"},"image":{"@id":"https:\/\/copiamais.com\/lojaonline\/produto\/relogio-despertador-personalizado\/#primaryimage"},"thumbnailUrl":"https:\/\/copiamais.com\/lojaonline\/wp-content\/uploads\/2023\/02\/relogio-despertador.jpg?v=1676302723","datePublished":"2023-02-02T09:49:04+00:00","dateModified":"2023-03-10T17:02:52+00:00","description":"Rel\u00f3gio Despertador Personalizado","breadcrumb":{"@id":"https:\/\/copiamais.com\/lojaonline\/produto\/relogio-despertador-personalizado\/#breadcrumb"},"inLanguage":"pt-PT","potentialAction":[{"@type":"ReadAction","target":["https:\/\/copiamais.com\/lojaonline\/produto\/relogio-despertador-personalizado\/"]}]},{"@type":"ImageObject","inLanguage":"pt-PT","@id":"https:\/\/copiamais.com\/lojaonline\/produto\/relogio-despertador-personalizado\/#primaryimage","url":"https:\/\/copiamais.com\/lojaonline\/wp-content\/uploads\/2023\/02\/relogio-despertador.jpg?v=1676302723","contentUrl":"https:\/\/copiamais.com\/lojaonline\/wp-content\/uploads\/2023\/02\/relogio-despertador.jpg?v=1676302723","width":1080,"height":1080,"caption":"rel\u00f3gio despertador personalizado"},{"@type":"BreadcrumbList","@id":"https:\/\/copiamais.com\/lojaonline\/produto\/relogio-despertador-personalizado\/#breadcrumb","itemListElement":[{"@type":"ListItem","position":1,"name":"In\u00edcio","item":"https:\/\/copiamais.com\/lojaonline\/"},{"@type":"ListItem","position":2,"name":"Loja","item":"https:\/\/copiamais.com\/lojaonline\/loja\/"},{"@type":"ListItem","position":3,"name":"Rel\u00f3gio Despertador Anal\u00f3gico Personalizado"}]},{"@type":"WebSite","@id":"https:\/\/copiamais.com\/lojaonline\/#website","url":"https:\/\/copiamais.com\/lojaonline\/","name":"C\u00f3pia+ | Loja Online - Presentes Personalizados - Prendas Originais","description":"Presentes para namorados, Dia do Pai, Dia da M\u00e3e, Dia dos Av\u00f3s, P\u00e1scoa...","publisher":{"@id":"https:\/\/copiamais.com\/lojaonline\/#organization"},"potentialAction":[{"@type":"SearchAction","target":{"@type":"EntryPoint","urlTemplate":"https:\/\/copiamais.com\/lojaonline\/?s={search_term_string}"},"query-input":{"@type":"PropertyValueSpecification","valueRequired":true,"valueName":"search_term_string"}}],"inLanguage":"pt-PT"},{"@type":"Organization","@id":"https:\/\/copiamais.com\/lojaonline\/#organization","name":"C\u00f3pia+","url":"https:\/\/copiamais.com\/lojaonline\/","logo":{"@type":"ImageObject","inLanguage":"pt-PT","@id":"https:\/\/copiamais.com\/lojaonline\/#\/schema\/logo\/image\/","url":"https:\/\/copiamais.com\/lojaonline\/wp-content\/uploads\/2019\/08\/logo_copia.png","contentUrl":"https:\/\/copiamais.com\/lojaonline\/wp-content\/uploads\/2019\/08\/logo_copia.png","width":150,"height":92,"caption":"C\u00f3pia+"},"image":{"@id":"https:\/\/copiamais.com\/lojaonline\/#\/schema\/logo\/image\/"}}]}},"_links":{"self":[{"href":"https:\/\/copiamais.com\/lojaonline\/wp-json\/wp\/v2\/product\/15388","targetHints":{"allow":["GET"]}}],"collection":[{"href":"https:\/\/copiamais.com\/lojaonline\/wp-json\/wp\/v2\/product"}],"about":[{"href":"https:\/\/copiamais.com\/lojaonline\/wp-json\/wp\/v2\/types\/product"}],"replies":[{"embeddable":true,"href":"https:\/\/copiamais.com\/lojaonline\/wp-json\/wp\/v2\/comments?post=15388"}],"wp:featuredmedia":[{"embeddable":true,"href":"https:\/\/copiamais.com\/lojaonline\/wp-json\/wp\/v2\/media\/15389"}],"wp:attachment":[{"href":"https:\/\/copiamais.com\/lojaonline\/wp-json\/wp\/v2\/media?parent=15388"}],"wp:term":[{"taxonomy":"product_brand","embeddable":true,"href":"https:\/\/copiamais.com\/lojaonline\/wp-json\/wp\/v2\/product_brand?post=15388"},{"taxonomy":"product_cat","embeddable":true,"href":"https:\/\/copiamais.com\/lojaonline\/wp-json\/wp\/v2\/product_cat?post=15388"},{"taxonomy":"product_tag","embeddable":true,"href":"https:\/\/copiamais.com\/lojaonline\/wp-json\/wp\/v2\/product_tag?post=15388"}],"curies":[{"name":"wp","href":"https:\/\/api.w.org\/{rel}","templated":true}]}}