{"id":15793,"date":"2023-02-27T14:32:49","date_gmt":"2023-02-27T14:32:49","guid":{"rendered":"https:\/\/copiamais.com\/lojaonline\/?post_type=product&#038;p=15793"},"modified":"2023-03-24T09:58:15","modified_gmt":"2023-03-24T09:58:15","slug":"porta-chaves-camisola-clube-gnk-dinamo-zagreb","status":"publish","type":"product","link":"https:\/\/copiamais.com\/lojaonline\/produto\/porta-chaves-camisola-clube-gnk-dinamo-zagreb\/","title":{"rendered":"Porta-chaves Camisola Clube &#8211; GNK Dinamo Zagreb"},"content":{"rendered":"<p>Porta-chaves em acr\u00edlico com imagem nas duas faces (frente e verso da camisola).<br \/>\nNome e n\u00famero da camisola personaliz\u00e1veis.<\/p>\n<p>&nbsp;<\/p>\n<p>Caracter\u00edsticas:<br \/>\n&#8211; Dimens\u00e3o total do artigo: 4,8&#215;7,5cm<br \/>\n&#8211; \u00c1rea de imagem:3,5&#215;4,3cm<\/p>\n<p>&nbsp;<\/p>\n<blockquote><p><strong>Aten\u00e7\u00e3o!<\/strong><br \/>\n<strong>Introduza na respetiva caixa o nome (apenas 1) a colocar na camisola, <\/strong>a trocar por &#8220;Filipe&#8221;.<strong><br \/>\n<\/strong><strong>Introduza na respetiva caixa o n\u00famero a colocar na camisola, <\/strong>a trocar por &#8220;12&#8221;.<strong><br \/>\n<\/strong><\/p><\/blockquote>\n<p>&nbsp;<\/p>\n<p><em>*Imagem meramente ilustrativa.<\/em><br \/>\n<em>Pode haver pequenas varia\u00e7\u00f5es de cor da imagem do produto para o produto final devido \u00e0 mudan\u00e7a do modo de cor de RGB para CMYK.<\/em><\/p>\n","protected":false},"excerpt":{"rendered":"<p>Porta-chaves em acr\u00edlico com imagem nas duas faces (frente e verso da camisola). Nome e n\u00famero da camisola personaliz\u00e1veis. &nbsp; Caracter\u00edsticas: &#8211; Dimens\u00e3o total do artigo: 4,8&#215;7,5cm &#8211; \u00c1rea de imagem:3,5&#215;4,3cm &nbsp; Aten\u00e7\u00e3o! Introduza na respetiva caixa o nome (apenas 1) a colocar na camisola, a trocar por &#8220;Filipe&#8221;. Introduza na respetiva caixa o n\u00famero<\/p>\n","protected":false},"featured_media":15794,"comment_status":"open","ping_status":"closed","template":"","meta":{"_monsterinsights_skip_tracking":false,"_monsterinsights_sitenote_active":false,"_monsterinsights_sitenote_note":"","_monsterinsights_sitenote_category":0},"product_brand":[],"product_cat":[217,181,193,54,57],"product_tag":[100,106],"class_list":{"0":"post-15793","1":"product","2":"type-product","3":"status-publish","4":"has-post-thumbnail","6":"product_cat-modelos-pre-criados-portachavescamisola","7":"product_cat-porta-chaves-acrilico","8":"product_cat-portachavescamisola","9":"product_cat-acessorios","10":"product_cat-portachaves","11":"product_tag-artigos-personalizaveis","12":"product_tag-desporto","14":"first","15":"instock","16":"taxable","17":"shipping-taxable","18":"purchasable","19":"product-type-simple"},"yoast_head":"<!-- This site is optimized with the Yoast SEO plugin v25.5 - https:\/\/yoast.com\/wordpress\/plugins\/seo\/ -->\n<title>Porta-chaves Camisola Clube - GNK Dinamo Zagreb - C\u00f3pia+ | Loja Online - Presentes Personalizados - Prendas Originais<\/title>\n<meta name=\"description\" content=\"Porta-chaves Camisola Clube - F.C. Vizela\" \/>\n<meta name=\"robots\" content=\"index, follow, max-snippet:-1, max-image-preview:large, max-video-preview:-1\" \/>\n<link rel=\"canonical\" href=\"https:\/\/copiamais.com\/lojaonline\/produto\/porta-chaves-camisola-clube-gnk-dinamo-zagreb\/\" \/>\n<meta property=\"og:locale\" content=\"pt_PT\" \/>\n<meta property=\"og:type\" content=\"article\" \/>\n<meta property=\"og:title\" content=\"Porta-chaves Camisola Clube - GNK Dinamo Zagreb - C\u00f3pia+ | Loja Online - Presentes Personalizados - Prendas Originais\" \/>\n<meta property=\"og:description\" content=\"Porta-chaves Camisola Clube - F.C. Vizela\" \/>\n<meta property=\"og:url\" content=\"https:\/\/copiamais.com\/lojaonline\/produto\/porta-chaves-camisola-clube-gnk-dinamo-zagreb\/\" \/>\n<meta property=\"og:site_name\" content=\"C\u00f3pia+ | Loja Online - Presentes Personalizados - Prendas Originais\" \/>\n<meta property=\"article:modified_time\" content=\"2023-03-24T09:58:15+00:00\" \/>\n<meta property=\"og:image\" content=\"https:\/\/copiamais.com\/lojaonline\/wp-content\/uploads\/2023\/02\/porta-chaves-camisola_76.jpg?v=1677589047\" \/>\n\t<meta property=\"og:image:width\" content=\"1000\" \/>\n\t<meta property=\"og:image:height\" content=\"1000\" \/>\n\t<meta property=\"og:image:type\" content=\"image\/jpeg\" \/>\n<meta name=\"twitter:card\" content=\"summary_large_image\" \/>\n<meta name=\"twitter:label1\" content=\"Tempo estimado de leitura\" \/>\n\t<meta name=\"twitter:data1\" content=\"1 minuto\" \/>\n<script type=\"application\/ld+json\" class=\"yoast-schema-graph\">{\"@context\":\"https:\/\/schema.org\",\"@graph\":[{\"@type\":\"WebPage\",\"@id\":\"https:\/\/copiamais.com\/lojaonline\/produto\/porta-chaves-camisola-clube-gnk-dinamo-zagreb\/\",\"url\":\"https:\/\/copiamais.com\/lojaonline\/produto\/porta-chaves-camisola-clube-gnk-dinamo-zagreb\/\",\"name\":\"Porta-chaves Camisola Clube - GNK Dinamo Zagreb - C\u00f3pia+ | Loja Online - Presentes Personalizados - Prendas Originais\",\"isPartOf\":{\"@id\":\"https:\/\/copiamais.com\/lojaonline\/#website\"},\"primaryImageOfPage\":{\"@id\":\"https:\/\/copiamais.com\/lojaonline\/produto\/porta-chaves-camisola-clube-gnk-dinamo-zagreb\/#primaryimage\"},\"image\":{\"@id\":\"https:\/\/copiamais.com\/lojaonline\/produto\/porta-chaves-camisola-clube-gnk-dinamo-zagreb\/#primaryimage\"},\"thumbnailUrl\":\"https:\/\/copiamais.com\/lojaonline\/wp-content\/uploads\/2023\/02\/porta-chaves-camisola_76.jpg?v=1677589047\",\"datePublished\":\"2023-02-27T14:32:49+00:00\",\"dateModified\":\"2023-03-24T09:58:15+00:00\",\"description\":\"Porta-chaves Camisola Clube - F.C. Vizela\",\"breadcrumb\":{\"@id\":\"https:\/\/copiamais.com\/lojaonline\/produto\/porta-chaves-camisola-clube-gnk-dinamo-zagreb\/#breadcrumb\"},\"inLanguage\":\"pt-PT\",\"potentialAction\":[{\"@type\":\"ReadAction\",\"target\":[\"https:\/\/copiamais.com\/lojaonline\/produto\/porta-chaves-camisola-clube-gnk-dinamo-zagreb\/\"]}]},{\"@type\":\"ImageObject\",\"inLanguage\":\"pt-PT\",\"@id\":\"https:\/\/copiamais.com\/lojaonline\/produto\/porta-chaves-camisola-clube-gnk-dinamo-zagreb\/#primaryimage\",\"url\":\"https:\/\/copiamais.com\/lojaonline\/wp-content\/uploads\/2023\/02\/porta-chaves-camisola_76.jpg?v=1677589047\",\"contentUrl\":\"https:\/\/copiamais.com\/lojaonline\/wp-content\/uploads\/2023\/02\/porta-chaves-camisola_76.jpg?v=1677589047\",\"width\":1000,\"height\":1000,\"caption\":\"porta-chaves camisola GNK Dinamo Zagreb\"},{\"@type\":\"BreadcrumbList\",\"@id\":\"https:\/\/copiamais.com\/lojaonline\/produto\/porta-chaves-camisola-clube-gnk-dinamo-zagreb\/#breadcrumb\",\"itemListElement\":[{\"@type\":\"ListItem\",\"position\":1,\"name\":\"In\u00edcio\",\"item\":\"https:\/\/copiamais.com\/lojaonline\/\"},{\"@type\":\"ListItem\",\"position\":2,\"name\":\"Loja\",\"item\":\"https:\/\/copiamais.com\/lojaonline\/loja\/\"},{\"@type\":\"ListItem\",\"position\":3,\"name\":\"Porta-chaves Camisola Clube &#8211; GNK Dinamo Zagreb\"}]},{\"@type\":\"WebSite\",\"@id\":\"https:\/\/copiamais.com\/lojaonline\/#website\",\"url\":\"https:\/\/copiamais.com\/lojaonline\/\",\"name\":\"C\u00f3pia+ | Loja Online - Presentes Personalizados - Prendas Originais\",\"description\":\"Presentes para namorados, Dia do Pai, Dia da M\u00e3e, Dia dos Av\u00f3s, P\u00e1scoa...\",\"publisher\":{\"@id\":\"https:\/\/copiamais.com\/lojaonline\/#organization\"},\"potentialAction\":[{\"@type\":\"SearchAction\",\"target\":{\"@type\":\"EntryPoint\",\"urlTemplate\":\"https:\/\/copiamais.com\/lojaonline\/?s={search_term_string}\"},\"query-input\":{\"@type\":\"PropertyValueSpecification\",\"valueRequired\":true,\"valueName\":\"search_term_string\"}}],\"inLanguage\":\"pt-PT\"},{\"@type\":\"Organization\",\"@id\":\"https:\/\/copiamais.com\/lojaonline\/#organization\",\"name\":\"C\u00f3pia+\",\"url\":\"https:\/\/copiamais.com\/lojaonline\/\",\"logo\":{\"@type\":\"ImageObject\",\"inLanguage\":\"pt-PT\",\"@id\":\"https:\/\/copiamais.com\/lojaonline\/#\/schema\/logo\/image\/\",\"url\":\"https:\/\/copiamais.com\/lojaonline\/wp-content\/uploads\/2019\/08\/logo_copia.png\",\"contentUrl\":\"https:\/\/copiamais.com\/lojaonline\/wp-content\/uploads\/2019\/08\/logo_copia.png\",\"width\":150,\"height\":92,\"caption\":\"C\u00f3pia+\"},\"image\":{\"@id\":\"https:\/\/copiamais.com\/lojaonline\/#\/schema\/logo\/image\/\"}}]}<\/script>\n<!-- \/ Yoast SEO plugin. -->","yoast_head_json":{"title":"Porta-chaves Camisola Clube - GNK Dinamo Zagreb - C\u00f3pia+ | Loja Online - Presentes Personalizados - Prendas Originais","description":"Porta-chaves Camisola Clube - F.C. Vizela","robots":{"index":"index","follow":"follow","max-snippet":"max-snippet:-1","max-image-preview":"max-image-preview:large","max-video-preview":"max-video-preview:-1"},"canonical":"https:\/\/copiamais.com\/lojaonline\/produto\/porta-chaves-camisola-clube-gnk-dinamo-zagreb\/","og_locale":"pt_PT","og_type":"article","og_title":"Porta-chaves Camisola Clube - GNK Dinamo Zagreb - C\u00f3pia+ | Loja Online - Presentes Personalizados - Prendas Originais","og_description":"Porta-chaves Camisola Clube - F.C. Vizela","og_url":"https:\/\/copiamais.com\/lojaonline\/produto\/porta-chaves-camisola-clube-gnk-dinamo-zagreb\/","og_site_name":"C\u00f3pia+ | Loja Online - Presentes Personalizados - Prendas Originais","article_modified_time":"2023-03-24T09:58:15+00:00","og_image":[{"width":1000,"height":1000,"url":"https:\/\/copiamais.com\/lojaonline\/wp-content\/uploads\/2023\/02\/porta-chaves-camisola_76.jpg?v=1677589047","type":"image\/jpeg"}],"twitter_card":"summary_large_image","twitter_misc":{"Tempo estimado de leitura":"1 minuto"},"schema":{"@context":"https:\/\/schema.org","@graph":[{"@type":"WebPage","@id":"https:\/\/copiamais.com\/lojaonline\/produto\/porta-chaves-camisola-clube-gnk-dinamo-zagreb\/","url":"https:\/\/copiamais.com\/lojaonline\/produto\/porta-chaves-camisola-clube-gnk-dinamo-zagreb\/","name":"Porta-chaves Camisola Clube - GNK Dinamo Zagreb - C\u00f3pia+ | Loja Online - Presentes Personalizados - Prendas Originais","isPartOf":{"@id":"https:\/\/copiamais.com\/lojaonline\/#website"},"primaryImageOfPage":{"@id":"https:\/\/copiamais.com\/lojaonline\/produto\/porta-chaves-camisola-clube-gnk-dinamo-zagreb\/#primaryimage"},"image":{"@id":"https:\/\/copiamais.com\/lojaonline\/produto\/porta-chaves-camisola-clube-gnk-dinamo-zagreb\/#primaryimage"},"thumbnailUrl":"https:\/\/copiamais.com\/lojaonline\/wp-content\/uploads\/2023\/02\/porta-chaves-camisola_76.jpg?v=1677589047","datePublished":"2023-02-27T14:32:49+00:00","dateModified":"2023-03-24T09:58:15+00:00","description":"Porta-chaves Camisola Clube - F.C. Vizela","breadcrumb":{"@id":"https:\/\/copiamais.com\/lojaonline\/produto\/porta-chaves-camisola-clube-gnk-dinamo-zagreb\/#breadcrumb"},"inLanguage":"pt-PT","potentialAction":[{"@type":"ReadAction","target":["https:\/\/copiamais.com\/lojaonline\/produto\/porta-chaves-camisola-clube-gnk-dinamo-zagreb\/"]}]},{"@type":"ImageObject","inLanguage":"pt-PT","@id":"https:\/\/copiamais.com\/lojaonline\/produto\/porta-chaves-camisola-clube-gnk-dinamo-zagreb\/#primaryimage","url":"https:\/\/copiamais.com\/lojaonline\/wp-content\/uploads\/2023\/02\/porta-chaves-camisola_76.jpg?v=1677589047","contentUrl":"https:\/\/copiamais.com\/lojaonline\/wp-content\/uploads\/2023\/02\/porta-chaves-camisola_76.jpg?v=1677589047","width":1000,"height":1000,"caption":"porta-chaves camisola GNK Dinamo Zagreb"},{"@type":"BreadcrumbList","@id":"https:\/\/copiamais.com\/lojaonline\/produto\/porta-chaves-camisola-clube-gnk-dinamo-zagreb\/#breadcrumb","itemListElement":[{"@type":"ListItem","position":1,"name":"In\u00edcio","item":"https:\/\/copiamais.com\/lojaonline\/"},{"@type":"ListItem","position":2,"name":"Loja","item":"https:\/\/copiamais.com\/lojaonline\/loja\/"},{"@type":"ListItem","position":3,"name":"Porta-chaves Camisola Clube &#8211; GNK Dinamo Zagreb"}]},{"@type":"WebSite","@id":"https:\/\/copiamais.com\/lojaonline\/#website","url":"https:\/\/copiamais.com\/lojaonline\/","name":"C\u00f3pia+ | Loja Online - Presentes Personalizados - Prendas Originais","description":"Presentes para namorados, Dia do Pai, Dia da M\u00e3e, Dia dos Av\u00f3s, P\u00e1scoa...","publisher":{"@id":"https:\/\/copiamais.com\/lojaonline\/#organization"},"potentialAction":[{"@type":"SearchAction","target":{"@type":"EntryPoint","urlTemplate":"https:\/\/copiamais.com\/lojaonline\/?s={search_term_string}"},"query-input":{"@type":"PropertyValueSpecification","valueRequired":true,"valueName":"search_term_string"}}],"inLanguage":"pt-PT"},{"@type":"Organization","@id":"https:\/\/copiamais.com\/lojaonline\/#organization","name":"C\u00f3pia+","url":"https:\/\/copiamais.com\/lojaonline\/","logo":{"@type":"ImageObject","inLanguage":"pt-PT","@id":"https:\/\/copiamais.com\/lojaonline\/#\/schema\/logo\/image\/","url":"https:\/\/copiamais.com\/lojaonline\/wp-content\/uploads\/2019\/08\/logo_copia.png","contentUrl":"https:\/\/copiamais.com\/lojaonline\/wp-content\/uploads\/2019\/08\/logo_copia.png","width":150,"height":92,"caption":"C\u00f3pia+"},"image":{"@id":"https:\/\/copiamais.com\/lojaonline\/#\/schema\/logo\/image\/"}}]}},"_links":{"self":[{"href":"https:\/\/copiamais.com\/lojaonline\/wp-json\/wp\/v2\/product\/15793","targetHints":{"allow":["GET"]}}],"collection":[{"href":"https:\/\/copiamais.com\/lojaonline\/wp-json\/wp\/v2\/product"}],"about":[{"href":"https:\/\/copiamais.com\/lojaonline\/wp-json\/wp\/v2\/types\/product"}],"replies":[{"embeddable":true,"href":"https:\/\/copiamais.com\/lojaonline\/wp-json\/wp\/v2\/comments?post=15793"}],"wp:featuredmedia":[{"embeddable":true,"href":"https:\/\/copiamais.com\/lojaonline\/wp-json\/wp\/v2\/media\/15794"}],"wp:attachment":[{"href":"https:\/\/copiamais.com\/lojaonline\/wp-json\/wp\/v2\/media?parent=15793"}],"wp:term":[{"taxonomy":"product_brand","embeddable":true,"href":"https:\/\/copiamais.com\/lojaonline\/wp-json\/wp\/v2\/product_brand?post=15793"},{"taxonomy":"product_cat","embeddable":true,"href":"https:\/\/copiamais.com\/lojaonline\/wp-json\/wp\/v2\/product_cat?post=15793"},{"taxonomy":"product_tag","embeddable":true,"href":"https:\/\/copiamais.com\/lojaonline\/wp-json\/wp\/v2\/product_tag?post=15793"}],"curies":[{"name":"wp","href":"https:\/\/api.w.org\/{rel}","templated":true}]}}