{"id":15839,"date":"2023-03-07T16:20:10","date_gmt":"2023-03-07T16:20:10","guid":{"rendered":"https:\/\/copiamais.com\/lojaonline\/?post_type=product&#038;p=15839"},"modified":"2023-03-10T15:56:37","modified_gmt":"2023-03-10T15:56:37","slug":"fio-pendente-losango-personalizacao-livre","status":"publish","type":"product","link":"https:\/\/copiamais.com\/lojaonline\/produto\/fio-pendente-losango-personalizacao-livre\/","title":{"rendered":"Fio Pendente Losango &#8211; Personaliza\u00e7\u00e3o Livre"},"content":{"rendered":"<p>Fio de metal com pendente em forma de losango.<\/p>\n<p>Caracter\u00edsticas:<br \/>\n&#8211; Dimens\u00e3o total do losango: 3x3cm<\/p>\n<p>&nbsp;<\/p>\n<blockquote><p><strong>Clique no bot\u00e3o &#8220;Personalizar&#8221; para avan\u00e7ar para a p\u00e1gina de personaliza\u00e7\u00e3o do artigo.<\/strong><\/p>\n<blockquote><p><strong>Aten\u00e7\u00e3o:<\/strong><\/p>\n<p><a href=\"https:\/\/copiamais.com\/lojaonline\/wp-content\/uploads\/2020\/11\/aviso.png\"><img fetchpriority=\"high\" decoding=\"async\" class=\"alignnone wp-image-15852 size-full\" src=\"https:\/\/copiamais.com\/lojaonline\/wp-content\/uploads\/2020\/11\/aviso.png\" alt=\"\" width=\"500\" height=\"145\" srcset=\"https:\/\/copiamais.com\/lojaonline\/wp-content\/uploads\/2020\/11\/aviso.png 500w, https:\/\/copiamais.com\/lojaonline\/wp-content\/uploads\/2020\/11\/aviso-300x87.png 300w, https:\/\/copiamais.com\/lojaonline\/wp-content\/uploads\/2020\/11\/aviso-350x102.png 350w\" sizes=\"(max-width: 500px) 100vw, 500px\" \/><\/a><\/p><\/blockquote>\n<p>&nbsp;<\/p><\/blockquote>\n<p><em>*Imagem meramente ilustrativa.<br \/>\nPode haver pequenas varia\u00e7\u00f5es de cor da imagem do produto para o produto final devido \u00e0 mudan\u00e7a do modo de cor de RGB para CMYK.<\/em><\/p>\n<p>&nbsp;<\/p>\n","protected":false},"excerpt":{"rendered":"<p>Fio de metal com pendente em forma de losango. Caracter\u00edsticas: &#8211; Dimens\u00e3o total do losango: 3x3cm &nbsp; Clique no bot\u00e3o &#8220;Personalizar&#8221; para avan\u00e7ar para a p\u00e1gina de personaliza\u00e7\u00e3o do artigo. Aten\u00e7\u00e3o: &nbsp; *Imagem meramente ilustrativa. Pode haver pequenas varia\u00e7\u00f5es de cor da imagem do produto para o produto final devido \u00e0 mudan\u00e7a do modo de<\/p>\n","protected":false},"featured_media":15840,"comment_status":"open","ping_status":"closed","template":"","meta":{"_monsterinsights_skip_tracking":false,"_monsterinsights_sitenote_active":false,"_monsterinsights_sitenote_note":"","_monsterinsights_sitenote_category":0},"product_brand":[],"product_cat":[176],"product_tag":[100,101,104,98,103,108,216],"class_list":{"0":"post-15839","1":"product","2":"type-product","3":"status-publish","4":"has-post-thumbnail","6":"product_cat-colares","7":"product_tag-artigos-personalizaveis","8":"product_tag-dia-da-mae","9":"product_tag-dia-do-pai","10":"product_tag-dia-dos-avos","11":"product_tag-dia-dos-namorados","12":"product_tag-dia-dos-padrinhos","13":"product_tag-personalizacao-livre","15":"first","16":"instock","17":"taxable","18":"shipping-taxable","19":"purchasable","20":"product-type-simple"},"yoast_head":"<!-- This site is optimized with the Yoast SEO plugin v25.5 - https:\/\/yoast.com\/wordpress\/plugins\/seo\/ -->\n<title>Fio Pendente Losango - Personaliza\u00e7\u00e3o Livre - C\u00f3pia+ | Loja Online - Presentes Personalizados - Prendas Originais<\/title>\n<meta name=\"robots\" content=\"index, follow, max-snippet:-1, max-image-preview:large, max-video-preview:-1\" \/>\n<link rel=\"canonical\" href=\"https:\/\/copiamais.com\/lojaonline\/produto\/fio-pendente-losango-personalizacao-livre\/\" \/>\n<meta property=\"og:locale\" content=\"pt_PT\" \/>\n<meta property=\"og:type\" content=\"article\" \/>\n<meta property=\"og:title\" content=\"Fio Pendente Losango - Personaliza\u00e7\u00e3o Livre - C\u00f3pia+ | Loja Online - Presentes Personalizados - Prendas Originais\" \/>\n<meta property=\"og:description\" content=\"Fio de metal com pendente em forma de losango. Caracter\u00edsticas: &#8211; Dimens\u00e3o total do losango: 3x3cm &nbsp; Clique no bot\u00e3o &#8220;Personalizar&#8221; para avan\u00e7ar para a p\u00e1gina de personaliza\u00e7\u00e3o do artigo. Aten\u00e7\u00e3o: &nbsp; *Imagem meramente ilustrativa. Pode haver pequenas varia\u00e7\u00f5es de cor da imagem do produto para o produto final devido \u00e0 mudan\u00e7a do modo de\" \/>\n<meta property=\"og:url\" content=\"https:\/\/copiamais.com\/lojaonline\/produto\/fio-pendente-losango-personalizacao-livre\/\" \/>\n<meta property=\"og:site_name\" content=\"C\u00f3pia+ | Loja Online - Presentes Personalizados - Prendas Originais\" \/>\n<meta property=\"article:modified_time\" content=\"2023-03-10T15:56:37+00:00\" \/>\n<meta property=\"og:image\" content=\"https:\/\/copiamais.com\/lojaonline\/wp-content\/uploads\/2023\/03\/fio-hexagono.jpg?v=1678906899\" \/>\n\t<meta property=\"og:image:width\" content=\"595\" \/>\n\t<meta property=\"og:image:height\" content=\"595\" \/>\n\t<meta property=\"og:image:type\" content=\"image\/jpeg\" \/>\n<meta name=\"twitter:card\" content=\"summary_large_image\" \/>\n<meta name=\"twitter:label1\" content=\"Tempo estimado de leitura\" \/>\n\t<meta name=\"twitter:data1\" content=\"1 minuto\" \/>\n<script type=\"application\/ld+json\" class=\"yoast-schema-graph\">{\"@context\":\"https:\/\/schema.org\",\"@graph\":[{\"@type\":\"WebPage\",\"@id\":\"https:\/\/copiamais.com\/lojaonline\/produto\/fio-pendente-losango-personalizacao-livre\/\",\"url\":\"https:\/\/copiamais.com\/lojaonline\/produto\/fio-pendente-losango-personalizacao-livre\/\",\"name\":\"Fio Pendente Losango - Personaliza\u00e7\u00e3o Livre - C\u00f3pia+ | Loja Online - Presentes Personalizados - Prendas Originais\",\"isPartOf\":{\"@id\":\"https:\/\/copiamais.com\/lojaonline\/#website\"},\"primaryImageOfPage\":{\"@id\":\"https:\/\/copiamais.com\/lojaonline\/produto\/fio-pendente-losango-personalizacao-livre\/#primaryimage\"},\"image\":{\"@id\":\"https:\/\/copiamais.com\/lojaonline\/produto\/fio-pendente-losango-personalizacao-livre\/#primaryimage\"},\"thumbnailUrl\":\"https:\/\/copiamais.com\/lojaonline\/wp-content\/uploads\/2023\/03\/fio-hexagono.jpg?v=1678906899\",\"datePublished\":\"2023-03-07T16:20:10+00:00\",\"dateModified\":\"2023-03-10T15:56:37+00:00\",\"breadcrumb\":{\"@id\":\"https:\/\/copiamais.com\/lojaonline\/produto\/fio-pendente-losango-personalizacao-livre\/#breadcrumb\"},\"inLanguage\":\"pt-PT\",\"potentialAction\":[{\"@type\":\"ReadAction\",\"target\":[\"https:\/\/copiamais.com\/lojaonline\/produto\/fio-pendente-losango-personalizacao-livre\/\"]}]},{\"@type\":\"ImageObject\",\"inLanguage\":\"pt-PT\",\"@id\":\"https:\/\/copiamais.com\/lojaonline\/produto\/fio-pendente-losango-personalizacao-livre\/#primaryimage\",\"url\":\"https:\/\/copiamais.com\/lojaonline\/wp-content\/uploads\/2023\/03\/fio-hexagono.jpg?v=1678906899\",\"contentUrl\":\"https:\/\/copiamais.com\/lojaonline\/wp-content\/uploads\/2023\/03\/fio-hexagono.jpg?v=1678906899\",\"width\":595,\"height\":595,\"caption\":\"fio losango\"},{\"@type\":\"BreadcrumbList\",\"@id\":\"https:\/\/copiamais.com\/lojaonline\/produto\/fio-pendente-losango-personalizacao-livre\/#breadcrumb\",\"itemListElement\":[{\"@type\":\"ListItem\",\"position\":1,\"name\":\"In\u00edcio\",\"item\":\"https:\/\/copiamais.com\/lojaonline\/\"},{\"@type\":\"ListItem\",\"position\":2,\"name\":\"Loja\",\"item\":\"https:\/\/copiamais.com\/lojaonline\/loja\/\"},{\"@type\":\"ListItem\",\"position\":3,\"name\":\"Fio Pendente Losango &#8211; Personaliza\u00e7\u00e3o Livre\"}]},{\"@type\":\"WebSite\",\"@id\":\"https:\/\/copiamais.com\/lojaonline\/#website\",\"url\":\"https:\/\/copiamais.com\/lojaonline\/\",\"name\":\"C\u00f3pia+ | Loja Online - Presentes Personalizados - Prendas Originais\",\"description\":\"Presentes para namorados, Dia do Pai, Dia da M\u00e3e, Dia dos Av\u00f3s, P\u00e1scoa...\",\"publisher\":{\"@id\":\"https:\/\/copiamais.com\/lojaonline\/#organization\"},\"potentialAction\":[{\"@type\":\"SearchAction\",\"target\":{\"@type\":\"EntryPoint\",\"urlTemplate\":\"https:\/\/copiamais.com\/lojaonline\/?s={search_term_string}\"},\"query-input\":{\"@type\":\"PropertyValueSpecification\",\"valueRequired\":true,\"valueName\":\"search_term_string\"}}],\"inLanguage\":\"pt-PT\"},{\"@type\":\"Organization\",\"@id\":\"https:\/\/copiamais.com\/lojaonline\/#organization\",\"name\":\"C\u00f3pia+\",\"url\":\"https:\/\/copiamais.com\/lojaonline\/\",\"logo\":{\"@type\":\"ImageObject\",\"inLanguage\":\"pt-PT\",\"@id\":\"https:\/\/copiamais.com\/lojaonline\/#\/schema\/logo\/image\/\",\"url\":\"https:\/\/copiamais.com\/lojaonline\/wp-content\/uploads\/2019\/08\/logo_copia.png\",\"contentUrl\":\"https:\/\/copiamais.com\/lojaonline\/wp-content\/uploads\/2019\/08\/logo_copia.png\",\"width\":150,\"height\":92,\"caption\":\"C\u00f3pia+\"},\"image\":{\"@id\":\"https:\/\/copiamais.com\/lojaonline\/#\/schema\/logo\/image\/\"}}]}<\/script>\n<!-- \/ Yoast SEO plugin. -->","yoast_head_json":{"title":"Fio Pendente Losango - Personaliza\u00e7\u00e3o Livre - C\u00f3pia+ | Loja Online - Presentes Personalizados - Prendas Originais","robots":{"index":"index","follow":"follow","max-snippet":"max-snippet:-1","max-image-preview":"max-image-preview:large","max-video-preview":"max-video-preview:-1"},"canonical":"https:\/\/copiamais.com\/lojaonline\/produto\/fio-pendente-losango-personalizacao-livre\/","og_locale":"pt_PT","og_type":"article","og_title":"Fio Pendente Losango - Personaliza\u00e7\u00e3o Livre - C\u00f3pia+ | Loja Online - Presentes Personalizados - Prendas Originais","og_description":"Fio de metal com pendente em forma de losango. Caracter\u00edsticas: &#8211; Dimens\u00e3o total do losango: 3x3cm &nbsp; Clique no bot\u00e3o &#8220;Personalizar&#8221; para avan\u00e7ar para a p\u00e1gina de personaliza\u00e7\u00e3o do artigo. Aten\u00e7\u00e3o: &nbsp; *Imagem meramente ilustrativa. Pode haver pequenas varia\u00e7\u00f5es de cor da imagem do produto para o produto final devido \u00e0 mudan\u00e7a do modo de","og_url":"https:\/\/copiamais.com\/lojaonline\/produto\/fio-pendente-losango-personalizacao-livre\/","og_site_name":"C\u00f3pia+ | Loja Online - Presentes Personalizados - Prendas Originais","article_modified_time":"2023-03-10T15:56:37+00:00","og_image":[{"width":595,"height":595,"url":"https:\/\/copiamais.com\/lojaonline\/wp-content\/uploads\/2023\/03\/fio-hexagono.jpg?v=1678906899","type":"image\/jpeg"}],"twitter_card":"summary_large_image","twitter_misc":{"Tempo estimado de leitura":"1 minuto"},"schema":{"@context":"https:\/\/schema.org","@graph":[{"@type":"WebPage","@id":"https:\/\/copiamais.com\/lojaonline\/produto\/fio-pendente-losango-personalizacao-livre\/","url":"https:\/\/copiamais.com\/lojaonline\/produto\/fio-pendente-losango-personalizacao-livre\/","name":"Fio Pendente Losango - Personaliza\u00e7\u00e3o Livre - C\u00f3pia+ | Loja Online - Presentes Personalizados - Prendas Originais","isPartOf":{"@id":"https:\/\/copiamais.com\/lojaonline\/#website"},"primaryImageOfPage":{"@id":"https:\/\/copiamais.com\/lojaonline\/produto\/fio-pendente-losango-personalizacao-livre\/#primaryimage"},"image":{"@id":"https:\/\/copiamais.com\/lojaonline\/produto\/fio-pendente-losango-personalizacao-livre\/#primaryimage"},"thumbnailUrl":"https:\/\/copiamais.com\/lojaonline\/wp-content\/uploads\/2023\/03\/fio-hexagono.jpg?v=1678906899","datePublished":"2023-03-07T16:20:10+00:00","dateModified":"2023-03-10T15:56:37+00:00","breadcrumb":{"@id":"https:\/\/copiamais.com\/lojaonline\/produto\/fio-pendente-losango-personalizacao-livre\/#breadcrumb"},"inLanguage":"pt-PT","potentialAction":[{"@type":"ReadAction","target":["https:\/\/copiamais.com\/lojaonline\/produto\/fio-pendente-losango-personalizacao-livre\/"]}]},{"@type":"ImageObject","inLanguage":"pt-PT","@id":"https:\/\/copiamais.com\/lojaonline\/produto\/fio-pendente-losango-personalizacao-livre\/#primaryimage","url":"https:\/\/copiamais.com\/lojaonline\/wp-content\/uploads\/2023\/03\/fio-hexagono.jpg?v=1678906899","contentUrl":"https:\/\/copiamais.com\/lojaonline\/wp-content\/uploads\/2023\/03\/fio-hexagono.jpg?v=1678906899","width":595,"height":595,"caption":"fio losango"},{"@type":"BreadcrumbList","@id":"https:\/\/copiamais.com\/lojaonline\/produto\/fio-pendente-losango-personalizacao-livre\/#breadcrumb","itemListElement":[{"@type":"ListItem","position":1,"name":"In\u00edcio","item":"https:\/\/copiamais.com\/lojaonline\/"},{"@type":"ListItem","position":2,"name":"Loja","item":"https:\/\/copiamais.com\/lojaonline\/loja\/"},{"@type":"ListItem","position":3,"name":"Fio Pendente Losango &#8211; Personaliza\u00e7\u00e3o Livre"}]},{"@type":"WebSite","@id":"https:\/\/copiamais.com\/lojaonline\/#website","url":"https:\/\/copiamais.com\/lojaonline\/","name":"C\u00f3pia+ | Loja Online - Presentes Personalizados - Prendas Originais","description":"Presentes para namorados, Dia do Pai, Dia da M\u00e3e, Dia dos Av\u00f3s, P\u00e1scoa...","publisher":{"@id":"https:\/\/copiamais.com\/lojaonline\/#organization"},"potentialAction":[{"@type":"SearchAction","target":{"@type":"EntryPoint","urlTemplate":"https:\/\/copiamais.com\/lojaonline\/?s={search_term_string}"},"query-input":{"@type":"PropertyValueSpecification","valueRequired":true,"valueName":"search_term_string"}}],"inLanguage":"pt-PT"},{"@type":"Organization","@id":"https:\/\/copiamais.com\/lojaonline\/#organization","name":"C\u00f3pia+","url":"https:\/\/copiamais.com\/lojaonline\/","logo":{"@type":"ImageObject","inLanguage":"pt-PT","@id":"https:\/\/copiamais.com\/lojaonline\/#\/schema\/logo\/image\/","url":"https:\/\/copiamais.com\/lojaonline\/wp-content\/uploads\/2019\/08\/logo_copia.png","contentUrl":"https:\/\/copiamais.com\/lojaonline\/wp-content\/uploads\/2019\/08\/logo_copia.png","width":150,"height":92,"caption":"C\u00f3pia+"},"image":{"@id":"https:\/\/copiamais.com\/lojaonline\/#\/schema\/logo\/image\/"}}]}},"_links":{"self":[{"href":"https:\/\/copiamais.com\/lojaonline\/wp-json\/wp\/v2\/product\/15839","targetHints":{"allow":["GET"]}}],"collection":[{"href":"https:\/\/copiamais.com\/lojaonline\/wp-json\/wp\/v2\/product"}],"about":[{"href":"https:\/\/copiamais.com\/lojaonline\/wp-json\/wp\/v2\/types\/product"}],"replies":[{"embeddable":true,"href":"https:\/\/copiamais.com\/lojaonline\/wp-json\/wp\/v2\/comments?post=15839"}],"wp:featuredmedia":[{"embeddable":true,"href":"https:\/\/copiamais.com\/lojaonline\/wp-json\/wp\/v2\/media\/15840"}],"wp:attachment":[{"href":"https:\/\/copiamais.com\/lojaonline\/wp-json\/wp\/v2\/media?parent=15839"}],"wp:term":[{"taxonomy":"product_brand","embeddable":true,"href":"https:\/\/copiamais.com\/lojaonline\/wp-json\/wp\/v2\/product_brand?post=15839"},{"taxonomy":"product_cat","embeddable":true,"href":"https:\/\/copiamais.com\/lojaonline\/wp-json\/wp\/v2\/product_cat?post=15839"},{"taxonomy":"product_tag","embeddable":true,"href":"https:\/\/copiamais.com\/lojaonline\/wp-json\/wp\/v2\/product_tag?post=15839"}],"curies":[{"name":"wp","href":"https:\/\/api.w.org\/{rel}","templated":true}]}}