{"id":15982,"date":"2023-03-14T17:48:07","date_gmt":"2023-03-14T17:48:07","guid":{"rendered":"https:\/\/copiamais.com\/lojaonline\/?post_type=product&#038;p=15982"},"modified":"2023-03-23T13:14:30","modified_gmt":"2023-03-23T13:14:30","slug":"t-shirt-publicacao-instagram-dia-da-mae","status":"publish","type":"product","link":"https:\/\/copiamais.com\/lojaonline\/produto\/t-shirt-publicacao-instagram-dia-da-mae\/","title":{"rendered":"T-shirt &#8211; Publica\u00e7\u00e3o Instagram (Dia da M\u00e3e)"},"content":{"rendered":"<p>As t-shirts da C\u00f3pia+ s\u00e3o 100% algod\u00e3o, de cor preta ou branca.<br \/>\nDispon\u00edveis em 2 modelos: feminino e unissexo.<br \/>\nConsulte o guia de tamanhos, <a href=\"http:\/\/copiamais.com\/lojaonline\/tamanhos\/\" target=\"_blank\" rel=\"noopener noreferrer\">AQUI<\/a>.<\/p>\n<p>A estampagem \u00e9 feita em flex de corte ou de impress\u00e3o de alta qualidade com tintas epson.<\/p>\n<p>&nbsp;<\/p>\n<p style=\"padding-left: 40px;\"><strong>Aten\u00e7\u00e3o!<\/strong><\/p>\n<p style=\"padding-left: 40px;\"><strong>Carregue 2 fotografias: uma para a &#8220;foto de perfil&#8221; e outra para a &#8220;publica\u00e7\u00e3o&#8221;.<br \/>\n<\/strong><\/p>\n<p style=\"padding-left: 40px;\">Identifique as fotos no nome das mesmas (exemplo: fotoperfil.jpeg)<\/p>\n<p style=\"padding-left: 40px;\">As fotografias ser\u00e3o cortadas e ajustadas ao formato do modelo.<br \/>\nEnviaremos uma maqueta para aprova\u00e7\u00e3o por email antes de avan\u00e7ar com a produ\u00e7\u00e3o.<\/p>\n<p>&nbsp;<\/p>\n<p>&nbsp;<\/p>\n<p><em>*Imagem meramente ilustrativa.<\/em><br \/>\n<em>Pode haver pequenas varia\u00e7\u00f5es de cor da imagem do produto para o produto final devido \u00e0 mudan\u00e7a do modo de cor de RGB para CMYK.<\/em><\/p>\n","protected":false},"excerpt":{"rendered":"<p>As t-shirts da C\u00f3pia+ s\u00e3o 100% algod\u00e3o, de cor preta ou branca. Dispon\u00edveis em 2 modelos: feminino e unissexo. Consulte o guia de tamanhos, AQUI. A estampagem \u00e9 feita em flex de corte ou de impress\u00e3o de alta qualidade com tintas epson. &nbsp; Aten\u00e7\u00e3o! Carregue 2 fotografias: uma para a &#8220;foto de perfil&#8221; e outra<\/p>\n","protected":false},"featured_media":15999,"comment_status":"open","ping_status":"closed","template":"","meta":{"_monsterinsights_skip_tracking":false,"_monsterinsights_sitenote_active":false,"_monsterinsights_sitenote_note":"","_monsterinsights_sitenote_category":0},"product_brand":[],"product_cat":[222,71,74],"product_tag":[100,101],"class_list":{"0":"post-15982","1":"product","2":"type-product","3":"status-publish","4":"has-post-thumbnail","6":"product_cat-modelos-pre-criados-tshirts","7":"product_cat-vestuario","8":"product_cat-tshirts","9":"product_tag-artigos-personalizaveis","10":"product_tag-dia-da-mae","12":"first","13":"instock","14":"taxable","15":"shipping-taxable","16":"purchasable","17":"product-type-variable"},"yoast_head":"<!-- This site is optimized with the Yoast SEO plugin v25.5 - https:\/\/yoast.com\/wordpress\/plugins\/seo\/ -->\n<title>T-shirt - Publica\u00e7\u00e3o Instagram (Dia da M\u00e3e) - C\u00f3pia+ | Loja Online - Presentes Personalizados - Prendas Originais<\/title>\n<meta name=\"description\" content=\"T-shirt - Vendo Sogra OLX\" \/>\n<meta name=\"robots\" content=\"index, follow, max-snippet:-1, max-image-preview:large, max-video-preview:-1\" \/>\n<link rel=\"canonical\" href=\"https:\/\/copiamais.com\/lojaonline\/produto\/t-shirt-publicacao-instagram-dia-da-mae\/\" \/>\n<meta property=\"og:locale\" content=\"pt_PT\" \/>\n<meta property=\"og:type\" content=\"article\" \/>\n<meta property=\"og:title\" content=\"T-shirt - Publica\u00e7\u00e3o Instagram (Dia da M\u00e3e) - C\u00f3pia+ | Loja Online - Presentes Personalizados - Prendas Originais\" \/>\n<meta property=\"og:description\" content=\"T-shirt - Vendo Sogra OLX\" \/>\n<meta property=\"og:url\" content=\"https:\/\/copiamais.com\/lojaonline\/produto\/t-shirt-publicacao-instagram-dia-da-mae\/\" \/>\n<meta property=\"og:site_name\" content=\"C\u00f3pia+ | Loja Online - Presentes Personalizados - Prendas Originais\" \/>\n<meta property=\"article:modified_time\" content=\"2023-03-23T13:14:30+00:00\" \/>\n<meta property=\"og:image\" content=\"https:\/\/copiamais.com\/lojaonline\/wp-content\/uploads\/2023\/03\/tshirt-branca-homem_139.jpg?v=1678906626\" \/>\n\t<meta property=\"og:image:width\" content=\"1700\" \/>\n\t<meta property=\"og:image:height\" content=\"1700\" \/>\n\t<meta property=\"og:image:type\" content=\"image\/jpeg\" \/>\n<meta name=\"twitter:card\" content=\"summary_large_image\" \/>\n<meta name=\"twitter:label1\" content=\"Tempo estimado de leitura\" \/>\n\t<meta name=\"twitter:data1\" content=\"1 minuto\" \/>\n<script type=\"application\/ld+json\" class=\"yoast-schema-graph\">{\"@context\":\"https:\/\/schema.org\",\"@graph\":[{\"@type\":\"WebPage\",\"@id\":\"https:\/\/copiamais.com\/lojaonline\/produto\/t-shirt-publicacao-instagram-dia-da-mae\/\",\"url\":\"https:\/\/copiamais.com\/lojaonline\/produto\/t-shirt-publicacao-instagram-dia-da-mae\/\",\"name\":\"T-shirt - Publica\u00e7\u00e3o Instagram (Dia da M\u00e3e) - C\u00f3pia+ | Loja Online - Presentes Personalizados - Prendas Originais\",\"isPartOf\":{\"@id\":\"https:\/\/copiamais.com\/lojaonline\/#website\"},\"primaryImageOfPage\":{\"@id\":\"https:\/\/copiamais.com\/lojaonline\/produto\/t-shirt-publicacao-instagram-dia-da-mae\/#primaryimage\"},\"image\":{\"@id\":\"https:\/\/copiamais.com\/lojaonline\/produto\/t-shirt-publicacao-instagram-dia-da-mae\/#primaryimage\"},\"thumbnailUrl\":\"https:\/\/copiamais.com\/lojaonline\/wp-content\/uploads\/2023\/03\/tshirt-branca-homem_139.jpg?v=1678906626\",\"datePublished\":\"2023-03-14T17:48:07+00:00\",\"dateModified\":\"2023-03-23T13:14:30+00:00\",\"description\":\"T-shirt - Vendo Sogra OLX\",\"breadcrumb\":{\"@id\":\"https:\/\/copiamais.com\/lojaonline\/produto\/t-shirt-publicacao-instagram-dia-da-mae\/#breadcrumb\"},\"inLanguage\":\"pt-PT\",\"potentialAction\":[{\"@type\":\"ReadAction\",\"target\":[\"https:\/\/copiamais.com\/lojaonline\/produto\/t-shirt-publicacao-instagram-dia-da-mae\/\"]}]},{\"@type\":\"ImageObject\",\"inLanguage\":\"pt-PT\",\"@id\":\"https:\/\/copiamais.com\/lojaonline\/produto\/t-shirt-publicacao-instagram-dia-da-mae\/#primaryimage\",\"url\":\"https:\/\/copiamais.com\/lojaonline\/wp-content\/uploads\/2023\/03\/tshirt-branca-homem_139.jpg?v=1678906626\",\"contentUrl\":\"https:\/\/copiamais.com\/lojaonline\/wp-content\/uploads\/2023\/03\/tshirt-branca-homem_139.jpg?v=1678906626\",\"width\":1700,\"height\":1700,\"caption\":\"t-shirt instagram dia da mae\"},{\"@type\":\"BreadcrumbList\",\"@id\":\"https:\/\/copiamais.com\/lojaonline\/produto\/t-shirt-publicacao-instagram-dia-da-mae\/#breadcrumb\",\"itemListElement\":[{\"@type\":\"ListItem\",\"position\":1,\"name\":\"In\u00edcio\",\"item\":\"https:\/\/copiamais.com\/lojaonline\/\"},{\"@type\":\"ListItem\",\"position\":2,\"name\":\"Loja\",\"item\":\"https:\/\/copiamais.com\/lojaonline\/loja\/\"},{\"@type\":\"ListItem\",\"position\":3,\"name\":\"T-shirt &#8211; Publica\u00e7\u00e3o Instagram (Dia da M\u00e3e)\"}]},{\"@type\":\"WebSite\",\"@id\":\"https:\/\/copiamais.com\/lojaonline\/#website\",\"url\":\"https:\/\/copiamais.com\/lojaonline\/\",\"name\":\"C\u00f3pia+ | Loja Online - Presentes Personalizados - Prendas Originais\",\"description\":\"Presentes para namorados, Dia do Pai, Dia da M\u00e3e, Dia dos Av\u00f3s, P\u00e1scoa...\",\"publisher\":{\"@id\":\"https:\/\/copiamais.com\/lojaonline\/#organization\"},\"potentialAction\":[{\"@type\":\"SearchAction\",\"target\":{\"@type\":\"EntryPoint\",\"urlTemplate\":\"https:\/\/copiamais.com\/lojaonline\/?s={search_term_string}\"},\"query-input\":{\"@type\":\"PropertyValueSpecification\",\"valueRequired\":true,\"valueName\":\"search_term_string\"}}],\"inLanguage\":\"pt-PT\"},{\"@type\":\"Organization\",\"@id\":\"https:\/\/copiamais.com\/lojaonline\/#organization\",\"name\":\"C\u00f3pia+\",\"url\":\"https:\/\/copiamais.com\/lojaonline\/\",\"logo\":{\"@type\":\"ImageObject\",\"inLanguage\":\"pt-PT\",\"@id\":\"https:\/\/copiamais.com\/lojaonline\/#\/schema\/logo\/image\/\",\"url\":\"https:\/\/copiamais.com\/lojaonline\/wp-content\/uploads\/2019\/08\/logo_copia.png\",\"contentUrl\":\"https:\/\/copiamais.com\/lojaonline\/wp-content\/uploads\/2019\/08\/logo_copia.png\",\"width\":150,\"height\":92,\"caption\":\"C\u00f3pia+\"},\"image\":{\"@id\":\"https:\/\/copiamais.com\/lojaonline\/#\/schema\/logo\/image\/\"}}]}<\/script>\n<!-- \/ Yoast SEO plugin. -->","yoast_head_json":{"title":"T-shirt - Publica\u00e7\u00e3o Instagram (Dia da M\u00e3e) - C\u00f3pia+ | Loja Online - Presentes Personalizados - Prendas Originais","description":"T-shirt - Vendo Sogra OLX","robots":{"index":"index","follow":"follow","max-snippet":"max-snippet:-1","max-image-preview":"max-image-preview:large","max-video-preview":"max-video-preview:-1"},"canonical":"https:\/\/copiamais.com\/lojaonline\/produto\/t-shirt-publicacao-instagram-dia-da-mae\/","og_locale":"pt_PT","og_type":"article","og_title":"T-shirt - Publica\u00e7\u00e3o Instagram (Dia da M\u00e3e) - C\u00f3pia+ | Loja Online - Presentes Personalizados - Prendas Originais","og_description":"T-shirt - Vendo Sogra OLX","og_url":"https:\/\/copiamais.com\/lojaonline\/produto\/t-shirt-publicacao-instagram-dia-da-mae\/","og_site_name":"C\u00f3pia+ | Loja Online - Presentes Personalizados - Prendas Originais","article_modified_time":"2023-03-23T13:14:30+00:00","og_image":[{"width":1700,"height":1700,"url":"https:\/\/copiamais.com\/lojaonline\/wp-content\/uploads\/2023\/03\/tshirt-branca-homem_139.jpg?v=1678906626","type":"image\/jpeg"}],"twitter_card":"summary_large_image","twitter_misc":{"Tempo estimado de leitura":"1 minuto"},"schema":{"@context":"https:\/\/schema.org","@graph":[{"@type":"WebPage","@id":"https:\/\/copiamais.com\/lojaonline\/produto\/t-shirt-publicacao-instagram-dia-da-mae\/","url":"https:\/\/copiamais.com\/lojaonline\/produto\/t-shirt-publicacao-instagram-dia-da-mae\/","name":"T-shirt - Publica\u00e7\u00e3o Instagram (Dia da M\u00e3e) - C\u00f3pia+ | Loja Online - Presentes Personalizados - Prendas Originais","isPartOf":{"@id":"https:\/\/copiamais.com\/lojaonline\/#website"},"primaryImageOfPage":{"@id":"https:\/\/copiamais.com\/lojaonline\/produto\/t-shirt-publicacao-instagram-dia-da-mae\/#primaryimage"},"image":{"@id":"https:\/\/copiamais.com\/lojaonline\/produto\/t-shirt-publicacao-instagram-dia-da-mae\/#primaryimage"},"thumbnailUrl":"https:\/\/copiamais.com\/lojaonline\/wp-content\/uploads\/2023\/03\/tshirt-branca-homem_139.jpg?v=1678906626","datePublished":"2023-03-14T17:48:07+00:00","dateModified":"2023-03-23T13:14:30+00:00","description":"T-shirt - Vendo Sogra OLX","breadcrumb":{"@id":"https:\/\/copiamais.com\/lojaonline\/produto\/t-shirt-publicacao-instagram-dia-da-mae\/#breadcrumb"},"inLanguage":"pt-PT","potentialAction":[{"@type":"ReadAction","target":["https:\/\/copiamais.com\/lojaonline\/produto\/t-shirt-publicacao-instagram-dia-da-mae\/"]}]},{"@type":"ImageObject","inLanguage":"pt-PT","@id":"https:\/\/copiamais.com\/lojaonline\/produto\/t-shirt-publicacao-instagram-dia-da-mae\/#primaryimage","url":"https:\/\/copiamais.com\/lojaonline\/wp-content\/uploads\/2023\/03\/tshirt-branca-homem_139.jpg?v=1678906626","contentUrl":"https:\/\/copiamais.com\/lojaonline\/wp-content\/uploads\/2023\/03\/tshirt-branca-homem_139.jpg?v=1678906626","width":1700,"height":1700,"caption":"t-shirt instagram dia da mae"},{"@type":"BreadcrumbList","@id":"https:\/\/copiamais.com\/lojaonline\/produto\/t-shirt-publicacao-instagram-dia-da-mae\/#breadcrumb","itemListElement":[{"@type":"ListItem","position":1,"name":"In\u00edcio","item":"https:\/\/copiamais.com\/lojaonline\/"},{"@type":"ListItem","position":2,"name":"Loja","item":"https:\/\/copiamais.com\/lojaonline\/loja\/"},{"@type":"ListItem","position":3,"name":"T-shirt &#8211; Publica\u00e7\u00e3o Instagram (Dia da M\u00e3e)"}]},{"@type":"WebSite","@id":"https:\/\/copiamais.com\/lojaonline\/#website","url":"https:\/\/copiamais.com\/lojaonline\/","name":"C\u00f3pia+ | Loja Online - Presentes Personalizados - Prendas Originais","description":"Presentes para namorados, Dia do Pai, Dia da M\u00e3e, Dia dos Av\u00f3s, P\u00e1scoa...","publisher":{"@id":"https:\/\/copiamais.com\/lojaonline\/#organization"},"potentialAction":[{"@type":"SearchAction","target":{"@type":"EntryPoint","urlTemplate":"https:\/\/copiamais.com\/lojaonline\/?s={search_term_string}"},"query-input":{"@type":"PropertyValueSpecification","valueRequired":true,"valueName":"search_term_string"}}],"inLanguage":"pt-PT"},{"@type":"Organization","@id":"https:\/\/copiamais.com\/lojaonline\/#organization","name":"C\u00f3pia+","url":"https:\/\/copiamais.com\/lojaonline\/","logo":{"@type":"ImageObject","inLanguage":"pt-PT","@id":"https:\/\/copiamais.com\/lojaonline\/#\/schema\/logo\/image\/","url":"https:\/\/copiamais.com\/lojaonline\/wp-content\/uploads\/2019\/08\/logo_copia.png","contentUrl":"https:\/\/copiamais.com\/lojaonline\/wp-content\/uploads\/2019\/08\/logo_copia.png","width":150,"height":92,"caption":"C\u00f3pia+"},"image":{"@id":"https:\/\/copiamais.com\/lojaonline\/#\/schema\/logo\/image\/"}}]}},"_links":{"self":[{"href":"https:\/\/copiamais.com\/lojaonline\/wp-json\/wp\/v2\/product\/15982","targetHints":{"allow":["GET"]}}],"collection":[{"href":"https:\/\/copiamais.com\/lojaonline\/wp-json\/wp\/v2\/product"}],"about":[{"href":"https:\/\/copiamais.com\/lojaonline\/wp-json\/wp\/v2\/types\/product"}],"replies":[{"embeddable":true,"href":"https:\/\/copiamais.com\/lojaonline\/wp-json\/wp\/v2\/comments?post=15982"}],"wp:featuredmedia":[{"embeddable":true,"href":"https:\/\/copiamais.com\/lojaonline\/wp-json\/wp\/v2\/media\/15999"}],"wp:attachment":[{"href":"https:\/\/copiamais.com\/lojaonline\/wp-json\/wp\/v2\/media?parent=15982"}],"wp:term":[{"taxonomy":"product_brand","embeddable":true,"href":"https:\/\/copiamais.com\/lojaonline\/wp-json\/wp\/v2\/product_brand?post=15982"},{"taxonomy":"product_cat","embeddable":true,"href":"https:\/\/copiamais.com\/lojaonline\/wp-json\/wp\/v2\/product_cat?post=15982"},{"taxonomy":"product_tag","embeddable":true,"href":"https:\/\/copiamais.com\/lojaonline\/wp-json\/wp\/v2\/product_tag?post=15982"}],"curies":[{"name":"wp","href":"https:\/\/api.w.org\/{rel}","templated":true}]}}