{"id":16053,"date":"2023-03-23T10:04:44","date_gmt":"2023-03-23T10:04:44","guid":{"rendered":"https:\/\/copiamais.com\/lojaonline\/?post_type=product&#038;p=16053"},"modified":"2023-04-11T09:04:03","modified_gmt":"2023-04-11T09:04:03","slug":"t-shirt-personalizacao-livre","status":"publish","type":"product","link":"https:\/\/copiamais.com\/lojaonline\/produto\/t-shirt-personalizacao-livre\/","title":{"rendered":"T-shirt &#8211; Personaliza\u00e7\u00e3o Livre"},"content":{"rendered":"<p>As t-shirts da C\u00f3pia+ s\u00e3o 100% algod\u00e3o.<br \/>\nEst\u00e3o dispon\u00edveis na cor branca e preta em diferentes modelos: modelo unissexo, modelo feminino e modelo crian\u00e7a.<br \/>\nConsulte o guia de tamanhos, <a href=\"http:\/\/copiamais.com\/lojaonline\/tamanhos\/\" target=\"_blank\" rel=\"noopener noreferrer\">AQUI<\/a>.<\/p>\n<p>As t-shirts de personaliza\u00e7\u00e3o livre t\u00eam \u00e1rea de personaliza\u00e7\u00e3o pr\u00e9-estipuladas para cada modelo:<\/p>\n<p style=\"padding-left: 40px;\">-Modelo unissexo S, M, L, XL: ret\u00e2ngulo com 21&#215;29,7cm (A4)<\/p>\n<p style=\"padding-left: 40px;\">-Modelo feminino S, M, L, XL: ret\u00e2ngulo com 21&#215;29,7cm (A4)<\/p>\n<p style=\"padding-left: 40px;\">-Modelo crian\u00e7a 1-2, 3-4, 5-6:\u00a0 ret\u00e2ngulo com 14,85x21cm (A5)<\/p>\n<p style=\"padding-left: 40px;\">-Modelo crian\u00e7a\u00a0 7-8, 12-13: ret\u00e2ngulo com 14,85x21cm (A4)<\/p>\n<p>&nbsp;<\/p>\n<p>O ret\u00e2ngulo estampado \u00e9 branco por defeito e pode colocar o que desejar dentro da \u00e1rea de personaliza\u00e7\u00e3o.<br \/>\nMesmo que a \u00e1rea de personaliza\u00e7\u00e3o n\u00e3o seja totalmente preenchida, ser\u00e1 na mesma estampado um ret\u00e2ngulo com as dimens\u00f5es indicadas acima.<\/p>\n<p>&nbsp;<\/p>\n<blockquote><p><strong>Clique no bot\u00e3o &#8220;Personalizar&#8221; para avan\u00e7ar para a p\u00e1gina de personaliza\u00e7\u00e3o do artigo.<\/strong><\/p><\/blockquote>\n<blockquote><p>&nbsp;<\/p><\/blockquote>\n<p>No caso de querer um estampado com recorte \u00e0 forma ou noutras zonas da t-shirt, contacte-nos.<\/p>\n<p>&nbsp;<\/p>\n<p><em>*Imagem meramente ilustrativa.<br \/>\nPode haver pequenas varia\u00e7\u00f5es de cor da imagem do produto para o produto final devido \u00e0 mudan\u00e7a do modo de cor de RGB para CMYK.<\/em><\/p>\n","protected":false},"excerpt":{"rendered":"<p>As t-shirts da C\u00f3pia+ s\u00e3o 100% algod\u00e3o. Est\u00e3o dispon\u00edveis na cor branca e preta em diferentes modelos: modelo unissexo, modelo feminino e modelo crian\u00e7a. Consulte o guia de tamanhos, AQUI. As t-shirts de personaliza\u00e7\u00e3o livre t\u00eam \u00e1rea de personaliza\u00e7\u00e3o pr\u00e9-estipuladas para cada modelo: -Modelo unissexo S, M, L, XL: ret\u00e2ngulo com 21&#215;29,7cm (A4) -Modelo feminino<\/p>\n","protected":false},"featured_media":16494,"comment_status":"open","ping_status":"closed","template":"","meta":{"_monsterinsights_skip_tracking":false,"_monsterinsights_sitenote_active":false,"_monsterinsights_sitenote_note":"","_monsterinsights_sitenote_category":0},"product_brand":[],"product_cat":[223,71,74],"product_tag":[100,216],"class_list":{"0":"post-16053","1":"product","2":"type-product","3":"status-publish","4":"has-post-thumbnail","6":"product_cat-personalizacao-livre-tshirts","7":"product_cat-vestuario","8":"product_cat-tshirts","9":"product_tag-artigos-personalizaveis","10":"product_tag-personalizacao-livre","12":"first","13":"instock","14":"taxable","15":"shipping-taxable","16":"purchasable","17":"product-type-variable"},"yoast_head":"<!-- This site is optimized with the Yoast SEO plugin v25.5 - https:\/\/yoast.com\/wordpress\/plugins\/seo\/ -->\n<title>T-shirt - Personaliza\u00e7\u00e3o Livre - C\u00f3pia+ | Loja Online - Presentes Personalizados - Prendas Originais<\/title>\n<meta name=\"description\" content=\"T-shirt - Vendo Sogra OLX\" \/>\n<meta name=\"robots\" content=\"index, follow, max-snippet:-1, max-image-preview:large, max-video-preview:-1\" \/>\n<link rel=\"canonical\" href=\"https:\/\/copiamais.com\/lojaonline\/produto\/t-shirt-personalizacao-livre\/\" \/>\n<meta property=\"og:locale\" content=\"pt_PT\" \/>\n<meta property=\"og:type\" content=\"article\" \/>\n<meta property=\"og:title\" content=\"T-shirt - Personaliza\u00e7\u00e3o Livre - C\u00f3pia+ | Loja Online - Presentes Personalizados - Prendas Originais\" \/>\n<meta property=\"og:description\" content=\"T-shirt - Vendo Sogra OLX\" \/>\n<meta property=\"og:url\" content=\"https:\/\/copiamais.com\/lojaonline\/produto\/t-shirt-personalizacao-livre\/\" \/>\n<meta property=\"og:site_name\" content=\"C\u00f3pia+ | Loja Online - Presentes Personalizados - Prendas Originais\" \/>\n<meta property=\"article:modified_time\" content=\"2023-04-11T09:04:03+00:00\" \/>\n<meta property=\"og:image\" content=\"https:\/\/copiamais.com\/lojaonline\/wp-content\/uploads\/2023\/03\/tshirtpersonalizada.jpg?v=1684854026\" \/>\n\t<meta property=\"og:image:width\" content=\"1145\" \/>\n\t<meta property=\"og:image:height\" content=\"1336\" \/>\n\t<meta property=\"og:image:type\" content=\"image\/jpeg\" \/>\n<meta name=\"twitter:card\" content=\"summary_large_image\" \/>\n<meta name=\"twitter:label1\" content=\"Tempo estimado de leitura\" \/>\n\t<meta name=\"twitter:data1\" content=\"1 minuto\" \/>\n<script type=\"application\/ld+json\" class=\"yoast-schema-graph\">{\"@context\":\"https:\/\/schema.org\",\"@graph\":[{\"@type\":\"WebPage\",\"@id\":\"https:\/\/copiamais.com\/lojaonline\/produto\/t-shirt-personalizacao-livre\/\",\"url\":\"https:\/\/copiamais.com\/lojaonline\/produto\/t-shirt-personalizacao-livre\/\",\"name\":\"T-shirt - Personaliza\u00e7\u00e3o Livre - C\u00f3pia+ | Loja Online - Presentes Personalizados - Prendas Originais\",\"isPartOf\":{\"@id\":\"https:\/\/copiamais.com\/lojaonline\/#website\"},\"primaryImageOfPage\":{\"@id\":\"https:\/\/copiamais.com\/lojaonline\/produto\/t-shirt-personalizacao-livre\/#primaryimage\"},\"image\":{\"@id\":\"https:\/\/copiamais.com\/lojaonline\/produto\/t-shirt-personalizacao-livre\/#primaryimage\"},\"thumbnailUrl\":\"https:\/\/copiamais.com\/lojaonline\/wp-content\/uploads\/2023\/03\/tshirtpersonalizada.jpg?v=1684854026\",\"datePublished\":\"2023-03-23T10:04:44+00:00\",\"dateModified\":\"2023-04-11T09:04:03+00:00\",\"description\":\"T-shirt - Vendo Sogra OLX\",\"breadcrumb\":{\"@id\":\"https:\/\/copiamais.com\/lojaonline\/produto\/t-shirt-personalizacao-livre\/#breadcrumb\"},\"inLanguage\":\"pt-PT\",\"potentialAction\":[{\"@type\":\"ReadAction\",\"target\":[\"https:\/\/copiamais.com\/lojaonline\/produto\/t-shirt-personalizacao-livre\/\"]}]},{\"@type\":\"ImageObject\",\"inLanguage\":\"pt-PT\",\"@id\":\"https:\/\/copiamais.com\/lojaonline\/produto\/t-shirt-personalizacao-livre\/#primaryimage\",\"url\":\"https:\/\/copiamais.com\/lojaonline\/wp-content\/uploads\/2023\/03\/tshirtpersonalizada.jpg?v=1684854026\",\"contentUrl\":\"https:\/\/copiamais.com\/lojaonline\/wp-content\/uploads\/2023\/03\/tshirtpersonalizada.jpg?v=1684854026\",\"width\":1145,\"height\":1336,\"caption\":\"t-shirt personaliza\u00e7\u00e3o livre\"},{\"@type\":\"BreadcrumbList\",\"@id\":\"https:\/\/copiamais.com\/lojaonline\/produto\/t-shirt-personalizacao-livre\/#breadcrumb\",\"itemListElement\":[{\"@type\":\"ListItem\",\"position\":1,\"name\":\"In\u00edcio\",\"item\":\"https:\/\/copiamais.com\/lojaonline\/\"},{\"@type\":\"ListItem\",\"position\":2,\"name\":\"Loja\",\"item\":\"https:\/\/copiamais.com\/lojaonline\/loja\/\"},{\"@type\":\"ListItem\",\"position\":3,\"name\":\"T-shirt &#8211; Personaliza\u00e7\u00e3o Livre\"}]},{\"@type\":\"WebSite\",\"@id\":\"https:\/\/copiamais.com\/lojaonline\/#website\",\"url\":\"https:\/\/copiamais.com\/lojaonline\/\",\"name\":\"C\u00f3pia+ | Loja Online - Presentes Personalizados - Prendas Originais\",\"description\":\"Presentes para namorados, Dia do Pai, Dia da M\u00e3e, Dia dos Av\u00f3s, P\u00e1scoa...\",\"publisher\":{\"@id\":\"https:\/\/copiamais.com\/lojaonline\/#organization\"},\"potentialAction\":[{\"@type\":\"SearchAction\",\"target\":{\"@type\":\"EntryPoint\",\"urlTemplate\":\"https:\/\/copiamais.com\/lojaonline\/?s={search_term_string}\"},\"query-input\":{\"@type\":\"PropertyValueSpecification\",\"valueRequired\":true,\"valueName\":\"search_term_string\"}}],\"inLanguage\":\"pt-PT\"},{\"@type\":\"Organization\",\"@id\":\"https:\/\/copiamais.com\/lojaonline\/#organization\",\"name\":\"C\u00f3pia+\",\"url\":\"https:\/\/copiamais.com\/lojaonline\/\",\"logo\":{\"@type\":\"ImageObject\",\"inLanguage\":\"pt-PT\",\"@id\":\"https:\/\/copiamais.com\/lojaonline\/#\/schema\/logo\/image\/\",\"url\":\"https:\/\/copiamais.com\/lojaonline\/wp-content\/uploads\/2019\/08\/logo_copia.png\",\"contentUrl\":\"https:\/\/copiamais.com\/lojaonline\/wp-content\/uploads\/2019\/08\/logo_copia.png\",\"width\":150,\"height\":92,\"caption\":\"C\u00f3pia+\"},\"image\":{\"@id\":\"https:\/\/copiamais.com\/lojaonline\/#\/schema\/logo\/image\/\"}}]}<\/script>\n<!-- \/ Yoast SEO plugin. -->","yoast_head_json":{"title":"T-shirt - Personaliza\u00e7\u00e3o Livre - C\u00f3pia+ | Loja Online - Presentes Personalizados - Prendas Originais","description":"T-shirt - Vendo Sogra OLX","robots":{"index":"index","follow":"follow","max-snippet":"max-snippet:-1","max-image-preview":"max-image-preview:large","max-video-preview":"max-video-preview:-1"},"canonical":"https:\/\/copiamais.com\/lojaonline\/produto\/t-shirt-personalizacao-livre\/","og_locale":"pt_PT","og_type":"article","og_title":"T-shirt - Personaliza\u00e7\u00e3o Livre - C\u00f3pia+ | Loja Online - Presentes Personalizados - Prendas Originais","og_description":"T-shirt - Vendo Sogra OLX","og_url":"https:\/\/copiamais.com\/lojaonline\/produto\/t-shirt-personalizacao-livre\/","og_site_name":"C\u00f3pia+ | Loja Online - Presentes Personalizados - Prendas Originais","article_modified_time":"2023-04-11T09:04:03+00:00","og_image":[{"width":1145,"height":1336,"url":"https:\/\/copiamais.com\/lojaonline\/wp-content\/uploads\/2023\/03\/tshirtpersonalizada.jpg?v=1684854026","type":"image\/jpeg"}],"twitter_card":"summary_large_image","twitter_misc":{"Tempo estimado de leitura":"1 minuto"},"schema":{"@context":"https:\/\/schema.org","@graph":[{"@type":"WebPage","@id":"https:\/\/copiamais.com\/lojaonline\/produto\/t-shirt-personalizacao-livre\/","url":"https:\/\/copiamais.com\/lojaonline\/produto\/t-shirt-personalizacao-livre\/","name":"T-shirt - Personaliza\u00e7\u00e3o Livre - C\u00f3pia+ | Loja Online - Presentes Personalizados - Prendas Originais","isPartOf":{"@id":"https:\/\/copiamais.com\/lojaonline\/#website"},"primaryImageOfPage":{"@id":"https:\/\/copiamais.com\/lojaonline\/produto\/t-shirt-personalizacao-livre\/#primaryimage"},"image":{"@id":"https:\/\/copiamais.com\/lojaonline\/produto\/t-shirt-personalizacao-livre\/#primaryimage"},"thumbnailUrl":"https:\/\/copiamais.com\/lojaonline\/wp-content\/uploads\/2023\/03\/tshirtpersonalizada.jpg?v=1684854026","datePublished":"2023-03-23T10:04:44+00:00","dateModified":"2023-04-11T09:04:03+00:00","description":"T-shirt - Vendo Sogra OLX","breadcrumb":{"@id":"https:\/\/copiamais.com\/lojaonline\/produto\/t-shirt-personalizacao-livre\/#breadcrumb"},"inLanguage":"pt-PT","potentialAction":[{"@type":"ReadAction","target":["https:\/\/copiamais.com\/lojaonline\/produto\/t-shirt-personalizacao-livre\/"]}]},{"@type":"ImageObject","inLanguage":"pt-PT","@id":"https:\/\/copiamais.com\/lojaonline\/produto\/t-shirt-personalizacao-livre\/#primaryimage","url":"https:\/\/copiamais.com\/lojaonline\/wp-content\/uploads\/2023\/03\/tshirtpersonalizada.jpg?v=1684854026","contentUrl":"https:\/\/copiamais.com\/lojaonline\/wp-content\/uploads\/2023\/03\/tshirtpersonalizada.jpg?v=1684854026","width":1145,"height":1336,"caption":"t-shirt personaliza\u00e7\u00e3o livre"},{"@type":"BreadcrumbList","@id":"https:\/\/copiamais.com\/lojaonline\/produto\/t-shirt-personalizacao-livre\/#breadcrumb","itemListElement":[{"@type":"ListItem","position":1,"name":"In\u00edcio","item":"https:\/\/copiamais.com\/lojaonline\/"},{"@type":"ListItem","position":2,"name":"Loja","item":"https:\/\/copiamais.com\/lojaonline\/loja\/"},{"@type":"ListItem","position":3,"name":"T-shirt &#8211; Personaliza\u00e7\u00e3o Livre"}]},{"@type":"WebSite","@id":"https:\/\/copiamais.com\/lojaonline\/#website","url":"https:\/\/copiamais.com\/lojaonline\/","name":"C\u00f3pia+ | Loja Online - Presentes Personalizados - Prendas Originais","description":"Presentes para namorados, Dia do Pai, Dia da M\u00e3e, Dia dos Av\u00f3s, P\u00e1scoa...","publisher":{"@id":"https:\/\/copiamais.com\/lojaonline\/#organization"},"potentialAction":[{"@type":"SearchAction","target":{"@type":"EntryPoint","urlTemplate":"https:\/\/copiamais.com\/lojaonline\/?s={search_term_string}"},"query-input":{"@type":"PropertyValueSpecification","valueRequired":true,"valueName":"search_term_string"}}],"inLanguage":"pt-PT"},{"@type":"Organization","@id":"https:\/\/copiamais.com\/lojaonline\/#organization","name":"C\u00f3pia+","url":"https:\/\/copiamais.com\/lojaonline\/","logo":{"@type":"ImageObject","inLanguage":"pt-PT","@id":"https:\/\/copiamais.com\/lojaonline\/#\/schema\/logo\/image\/","url":"https:\/\/copiamais.com\/lojaonline\/wp-content\/uploads\/2019\/08\/logo_copia.png","contentUrl":"https:\/\/copiamais.com\/lojaonline\/wp-content\/uploads\/2019\/08\/logo_copia.png","width":150,"height":92,"caption":"C\u00f3pia+"},"image":{"@id":"https:\/\/copiamais.com\/lojaonline\/#\/schema\/logo\/image\/"}}]}},"_links":{"self":[{"href":"https:\/\/copiamais.com\/lojaonline\/wp-json\/wp\/v2\/product\/16053","targetHints":{"allow":["GET"]}}],"collection":[{"href":"https:\/\/copiamais.com\/lojaonline\/wp-json\/wp\/v2\/product"}],"about":[{"href":"https:\/\/copiamais.com\/lojaonline\/wp-json\/wp\/v2\/types\/product"}],"replies":[{"embeddable":true,"href":"https:\/\/copiamais.com\/lojaonline\/wp-json\/wp\/v2\/comments?post=16053"}],"wp:featuredmedia":[{"embeddable":true,"href":"https:\/\/copiamais.com\/lojaonline\/wp-json\/wp\/v2\/media\/16494"}],"wp:attachment":[{"href":"https:\/\/copiamais.com\/lojaonline\/wp-json\/wp\/v2\/media?parent=16053"}],"wp:term":[{"taxonomy":"product_brand","embeddable":true,"href":"https:\/\/copiamais.com\/lojaonline\/wp-json\/wp\/v2\/product_brand?post=16053"},{"taxonomy":"product_cat","embeddable":true,"href":"https:\/\/copiamais.com\/lojaonline\/wp-json\/wp\/v2\/product_cat?post=16053"},{"taxonomy":"product_tag","embeddable":true,"href":"https:\/\/copiamais.com\/lojaonline\/wp-json\/wp\/v2\/product_tag?post=16053"}],"curies":[{"name":"wp","href":"https:\/\/api.w.org\/{rel}","templated":true}]}}