{"id":17411,"date":"2023-06-23T13:39:58","date_gmt":"2023-06-23T13:39:58","guid":{"rendered":"https:\/\/copiamais.com\/lojaonline\/?post_type=product&#038;p=17411"},"modified":"2023-09-15T09:28:58","modified_gmt":"2023-09-15T09:28:58","slug":"caixa-de-vinho-personalizada-wine-not-copia","status":"publish","type":"product","link":"https:\/\/copiamais.com\/lojaonline\/produto\/caixa-de-vinho-personalizada-wine-not-copia\/","title":{"rendered":"Caixa de Vinho Personalizada &#8211; Casal"},"content":{"rendered":"<p data-offset-key=\"3omh6-0-0\">Caixa para garrafa de vinho em madeira com tampa frontal remov\u00edvel e personaliz\u00e1vel.<\/p>\n<blockquote><p><strong>Aten\u00e7\u00e3o!<\/strong><\/p>\n<p><strong>Preencha as caixas acima com os textos a editar:<\/strong><br \/>\nNomes do casal\u00a0 &#8211; a trocar por &#8220;Helena&#8221; e &#8220;Tiago&#8221;.<br \/>\nData a colocar &#8211; a trocar por\u00a0 &#8220;05\/08\/2023&#8221;.<\/p>\n<p>&nbsp;<\/p><\/blockquote>\n<p>&nbsp;<\/p>\n<p>Dimens\u00f5es:<br \/>\nCaixa: 10,8&#215;10,5&#215;36,5cm<br \/>\nInterior da caixa: 9x9x35cm<\/p>\n<p>&nbsp;<\/p>\n<p>N\u00e3o inclui garrafa de vinho.<\/p>\n<p><em>*Imagem meramente ilustrativa.<\/em><br \/>\n<em>Pode haver pequenas varia\u00e7\u00f5es de cor da imagem do produto para o produto final devido \u00e0 mudan\u00e7a do modo de cor de RGB para CMYK.<\/em><\/p>\n","protected":false},"excerpt":{"rendered":"<p>Caixa para garrafa de vinho em madeira com tampa frontal remov\u00edvel e personaliz\u00e1vel. Aten\u00e7\u00e3o! Preencha as caixas acima com os textos a editar: Nomes do casal\u00a0 &#8211; a trocar por &#8220;Helena&#8221; e &#8220;Tiago&#8221;. Data a colocar &#8211; a trocar por\u00a0 &#8220;05\/08\/2023&#8221;. &nbsp; &nbsp; Dimens\u00f5es: Caixa: 10,8&#215;10,5&#215;36,5cm Interior da caixa: 9x9x35cm &nbsp; N\u00e3o inclui garrafa de<\/p>\n","protected":false},"featured_media":17412,"comment_status":"open","ping_status":"closed","template":"","meta":{"_monsterinsights_skip_tracking":false,"_monsterinsights_sitenote_active":false,"_monsterinsights_sitenote_note":"","_monsterinsights_sitenote_category":0},"product_brand":[],"product_cat":[242,226,224,225],"product_tag":[100,112,115,96],"class_list":{"0":"post-17411","1":"product","2":"type-product","3":"status-publish","4":"has-post-thumbnail","6":"product_cat-1-garrafa-so-caixa","7":"product_cat-caixa-de-vinho-1-1","8":"product_cat-caixas-de-vinho","9":"product_cat-modelos-pre-criados-1","10":"product_tag-artigos-personalizaveis","11":"product_tag-bebida","12":"product_tag-casais","13":"product_tag-casamento","15":"first","16":"instock","17":"taxable","18":"shipping-taxable","19":"purchasable","20":"product-type-simple"},"yoast_head":"<!-- This site is optimized with the Yoast SEO plugin v25.5 - https:\/\/yoast.com\/wordpress\/plugins\/seo\/ -->\n<title>Caixa de Vinho Personalizada - Casal - C\u00f3pia+ | Loja Online - Presentes Personalizados - Prendas Originais<\/title>\n<meta name=\"description\" content=\"Caneca - Camisola F.C. Porto\" \/>\n<meta name=\"robots\" content=\"index, follow, max-snippet:-1, max-image-preview:large, max-video-preview:-1\" \/>\n<link rel=\"canonical\" href=\"https:\/\/copiamais.com\/lojaonline\/produto\/caixa-de-vinho-personalizada-wine-not-copia\/\" \/>\n<meta property=\"og:locale\" content=\"pt_PT\" \/>\n<meta property=\"og:type\" content=\"article\" \/>\n<meta property=\"og:title\" content=\"Caixa de Vinho Personalizada - Casal - C\u00f3pia+ | Loja Online - Presentes Personalizados - Prendas Originais\" \/>\n<meta property=\"og:description\" content=\"Caneca - Camisola F.C. Porto\" \/>\n<meta property=\"og:url\" content=\"https:\/\/copiamais.com\/lojaonline\/produto\/caixa-de-vinho-personalizada-wine-not-copia\/\" \/>\n<meta property=\"og:site_name\" content=\"C\u00f3pia+ | Loja Online - Presentes Personalizados - Prendas Originais\" \/>\n<meta property=\"article:modified_time\" content=\"2023-09-15T09:28:58+00:00\" \/>\n<meta property=\"og:image\" content=\"https:\/\/copiamais.com\/lojaonline\/wp-content\/uploads\/2023\/06\/modelo25.2.jpg?v=1687535554\" \/>\n\t<meta property=\"og:image:width\" content=\"890\" \/>\n\t<meta property=\"og:image:height\" content=\"890\" \/>\n\t<meta property=\"og:image:type\" content=\"image\/jpeg\" \/>\n<meta name=\"twitter:card\" content=\"summary_large_image\" \/>\n<meta name=\"twitter:label1\" content=\"Tempo estimado de leitura\" \/>\n\t<meta name=\"twitter:data1\" content=\"1 minuto\" \/>\n<script type=\"application\/ld+json\" class=\"yoast-schema-graph\">{\"@context\":\"https:\/\/schema.org\",\"@graph\":[{\"@type\":\"WebPage\",\"@id\":\"https:\/\/copiamais.com\/lojaonline\/produto\/caixa-de-vinho-personalizada-wine-not-copia\/\",\"url\":\"https:\/\/copiamais.com\/lojaonline\/produto\/caixa-de-vinho-personalizada-wine-not-copia\/\",\"name\":\"Caixa de Vinho Personalizada - Casal - C\u00f3pia+ | Loja Online - Presentes Personalizados - Prendas Originais\",\"isPartOf\":{\"@id\":\"https:\/\/copiamais.com\/lojaonline\/#website\"},\"primaryImageOfPage\":{\"@id\":\"https:\/\/copiamais.com\/lojaonline\/produto\/caixa-de-vinho-personalizada-wine-not-copia\/#primaryimage\"},\"image\":{\"@id\":\"https:\/\/copiamais.com\/lojaonline\/produto\/caixa-de-vinho-personalizada-wine-not-copia\/#primaryimage\"},\"thumbnailUrl\":\"https:\/\/copiamais.com\/lojaonline\/wp-content\/uploads\/2023\/06\/modelo25.2.jpg?v=1687535554\",\"datePublished\":\"2023-06-23T13:39:58+00:00\",\"dateModified\":\"2023-09-15T09:28:58+00:00\",\"description\":\"Caneca - Camisola F.C. Porto\",\"breadcrumb\":{\"@id\":\"https:\/\/copiamais.com\/lojaonline\/produto\/caixa-de-vinho-personalizada-wine-not-copia\/#breadcrumb\"},\"inLanguage\":\"pt-PT\",\"potentialAction\":[{\"@type\":\"ReadAction\",\"target\":[\"https:\/\/copiamais.com\/lojaonline\/produto\/caixa-de-vinho-personalizada-wine-not-copia\/\"]}]},{\"@type\":\"ImageObject\",\"inLanguage\":\"pt-PT\",\"@id\":\"https:\/\/copiamais.com\/lojaonline\/produto\/caixa-de-vinho-personalizada-wine-not-copia\/#primaryimage\",\"url\":\"https:\/\/copiamais.com\/lojaonline\/wp-content\/uploads\/2023\/06\/modelo25.2.jpg?v=1687535554\",\"contentUrl\":\"https:\/\/copiamais.com\/lojaonline\/wp-content\/uploads\/2023\/06\/modelo25.2.jpg?v=1687535554\",\"width\":890,\"height\":890,\"caption\":\"caixa para garrafa de vinho casamento c\u00f3pia+\"},{\"@type\":\"BreadcrumbList\",\"@id\":\"https:\/\/copiamais.com\/lojaonline\/produto\/caixa-de-vinho-personalizada-wine-not-copia\/#breadcrumb\",\"itemListElement\":[{\"@type\":\"ListItem\",\"position\":1,\"name\":\"In\u00edcio\",\"item\":\"https:\/\/copiamais.com\/lojaonline\/\"},{\"@type\":\"ListItem\",\"position\":2,\"name\":\"Loja\",\"item\":\"https:\/\/copiamais.com\/lojaonline\/loja\/\"},{\"@type\":\"ListItem\",\"position\":3,\"name\":\"Caixa de Vinho Personalizada &#8211; Casal\"}]},{\"@type\":\"WebSite\",\"@id\":\"https:\/\/copiamais.com\/lojaonline\/#website\",\"url\":\"https:\/\/copiamais.com\/lojaonline\/\",\"name\":\"C\u00f3pia+ | Loja Online - Presentes Personalizados - Prendas Originais\",\"description\":\"Presentes para namorados, Dia do Pai, Dia da M\u00e3e, Dia dos Av\u00f3s, P\u00e1scoa...\",\"publisher\":{\"@id\":\"https:\/\/copiamais.com\/lojaonline\/#organization\"},\"potentialAction\":[{\"@type\":\"SearchAction\",\"target\":{\"@type\":\"EntryPoint\",\"urlTemplate\":\"https:\/\/copiamais.com\/lojaonline\/?s={search_term_string}\"},\"query-input\":{\"@type\":\"PropertyValueSpecification\",\"valueRequired\":true,\"valueName\":\"search_term_string\"}}],\"inLanguage\":\"pt-PT\"},{\"@type\":\"Organization\",\"@id\":\"https:\/\/copiamais.com\/lojaonline\/#organization\",\"name\":\"C\u00f3pia+\",\"url\":\"https:\/\/copiamais.com\/lojaonline\/\",\"logo\":{\"@type\":\"ImageObject\",\"inLanguage\":\"pt-PT\",\"@id\":\"https:\/\/copiamais.com\/lojaonline\/#\/schema\/logo\/image\/\",\"url\":\"https:\/\/copiamais.com\/lojaonline\/wp-content\/uploads\/2019\/08\/logo_copia.png\",\"contentUrl\":\"https:\/\/copiamais.com\/lojaonline\/wp-content\/uploads\/2019\/08\/logo_copia.png\",\"width\":150,\"height\":92,\"caption\":\"C\u00f3pia+\"},\"image\":{\"@id\":\"https:\/\/copiamais.com\/lojaonline\/#\/schema\/logo\/image\/\"}}]}<\/script>\n<!-- \/ Yoast SEO plugin. -->","yoast_head_json":{"title":"Caixa de Vinho Personalizada - Casal - C\u00f3pia+ | Loja Online - Presentes Personalizados - Prendas Originais","description":"Caneca - Camisola F.C. Porto","robots":{"index":"index","follow":"follow","max-snippet":"max-snippet:-1","max-image-preview":"max-image-preview:large","max-video-preview":"max-video-preview:-1"},"canonical":"https:\/\/copiamais.com\/lojaonline\/produto\/caixa-de-vinho-personalizada-wine-not-copia\/","og_locale":"pt_PT","og_type":"article","og_title":"Caixa de Vinho Personalizada - Casal - C\u00f3pia+ | Loja Online - Presentes Personalizados - Prendas Originais","og_description":"Caneca - Camisola F.C. Porto","og_url":"https:\/\/copiamais.com\/lojaonline\/produto\/caixa-de-vinho-personalizada-wine-not-copia\/","og_site_name":"C\u00f3pia+ | Loja Online - Presentes Personalizados - Prendas Originais","article_modified_time":"2023-09-15T09:28:58+00:00","og_image":[{"width":890,"height":890,"url":"https:\/\/copiamais.com\/lojaonline\/wp-content\/uploads\/2023\/06\/modelo25.2.jpg?v=1687535554","type":"image\/jpeg"}],"twitter_card":"summary_large_image","twitter_misc":{"Tempo estimado de leitura":"1 minuto"},"schema":{"@context":"https:\/\/schema.org","@graph":[{"@type":"WebPage","@id":"https:\/\/copiamais.com\/lojaonline\/produto\/caixa-de-vinho-personalizada-wine-not-copia\/","url":"https:\/\/copiamais.com\/lojaonline\/produto\/caixa-de-vinho-personalizada-wine-not-copia\/","name":"Caixa de Vinho Personalizada - Casal - C\u00f3pia+ | Loja Online - Presentes Personalizados - Prendas Originais","isPartOf":{"@id":"https:\/\/copiamais.com\/lojaonline\/#website"},"primaryImageOfPage":{"@id":"https:\/\/copiamais.com\/lojaonline\/produto\/caixa-de-vinho-personalizada-wine-not-copia\/#primaryimage"},"image":{"@id":"https:\/\/copiamais.com\/lojaonline\/produto\/caixa-de-vinho-personalizada-wine-not-copia\/#primaryimage"},"thumbnailUrl":"https:\/\/copiamais.com\/lojaonline\/wp-content\/uploads\/2023\/06\/modelo25.2.jpg?v=1687535554","datePublished":"2023-06-23T13:39:58+00:00","dateModified":"2023-09-15T09:28:58+00:00","description":"Caneca - Camisola F.C. Porto","breadcrumb":{"@id":"https:\/\/copiamais.com\/lojaonline\/produto\/caixa-de-vinho-personalizada-wine-not-copia\/#breadcrumb"},"inLanguage":"pt-PT","potentialAction":[{"@type":"ReadAction","target":["https:\/\/copiamais.com\/lojaonline\/produto\/caixa-de-vinho-personalizada-wine-not-copia\/"]}]},{"@type":"ImageObject","inLanguage":"pt-PT","@id":"https:\/\/copiamais.com\/lojaonline\/produto\/caixa-de-vinho-personalizada-wine-not-copia\/#primaryimage","url":"https:\/\/copiamais.com\/lojaonline\/wp-content\/uploads\/2023\/06\/modelo25.2.jpg?v=1687535554","contentUrl":"https:\/\/copiamais.com\/lojaonline\/wp-content\/uploads\/2023\/06\/modelo25.2.jpg?v=1687535554","width":890,"height":890,"caption":"caixa para garrafa de vinho casamento c\u00f3pia+"},{"@type":"BreadcrumbList","@id":"https:\/\/copiamais.com\/lojaonline\/produto\/caixa-de-vinho-personalizada-wine-not-copia\/#breadcrumb","itemListElement":[{"@type":"ListItem","position":1,"name":"In\u00edcio","item":"https:\/\/copiamais.com\/lojaonline\/"},{"@type":"ListItem","position":2,"name":"Loja","item":"https:\/\/copiamais.com\/lojaonline\/loja\/"},{"@type":"ListItem","position":3,"name":"Caixa de Vinho Personalizada &#8211; Casal"}]},{"@type":"WebSite","@id":"https:\/\/copiamais.com\/lojaonline\/#website","url":"https:\/\/copiamais.com\/lojaonline\/","name":"C\u00f3pia+ | Loja Online - Presentes Personalizados - Prendas Originais","description":"Presentes para namorados, Dia do Pai, Dia da M\u00e3e, Dia dos Av\u00f3s, P\u00e1scoa...","publisher":{"@id":"https:\/\/copiamais.com\/lojaonline\/#organization"},"potentialAction":[{"@type":"SearchAction","target":{"@type":"EntryPoint","urlTemplate":"https:\/\/copiamais.com\/lojaonline\/?s={search_term_string}"},"query-input":{"@type":"PropertyValueSpecification","valueRequired":true,"valueName":"search_term_string"}}],"inLanguage":"pt-PT"},{"@type":"Organization","@id":"https:\/\/copiamais.com\/lojaonline\/#organization","name":"C\u00f3pia+","url":"https:\/\/copiamais.com\/lojaonline\/","logo":{"@type":"ImageObject","inLanguage":"pt-PT","@id":"https:\/\/copiamais.com\/lojaonline\/#\/schema\/logo\/image\/","url":"https:\/\/copiamais.com\/lojaonline\/wp-content\/uploads\/2019\/08\/logo_copia.png","contentUrl":"https:\/\/copiamais.com\/lojaonline\/wp-content\/uploads\/2019\/08\/logo_copia.png","width":150,"height":92,"caption":"C\u00f3pia+"},"image":{"@id":"https:\/\/copiamais.com\/lojaonline\/#\/schema\/logo\/image\/"}}]}},"_links":{"self":[{"href":"https:\/\/copiamais.com\/lojaonline\/wp-json\/wp\/v2\/product\/17411","targetHints":{"allow":["GET"]}}],"collection":[{"href":"https:\/\/copiamais.com\/lojaonline\/wp-json\/wp\/v2\/product"}],"about":[{"href":"https:\/\/copiamais.com\/lojaonline\/wp-json\/wp\/v2\/types\/product"}],"replies":[{"embeddable":true,"href":"https:\/\/copiamais.com\/lojaonline\/wp-json\/wp\/v2\/comments?post=17411"}],"wp:featuredmedia":[{"embeddable":true,"href":"https:\/\/copiamais.com\/lojaonline\/wp-json\/wp\/v2\/media\/17412"}],"wp:attachment":[{"href":"https:\/\/copiamais.com\/lojaonline\/wp-json\/wp\/v2\/media?parent=17411"}],"wp:term":[{"taxonomy":"product_brand","embeddable":true,"href":"https:\/\/copiamais.com\/lojaonline\/wp-json\/wp\/v2\/product_brand?post=17411"},{"taxonomy":"product_cat","embeddable":true,"href":"https:\/\/copiamais.com\/lojaonline\/wp-json\/wp\/v2\/product_cat?post=17411"},{"taxonomy":"product_tag","embeddable":true,"href":"https:\/\/copiamais.com\/lojaonline\/wp-json\/wp\/v2\/product_tag?post=17411"}],"curies":[{"name":"wp","href":"https:\/\/api.w.org\/{rel}","templated":true}]}}