{"id":17855,"date":"2023-09-15T16:47:39","date_gmt":"2023-09-15T16:47:39","guid":{"rendered":"https:\/\/copiamais.com\/lojaonline\/?post_type=product&#038;p=17855"},"modified":"2023-09-18T16:07:29","modified_gmt":"2023-09-18T16:07:29","slug":"caixa-de-vinho-personalizada-aniversario-2","status":"publish","type":"product","link":"https:\/\/copiamais.com\/lojaonline\/produto\/caixa-de-vinho-personalizada-aniversario-2\/","title":{"rendered":"Caixa de Vinho Personalizada &#8211; Anivers\u00e1rio"},"content":{"rendered":"<p data-offset-key=\"3omh6-0-0\">Caixa para 2 garrafas de vinho em madeira com tampa frontal remov\u00edvel e personaliz\u00e1vel.<\/p>\n<blockquote><p><strong>Aten\u00e7\u00e3o!<\/strong><\/p>\n<p><strong>Preencha as caixas acima com os textos a editar e carregue a imagem:<\/strong><\/p>\n<p><span style=\"color: #0000ff;\">N\u00famero de Anivers\u00e1rio &#8211; A trocar por &#8220;40&#8221; na caixa de vinho<\/span><br \/>\n<span style=\"color: #0000ff;\">Nome caixa &#8211; Nome a trocar por \u201cTiago\u201d.<\/span><br \/>\n<span style=\"color: #0000ff;\">Carregar 1 imagem na zona acima. &#8211; <\/span>para substituir fotografia da caixa<span style=\"color: #0000ff;\">. <\/span><span style=\"color: #0000ff;\"><br \/>\n<\/span><\/p><\/blockquote>\n<p>A fotografia ser\u00e1 cortada e ajustada ao formato do modelo.<strong><br \/>\nEnviaremos uma maqueta para aprova\u00e7\u00e3o por email antes de avan\u00e7ar com a produ\u00e7\u00e3o.<\/strong><\/p>\n<p>&nbsp;<\/p>\n<p>Dimens\u00f5es:<br \/>\nCaixa: 19x10x34,6cm<br \/>\nInterior da caixa: 17,3&#215;8,5x33cm (largura m\u00e1xima de cada garrafa: 8cm)<\/p>\n<p>&nbsp;<\/p>\n<p>N\u00e3o inclui garrafas de vinho.<\/p>\n<p><em>*Imagem meramente ilustrativa.<\/em><br \/>\n<em>Pode haver pequenas varia\u00e7\u00f5es de cor da imagem do produto para o produto final devido \u00e0 mudan\u00e7a do modo de cor de RGB para CMYK.<\/em><\/p>\n","protected":false},"excerpt":{"rendered":"<p>Caixa para 2 garrafas de vinho em madeira com tampa frontal remov\u00edvel e personaliz\u00e1vel. Aten\u00e7\u00e3o! Preencha as caixas acima com os textos a editar e carregue a imagem: N\u00famero de Anivers\u00e1rio &#8211; A trocar por &#8220;40&#8221; na caixa de vinho Nome caixa &#8211; Nome a trocar por \u201cTiago\u201d. Carregar 1 imagem na zona acima. &#8211;<\/p>\n","protected":false},"featured_media":17856,"comment_status":"open","ping_status":"closed","template":"","meta":{"_monsterinsights_skip_tracking":false,"_monsterinsights_sitenote_active":false,"_monsterinsights_sitenote_note":"","_monsterinsights_sitenote_category":0},"product_brand":[],"product_cat":[243,226,224,225],"product_tag":[93,100],"class_list":{"0":"post-17855","1":"product","2":"type-product","3":"status-publish","4":"has-post-thumbnail","6":"product_cat-2-garrafas-so-caixa","7":"product_cat-caixa-de-vinho-1-1","8":"product_cat-caixas-de-vinho","9":"product_cat-modelos-pre-criados-1","10":"product_tag-aniversario","11":"product_tag-artigos-personalizaveis","13":"first","14":"instock","15":"taxable","16":"shipping-taxable","17":"purchasable","18":"product-type-simple"},"yoast_head":"<!-- This site is optimized with the Yoast SEO plugin v25.5 - https:\/\/yoast.com\/wordpress\/plugins\/seo\/ -->\n<title>Caixa de Vinho Personalizada - Anivers\u00e1rio - C\u00f3pia+ | Loja Online - Presentes Personalizados - Prendas Originais<\/title>\n<meta name=\"description\" content=\"Caixa de Vinho Personalizada - Anivers\u00e1rio\" \/>\n<meta name=\"robots\" content=\"index, follow, max-snippet:-1, max-image-preview:large, max-video-preview:-1\" \/>\n<link rel=\"canonical\" href=\"https:\/\/copiamais.com\/lojaonline\/produto\/caixa-de-vinho-personalizada-aniversario-2\/\" \/>\n<meta property=\"og:locale\" content=\"pt_PT\" \/>\n<meta property=\"og:type\" content=\"article\" \/>\n<meta property=\"og:title\" content=\"Caixa de Vinho Personalizada - Anivers\u00e1rio - C\u00f3pia+ | Loja Online - Presentes Personalizados - Prendas Originais\" \/>\n<meta property=\"og:description\" content=\"Caixa de Vinho Personalizada - Anivers\u00e1rio\" \/>\n<meta property=\"og:url\" content=\"https:\/\/copiamais.com\/lojaonline\/produto\/caixa-de-vinho-personalizada-aniversario-2\/\" \/>\n<meta property=\"og:site_name\" content=\"C\u00f3pia+ | Loja Online - Presentes Personalizados - Prendas Originais\" \/>\n<meta property=\"article:modified_time\" content=\"2023-09-18T16:07:29+00:00\" \/>\n<meta property=\"og:image\" content=\"https:\/\/copiamais.com\/lojaonline\/wp-content\/uploads\/2023\/09\/2-garrafas-modelo9.2.jpg?v=1695631658\" \/>\n\t<meta property=\"og:image:width\" content=\"1080\" \/>\n\t<meta property=\"og:image:height\" content=\"1080\" \/>\n\t<meta property=\"og:image:type\" content=\"image\/jpeg\" \/>\n<meta name=\"twitter:card\" content=\"summary_large_image\" \/>\n<meta name=\"twitter:label1\" content=\"Tempo estimado de leitura\" \/>\n\t<meta name=\"twitter:data1\" content=\"1 minuto\" \/>\n<script type=\"application\/ld+json\" class=\"yoast-schema-graph\">{\"@context\":\"https:\/\/schema.org\",\"@graph\":[{\"@type\":\"WebPage\",\"@id\":\"https:\/\/copiamais.com\/lojaonline\/produto\/caixa-de-vinho-personalizada-aniversario-2\/\",\"url\":\"https:\/\/copiamais.com\/lojaonline\/produto\/caixa-de-vinho-personalizada-aniversario-2\/\",\"name\":\"Caixa de Vinho Personalizada - Anivers\u00e1rio - C\u00f3pia+ | Loja Online - Presentes Personalizados - Prendas Originais\",\"isPartOf\":{\"@id\":\"https:\/\/copiamais.com\/lojaonline\/#website\"},\"primaryImageOfPage\":{\"@id\":\"https:\/\/copiamais.com\/lojaonline\/produto\/caixa-de-vinho-personalizada-aniversario-2\/#primaryimage\"},\"image\":{\"@id\":\"https:\/\/copiamais.com\/lojaonline\/produto\/caixa-de-vinho-personalizada-aniversario-2\/#primaryimage\"},\"thumbnailUrl\":\"https:\/\/copiamais.com\/lojaonline\/wp-content\/uploads\/2023\/09\/2-garrafas-modelo9.2.jpg?v=1695631658\",\"datePublished\":\"2023-09-15T16:47:39+00:00\",\"dateModified\":\"2023-09-18T16:07:29+00:00\",\"description\":\"Caixa de Vinho Personalizada - Anivers\u00e1rio\",\"breadcrumb\":{\"@id\":\"https:\/\/copiamais.com\/lojaonline\/produto\/caixa-de-vinho-personalizada-aniversario-2\/#breadcrumb\"},\"inLanguage\":\"pt-PT\",\"potentialAction\":[{\"@type\":\"ReadAction\",\"target\":[\"https:\/\/copiamais.com\/lojaonline\/produto\/caixa-de-vinho-personalizada-aniversario-2\/\"]}]},{\"@type\":\"ImageObject\",\"inLanguage\":\"pt-PT\",\"@id\":\"https:\/\/copiamais.com\/lojaonline\/produto\/caixa-de-vinho-personalizada-aniversario-2\/#primaryimage\",\"url\":\"https:\/\/copiamais.com\/lojaonline\/wp-content\/uploads\/2023\/09\/2-garrafas-modelo9.2.jpg?v=1695631658\",\"contentUrl\":\"https:\/\/copiamais.com\/lojaonline\/wp-content\/uploads\/2023\/09\/2-garrafas-modelo9.2.jpg?v=1695631658\",\"width\":1080,\"height\":1080,\"caption\":\"caixa para vinho aniversario c\u00f3pia+ mod.9\"},{\"@type\":\"BreadcrumbList\",\"@id\":\"https:\/\/copiamais.com\/lojaonline\/produto\/caixa-de-vinho-personalizada-aniversario-2\/#breadcrumb\",\"itemListElement\":[{\"@type\":\"ListItem\",\"position\":1,\"name\":\"In\u00edcio\",\"item\":\"https:\/\/copiamais.com\/lojaonline\/\"},{\"@type\":\"ListItem\",\"position\":2,\"name\":\"Loja\",\"item\":\"https:\/\/copiamais.com\/lojaonline\/loja\/\"},{\"@type\":\"ListItem\",\"position\":3,\"name\":\"Caixa de Vinho Personalizada &#8211; Anivers\u00e1rio\"}]},{\"@type\":\"WebSite\",\"@id\":\"https:\/\/copiamais.com\/lojaonline\/#website\",\"url\":\"https:\/\/copiamais.com\/lojaonline\/\",\"name\":\"C\u00f3pia+ | Loja Online - Presentes Personalizados - Prendas Originais\",\"description\":\"Presentes para namorados, Dia do Pai, Dia da M\u00e3e, Dia dos Av\u00f3s, P\u00e1scoa...\",\"publisher\":{\"@id\":\"https:\/\/copiamais.com\/lojaonline\/#organization\"},\"potentialAction\":[{\"@type\":\"SearchAction\",\"target\":{\"@type\":\"EntryPoint\",\"urlTemplate\":\"https:\/\/copiamais.com\/lojaonline\/?s={search_term_string}\"},\"query-input\":{\"@type\":\"PropertyValueSpecification\",\"valueRequired\":true,\"valueName\":\"search_term_string\"}}],\"inLanguage\":\"pt-PT\"},{\"@type\":\"Organization\",\"@id\":\"https:\/\/copiamais.com\/lojaonline\/#organization\",\"name\":\"C\u00f3pia+\",\"url\":\"https:\/\/copiamais.com\/lojaonline\/\",\"logo\":{\"@type\":\"ImageObject\",\"inLanguage\":\"pt-PT\",\"@id\":\"https:\/\/copiamais.com\/lojaonline\/#\/schema\/logo\/image\/\",\"url\":\"https:\/\/copiamais.com\/lojaonline\/wp-content\/uploads\/2019\/08\/logo_copia.png\",\"contentUrl\":\"https:\/\/copiamais.com\/lojaonline\/wp-content\/uploads\/2019\/08\/logo_copia.png\",\"width\":150,\"height\":92,\"caption\":\"C\u00f3pia+\"},\"image\":{\"@id\":\"https:\/\/copiamais.com\/lojaonline\/#\/schema\/logo\/image\/\"}}]}<\/script>\n<!-- \/ Yoast SEO plugin. -->","yoast_head_json":{"title":"Caixa de Vinho Personalizada - Anivers\u00e1rio - C\u00f3pia+ | Loja Online - Presentes Personalizados - Prendas Originais","description":"Caixa de Vinho Personalizada - Anivers\u00e1rio","robots":{"index":"index","follow":"follow","max-snippet":"max-snippet:-1","max-image-preview":"max-image-preview:large","max-video-preview":"max-video-preview:-1"},"canonical":"https:\/\/copiamais.com\/lojaonline\/produto\/caixa-de-vinho-personalizada-aniversario-2\/","og_locale":"pt_PT","og_type":"article","og_title":"Caixa de Vinho Personalizada - Anivers\u00e1rio - C\u00f3pia+ | Loja Online - Presentes Personalizados - Prendas Originais","og_description":"Caixa de Vinho Personalizada - Anivers\u00e1rio","og_url":"https:\/\/copiamais.com\/lojaonline\/produto\/caixa-de-vinho-personalizada-aniversario-2\/","og_site_name":"C\u00f3pia+ | Loja Online - Presentes Personalizados - Prendas Originais","article_modified_time":"2023-09-18T16:07:29+00:00","og_image":[{"width":1080,"height":1080,"url":"https:\/\/copiamais.com\/lojaonline\/wp-content\/uploads\/2023\/09\/2-garrafas-modelo9.2.jpg?v=1695631658","type":"image\/jpeg"}],"twitter_card":"summary_large_image","twitter_misc":{"Tempo estimado de leitura":"1 minuto"},"schema":{"@context":"https:\/\/schema.org","@graph":[{"@type":"WebPage","@id":"https:\/\/copiamais.com\/lojaonline\/produto\/caixa-de-vinho-personalizada-aniversario-2\/","url":"https:\/\/copiamais.com\/lojaonline\/produto\/caixa-de-vinho-personalizada-aniversario-2\/","name":"Caixa de Vinho Personalizada - Anivers\u00e1rio - C\u00f3pia+ | Loja Online - Presentes Personalizados - Prendas Originais","isPartOf":{"@id":"https:\/\/copiamais.com\/lojaonline\/#website"},"primaryImageOfPage":{"@id":"https:\/\/copiamais.com\/lojaonline\/produto\/caixa-de-vinho-personalizada-aniversario-2\/#primaryimage"},"image":{"@id":"https:\/\/copiamais.com\/lojaonline\/produto\/caixa-de-vinho-personalizada-aniversario-2\/#primaryimage"},"thumbnailUrl":"https:\/\/copiamais.com\/lojaonline\/wp-content\/uploads\/2023\/09\/2-garrafas-modelo9.2.jpg?v=1695631658","datePublished":"2023-09-15T16:47:39+00:00","dateModified":"2023-09-18T16:07:29+00:00","description":"Caixa de Vinho Personalizada - Anivers\u00e1rio","breadcrumb":{"@id":"https:\/\/copiamais.com\/lojaonline\/produto\/caixa-de-vinho-personalizada-aniversario-2\/#breadcrumb"},"inLanguage":"pt-PT","potentialAction":[{"@type":"ReadAction","target":["https:\/\/copiamais.com\/lojaonline\/produto\/caixa-de-vinho-personalizada-aniversario-2\/"]}]},{"@type":"ImageObject","inLanguage":"pt-PT","@id":"https:\/\/copiamais.com\/lojaonline\/produto\/caixa-de-vinho-personalizada-aniversario-2\/#primaryimage","url":"https:\/\/copiamais.com\/lojaonline\/wp-content\/uploads\/2023\/09\/2-garrafas-modelo9.2.jpg?v=1695631658","contentUrl":"https:\/\/copiamais.com\/lojaonline\/wp-content\/uploads\/2023\/09\/2-garrafas-modelo9.2.jpg?v=1695631658","width":1080,"height":1080,"caption":"caixa para vinho aniversario c\u00f3pia+ mod.9"},{"@type":"BreadcrumbList","@id":"https:\/\/copiamais.com\/lojaonline\/produto\/caixa-de-vinho-personalizada-aniversario-2\/#breadcrumb","itemListElement":[{"@type":"ListItem","position":1,"name":"In\u00edcio","item":"https:\/\/copiamais.com\/lojaonline\/"},{"@type":"ListItem","position":2,"name":"Loja","item":"https:\/\/copiamais.com\/lojaonline\/loja\/"},{"@type":"ListItem","position":3,"name":"Caixa de Vinho Personalizada &#8211; Anivers\u00e1rio"}]},{"@type":"WebSite","@id":"https:\/\/copiamais.com\/lojaonline\/#website","url":"https:\/\/copiamais.com\/lojaonline\/","name":"C\u00f3pia+ | Loja Online - Presentes Personalizados - Prendas Originais","description":"Presentes para namorados, Dia do Pai, Dia da M\u00e3e, Dia dos Av\u00f3s, P\u00e1scoa...","publisher":{"@id":"https:\/\/copiamais.com\/lojaonline\/#organization"},"potentialAction":[{"@type":"SearchAction","target":{"@type":"EntryPoint","urlTemplate":"https:\/\/copiamais.com\/lojaonline\/?s={search_term_string}"},"query-input":{"@type":"PropertyValueSpecification","valueRequired":true,"valueName":"search_term_string"}}],"inLanguage":"pt-PT"},{"@type":"Organization","@id":"https:\/\/copiamais.com\/lojaonline\/#organization","name":"C\u00f3pia+","url":"https:\/\/copiamais.com\/lojaonline\/","logo":{"@type":"ImageObject","inLanguage":"pt-PT","@id":"https:\/\/copiamais.com\/lojaonline\/#\/schema\/logo\/image\/","url":"https:\/\/copiamais.com\/lojaonline\/wp-content\/uploads\/2019\/08\/logo_copia.png","contentUrl":"https:\/\/copiamais.com\/lojaonline\/wp-content\/uploads\/2019\/08\/logo_copia.png","width":150,"height":92,"caption":"C\u00f3pia+"},"image":{"@id":"https:\/\/copiamais.com\/lojaonline\/#\/schema\/logo\/image\/"}}]}},"_links":{"self":[{"href":"https:\/\/copiamais.com\/lojaonline\/wp-json\/wp\/v2\/product\/17855","targetHints":{"allow":["GET"]}}],"collection":[{"href":"https:\/\/copiamais.com\/lojaonline\/wp-json\/wp\/v2\/product"}],"about":[{"href":"https:\/\/copiamais.com\/lojaonline\/wp-json\/wp\/v2\/types\/product"}],"replies":[{"embeddable":true,"href":"https:\/\/copiamais.com\/lojaonline\/wp-json\/wp\/v2\/comments?post=17855"}],"wp:featuredmedia":[{"embeddable":true,"href":"https:\/\/copiamais.com\/lojaonline\/wp-json\/wp\/v2\/media\/17856"}],"wp:attachment":[{"href":"https:\/\/copiamais.com\/lojaonline\/wp-json\/wp\/v2\/media?parent=17855"}],"wp:term":[{"taxonomy":"product_brand","embeddable":true,"href":"https:\/\/copiamais.com\/lojaonline\/wp-json\/wp\/v2\/product_brand?post=17855"},{"taxonomy":"product_cat","embeddable":true,"href":"https:\/\/copiamais.com\/lojaonline\/wp-json\/wp\/v2\/product_cat?post=17855"},{"taxonomy":"product_tag","embeddable":true,"href":"https:\/\/copiamais.com\/lojaonline\/wp-json\/wp\/v2\/product_tag?post=17855"}],"curies":[{"name":"wp","href":"https:\/\/api.w.org\/{rel}","templated":true}]}}