{"id":5490,"date":"2019-10-30T18:30:08","date_gmt":"2019-10-30T18:30:08","guid":{"rendered":"http:\/\/copiamais.com\/lojaonline\/?post_type=product&#038;p=5490"},"modified":"2023-03-27T16:43:28","modified_gmt":"2023-03-27T16:43:28","slug":"conjunto-t-shirts-copy-paste-mod-93","status":"publish","type":"product","link":"https:\/\/copiamais.com\/lojaonline\/produto\/conjunto-t-shirts-copy-paste-mod-93\/","title":{"rendered":"Conjunto t-shirts  Copy \/ Paste"},"content":{"rendered":"<p>Conjunto de t-shirts adulto\/crian\u00e7a (1 t-shirt de adulto + 1 t-shirt de crian\u00e7a).<\/p>\n<p>As t-shirts da C\u00f3pia+ s\u00e3o 100% algod\u00e3o, de cor preta ou branca.<br \/>\nA estampagem \u00e9 feita em flex de corte ou de impress\u00e3o de alta qualidade com tintas epson.<br \/>\nConsulte o guia de tamanhos, <a href=\"http:\/\/copiamais.com\/lojaonline\/tamanhos\/\" target=\"_blank\" rel=\"noopener noreferrer\">AQUI<\/a>.<\/p>\n<p>&nbsp;<\/p>\n<p>Se pretender uma t-shirt ou estampagem de cor diferente, por favor contacte-nos.<\/p>\n<p>&nbsp;<\/p>\n<p>&nbsp;<\/p>\n<p>&nbsp;<\/p>\n<p><em>*Imagem meramente ilustrativa.<\/em><br \/>\n<em>Pode haver pequenas varia\u00e7\u00f5es de cor da imagem do produto para o produto final devido \u00e0 mudan\u00e7a do modo de cor de RGB para CMYK.<\/em><\/p>\n","protected":false},"excerpt":{"rendered":"<p>Conjunto de t-shirts adulto\/crian\u00e7a (1 t-shirt de adulto + 1 t-shirt de crian\u00e7a). As t-shirts da C\u00f3pia+ s\u00e3o 100% algod\u00e3o, de cor preta ou branca. A estampagem \u00e9 feita em flex de corte ou de impress\u00e3o de alta qualidade com tintas epson. Consulte o guia de tamanhos, AQUI. &nbsp; Se pretender uma t-shirt ou estampagem<\/p>\n","protected":false},"featured_media":5492,"comment_status":"open","ping_status":"closed","template":"","meta":{"_monsterinsights_skip_tracking":false,"_monsterinsights_sitenote_active":false,"_monsterinsights_sitenote_note":"","_monsterinsights_sitenote_category":0},"product_brand":[],"product_cat":[222,71,74],"product_tag":[191,94,101,104,155],"class_list":{"0":"post-5490","1":"product","2":"type-product","3":"status-publish","4":"has-post-thumbnail","6":"product_cat-modelos-pre-criados-tshirts","7":"product_cat-vestuario","8":"product_cat-tshirts","9":"product_tag-conjuntos","10":"product_tag-crianca","11":"product_tag-dia-da-mae","12":"product_tag-dia-do-pai","13":"product_tag-humor","15":"first","16":"instock","17":"taxable","18":"shipping-taxable","19":"purchasable","20":"product-type-variable"},"yoast_head":"<!-- This site is optimized with the Yoast SEO plugin v25.5 - https:\/\/yoast.com\/wordpress\/plugins\/seo\/ -->\n<title>Conjunto t-shirts Copy \/ Paste - C\u00f3pia+ | Loja Online - Presentes Personalizados - Prendas Originais<\/title>\n<meta name=\"robots\" content=\"index, follow, max-snippet:-1, max-image-preview:large, max-video-preview:-1\" \/>\n<link rel=\"canonical\" href=\"https:\/\/copiamais.com\/lojaonline\/produto\/conjunto-t-shirts-copy-paste-mod-93\/\" \/>\n<meta property=\"og:locale\" content=\"pt_PT\" \/>\n<meta property=\"og:type\" content=\"article\" \/>\n<meta property=\"og:title\" content=\"Conjunto t-shirts Copy \/ Paste - C\u00f3pia+ | Loja Online - Presentes Personalizados - Prendas Originais\" \/>\n<meta property=\"og:description\" content=\"Conjunto de t-shirts adulto\/crian\u00e7a (1 t-shirt de adulto + 1 t-shirt de crian\u00e7a). As t-shirts da C\u00f3pia+ s\u00e3o 100% algod\u00e3o, de cor preta ou branca. A estampagem \u00e9 feita em flex de corte ou de impress\u00e3o de alta qualidade com tintas epson. Consulte o guia de tamanhos, AQUI. &nbsp; Se pretender uma t-shirt ou estampagem\" \/>\n<meta property=\"og:url\" content=\"https:\/\/copiamais.com\/lojaonline\/produto\/conjunto-t-shirts-copy-paste-mod-93\/\" \/>\n<meta property=\"og:site_name\" content=\"C\u00f3pia+ | Loja Online - Presentes Personalizados - Prendas Originais\" \/>\n<meta property=\"article:modified_time\" content=\"2023-03-27T16:43:28+00:00\" \/>\n<meta property=\"og:image\" content=\"https:\/\/copiamais.com\/lojaonline\/wp-content\/uploads\/2019\/10\/tshirts93.jpg?v=1604598313\" \/>\n\t<meta property=\"og:image:width\" content=\"1000\" \/>\n\t<meta property=\"og:image:height\" content=\"1000\" \/>\n\t<meta property=\"og:image:type\" content=\"image\/jpeg\" \/>\n<meta name=\"twitter:card\" content=\"summary_large_image\" \/>\n<script type=\"application\/ld+json\" class=\"yoast-schema-graph\">{\"@context\":\"https:\/\/schema.org\",\"@graph\":[{\"@type\":\"WebPage\",\"@id\":\"https:\/\/copiamais.com\/lojaonline\/produto\/conjunto-t-shirts-copy-paste-mod-93\/\",\"url\":\"https:\/\/copiamais.com\/lojaonline\/produto\/conjunto-t-shirts-copy-paste-mod-93\/\",\"name\":\"Conjunto t-shirts Copy \/ Paste - C\u00f3pia+ | Loja Online - Presentes Personalizados - Prendas Originais\",\"isPartOf\":{\"@id\":\"https:\/\/copiamais.com\/lojaonline\/#website\"},\"primaryImageOfPage\":{\"@id\":\"https:\/\/copiamais.com\/lojaonline\/produto\/conjunto-t-shirts-copy-paste-mod-93\/#primaryimage\"},\"image\":{\"@id\":\"https:\/\/copiamais.com\/lojaonline\/produto\/conjunto-t-shirts-copy-paste-mod-93\/#primaryimage\"},\"thumbnailUrl\":\"https:\/\/copiamais.com\/lojaonline\/wp-content\/uploads\/2019\/10\/tshirts93.jpg?v=1604598313\",\"datePublished\":\"2019-10-30T18:30:08+00:00\",\"dateModified\":\"2023-03-27T16:43:28+00:00\",\"breadcrumb\":{\"@id\":\"https:\/\/copiamais.com\/lojaonline\/produto\/conjunto-t-shirts-copy-paste-mod-93\/#breadcrumb\"},\"inLanguage\":\"pt-PT\",\"potentialAction\":[{\"@type\":\"ReadAction\",\"target\":[\"https:\/\/copiamais.com\/lojaonline\/produto\/conjunto-t-shirts-copy-paste-mod-93\/\"]}]},{\"@type\":\"ImageObject\",\"inLanguage\":\"pt-PT\",\"@id\":\"https:\/\/copiamais.com\/lojaonline\/produto\/conjunto-t-shirts-copy-paste-mod-93\/#primaryimage\",\"url\":\"https:\/\/copiamais.com\/lojaonline\/wp-content\/uploads\/2019\/10\/tshirts93.jpg?v=1604598313\",\"contentUrl\":\"https:\/\/copiamais.com\/lojaonline\/wp-content\/uploads\/2019\/10\/tshirts93.jpg?v=1604598313\",\"width\":1000,\"height\":1000,\"caption\":\"conjunto tshirts copy paste mod.93\"},{\"@type\":\"BreadcrumbList\",\"@id\":\"https:\/\/copiamais.com\/lojaonline\/produto\/conjunto-t-shirts-copy-paste-mod-93\/#breadcrumb\",\"itemListElement\":[{\"@type\":\"ListItem\",\"position\":1,\"name\":\"In\u00edcio\",\"item\":\"https:\/\/copiamais.com\/lojaonline\/\"},{\"@type\":\"ListItem\",\"position\":2,\"name\":\"Loja\",\"item\":\"https:\/\/copiamais.com\/lojaonline\/loja\/\"},{\"@type\":\"ListItem\",\"position\":3,\"name\":\"Conjunto t-shirts Copy \/ Paste\"}]},{\"@type\":\"WebSite\",\"@id\":\"https:\/\/copiamais.com\/lojaonline\/#website\",\"url\":\"https:\/\/copiamais.com\/lojaonline\/\",\"name\":\"C\u00f3pia+ | Loja Online - Presentes Personalizados - Prendas Originais\",\"description\":\"Presentes para namorados, Dia do Pai, Dia da M\u00e3e, Dia dos Av\u00f3s, P\u00e1scoa...\",\"publisher\":{\"@id\":\"https:\/\/copiamais.com\/lojaonline\/#organization\"},\"potentialAction\":[{\"@type\":\"SearchAction\",\"target\":{\"@type\":\"EntryPoint\",\"urlTemplate\":\"https:\/\/copiamais.com\/lojaonline\/?s={search_term_string}\"},\"query-input\":{\"@type\":\"PropertyValueSpecification\",\"valueRequired\":true,\"valueName\":\"search_term_string\"}}],\"inLanguage\":\"pt-PT\"},{\"@type\":\"Organization\",\"@id\":\"https:\/\/copiamais.com\/lojaonline\/#organization\",\"name\":\"C\u00f3pia+\",\"url\":\"https:\/\/copiamais.com\/lojaonline\/\",\"logo\":{\"@type\":\"ImageObject\",\"inLanguage\":\"pt-PT\",\"@id\":\"https:\/\/copiamais.com\/lojaonline\/#\/schema\/logo\/image\/\",\"url\":\"https:\/\/copiamais.com\/lojaonline\/wp-content\/uploads\/2019\/08\/logo_copia.png\",\"contentUrl\":\"https:\/\/copiamais.com\/lojaonline\/wp-content\/uploads\/2019\/08\/logo_copia.png\",\"width\":150,\"height\":92,\"caption\":\"C\u00f3pia+\"},\"image\":{\"@id\":\"https:\/\/copiamais.com\/lojaonline\/#\/schema\/logo\/image\/\"}}]}<\/script>\n<!-- \/ Yoast SEO plugin. -->","yoast_head_json":{"title":"Conjunto t-shirts Copy \/ Paste - C\u00f3pia+ | Loja Online - Presentes Personalizados - Prendas Originais","robots":{"index":"index","follow":"follow","max-snippet":"max-snippet:-1","max-image-preview":"max-image-preview:large","max-video-preview":"max-video-preview:-1"},"canonical":"https:\/\/copiamais.com\/lojaonline\/produto\/conjunto-t-shirts-copy-paste-mod-93\/","og_locale":"pt_PT","og_type":"article","og_title":"Conjunto t-shirts Copy \/ Paste - C\u00f3pia+ | Loja Online - Presentes Personalizados - Prendas Originais","og_description":"Conjunto de t-shirts adulto\/crian\u00e7a (1 t-shirt de adulto + 1 t-shirt de crian\u00e7a). As t-shirts da C\u00f3pia+ s\u00e3o 100% algod\u00e3o, de cor preta ou branca. A estampagem \u00e9 feita em flex de corte ou de impress\u00e3o de alta qualidade com tintas epson. Consulte o guia de tamanhos, AQUI. &nbsp; Se pretender uma t-shirt ou estampagem","og_url":"https:\/\/copiamais.com\/lojaonline\/produto\/conjunto-t-shirts-copy-paste-mod-93\/","og_site_name":"C\u00f3pia+ | Loja Online - Presentes Personalizados - Prendas Originais","article_modified_time":"2023-03-27T16:43:28+00:00","og_image":[{"width":1000,"height":1000,"url":"https:\/\/copiamais.com\/lojaonline\/wp-content\/uploads\/2019\/10\/tshirts93.jpg?v=1604598313","type":"image\/jpeg"}],"twitter_card":"summary_large_image","schema":{"@context":"https:\/\/schema.org","@graph":[{"@type":"WebPage","@id":"https:\/\/copiamais.com\/lojaonline\/produto\/conjunto-t-shirts-copy-paste-mod-93\/","url":"https:\/\/copiamais.com\/lojaonline\/produto\/conjunto-t-shirts-copy-paste-mod-93\/","name":"Conjunto t-shirts Copy \/ Paste - C\u00f3pia+ | Loja Online - Presentes Personalizados - Prendas Originais","isPartOf":{"@id":"https:\/\/copiamais.com\/lojaonline\/#website"},"primaryImageOfPage":{"@id":"https:\/\/copiamais.com\/lojaonline\/produto\/conjunto-t-shirts-copy-paste-mod-93\/#primaryimage"},"image":{"@id":"https:\/\/copiamais.com\/lojaonline\/produto\/conjunto-t-shirts-copy-paste-mod-93\/#primaryimage"},"thumbnailUrl":"https:\/\/copiamais.com\/lojaonline\/wp-content\/uploads\/2019\/10\/tshirts93.jpg?v=1604598313","datePublished":"2019-10-30T18:30:08+00:00","dateModified":"2023-03-27T16:43:28+00:00","breadcrumb":{"@id":"https:\/\/copiamais.com\/lojaonline\/produto\/conjunto-t-shirts-copy-paste-mod-93\/#breadcrumb"},"inLanguage":"pt-PT","potentialAction":[{"@type":"ReadAction","target":["https:\/\/copiamais.com\/lojaonline\/produto\/conjunto-t-shirts-copy-paste-mod-93\/"]}]},{"@type":"ImageObject","inLanguage":"pt-PT","@id":"https:\/\/copiamais.com\/lojaonline\/produto\/conjunto-t-shirts-copy-paste-mod-93\/#primaryimage","url":"https:\/\/copiamais.com\/lojaonline\/wp-content\/uploads\/2019\/10\/tshirts93.jpg?v=1604598313","contentUrl":"https:\/\/copiamais.com\/lojaonline\/wp-content\/uploads\/2019\/10\/tshirts93.jpg?v=1604598313","width":1000,"height":1000,"caption":"conjunto tshirts copy paste mod.93"},{"@type":"BreadcrumbList","@id":"https:\/\/copiamais.com\/lojaonline\/produto\/conjunto-t-shirts-copy-paste-mod-93\/#breadcrumb","itemListElement":[{"@type":"ListItem","position":1,"name":"In\u00edcio","item":"https:\/\/copiamais.com\/lojaonline\/"},{"@type":"ListItem","position":2,"name":"Loja","item":"https:\/\/copiamais.com\/lojaonline\/loja\/"},{"@type":"ListItem","position":3,"name":"Conjunto t-shirts Copy \/ Paste"}]},{"@type":"WebSite","@id":"https:\/\/copiamais.com\/lojaonline\/#website","url":"https:\/\/copiamais.com\/lojaonline\/","name":"C\u00f3pia+ | Loja Online - Presentes Personalizados - Prendas Originais","description":"Presentes para namorados, Dia do Pai, Dia da M\u00e3e, Dia dos Av\u00f3s, P\u00e1scoa...","publisher":{"@id":"https:\/\/copiamais.com\/lojaonline\/#organization"},"potentialAction":[{"@type":"SearchAction","target":{"@type":"EntryPoint","urlTemplate":"https:\/\/copiamais.com\/lojaonline\/?s={search_term_string}"},"query-input":{"@type":"PropertyValueSpecification","valueRequired":true,"valueName":"search_term_string"}}],"inLanguage":"pt-PT"},{"@type":"Organization","@id":"https:\/\/copiamais.com\/lojaonline\/#organization","name":"C\u00f3pia+","url":"https:\/\/copiamais.com\/lojaonline\/","logo":{"@type":"ImageObject","inLanguage":"pt-PT","@id":"https:\/\/copiamais.com\/lojaonline\/#\/schema\/logo\/image\/","url":"https:\/\/copiamais.com\/lojaonline\/wp-content\/uploads\/2019\/08\/logo_copia.png","contentUrl":"https:\/\/copiamais.com\/lojaonline\/wp-content\/uploads\/2019\/08\/logo_copia.png","width":150,"height":92,"caption":"C\u00f3pia+"},"image":{"@id":"https:\/\/copiamais.com\/lojaonline\/#\/schema\/logo\/image\/"}}]}},"_links":{"self":[{"href":"https:\/\/copiamais.com\/lojaonline\/wp-json\/wp\/v2\/product\/5490","targetHints":{"allow":["GET"]}}],"collection":[{"href":"https:\/\/copiamais.com\/lojaonline\/wp-json\/wp\/v2\/product"}],"about":[{"href":"https:\/\/copiamais.com\/lojaonline\/wp-json\/wp\/v2\/types\/product"}],"replies":[{"embeddable":true,"href":"https:\/\/copiamais.com\/lojaonline\/wp-json\/wp\/v2\/comments?post=5490"}],"wp:featuredmedia":[{"embeddable":true,"href":"https:\/\/copiamais.com\/lojaonline\/wp-json\/wp\/v2\/media\/5492"}],"wp:attachment":[{"href":"https:\/\/copiamais.com\/lojaonline\/wp-json\/wp\/v2\/media?parent=5490"}],"wp:term":[{"taxonomy":"product_brand","embeddable":true,"href":"https:\/\/copiamais.com\/lojaonline\/wp-json\/wp\/v2\/product_brand?post=5490"},{"taxonomy":"product_cat","embeddable":true,"href":"https:\/\/copiamais.com\/lojaonline\/wp-json\/wp\/v2\/product_cat?post=5490"},{"taxonomy":"product_tag","embeddable":true,"href":"https:\/\/copiamais.com\/lojaonline\/wp-json\/wp\/v2\/product_tag?post=5490"}],"curies":[{"name":"wp","href":"https:\/\/api.w.org\/{rel}","templated":true}]}}