{"id":6769,"date":"2019-11-26T17:17:06","date_gmt":"2019-11-26T17:17:06","guid":{"rendered":"http:\/\/copiamais.com\/lojaonline\/?post_type=product&#038;p=6769"},"modified":"2023-03-30T16:08:46","modified_gmt":"2023-03-30T16:08:46","slug":"caneca-feliz-natal-mod-74","status":"publish","type":"product","link":"https:\/\/copiamais.com\/lojaonline\/produto\/caneca-feliz-natal-mod-74\/","title":{"rendered":"Caneca &#8211; Feliz Natal"},"content":{"rendered":"<p>Dispomos de v\u00e1rios tipos de canecas que podem ser personalizadas com este modelo. Independentemente do tipo de caneca, o modelo de imagem ser\u00e1 igual em qualquer uma.<\/p>\n<blockquote><p>-Caneca Branca<br \/>\n-Caneca Rosa (asa e interior de cor rosa; exterior branco; acabamento brilhante)<br \/>\n-Caneca Verde (asa e interior de cor verde.; exterior branco; acabamento brilhante)<br \/>\n-Caneca Preta (asa e interior de cor preta; exterior branco; acabamento brilhante)<br \/>\n-Caneca Azul (asa e interior de cor azul; exterior branco; acabamento brilhante)<br \/>\n-Caneca Vermelha (asa e interior de cor vermelha; exterior branco; acabamento brilhante)<br \/>\n-Caneca Amarela (asa e interior de cor amarela; exterior branco; acabamento brilhante)<br \/>\n-Caneca M\u00e1gica (apresenta-se preta enquanto est\u00e1 \u00e0 temperatura ambiente; a imagem surge quando colocado um l\u00edquido quente no seu interior))<\/p><\/blockquote>\n<p>&nbsp;<\/p>\n<p>Dimens\u00e3o do artigo: 9,5cm de altura por 8,2cm de di\u00e2metro.<\/p>\n<p>&nbsp;<\/p>\n<p>&nbsp;<\/p>\n<blockquote><p><strong>Aten\u00e7\u00e3o!<\/strong><\/p>\n<p><strong>Carregue 1 fotografia na zona acima destinada a esse fim.<\/strong><\/p>\n<p>A fotografia ser\u00e1 cortada e ajustada ao formato do modelo.<br \/>\nEnviaremos uma maqueta para aprova\u00e7\u00e3o por email antes de avan\u00e7ar com a produ\u00e7\u00e3o.<\/p><\/blockquote>\n<p>&nbsp;<\/p>\n<p>&nbsp;<\/p>\n<p><em>*Imagem meramente ilustrativa.<\/em><br \/>\n<em>Pode haver pequenas varia\u00e7\u00f5es de cor da imagem do produto para o produto final devido \u00e0 mudan\u00e7a do modo de cor de RGB para CMYK.<\/em><\/p>\n","protected":false},"excerpt":{"rendered":"<p>Dispomos de v\u00e1rios tipos de canecas que podem ser personalizadas com este modelo. Independentemente do tipo de caneca, o modelo de imagem ser\u00e1 igual em qualquer uma. -Caneca Branca -Caneca Rosa (asa e interior de cor rosa; exterior branco; acabamento brilhante) -Caneca Verde (asa e interior de cor verde.; exterior branco; acabamento brilhante) -Caneca Preta<\/p>\n","protected":false},"featured_media":6777,"comment_status":"open","ping_status":"closed","template":"","meta":{"_monsterinsights_skip_tracking":false,"_monsterinsights_sitenote_active":false,"_monsterinsights_sitenote_note":"","_monsterinsights_sitenote_category":0},"product_brand":[],"product_cat":[168,75,76],"product_tag":[100,129],"class_list":{"0":"post-6769","1":"product","2":"type-product","3":"status-publish","4":"has-post-thumbnail","6":"product_cat-modelos-pre-criados-canecas","7":"product_cat-utensilios","8":"product_cat-canecas","9":"product_tag-artigos-personalizaveis","10":"product_tag-natal","12":"first","13":"instock","14":"taxable","15":"shipping-taxable","16":"purchasable","17":"product-type-variable"},"yoast_head":"<!-- This site is optimized with the Yoast SEO plugin v25.5 - https:\/\/yoast.com\/wordpress\/plugins\/seo\/ -->\n<title>Caneca - Feliz Natal - C\u00f3pia+ | Loja Online - Presentes Personalizados - Prendas Originais<\/title>\n<meta name=\"robots\" content=\"index, follow, max-snippet:-1, max-image-preview:large, max-video-preview:-1\" \/>\n<link rel=\"canonical\" href=\"https:\/\/copiamais.com\/lojaonline\/produto\/caneca-feliz-natal-mod-74\/\" \/>\n<meta property=\"og:locale\" content=\"pt_PT\" \/>\n<meta property=\"og:type\" content=\"article\" \/>\n<meta property=\"og:title\" content=\"Caneca - Feliz Natal - C\u00f3pia+ | Loja Online - Presentes Personalizados - Prendas Originais\" \/>\n<meta property=\"og:description\" content=\"Dispomos de v\u00e1rios tipos de canecas que podem ser personalizadas com este modelo. Independentemente do tipo de caneca, o modelo de imagem ser\u00e1 igual em qualquer uma. -Caneca Branca -Caneca Rosa (asa e interior de cor rosa; exterior branco; acabamento brilhante) -Caneca Verde (asa e interior de cor verde.; exterior branco; acabamento brilhante) -Caneca Preta\" \/>\n<meta property=\"og:url\" content=\"https:\/\/copiamais.com\/lojaonline\/produto\/caneca-feliz-natal-mod-74\/\" \/>\n<meta property=\"og:site_name\" content=\"C\u00f3pia+ | Loja Online - Presentes Personalizados - Prendas Originais\" \/>\n<meta property=\"article:modified_time\" content=\"2023-03-30T16:08:46+00:00\" \/>\n<meta property=\"og:image\" content=\"https:\/\/copiamais.com\/lojaonline\/wp-content\/uploads\/2019\/11\/caneca74_4.jpg?v=1604595092\" \/>\n\t<meta property=\"og:image:width\" content=\"1672\" \/>\n\t<meta property=\"og:image:height\" content=\"1672\" \/>\n\t<meta property=\"og:image:type\" content=\"image\/jpeg\" \/>\n<meta name=\"twitter:card\" content=\"summary_large_image\" \/>\n<meta name=\"twitter:label1\" content=\"Tempo estimado de leitura\" \/>\n\t<meta name=\"twitter:data1\" content=\"1 minuto\" \/>\n<script type=\"application\/ld+json\" class=\"yoast-schema-graph\">{\"@context\":\"https:\/\/schema.org\",\"@graph\":[{\"@type\":\"WebPage\",\"@id\":\"https:\/\/copiamais.com\/lojaonline\/produto\/caneca-feliz-natal-mod-74\/\",\"url\":\"https:\/\/copiamais.com\/lojaonline\/produto\/caneca-feliz-natal-mod-74\/\",\"name\":\"Caneca - Feliz Natal - C\u00f3pia+ | Loja Online - Presentes Personalizados - Prendas Originais\",\"isPartOf\":{\"@id\":\"https:\/\/copiamais.com\/lojaonline\/#website\"},\"primaryImageOfPage\":{\"@id\":\"https:\/\/copiamais.com\/lojaonline\/produto\/caneca-feliz-natal-mod-74\/#primaryimage\"},\"image\":{\"@id\":\"https:\/\/copiamais.com\/lojaonline\/produto\/caneca-feliz-natal-mod-74\/#primaryimage\"},\"thumbnailUrl\":\"https:\/\/copiamais.com\/lojaonline\/wp-content\/uploads\/2019\/11\/caneca74_4.jpg?v=1604595092\",\"datePublished\":\"2019-11-26T17:17:06+00:00\",\"dateModified\":\"2023-03-30T16:08:46+00:00\",\"breadcrumb\":{\"@id\":\"https:\/\/copiamais.com\/lojaonline\/produto\/caneca-feliz-natal-mod-74\/#breadcrumb\"},\"inLanguage\":\"pt-PT\",\"potentialAction\":[{\"@type\":\"ReadAction\",\"target\":[\"https:\/\/copiamais.com\/lojaonline\/produto\/caneca-feliz-natal-mod-74\/\"]}]},{\"@type\":\"ImageObject\",\"inLanguage\":\"pt-PT\",\"@id\":\"https:\/\/copiamais.com\/lojaonline\/produto\/caneca-feliz-natal-mod-74\/#primaryimage\",\"url\":\"https:\/\/copiamais.com\/lojaonline\/wp-content\/uploads\/2019\/11\/caneca74_4.jpg?v=1604595092\",\"contentUrl\":\"https:\/\/copiamais.com\/lojaonline\/wp-content\/uploads\/2019\/11\/caneca74_4.jpg?v=1604595092\",\"width\":1672,\"height\":1672,\"caption\":\"caneca feliz natal c\u00f3pia+ viana do castelo mod74\"},{\"@type\":\"BreadcrumbList\",\"@id\":\"https:\/\/copiamais.com\/lojaonline\/produto\/caneca-feliz-natal-mod-74\/#breadcrumb\",\"itemListElement\":[{\"@type\":\"ListItem\",\"position\":1,\"name\":\"In\u00edcio\",\"item\":\"https:\/\/copiamais.com\/lojaonline\/\"},{\"@type\":\"ListItem\",\"position\":2,\"name\":\"Loja\",\"item\":\"https:\/\/copiamais.com\/lojaonline\/loja\/\"},{\"@type\":\"ListItem\",\"position\":3,\"name\":\"Caneca &#8211; Feliz Natal\"}]},{\"@type\":\"WebSite\",\"@id\":\"https:\/\/copiamais.com\/lojaonline\/#website\",\"url\":\"https:\/\/copiamais.com\/lojaonline\/\",\"name\":\"C\u00f3pia+ | Loja Online - Presentes Personalizados - Prendas Originais\",\"description\":\"Presentes para namorados, Dia do Pai, Dia da M\u00e3e, Dia dos Av\u00f3s, P\u00e1scoa...\",\"publisher\":{\"@id\":\"https:\/\/copiamais.com\/lojaonline\/#organization\"},\"potentialAction\":[{\"@type\":\"SearchAction\",\"target\":{\"@type\":\"EntryPoint\",\"urlTemplate\":\"https:\/\/copiamais.com\/lojaonline\/?s={search_term_string}\"},\"query-input\":{\"@type\":\"PropertyValueSpecification\",\"valueRequired\":true,\"valueName\":\"search_term_string\"}}],\"inLanguage\":\"pt-PT\"},{\"@type\":\"Organization\",\"@id\":\"https:\/\/copiamais.com\/lojaonline\/#organization\",\"name\":\"C\u00f3pia+\",\"url\":\"https:\/\/copiamais.com\/lojaonline\/\",\"logo\":{\"@type\":\"ImageObject\",\"inLanguage\":\"pt-PT\",\"@id\":\"https:\/\/copiamais.com\/lojaonline\/#\/schema\/logo\/image\/\",\"url\":\"https:\/\/copiamais.com\/lojaonline\/wp-content\/uploads\/2019\/08\/logo_copia.png\",\"contentUrl\":\"https:\/\/copiamais.com\/lojaonline\/wp-content\/uploads\/2019\/08\/logo_copia.png\",\"width\":150,\"height\":92,\"caption\":\"C\u00f3pia+\"},\"image\":{\"@id\":\"https:\/\/copiamais.com\/lojaonline\/#\/schema\/logo\/image\/\"}}]}<\/script>\n<!-- \/ Yoast SEO plugin. -->","yoast_head_json":{"title":"Caneca - Feliz Natal - C\u00f3pia+ | Loja Online - Presentes Personalizados - Prendas Originais","robots":{"index":"index","follow":"follow","max-snippet":"max-snippet:-1","max-image-preview":"max-image-preview:large","max-video-preview":"max-video-preview:-1"},"canonical":"https:\/\/copiamais.com\/lojaonline\/produto\/caneca-feliz-natal-mod-74\/","og_locale":"pt_PT","og_type":"article","og_title":"Caneca - Feliz Natal - C\u00f3pia+ | Loja Online - Presentes Personalizados - Prendas Originais","og_description":"Dispomos de v\u00e1rios tipos de canecas que podem ser personalizadas com este modelo. Independentemente do tipo de caneca, o modelo de imagem ser\u00e1 igual em qualquer uma. -Caneca Branca -Caneca Rosa (asa e interior de cor rosa; exterior branco; acabamento brilhante) -Caneca Verde (asa e interior de cor verde.; exterior branco; acabamento brilhante) -Caneca Preta","og_url":"https:\/\/copiamais.com\/lojaonline\/produto\/caneca-feliz-natal-mod-74\/","og_site_name":"C\u00f3pia+ | Loja Online - Presentes Personalizados - Prendas Originais","article_modified_time":"2023-03-30T16:08:46+00:00","og_image":[{"width":1672,"height":1672,"url":"https:\/\/copiamais.com\/lojaonline\/wp-content\/uploads\/2019\/11\/caneca74_4.jpg?v=1604595092","type":"image\/jpeg"}],"twitter_card":"summary_large_image","twitter_misc":{"Tempo estimado de leitura":"1 minuto"},"schema":{"@context":"https:\/\/schema.org","@graph":[{"@type":"WebPage","@id":"https:\/\/copiamais.com\/lojaonline\/produto\/caneca-feliz-natal-mod-74\/","url":"https:\/\/copiamais.com\/lojaonline\/produto\/caneca-feliz-natal-mod-74\/","name":"Caneca - Feliz Natal - C\u00f3pia+ | Loja Online - Presentes Personalizados - Prendas Originais","isPartOf":{"@id":"https:\/\/copiamais.com\/lojaonline\/#website"},"primaryImageOfPage":{"@id":"https:\/\/copiamais.com\/lojaonline\/produto\/caneca-feliz-natal-mod-74\/#primaryimage"},"image":{"@id":"https:\/\/copiamais.com\/lojaonline\/produto\/caneca-feliz-natal-mod-74\/#primaryimage"},"thumbnailUrl":"https:\/\/copiamais.com\/lojaonline\/wp-content\/uploads\/2019\/11\/caneca74_4.jpg?v=1604595092","datePublished":"2019-11-26T17:17:06+00:00","dateModified":"2023-03-30T16:08:46+00:00","breadcrumb":{"@id":"https:\/\/copiamais.com\/lojaonline\/produto\/caneca-feliz-natal-mod-74\/#breadcrumb"},"inLanguage":"pt-PT","potentialAction":[{"@type":"ReadAction","target":["https:\/\/copiamais.com\/lojaonline\/produto\/caneca-feliz-natal-mod-74\/"]}]},{"@type":"ImageObject","inLanguage":"pt-PT","@id":"https:\/\/copiamais.com\/lojaonline\/produto\/caneca-feliz-natal-mod-74\/#primaryimage","url":"https:\/\/copiamais.com\/lojaonline\/wp-content\/uploads\/2019\/11\/caneca74_4.jpg?v=1604595092","contentUrl":"https:\/\/copiamais.com\/lojaonline\/wp-content\/uploads\/2019\/11\/caneca74_4.jpg?v=1604595092","width":1672,"height":1672,"caption":"caneca feliz natal c\u00f3pia+ viana do castelo mod74"},{"@type":"BreadcrumbList","@id":"https:\/\/copiamais.com\/lojaonline\/produto\/caneca-feliz-natal-mod-74\/#breadcrumb","itemListElement":[{"@type":"ListItem","position":1,"name":"In\u00edcio","item":"https:\/\/copiamais.com\/lojaonline\/"},{"@type":"ListItem","position":2,"name":"Loja","item":"https:\/\/copiamais.com\/lojaonline\/loja\/"},{"@type":"ListItem","position":3,"name":"Caneca &#8211; Feliz Natal"}]},{"@type":"WebSite","@id":"https:\/\/copiamais.com\/lojaonline\/#website","url":"https:\/\/copiamais.com\/lojaonline\/","name":"C\u00f3pia+ | Loja Online - Presentes Personalizados - Prendas Originais","description":"Presentes para namorados, Dia do Pai, Dia da M\u00e3e, Dia dos Av\u00f3s, P\u00e1scoa...","publisher":{"@id":"https:\/\/copiamais.com\/lojaonline\/#organization"},"potentialAction":[{"@type":"SearchAction","target":{"@type":"EntryPoint","urlTemplate":"https:\/\/copiamais.com\/lojaonline\/?s={search_term_string}"},"query-input":{"@type":"PropertyValueSpecification","valueRequired":true,"valueName":"search_term_string"}}],"inLanguage":"pt-PT"},{"@type":"Organization","@id":"https:\/\/copiamais.com\/lojaonline\/#organization","name":"C\u00f3pia+","url":"https:\/\/copiamais.com\/lojaonline\/","logo":{"@type":"ImageObject","inLanguage":"pt-PT","@id":"https:\/\/copiamais.com\/lojaonline\/#\/schema\/logo\/image\/","url":"https:\/\/copiamais.com\/lojaonline\/wp-content\/uploads\/2019\/08\/logo_copia.png","contentUrl":"https:\/\/copiamais.com\/lojaonline\/wp-content\/uploads\/2019\/08\/logo_copia.png","width":150,"height":92,"caption":"C\u00f3pia+"},"image":{"@id":"https:\/\/copiamais.com\/lojaonline\/#\/schema\/logo\/image\/"}}]}},"_links":{"self":[{"href":"https:\/\/copiamais.com\/lojaonline\/wp-json\/wp\/v2\/product\/6769","targetHints":{"allow":["GET"]}}],"collection":[{"href":"https:\/\/copiamais.com\/lojaonline\/wp-json\/wp\/v2\/product"}],"about":[{"href":"https:\/\/copiamais.com\/lojaonline\/wp-json\/wp\/v2\/types\/product"}],"replies":[{"embeddable":true,"href":"https:\/\/copiamais.com\/lojaonline\/wp-json\/wp\/v2\/comments?post=6769"}],"wp:featuredmedia":[{"embeddable":true,"href":"https:\/\/copiamais.com\/lojaonline\/wp-json\/wp\/v2\/media\/6777"}],"wp:attachment":[{"href":"https:\/\/copiamais.com\/lojaonline\/wp-json\/wp\/v2\/media?parent=6769"}],"wp:term":[{"taxonomy":"product_brand","embeddable":true,"href":"https:\/\/copiamais.com\/lojaonline\/wp-json\/wp\/v2\/product_brand?post=6769"},{"taxonomy":"product_cat","embeddable":true,"href":"https:\/\/copiamais.com\/lojaonline\/wp-json\/wp\/v2\/product_cat?post=6769"},{"taxonomy":"product_tag","embeddable":true,"href":"https:\/\/copiamais.com\/lojaonline\/wp-json\/wp\/v2\/product_tag?post=6769"}],"curies":[{"name":"wp","href":"https:\/\/api.w.org\/{rel}","templated":true}]}}