{"id":7229,"date":"2020-02-20T17:33:34","date_gmt":"2020-02-20T17:33:34","guid":{"rendered":"http:\/\/copiamais.com\/lojaonline\/?post_type=product&#038;p=7229"},"modified":"2023-03-27T14:10:37","modified_gmt":"2023-03-27T14:10:37","slug":"almofada-pai-aperfeicoado-com-o-tempo-mod-34","status":"publish","type":"product","link":"https:\/\/copiamais.com\/lojaonline\/produto\/almofada-pai-aperfeicoado-com-o-tempo-mod-34\/","title":{"rendered":"Almofada &#8211; Pai aperfei\u00e7oado com o tempo"},"content":{"rendered":"<p>As Almofadas est\u00e3o dispon\u00edveis com a frente branca e verso dispon\u00edvel em variadas cores: branco, preto, rosa, azul e vermelho.<\/p>\n<p>Caracter\u00edsticas:<br \/>\n&#8211; Dimens\u00e3o do artigo: 40x40cm<\/p>\n<p><strong>\u00a0<\/strong><\/p>\n<p>&nbsp;<\/p>\n<p><em>*Imagem meramente ilustrativa.<\/em><br \/>\n<em>Pode haver pequenas varia\u00e7\u00f5es de cor da imagem do produto para o produto final devido \u00e0 mudan\u00e7a do modo de cor de RGB para CMYK.<\/em><\/p>\n","protected":false},"excerpt":{"rendered":"<p>As Almofadas est\u00e3o dispon\u00edveis com a frente branca e verso dispon\u00edvel em variadas cores: branco, preto, rosa, azul e vermelho. Caracter\u00edsticas: &#8211; Dimens\u00e3o do artigo: 40x40cm \u00a0 &nbsp; *Imagem meramente ilustrativa. Pode haver pequenas varia\u00e7\u00f5es de cor da imagem do produto para o produto final devido \u00e0 mudan\u00e7a do modo de cor de RGB para<\/p>\n","protected":false},"featured_media":7235,"comment_status":"open","ping_status":"closed","template":"","meta":{"_monsterinsights_skip_tracking":false,"_monsterinsights_sitenote_active":false,"_monsterinsights_sitenote_note":"","_monsterinsights_sitenote_category":0},"product_brand":[],"product_cat":[165,66,67],"product_tag":[102,104],"class_list":{"0":"post-7229","1":"product","2":"type-product","3":"status-publish","4":"has-post-thumbnail","6":"product_cat-modelos-pre-criados-almofadas","7":"product_cat-decoracao","8":"product_cat-almofadas","9":"product_tag-decoracao-de-casa","10":"product_tag-dia-do-pai","12":"first","13":"instock","14":"taxable","15":"shipping-taxable","16":"purchasable","17":"product-type-variable"},"yoast_head":"<!-- This site is optimized with the Yoast SEO plugin v25.5 - https:\/\/yoast.com\/wordpress\/plugins\/seo\/ -->\n<title>Almofada - Pai aperfei\u00e7oado com o tempo - C\u00f3pia+ | Loja Online - Presentes Personalizados - Prendas Originais<\/title>\n<meta name=\"description\" content=\"Almofada Dia do Pai - Pai aperfei\u00e7oado com o tempo\" \/>\n<meta name=\"robots\" content=\"index, follow, max-snippet:-1, max-image-preview:large, max-video-preview:-1\" \/>\n<link rel=\"canonical\" href=\"https:\/\/copiamais.com\/lojaonline\/produto\/almofada-pai-aperfeicoado-com-o-tempo-mod-34\/\" \/>\n<meta property=\"og:locale\" content=\"pt_PT\" \/>\n<meta property=\"og:type\" content=\"article\" \/>\n<meta property=\"og:title\" content=\"Almofada - Pai aperfei\u00e7oado com o tempo - C\u00f3pia+ | Loja Online - Presentes Personalizados - Prendas Originais\" \/>\n<meta property=\"og:description\" content=\"Almofada Dia do Pai - Pai aperfei\u00e7oado com o tempo\" \/>\n<meta property=\"og:url\" content=\"https:\/\/copiamais.com\/lojaonline\/produto\/almofada-pai-aperfeicoado-com-o-tempo-mod-34\/\" \/>\n<meta property=\"og:site_name\" content=\"C\u00f3pia+ | Loja Online - Presentes Personalizados - Prendas Originais\" \/>\n<meta property=\"article:modified_time\" content=\"2023-03-27T14:10:37+00:00\" \/>\n<meta property=\"og:image\" content=\"https:\/\/copiamais.com\/lojaonline\/wp-content\/uploads\/2020\/02\/almofada34.jpg?v=1604592993\" \/>\n\t<meta property=\"og:image:width\" content=\"1772\" \/>\n\t<meta property=\"og:image:height\" content=\"1772\" \/>\n\t<meta property=\"og:image:type\" content=\"image\/jpeg\" \/>\n<meta name=\"twitter:card\" content=\"summary_large_image\" \/>\n<script type=\"application\/ld+json\" class=\"yoast-schema-graph\">{\"@context\":\"https:\/\/schema.org\",\"@graph\":[{\"@type\":\"WebPage\",\"@id\":\"https:\/\/copiamais.com\/lojaonline\/produto\/almofada-pai-aperfeicoado-com-o-tempo-mod-34\/\",\"url\":\"https:\/\/copiamais.com\/lojaonline\/produto\/almofada-pai-aperfeicoado-com-o-tempo-mod-34\/\",\"name\":\"Almofada - Pai aperfei\u00e7oado com o tempo - C\u00f3pia+ | Loja Online - Presentes Personalizados - Prendas Originais\",\"isPartOf\":{\"@id\":\"https:\/\/copiamais.com\/lojaonline\/#website\"},\"primaryImageOfPage\":{\"@id\":\"https:\/\/copiamais.com\/lojaonline\/produto\/almofada-pai-aperfeicoado-com-o-tempo-mod-34\/#primaryimage\"},\"image\":{\"@id\":\"https:\/\/copiamais.com\/lojaonline\/produto\/almofada-pai-aperfeicoado-com-o-tempo-mod-34\/#primaryimage\"},\"thumbnailUrl\":\"https:\/\/copiamais.com\/lojaonline\/wp-content\/uploads\/2020\/02\/almofada34.jpg?v=1604592993\",\"datePublished\":\"2020-02-20T17:33:34+00:00\",\"dateModified\":\"2023-03-27T14:10:37+00:00\",\"description\":\"Almofada Dia do Pai - Pai aperfei\u00e7oado com o tempo\",\"breadcrumb\":{\"@id\":\"https:\/\/copiamais.com\/lojaonline\/produto\/almofada-pai-aperfeicoado-com-o-tempo-mod-34\/#breadcrumb\"},\"inLanguage\":\"pt-PT\",\"potentialAction\":[{\"@type\":\"ReadAction\",\"target\":[\"https:\/\/copiamais.com\/lojaonline\/produto\/almofada-pai-aperfeicoado-com-o-tempo-mod-34\/\"]}]},{\"@type\":\"ImageObject\",\"inLanguage\":\"pt-PT\",\"@id\":\"https:\/\/copiamais.com\/lojaonline\/produto\/almofada-pai-aperfeicoado-com-o-tempo-mod-34\/#primaryimage\",\"url\":\"https:\/\/copiamais.com\/lojaonline\/wp-content\/uploads\/2020\/02\/almofada34.jpg?v=1604592993\",\"contentUrl\":\"https:\/\/copiamais.com\/lojaonline\/wp-content\/uploads\/2020\/02\/almofada34.jpg?v=1604592993\",\"width\":1772,\"height\":1772,\"caption\":\"Almofada Jack Daniels Whisky Dia do Pai C\u00f3pia+\"},{\"@type\":\"BreadcrumbList\",\"@id\":\"https:\/\/copiamais.com\/lojaonline\/produto\/almofada-pai-aperfeicoado-com-o-tempo-mod-34\/#breadcrumb\",\"itemListElement\":[{\"@type\":\"ListItem\",\"position\":1,\"name\":\"In\u00edcio\",\"item\":\"https:\/\/copiamais.com\/lojaonline\/\"},{\"@type\":\"ListItem\",\"position\":2,\"name\":\"Loja\",\"item\":\"https:\/\/copiamais.com\/lojaonline\/loja\/\"},{\"@type\":\"ListItem\",\"position\":3,\"name\":\"Almofada &#8211; Pai aperfei\u00e7oado com o tempo\"}]},{\"@type\":\"WebSite\",\"@id\":\"https:\/\/copiamais.com\/lojaonline\/#website\",\"url\":\"https:\/\/copiamais.com\/lojaonline\/\",\"name\":\"C\u00f3pia+ | Loja Online - Presentes Personalizados - Prendas Originais\",\"description\":\"Presentes para namorados, Dia do Pai, Dia da M\u00e3e, Dia dos Av\u00f3s, P\u00e1scoa...\",\"publisher\":{\"@id\":\"https:\/\/copiamais.com\/lojaonline\/#organization\"},\"potentialAction\":[{\"@type\":\"SearchAction\",\"target\":{\"@type\":\"EntryPoint\",\"urlTemplate\":\"https:\/\/copiamais.com\/lojaonline\/?s={search_term_string}\"},\"query-input\":{\"@type\":\"PropertyValueSpecification\",\"valueRequired\":true,\"valueName\":\"search_term_string\"}}],\"inLanguage\":\"pt-PT\"},{\"@type\":\"Organization\",\"@id\":\"https:\/\/copiamais.com\/lojaonline\/#organization\",\"name\":\"C\u00f3pia+\",\"url\":\"https:\/\/copiamais.com\/lojaonline\/\",\"logo\":{\"@type\":\"ImageObject\",\"inLanguage\":\"pt-PT\",\"@id\":\"https:\/\/copiamais.com\/lojaonline\/#\/schema\/logo\/image\/\",\"url\":\"https:\/\/copiamais.com\/lojaonline\/wp-content\/uploads\/2019\/08\/logo_copia.png\",\"contentUrl\":\"https:\/\/copiamais.com\/lojaonline\/wp-content\/uploads\/2019\/08\/logo_copia.png\",\"width\":150,\"height\":92,\"caption\":\"C\u00f3pia+\"},\"image\":{\"@id\":\"https:\/\/copiamais.com\/lojaonline\/#\/schema\/logo\/image\/\"}}]}<\/script>\n<!-- \/ Yoast SEO plugin. -->","yoast_head_json":{"title":"Almofada - Pai aperfei\u00e7oado com o tempo - C\u00f3pia+ | Loja Online - Presentes Personalizados - Prendas Originais","description":"Almofada Dia do Pai - Pai aperfei\u00e7oado com o tempo","robots":{"index":"index","follow":"follow","max-snippet":"max-snippet:-1","max-image-preview":"max-image-preview:large","max-video-preview":"max-video-preview:-1"},"canonical":"https:\/\/copiamais.com\/lojaonline\/produto\/almofada-pai-aperfeicoado-com-o-tempo-mod-34\/","og_locale":"pt_PT","og_type":"article","og_title":"Almofada - Pai aperfei\u00e7oado com o tempo - C\u00f3pia+ | Loja Online - Presentes Personalizados - Prendas Originais","og_description":"Almofada Dia do Pai - Pai aperfei\u00e7oado com o tempo","og_url":"https:\/\/copiamais.com\/lojaonline\/produto\/almofada-pai-aperfeicoado-com-o-tempo-mod-34\/","og_site_name":"C\u00f3pia+ | Loja Online - Presentes Personalizados - Prendas Originais","article_modified_time":"2023-03-27T14:10:37+00:00","og_image":[{"width":1772,"height":1772,"url":"https:\/\/copiamais.com\/lojaonline\/wp-content\/uploads\/2020\/02\/almofada34.jpg?v=1604592993","type":"image\/jpeg"}],"twitter_card":"summary_large_image","schema":{"@context":"https:\/\/schema.org","@graph":[{"@type":"WebPage","@id":"https:\/\/copiamais.com\/lojaonline\/produto\/almofada-pai-aperfeicoado-com-o-tempo-mod-34\/","url":"https:\/\/copiamais.com\/lojaonline\/produto\/almofada-pai-aperfeicoado-com-o-tempo-mod-34\/","name":"Almofada - Pai aperfei\u00e7oado com o tempo - C\u00f3pia+ | Loja Online - Presentes Personalizados - Prendas Originais","isPartOf":{"@id":"https:\/\/copiamais.com\/lojaonline\/#website"},"primaryImageOfPage":{"@id":"https:\/\/copiamais.com\/lojaonline\/produto\/almofada-pai-aperfeicoado-com-o-tempo-mod-34\/#primaryimage"},"image":{"@id":"https:\/\/copiamais.com\/lojaonline\/produto\/almofada-pai-aperfeicoado-com-o-tempo-mod-34\/#primaryimage"},"thumbnailUrl":"https:\/\/copiamais.com\/lojaonline\/wp-content\/uploads\/2020\/02\/almofada34.jpg?v=1604592993","datePublished":"2020-02-20T17:33:34+00:00","dateModified":"2023-03-27T14:10:37+00:00","description":"Almofada Dia do Pai - Pai aperfei\u00e7oado com o tempo","breadcrumb":{"@id":"https:\/\/copiamais.com\/lojaonline\/produto\/almofada-pai-aperfeicoado-com-o-tempo-mod-34\/#breadcrumb"},"inLanguage":"pt-PT","potentialAction":[{"@type":"ReadAction","target":["https:\/\/copiamais.com\/lojaonline\/produto\/almofada-pai-aperfeicoado-com-o-tempo-mod-34\/"]}]},{"@type":"ImageObject","inLanguage":"pt-PT","@id":"https:\/\/copiamais.com\/lojaonline\/produto\/almofada-pai-aperfeicoado-com-o-tempo-mod-34\/#primaryimage","url":"https:\/\/copiamais.com\/lojaonline\/wp-content\/uploads\/2020\/02\/almofada34.jpg?v=1604592993","contentUrl":"https:\/\/copiamais.com\/lojaonline\/wp-content\/uploads\/2020\/02\/almofada34.jpg?v=1604592993","width":1772,"height":1772,"caption":"Almofada Jack Daniels Whisky Dia do Pai C\u00f3pia+"},{"@type":"BreadcrumbList","@id":"https:\/\/copiamais.com\/lojaonline\/produto\/almofada-pai-aperfeicoado-com-o-tempo-mod-34\/#breadcrumb","itemListElement":[{"@type":"ListItem","position":1,"name":"In\u00edcio","item":"https:\/\/copiamais.com\/lojaonline\/"},{"@type":"ListItem","position":2,"name":"Loja","item":"https:\/\/copiamais.com\/lojaonline\/loja\/"},{"@type":"ListItem","position":3,"name":"Almofada &#8211; Pai aperfei\u00e7oado com o tempo"}]},{"@type":"WebSite","@id":"https:\/\/copiamais.com\/lojaonline\/#website","url":"https:\/\/copiamais.com\/lojaonline\/","name":"C\u00f3pia+ | Loja Online - Presentes Personalizados - Prendas Originais","description":"Presentes para namorados, Dia do Pai, Dia da M\u00e3e, Dia dos Av\u00f3s, P\u00e1scoa...","publisher":{"@id":"https:\/\/copiamais.com\/lojaonline\/#organization"},"potentialAction":[{"@type":"SearchAction","target":{"@type":"EntryPoint","urlTemplate":"https:\/\/copiamais.com\/lojaonline\/?s={search_term_string}"},"query-input":{"@type":"PropertyValueSpecification","valueRequired":true,"valueName":"search_term_string"}}],"inLanguage":"pt-PT"},{"@type":"Organization","@id":"https:\/\/copiamais.com\/lojaonline\/#organization","name":"C\u00f3pia+","url":"https:\/\/copiamais.com\/lojaonline\/","logo":{"@type":"ImageObject","inLanguage":"pt-PT","@id":"https:\/\/copiamais.com\/lojaonline\/#\/schema\/logo\/image\/","url":"https:\/\/copiamais.com\/lojaonline\/wp-content\/uploads\/2019\/08\/logo_copia.png","contentUrl":"https:\/\/copiamais.com\/lojaonline\/wp-content\/uploads\/2019\/08\/logo_copia.png","width":150,"height":92,"caption":"C\u00f3pia+"},"image":{"@id":"https:\/\/copiamais.com\/lojaonline\/#\/schema\/logo\/image\/"}}]}},"_links":{"self":[{"href":"https:\/\/copiamais.com\/lojaonline\/wp-json\/wp\/v2\/product\/7229","targetHints":{"allow":["GET"]}}],"collection":[{"href":"https:\/\/copiamais.com\/lojaonline\/wp-json\/wp\/v2\/product"}],"about":[{"href":"https:\/\/copiamais.com\/lojaonline\/wp-json\/wp\/v2\/types\/product"}],"replies":[{"embeddable":true,"href":"https:\/\/copiamais.com\/lojaonline\/wp-json\/wp\/v2\/comments?post=7229"}],"wp:featuredmedia":[{"embeddable":true,"href":"https:\/\/copiamais.com\/lojaonline\/wp-json\/wp\/v2\/media\/7235"}],"wp:attachment":[{"href":"https:\/\/copiamais.com\/lojaonline\/wp-json\/wp\/v2\/media?parent=7229"}],"wp:term":[{"taxonomy":"product_brand","embeddable":true,"href":"https:\/\/copiamais.com\/lojaonline\/wp-json\/wp\/v2\/product_brand?post=7229"},{"taxonomy":"product_cat","embeddable":true,"href":"https:\/\/copiamais.com\/lojaonline\/wp-json\/wp\/v2\/product_cat?post=7229"},{"taxonomy":"product_tag","embeddable":true,"href":"https:\/\/copiamais.com\/lojaonline\/wp-json\/wp\/v2\/product_tag?post=7229"}],"curies":[{"name":"wp","href":"https:\/\/api.w.org\/{rel}","templated":true}]}}