{"id":7639,"date":"2020-03-11T16:48:40","date_gmt":"2020-03-11T16:48:40","guid":{"rendered":"http:\/\/copiamais.com\/lojaonline\/?post_type=product&#038;p=7639"},"modified":"2023-03-30T16:43:14","modified_gmt":"2023-03-30T16:43:14","slug":"caneca-coelho-meu-ha-algum-padrinho-melhor-que-o-meu-mod-103","status":"publish","type":"product","link":"https:\/\/copiamais.com\/lojaonline\/produto\/caneca-coelho-meu-ha-algum-padrinho-melhor-que-o-meu-mod-103\/","title":{"rendered":"Caneca &#8211; Coelho meu, h\u00e1 algum Padrinho melhor que o meu?"},"content":{"rendered":"<p>Dispomos de v\u00e1rios tipos de canecas que podem ser personalizadas com este modelo. Independentemente do tipo de caneca, o modelo de imagem ser\u00e1 igual em qualquer uma.<\/p>\n<blockquote><p>-Caneca Branca<br \/>\n-Caneca Rosa (asa e interior de cor rosa; exterior branco; acabamento brilhante)<br \/>\n-Caneca Verde (asa e interior de cor verde.; exterior branco; acabamento brilhante)<br \/>\n-Caneca Preta (asa e interior de cor preta; exterior branco; acabamento brilhante)<br \/>\n-Caneca Azul (asa e interior de cor azul; exterior branco; acabamento brilhante)<br \/>\n-Caneca Vermelha (asa e interior de cor vermelha; exterior branco; acabamento brilhante)<br \/>\n-Caneca Amarela (asa e interior de cor amarela; exterior branco; acabamento brilhante)<br \/>\n-Caneca M\u00e1gica (apresenta-se preta enquanto est\u00e1 \u00e0 temperatura ambiente; a imagem surge quando colocado um l\u00edquido quente no seu interior)<\/p><\/blockquote>\n<p>&nbsp;<\/p>\n<p>Dimens\u00e3o do artigo: 9,5cm de altura por 8,2cm de di\u00e2metro.<\/p>\n<p>&nbsp;<\/p>\n<p>&nbsp;<\/p>\n<blockquote><p><strong>Aten\u00e7\u00e3o!<\/strong><br \/>\n<strong>-Carregue 2 fotografias na zona acima destinada a esse fim. Caso seja carregada apenas 1 fotografia, ser\u00e1 repetida em ambos os lados da caneca.<\/strong><\/p>\n<p>As fotografias ser\u00e3o cortadas e ajustadas ao formato do modelo.<br \/>\nEnviaremos uma maqueta para aprova\u00e7\u00e3o por email antes de avan\u00e7ar com a produ\u00e7\u00e3o.<\/p><\/blockquote>\n<p>&nbsp;<\/p>\n<p><em>*Imagem meramente ilustrativa.<\/em><br \/>\n<em>Pode haver pequenas varia\u00e7\u00f5es de cor da imagem do produto para o produto final devido \u00e0 mudan\u00e7a do modo de cor de RGB para CMYK.<\/em><\/p>\n","protected":false},"excerpt":{"rendered":"<p>Dispomos de v\u00e1rios tipos de canecas que podem ser personalizadas com este modelo. Independentemente do tipo de caneca, o modelo de imagem ser\u00e1 igual em qualquer uma. -Caneca Branca -Caneca Rosa (asa e interior de cor rosa; exterior branco; acabamento brilhante) -Caneca Verde (asa e interior de cor verde.; exterior branco; acabamento brilhante) -Caneca Preta<\/p>\n","protected":false},"featured_media":9817,"comment_status":"open","ping_status":"closed","template":"","meta":{"_monsterinsights_skip_tracking":false,"_monsterinsights_sitenote_active":false,"_monsterinsights_sitenote_note":"","_monsterinsights_sitenote_category":0},"product_brand":[],"product_cat":[168,75,76],"product_tag":[107,100,108,133],"class_list":{"0":"post-7639","1":"product","2":"type-product","3":"status-publish","4":"has-post-thumbnail","6":"product_cat-modelos-pre-criados-canecas","7":"product_cat-utensilios","8":"product_cat-canecas","9":"product_tag-afilhados","10":"product_tag-artigos-personalizaveis","11":"product_tag-dia-dos-padrinhos","12":"product_tag-pascoa","14":"first","15":"instock","16":"taxable","17":"shipping-taxable","18":"purchasable","19":"product-type-variable"},"yoast_head":"<!-- This site is optimized with the Yoast SEO plugin v25.5 - https:\/\/yoast.com\/wordpress\/plugins\/seo\/ -->\n<title>Caneca - Coelho meu, h\u00e1 algum Padrinho melhor que o meu? - C\u00f3pia+ | Loja Online - Presentes Personalizados - Prendas Originais<\/title>\n<meta name=\"description\" content=\"Caneca P\u00e1scoa - Coelho meu h\u00e1 algum Padrinho melhor que o meu?\" \/>\n<meta name=\"robots\" content=\"index, follow, max-snippet:-1, max-image-preview:large, max-video-preview:-1\" \/>\n<link rel=\"canonical\" href=\"https:\/\/copiamais.com\/lojaonline\/produto\/caneca-coelho-meu-ha-algum-padrinho-melhor-que-o-meu-mod-103\/\" \/>\n<meta property=\"og:locale\" content=\"pt_PT\" \/>\n<meta property=\"og:type\" content=\"article\" \/>\n<meta property=\"og:title\" content=\"Caneca - Coelho meu, h\u00e1 algum Padrinho melhor que o meu? - C\u00f3pia+ | Loja Online - Presentes Personalizados - Prendas Originais\" \/>\n<meta property=\"og:description\" content=\"Caneca P\u00e1scoa - Coelho meu h\u00e1 algum Padrinho melhor que o meu?\" \/>\n<meta property=\"og:url\" content=\"https:\/\/copiamais.com\/lojaonline\/produto\/caneca-coelho-meu-ha-algum-padrinho-melhor-que-o-meu-mod-103\/\" \/>\n<meta property=\"og:site_name\" content=\"C\u00f3pia+ | Loja Online - Presentes Personalizados - Prendas Originais\" \/>\n<meta property=\"article:modified_time\" content=\"2023-03-30T16:43:14+00:00\" \/>\n<meta property=\"og:image\" content=\"https:\/\/copiamais.com\/lojaonline\/wp-content\/uploads\/2020\/03\/caneca-Pascoamod103_5.2.jpg?v=1610039842\" \/>\n\t<meta property=\"og:image:width\" content=\"2219\" \/>\n\t<meta property=\"og:image:height\" content=\"2219\" \/>\n\t<meta property=\"og:image:type\" content=\"image\/jpeg\" \/>\n<meta name=\"twitter:card\" content=\"summary_large_image\" \/>\n<meta name=\"twitter:label1\" content=\"Tempo estimado de leitura\" \/>\n\t<meta name=\"twitter:data1\" content=\"1 minuto\" \/>\n<script type=\"application\/ld+json\" class=\"yoast-schema-graph\">{\"@context\":\"https:\/\/schema.org\",\"@graph\":[{\"@type\":\"WebPage\",\"@id\":\"https:\/\/copiamais.com\/lojaonline\/produto\/caneca-coelho-meu-ha-algum-padrinho-melhor-que-o-meu-mod-103\/\",\"url\":\"https:\/\/copiamais.com\/lojaonline\/produto\/caneca-coelho-meu-ha-algum-padrinho-melhor-que-o-meu-mod-103\/\",\"name\":\"Caneca - Coelho meu, h\u00e1 algum Padrinho melhor que o meu? - C\u00f3pia+ | Loja Online - Presentes Personalizados - Prendas Originais\",\"isPartOf\":{\"@id\":\"https:\/\/copiamais.com\/lojaonline\/#website\"},\"primaryImageOfPage\":{\"@id\":\"https:\/\/copiamais.com\/lojaonline\/produto\/caneca-coelho-meu-ha-algum-padrinho-melhor-que-o-meu-mod-103\/#primaryimage\"},\"image\":{\"@id\":\"https:\/\/copiamais.com\/lojaonline\/produto\/caneca-coelho-meu-ha-algum-padrinho-melhor-que-o-meu-mod-103\/#primaryimage\"},\"thumbnailUrl\":\"https:\/\/copiamais.com\/lojaonline\/wp-content\/uploads\/2020\/03\/caneca-Pascoamod103_5.2.jpg?v=1610039842\",\"datePublished\":\"2020-03-11T16:48:40+00:00\",\"dateModified\":\"2023-03-30T16:43:14+00:00\",\"description\":\"Caneca P\u00e1scoa - Coelho meu h\u00e1 algum Padrinho melhor que o meu?\",\"breadcrumb\":{\"@id\":\"https:\/\/copiamais.com\/lojaonline\/produto\/caneca-coelho-meu-ha-algum-padrinho-melhor-que-o-meu-mod-103\/#breadcrumb\"},\"inLanguage\":\"pt-PT\",\"potentialAction\":[{\"@type\":\"ReadAction\",\"target\":[\"https:\/\/copiamais.com\/lojaonline\/produto\/caneca-coelho-meu-ha-algum-padrinho-melhor-que-o-meu-mod-103\/\"]}]},{\"@type\":\"ImageObject\",\"inLanguage\":\"pt-PT\",\"@id\":\"https:\/\/copiamais.com\/lojaonline\/produto\/caneca-coelho-meu-ha-algum-padrinho-melhor-que-o-meu-mod-103\/#primaryimage\",\"url\":\"https:\/\/copiamais.com\/lojaonline\/wp-content\/uploads\/2020\/03\/caneca-Pascoamod103_5.2.jpg?v=1610039842\",\"contentUrl\":\"https:\/\/copiamais.com\/lojaonline\/wp-content\/uploads\/2020\/03\/caneca-Pascoamod103_5.2.jpg?v=1610039842\",\"width\":2219,\"height\":2219,\"caption\":\"caneca-Pascoamod103_5\"},{\"@type\":\"BreadcrumbList\",\"@id\":\"https:\/\/copiamais.com\/lojaonline\/produto\/caneca-coelho-meu-ha-algum-padrinho-melhor-que-o-meu-mod-103\/#breadcrumb\",\"itemListElement\":[{\"@type\":\"ListItem\",\"position\":1,\"name\":\"In\u00edcio\",\"item\":\"https:\/\/copiamais.com\/lojaonline\/\"},{\"@type\":\"ListItem\",\"position\":2,\"name\":\"Loja\",\"item\":\"https:\/\/copiamais.com\/lojaonline\/loja\/\"},{\"@type\":\"ListItem\",\"position\":3,\"name\":\"Caneca &#8211; Coelho meu, h\u00e1 algum Padrinho melhor que o meu?\"}]},{\"@type\":\"WebSite\",\"@id\":\"https:\/\/copiamais.com\/lojaonline\/#website\",\"url\":\"https:\/\/copiamais.com\/lojaonline\/\",\"name\":\"C\u00f3pia+ | Loja Online - Presentes Personalizados - Prendas Originais\",\"description\":\"Presentes para namorados, Dia do Pai, Dia da M\u00e3e, Dia dos Av\u00f3s, P\u00e1scoa...\",\"publisher\":{\"@id\":\"https:\/\/copiamais.com\/lojaonline\/#organization\"},\"potentialAction\":[{\"@type\":\"SearchAction\",\"target\":{\"@type\":\"EntryPoint\",\"urlTemplate\":\"https:\/\/copiamais.com\/lojaonline\/?s={search_term_string}\"},\"query-input\":{\"@type\":\"PropertyValueSpecification\",\"valueRequired\":true,\"valueName\":\"search_term_string\"}}],\"inLanguage\":\"pt-PT\"},{\"@type\":\"Organization\",\"@id\":\"https:\/\/copiamais.com\/lojaonline\/#organization\",\"name\":\"C\u00f3pia+\",\"url\":\"https:\/\/copiamais.com\/lojaonline\/\",\"logo\":{\"@type\":\"ImageObject\",\"inLanguage\":\"pt-PT\",\"@id\":\"https:\/\/copiamais.com\/lojaonline\/#\/schema\/logo\/image\/\",\"url\":\"https:\/\/copiamais.com\/lojaonline\/wp-content\/uploads\/2019\/08\/logo_copia.png\",\"contentUrl\":\"https:\/\/copiamais.com\/lojaonline\/wp-content\/uploads\/2019\/08\/logo_copia.png\",\"width\":150,\"height\":92,\"caption\":\"C\u00f3pia+\"},\"image\":{\"@id\":\"https:\/\/copiamais.com\/lojaonline\/#\/schema\/logo\/image\/\"}}]}<\/script>\n<!-- \/ Yoast SEO plugin. -->","yoast_head_json":{"title":"Caneca - Coelho meu, h\u00e1 algum Padrinho melhor que o meu? - C\u00f3pia+ | Loja Online - Presentes Personalizados - Prendas Originais","description":"Caneca P\u00e1scoa - Coelho meu h\u00e1 algum Padrinho melhor que o meu?","robots":{"index":"index","follow":"follow","max-snippet":"max-snippet:-1","max-image-preview":"max-image-preview:large","max-video-preview":"max-video-preview:-1"},"canonical":"https:\/\/copiamais.com\/lojaonline\/produto\/caneca-coelho-meu-ha-algum-padrinho-melhor-que-o-meu-mod-103\/","og_locale":"pt_PT","og_type":"article","og_title":"Caneca - Coelho meu, h\u00e1 algum Padrinho melhor que o meu? - C\u00f3pia+ | Loja Online - Presentes Personalizados - Prendas Originais","og_description":"Caneca P\u00e1scoa - Coelho meu h\u00e1 algum Padrinho melhor que o meu?","og_url":"https:\/\/copiamais.com\/lojaonline\/produto\/caneca-coelho-meu-ha-algum-padrinho-melhor-que-o-meu-mod-103\/","og_site_name":"C\u00f3pia+ | Loja Online - Presentes Personalizados - Prendas Originais","article_modified_time":"2023-03-30T16:43:14+00:00","og_image":[{"width":2219,"height":2219,"url":"https:\/\/copiamais.com\/lojaonline\/wp-content\/uploads\/2020\/03\/caneca-Pascoamod103_5.2.jpg?v=1610039842","type":"image\/jpeg"}],"twitter_card":"summary_large_image","twitter_misc":{"Tempo estimado de leitura":"1 minuto"},"schema":{"@context":"https:\/\/schema.org","@graph":[{"@type":"WebPage","@id":"https:\/\/copiamais.com\/lojaonline\/produto\/caneca-coelho-meu-ha-algum-padrinho-melhor-que-o-meu-mod-103\/","url":"https:\/\/copiamais.com\/lojaonline\/produto\/caneca-coelho-meu-ha-algum-padrinho-melhor-que-o-meu-mod-103\/","name":"Caneca - Coelho meu, h\u00e1 algum Padrinho melhor que o meu? - C\u00f3pia+ | Loja Online - Presentes Personalizados - Prendas Originais","isPartOf":{"@id":"https:\/\/copiamais.com\/lojaonline\/#website"},"primaryImageOfPage":{"@id":"https:\/\/copiamais.com\/lojaonline\/produto\/caneca-coelho-meu-ha-algum-padrinho-melhor-que-o-meu-mod-103\/#primaryimage"},"image":{"@id":"https:\/\/copiamais.com\/lojaonline\/produto\/caneca-coelho-meu-ha-algum-padrinho-melhor-que-o-meu-mod-103\/#primaryimage"},"thumbnailUrl":"https:\/\/copiamais.com\/lojaonline\/wp-content\/uploads\/2020\/03\/caneca-Pascoamod103_5.2.jpg?v=1610039842","datePublished":"2020-03-11T16:48:40+00:00","dateModified":"2023-03-30T16:43:14+00:00","description":"Caneca P\u00e1scoa - Coelho meu h\u00e1 algum Padrinho melhor que o meu?","breadcrumb":{"@id":"https:\/\/copiamais.com\/lojaonline\/produto\/caneca-coelho-meu-ha-algum-padrinho-melhor-que-o-meu-mod-103\/#breadcrumb"},"inLanguage":"pt-PT","potentialAction":[{"@type":"ReadAction","target":["https:\/\/copiamais.com\/lojaonline\/produto\/caneca-coelho-meu-ha-algum-padrinho-melhor-que-o-meu-mod-103\/"]}]},{"@type":"ImageObject","inLanguage":"pt-PT","@id":"https:\/\/copiamais.com\/lojaonline\/produto\/caneca-coelho-meu-ha-algum-padrinho-melhor-que-o-meu-mod-103\/#primaryimage","url":"https:\/\/copiamais.com\/lojaonline\/wp-content\/uploads\/2020\/03\/caneca-Pascoamod103_5.2.jpg?v=1610039842","contentUrl":"https:\/\/copiamais.com\/lojaonline\/wp-content\/uploads\/2020\/03\/caneca-Pascoamod103_5.2.jpg?v=1610039842","width":2219,"height":2219,"caption":"caneca-Pascoamod103_5"},{"@type":"BreadcrumbList","@id":"https:\/\/copiamais.com\/lojaonline\/produto\/caneca-coelho-meu-ha-algum-padrinho-melhor-que-o-meu-mod-103\/#breadcrumb","itemListElement":[{"@type":"ListItem","position":1,"name":"In\u00edcio","item":"https:\/\/copiamais.com\/lojaonline\/"},{"@type":"ListItem","position":2,"name":"Loja","item":"https:\/\/copiamais.com\/lojaonline\/loja\/"},{"@type":"ListItem","position":3,"name":"Caneca &#8211; Coelho meu, h\u00e1 algum Padrinho melhor que o meu?"}]},{"@type":"WebSite","@id":"https:\/\/copiamais.com\/lojaonline\/#website","url":"https:\/\/copiamais.com\/lojaonline\/","name":"C\u00f3pia+ | Loja Online - Presentes Personalizados - Prendas Originais","description":"Presentes para namorados, Dia do Pai, Dia da M\u00e3e, Dia dos Av\u00f3s, P\u00e1scoa...","publisher":{"@id":"https:\/\/copiamais.com\/lojaonline\/#organization"},"potentialAction":[{"@type":"SearchAction","target":{"@type":"EntryPoint","urlTemplate":"https:\/\/copiamais.com\/lojaonline\/?s={search_term_string}"},"query-input":{"@type":"PropertyValueSpecification","valueRequired":true,"valueName":"search_term_string"}}],"inLanguage":"pt-PT"},{"@type":"Organization","@id":"https:\/\/copiamais.com\/lojaonline\/#organization","name":"C\u00f3pia+","url":"https:\/\/copiamais.com\/lojaonline\/","logo":{"@type":"ImageObject","inLanguage":"pt-PT","@id":"https:\/\/copiamais.com\/lojaonline\/#\/schema\/logo\/image\/","url":"https:\/\/copiamais.com\/lojaonline\/wp-content\/uploads\/2019\/08\/logo_copia.png","contentUrl":"https:\/\/copiamais.com\/lojaonline\/wp-content\/uploads\/2019\/08\/logo_copia.png","width":150,"height":92,"caption":"C\u00f3pia+"},"image":{"@id":"https:\/\/copiamais.com\/lojaonline\/#\/schema\/logo\/image\/"}}]}},"_links":{"self":[{"href":"https:\/\/copiamais.com\/lojaonline\/wp-json\/wp\/v2\/product\/7639","targetHints":{"allow":["GET"]}}],"collection":[{"href":"https:\/\/copiamais.com\/lojaonline\/wp-json\/wp\/v2\/product"}],"about":[{"href":"https:\/\/copiamais.com\/lojaonline\/wp-json\/wp\/v2\/types\/product"}],"replies":[{"embeddable":true,"href":"https:\/\/copiamais.com\/lojaonline\/wp-json\/wp\/v2\/comments?post=7639"}],"wp:featuredmedia":[{"embeddable":true,"href":"https:\/\/copiamais.com\/lojaonline\/wp-json\/wp\/v2\/media\/9817"}],"wp:attachment":[{"href":"https:\/\/copiamais.com\/lojaonline\/wp-json\/wp\/v2\/media?parent=7639"}],"wp:term":[{"taxonomy":"product_brand","embeddable":true,"href":"https:\/\/copiamais.com\/lojaonline\/wp-json\/wp\/v2\/product_brand?post=7639"},{"taxonomy":"product_cat","embeddable":true,"href":"https:\/\/copiamais.com\/lojaonline\/wp-json\/wp\/v2\/product_cat?post=7639"},{"taxonomy":"product_tag","embeddable":true,"href":"https:\/\/copiamais.com\/lojaonline\/wp-json\/wp\/v2\/product_tag?post=7639"}],"curies":[{"name":"wp","href":"https:\/\/api.w.org\/{rel}","templated":true}]}}