{"id":8114,"date":"2020-05-13T16:06:51","date_gmt":"2020-05-13T16:06:51","guid":{"rendered":"http:\/\/copiamais.com\/lojaonline\/?post_type=product&#038;p=8114"},"modified":"2023-03-27T13:50:45","modified_gmt":"2023-03-27T13:50:45","slug":"porta-chaves-retangular-para-professora-educadora-obrigado-por-me-ajudar-a-crescer-mod-37","status":"publish","type":"product","link":"https:\/\/copiamais.com\/lojaonline\/produto\/porta-chaves-retangular-para-professora-educadora-obrigado-por-me-ajudar-a-crescer-mod-37\/","title":{"rendered":"Porta-chaves Retangular para Professora \/ Educadora &#8211; Obrigado por me ajudar a crescer  (menino)"},"content":{"rendered":"<p>Porta-chaves em acr\u00edlico com imagem nas duas faces.<\/p>\n<p>Caracter\u00edsticas:<br \/>\n&#8211; Dimens\u00e3o do artigo: 4x9cm<br \/>\n&#8211; \u00c1rea de imagem: 3,5x5cm<\/p>\n<p>&nbsp;<\/p>\n<blockquote><p><strong>Aten\u00e7\u00e3o!<\/strong><br \/>\n<strong>-Seleccione a op\u00e7\u00e3o &#8220;Professora&#8221; ou &#8220;Educadora&#8221;.<\/strong><br \/>\n<strong>-Introduza na respetiva caixa o nome da Professora ou Educadora (a trocar por &#8220;Mafalda&#8221;).<\/strong><br \/>\n<strong>-Introduza na respetiva caixa o nome do aluno (a trocar por &#8220;Jo\u00e3o T.&#8221;).<\/strong><\/p>\n<p>Enviaremos uma maqueta para aprova\u00e7\u00e3o por email antes de avan\u00e7ar com a produ\u00e7\u00e3o.<\/p><\/blockquote>\n<p>&nbsp;<\/p>\n<p>&nbsp;<\/p>\n<p><em>*Imagem meramente ilustrativa.<\/em><br \/>\n<em>Pode haver pequenas varia\u00e7\u00f5es de cor da imagem do produto para o produto final devido \u00e0 mudan\u00e7a do modo de cor de RGB para CMYK.<\/em><\/p>\n","protected":false},"excerpt":{"rendered":"<p>Porta-chaves em acr\u00edlico com imagem nas duas faces. Caracter\u00edsticas: &#8211; Dimens\u00e3o do artigo: 4x9cm &#8211; \u00c1rea de imagem: 3,5x5cm &nbsp; Aten\u00e7\u00e3o! -Seleccione a op\u00e7\u00e3o &#8220;Professora&#8221; ou &#8220;Educadora&#8221;. -Introduza na respetiva caixa o nome da Professora ou Educadora (a trocar por &#8220;Mafalda&#8221;). -Introduza na respetiva caixa o nome do aluno (a trocar por &#8220;Jo\u00e3o T.&#8221;). Enviaremos<\/p>\n","protected":false},"featured_media":8115,"comment_status":"open","ping_status":"closed","template":"","meta":{"_monsterinsights_skip_tracking":false,"_monsterinsights_sitenote_active":false,"_monsterinsights_sitenote_note":"","_monsterinsights_sitenote_category":0},"product_brand":[],"product_cat":[161,181,54,57,58],"product_tag":[100,94,151],"class_list":{"0":"post-8114","1":"product","2":"type-product","3":"status-publish","4":"has-post-thumbnail","6":"product_cat-modelos-pre-criados-portachavesretangular","7":"product_cat-porta-chaves-acrilico","8":"product_cat-acessorios","9":"product_cat-portachaves","10":"product_cat-portachavesretangular","11":"product_tag-artigos-personalizaveis","12":"product_tag-crianca","13":"product_tag-professores-educadores","15":"first","16":"instock","17":"taxable","18":"shipping-taxable","19":"purchasable","20":"product-type-variable"},"yoast_head":"<!-- This site is optimized with the Yoast SEO plugin v25.5 - https:\/\/yoast.com\/wordpress\/plugins\/seo\/ -->\n<title>Porta-chaves Retangular para Professora \/ Educadora - Obrigado por me ajudar a crescer (menino) - C\u00f3pia+ | Loja Online - Presentes Personalizados - Prendas Originais<\/title>\n<meta name=\"description\" content=\"Porta-chaves Retangular para Professora \/ Educadora - Obrigado por me ajudar a crescer (menino)\" \/>\n<meta name=\"robots\" content=\"index, follow, max-snippet:-1, max-image-preview:large, max-video-preview:-1\" \/>\n<link rel=\"canonical\" href=\"https:\/\/copiamais.com\/lojaonline\/produto\/porta-chaves-retangular-para-professora-educadora-obrigado-por-me-ajudar-a-crescer-mod-37\/\" \/>\n<meta property=\"og:locale\" content=\"pt_PT\" \/>\n<meta property=\"og:type\" content=\"article\" \/>\n<meta property=\"og:title\" content=\"Porta-chaves Retangular para Professora \/ Educadora - Obrigado por me ajudar a crescer (menino) - C\u00f3pia+ | Loja Online - Presentes Personalizados - Prendas Originais\" \/>\n<meta property=\"og:description\" content=\"Porta-chaves Retangular para Professora \/ Educadora - Obrigado por me ajudar a crescer (menino)\" \/>\n<meta property=\"og:url\" content=\"https:\/\/copiamais.com\/lojaonline\/produto\/porta-chaves-retangular-para-professora-educadora-obrigado-por-me-ajudar-a-crescer-mod-37\/\" \/>\n<meta property=\"og:site_name\" content=\"C\u00f3pia+ | Loja Online - Presentes Personalizados - Prendas Originais\" \/>\n<meta property=\"article:modified_time\" content=\"2023-03-27T13:50:45+00:00\" \/>\n<meta property=\"og:image\" content=\"https:\/\/copiamais.com\/lojaonline\/wp-content\/uploads\/2020\/05\/pchavesret_artigosprofessores_37.jpg?v=1604587853\" \/>\n\t<meta property=\"og:image:width\" content=\"987\" \/>\n\t<meta property=\"og:image:height\" content=\"987\" \/>\n\t<meta property=\"og:image:type\" content=\"image\/jpeg\" \/>\n<meta name=\"twitter:card\" content=\"summary_large_image\" \/>\n<meta name=\"twitter:label1\" content=\"Tempo estimado de leitura\" \/>\n\t<meta name=\"twitter:data1\" content=\"1 minuto\" \/>\n<script type=\"application\/ld+json\" class=\"yoast-schema-graph\">{\"@context\":\"https:\/\/schema.org\",\"@graph\":[{\"@type\":\"WebPage\",\"@id\":\"https:\/\/copiamais.com\/lojaonline\/produto\/porta-chaves-retangular-para-professora-educadora-obrigado-por-me-ajudar-a-crescer-mod-37\/\",\"url\":\"https:\/\/copiamais.com\/lojaonline\/produto\/porta-chaves-retangular-para-professora-educadora-obrigado-por-me-ajudar-a-crescer-mod-37\/\",\"name\":\"Porta-chaves Retangular para Professora \/ Educadora - Obrigado por me ajudar a crescer (menino) - C\u00f3pia+ | Loja Online - Presentes Personalizados - Prendas Originais\",\"isPartOf\":{\"@id\":\"https:\/\/copiamais.com\/lojaonline\/#website\"},\"primaryImageOfPage\":{\"@id\":\"https:\/\/copiamais.com\/lojaonline\/produto\/porta-chaves-retangular-para-professora-educadora-obrigado-por-me-ajudar-a-crescer-mod-37\/#primaryimage\"},\"image\":{\"@id\":\"https:\/\/copiamais.com\/lojaonline\/produto\/porta-chaves-retangular-para-professora-educadora-obrigado-por-me-ajudar-a-crescer-mod-37\/#primaryimage\"},\"thumbnailUrl\":\"https:\/\/copiamais.com\/lojaonline\/wp-content\/uploads\/2020\/05\/pchavesret_artigosprofessores_37.jpg?v=1604587853\",\"datePublished\":\"2020-05-13T16:06:51+00:00\",\"dateModified\":\"2023-03-27T13:50:45+00:00\",\"description\":\"Porta-chaves Retangular para Professora \/ Educadora - Obrigado por me ajudar a crescer (menino)\",\"breadcrumb\":{\"@id\":\"https:\/\/copiamais.com\/lojaonline\/produto\/porta-chaves-retangular-para-professora-educadora-obrigado-por-me-ajudar-a-crescer-mod-37\/#breadcrumb\"},\"inLanguage\":\"pt-PT\",\"potentialAction\":[{\"@type\":\"ReadAction\",\"target\":[\"https:\/\/copiamais.com\/lojaonline\/produto\/porta-chaves-retangular-para-professora-educadora-obrigado-por-me-ajudar-a-crescer-mod-37\/\"]}]},{\"@type\":\"ImageObject\",\"inLanguage\":\"pt-PT\",\"@id\":\"https:\/\/copiamais.com\/lojaonline\/produto\/porta-chaves-retangular-para-professora-educadora-obrigado-por-me-ajudar-a-crescer-mod-37\/#primaryimage\",\"url\":\"https:\/\/copiamais.com\/lojaonline\/wp-content\/uploads\/2020\/05\/pchavesret_artigosprofessores_37.jpg?v=1604587853\",\"contentUrl\":\"https:\/\/copiamais.com\/lojaonline\/wp-content\/uploads\/2020\/05\/pchavesret_artigosprofessores_37.jpg?v=1604587853\",\"width\":987,\"height\":987,\"caption\":\"pchavesret_artigosprofessores_37_copiamais\"},{\"@type\":\"BreadcrumbList\",\"@id\":\"https:\/\/copiamais.com\/lojaonline\/produto\/porta-chaves-retangular-para-professora-educadora-obrigado-por-me-ajudar-a-crescer-mod-37\/#breadcrumb\",\"itemListElement\":[{\"@type\":\"ListItem\",\"position\":1,\"name\":\"In\u00edcio\",\"item\":\"https:\/\/copiamais.com\/lojaonline\/\"},{\"@type\":\"ListItem\",\"position\":2,\"name\":\"Loja\",\"item\":\"https:\/\/copiamais.com\/lojaonline\/loja\/\"},{\"@type\":\"ListItem\",\"position\":3,\"name\":\"Porta-chaves Retangular para Professora \/ Educadora &#8211; Obrigado por me ajudar a crescer (menino)\"}]},{\"@type\":\"WebSite\",\"@id\":\"https:\/\/copiamais.com\/lojaonline\/#website\",\"url\":\"https:\/\/copiamais.com\/lojaonline\/\",\"name\":\"C\u00f3pia+ | Loja Online - Presentes Personalizados - Prendas Originais\",\"description\":\"Presentes para namorados, Dia do Pai, Dia da M\u00e3e, Dia dos Av\u00f3s, P\u00e1scoa...\",\"publisher\":{\"@id\":\"https:\/\/copiamais.com\/lojaonline\/#organization\"},\"potentialAction\":[{\"@type\":\"SearchAction\",\"target\":{\"@type\":\"EntryPoint\",\"urlTemplate\":\"https:\/\/copiamais.com\/lojaonline\/?s={search_term_string}\"},\"query-input\":{\"@type\":\"PropertyValueSpecification\",\"valueRequired\":true,\"valueName\":\"search_term_string\"}}],\"inLanguage\":\"pt-PT\"},{\"@type\":\"Organization\",\"@id\":\"https:\/\/copiamais.com\/lojaonline\/#organization\",\"name\":\"C\u00f3pia+\",\"url\":\"https:\/\/copiamais.com\/lojaonline\/\",\"logo\":{\"@type\":\"ImageObject\",\"inLanguage\":\"pt-PT\",\"@id\":\"https:\/\/copiamais.com\/lojaonline\/#\/schema\/logo\/image\/\",\"url\":\"https:\/\/copiamais.com\/lojaonline\/wp-content\/uploads\/2019\/08\/logo_copia.png\",\"contentUrl\":\"https:\/\/copiamais.com\/lojaonline\/wp-content\/uploads\/2019\/08\/logo_copia.png\",\"width\":150,\"height\":92,\"caption\":\"C\u00f3pia+\"},\"image\":{\"@id\":\"https:\/\/copiamais.com\/lojaonline\/#\/schema\/logo\/image\/\"}}]}<\/script>\n<!-- \/ Yoast SEO plugin. -->","yoast_head_json":{"title":"Porta-chaves Retangular para Professora \/ Educadora - Obrigado por me ajudar a crescer (menino) - C\u00f3pia+ | Loja Online - Presentes Personalizados - Prendas Originais","description":"Porta-chaves Retangular para Professora \/ Educadora - Obrigado por me ajudar a crescer (menino)","robots":{"index":"index","follow":"follow","max-snippet":"max-snippet:-1","max-image-preview":"max-image-preview:large","max-video-preview":"max-video-preview:-1"},"canonical":"https:\/\/copiamais.com\/lojaonline\/produto\/porta-chaves-retangular-para-professora-educadora-obrigado-por-me-ajudar-a-crescer-mod-37\/","og_locale":"pt_PT","og_type":"article","og_title":"Porta-chaves Retangular para Professora \/ Educadora - Obrigado por me ajudar a crescer (menino) - C\u00f3pia+ | Loja Online - Presentes Personalizados - Prendas Originais","og_description":"Porta-chaves Retangular para Professora \/ Educadora - Obrigado por me ajudar a crescer (menino)","og_url":"https:\/\/copiamais.com\/lojaonline\/produto\/porta-chaves-retangular-para-professora-educadora-obrigado-por-me-ajudar-a-crescer-mod-37\/","og_site_name":"C\u00f3pia+ | Loja Online - Presentes Personalizados - Prendas Originais","article_modified_time":"2023-03-27T13:50:45+00:00","og_image":[{"width":987,"height":987,"url":"https:\/\/copiamais.com\/lojaonline\/wp-content\/uploads\/2020\/05\/pchavesret_artigosprofessores_37.jpg?v=1604587853","type":"image\/jpeg"}],"twitter_card":"summary_large_image","twitter_misc":{"Tempo estimado de leitura":"1 minuto"},"schema":{"@context":"https:\/\/schema.org","@graph":[{"@type":"WebPage","@id":"https:\/\/copiamais.com\/lojaonline\/produto\/porta-chaves-retangular-para-professora-educadora-obrigado-por-me-ajudar-a-crescer-mod-37\/","url":"https:\/\/copiamais.com\/lojaonline\/produto\/porta-chaves-retangular-para-professora-educadora-obrigado-por-me-ajudar-a-crescer-mod-37\/","name":"Porta-chaves Retangular para Professora \/ Educadora - Obrigado por me ajudar a crescer (menino) - C\u00f3pia+ | Loja Online - Presentes Personalizados - Prendas Originais","isPartOf":{"@id":"https:\/\/copiamais.com\/lojaonline\/#website"},"primaryImageOfPage":{"@id":"https:\/\/copiamais.com\/lojaonline\/produto\/porta-chaves-retangular-para-professora-educadora-obrigado-por-me-ajudar-a-crescer-mod-37\/#primaryimage"},"image":{"@id":"https:\/\/copiamais.com\/lojaonline\/produto\/porta-chaves-retangular-para-professora-educadora-obrigado-por-me-ajudar-a-crescer-mod-37\/#primaryimage"},"thumbnailUrl":"https:\/\/copiamais.com\/lojaonline\/wp-content\/uploads\/2020\/05\/pchavesret_artigosprofessores_37.jpg?v=1604587853","datePublished":"2020-05-13T16:06:51+00:00","dateModified":"2023-03-27T13:50:45+00:00","description":"Porta-chaves Retangular para Professora \/ Educadora - Obrigado por me ajudar a crescer (menino)","breadcrumb":{"@id":"https:\/\/copiamais.com\/lojaonline\/produto\/porta-chaves-retangular-para-professora-educadora-obrigado-por-me-ajudar-a-crescer-mod-37\/#breadcrumb"},"inLanguage":"pt-PT","potentialAction":[{"@type":"ReadAction","target":["https:\/\/copiamais.com\/lojaonline\/produto\/porta-chaves-retangular-para-professora-educadora-obrigado-por-me-ajudar-a-crescer-mod-37\/"]}]},{"@type":"ImageObject","inLanguage":"pt-PT","@id":"https:\/\/copiamais.com\/lojaonline\/produto\/porta-chaves-retangular-para-professora-educadora-obrigado-por-me-ajudar-a-crescer-mod-37\/#primaryimage","url":"https:\/\/copiamais.com\/lojaonline\/wp-content\/uploads\/2020\/05\/pchavesret_artigosprofessores_37.jpg?v=1604587853","contentUrl":"https:\/\/copiamais.com\/lojaonline\/wp-content\/uploads\/2020\/05\/pchavesret_artigosprofessores_37.jpg?v=1604587853","width":987,"height":987,"caption":"pchavesret_artigosprofessores_37_copiamais"},{"@type":"BreadcrumbList","@id":"https:\/\/copiamais.com\/lojaonline\/produto\/porta-chaves-retangular-para-professora-educadora-obrigado-por-me-ajudar-a-crescer-mod-37\/#breadcrumb","itemListElement":[{"@type":"ListItem","position":1,"name":"In\u00edcio","item":"https:\/\/copiamais.com\/lojaonline\/"},{"@type":"ListItem","position":2,"name":"Loja","item":"https:\/\/copiamais.com\/lojaonline\/loja\/"},{"@type":"ListItem","position":3,"name":"Porta-chaves Retangular para Professora \/ Educadora &#8211; Obrigado por me ajudar a crescer (menino)"}]},{"@type":"WebSite","@id":"https:\/\/copiamais.com\/lojaonline\/#website","url":"https:\/\/copiamais.com\/lojaonline\/","name":"C\u00f3pia+ | Loja Online - Presentes Personalizados - Prendas Originais","description":"Presentes para namorados, Dia do Pai, Dia da M\u00e3e, Dia dos Av\u00f3s, P\u00e1scoa...","publisher":{"@id":"https:\/\/copiamais.com\/lojaonline\/#organization"},"potentialAction":[{"@type":"SearchAction","target":{"@type":"EntryPoint","urlTemplate":"https:\/\/copiamais.com\/lojaonline\/?s={search_term_string}"},"query-input":{"@type":"PropertyValueSpecification","valueRequired":true,"valueName":"search_term_string"}}],"inLanguage":"pt-PT"},{"@type":"Organization","@id":"https:\/\/copiamais.com\/lojaonline\/#organization","name":"C\u00f3pia+","url":"https:\/\/copiamais.com\/lojaonline\/","logo":{"@type":"ImageObject","inLanguage":"pt-PT","@id":"https:\/\/copiamais.com\/lojaonline\/#\/schema\/logo\/image\/","url":"https:\/\/copiamais.com\/lojaonline\/wp-content\/uploads\/2019\/08\/logo_copia.png","contentUrl":"https:\/\/copiamais.com\/lojaonline\/wp-content\/uploads\/2019\/08\/logo_copia.png","width":150,"height":92,"caption":"C\u00f3pia+"},"image":{"@id":"https:\/\/copiamais.com\/lojaonline\/#\/schema\/logo\/image\/"}}]}},"_links":{"self":[{"href":"https:\/\/copiamais.com\/lojaonline\/wp-json\/wp\/v2\/product\/8114","targetHints":{"allow":["GET"]}}],"collection":[{"href":"https:\/\/copiamais.com\/lojaonline\/wp-json\/wp\/v2\/product"}],"about":[{"href":"https:\/\/copiamais.com\/lojaonline\/wp-json\/wp\/v2\/types\/product"}],"replies":[{"embeddable":true,"href":"https:\/\/copiamais.com\/lojaonline\/wp-json\/wp\/v2\/comments?post=8114"}],"wp:featuredmedia":[{"embeddable":true,"href":"https:\/\/copiamais.com\/lojaonline\/wp-json\/wp\/v2\/media\/8115"}],"wp:attachment":[{"href":"https:\/\/copiamais.com\/lojaonline\/wp-json\/wp\/v2\/media?parent=8114"}],"wp:term":[{"taxonomy":"product_brand","embeddable":true,"href":"https:\/\/copiamais.com\/lojaonline\/wp-json\/wp\/v2\/product_brand?post=8114"},{"taxonomy":"product_cat","embeddable":true,"href":"https:\/\/copiamais.com\/lojaonline\/wp-json\/wp\/v2\/product_cat?post=8114"},{"taxonomy":"product_tag","embeddable":true,"href":"https:\/\/copiamais.com\/lojaonline\/wp-json\/wp\/v2\/product_tag?post=8114"}],"curies":[{"name":"wp","href":"https:\/\/api.w.org\/{rel}","templated":true}]}}