{"id":833,"date":"2019-08-05T13:40:36","date_gmt":"2019-08-05T13:40:36","guid":{"rendered":"http:\/\/copiamais.com\/lojaonline\/?post_type=product&#038;p=833"},"modified":"2023-03-28T08:58:04","modified_gmt":"2023-03-28T08:58:04","slug":"cracha-despedida-solteiro-mod-51","status":"publish","type":"product","link":"https:\/\/copiamais.com\/lojaonline\/produto\/cracha-despedida-solteiro-mod-51\/","title":{"rendered":"Crach\u00e1 Despedida Solteiro &#8211; D\u00e1 um abra\u00e7o ao noivo"},"content":{"rendered":"<p>Crach\u00e1\/pin com alfinete.<\/p>\n<p>Dispon\u00edvel em 2 tamanhos: 38mm e 58mm de di\u00e2metro.<\/p>\n<p>&nbsp;<\/p>\n<p>&nbsp;<\/p>\n<p>Caso pretenda uma cor de fundo ou de ilustra\u00e7\u00e3o diferente, contacte-nos.<\/p>\n<p>&nbsp;<\/p>\n<p><em>*Imagem meramente ilustrativa.<\/em><br \/>\n<em>Pode haver pequenas varia\u00e7\u00f5es de cor da imagem do produto para o produto final devido \u00e0 mudan\u00e7a do modo de cor de RGB para CMYK.<\/em><\/p>\n","protected":false},"excerpt":{"rendered":"<p>Crach\u00e1\/pin com alfinete. Dispon\u00edvel em 2 tamanhos: 38mm e 58mm de di\u00e2metro. &nbsp; &nbsp; Caso pretenda uma cor de fundo ou de ilustra\u00e7\u00e3o diferente, contacte-nos. &nbsp; *Imagem meramente ilustrativa. Pode haver pequenas varia\u00e7\u00f5es de cor da imagem do produto para o produto final devido \u00e0 mudan\u00e7a do modo de cor de RGB para CMYK.<\/p>\n","protected":false},"featured_media":848,"comment_status":"open","ping_status":"closed","template":"","meta":{"_monsterinsights_skip_tracking":false,"_monsterinsights_sitenote_active":false,"_monsterinsights_sitenote_note":"","_monsterinsights_sitenote_category":0},"product_brand":[],"product_cat":[159,54,55],"product_tag":[97],"class_list":{"0":"post-833","1":"product","2":"type-product","3":"status-publish","4":"has-post-thumbnail","6":"product_cat-modelos-pre-criados","7":"product_cat-acessorios","8":"product_cat-crachas","9":"product_tag-despedidas-de-solteiro","11":"first","12":"instock","13":"taxable","14":"shipping-taxable","15":"purchasable","16":"product-type-variable"},"yoast_head":"<!-- This site is optimized with the Yoast SEO plugin v25.5 - https:\/\/yoast.com\/wordpress\/plugins\/seo\/ -->\n<title>Crach\u00e1 Despedida Solteiro - D\u00e1 um abra\u00e7o ao noivo - C\u00f3pia+ | Loja Online - Presentes Personalizados - Prendas Originais<\/title>\n<meta name=\"robots\" content=\"index, follow, max-snippet:-1, max-image-preview:large, max-video-preview:-1\" \/>\n<link rel=\"canonical\" href=\"https:\/\/copiamais.com\/lojaonline\/produto\/cracha-despedida-solteiro-mod-51\/\" \/>\n<meta property=\"og:locale\" content=\"pt_PT\" \/>\n<meta property=\"og:type\" content=\"article\" \/>\n<meta property=\"og:title\" content=\"Crach\u00e1 Despedida Solteiro - D\u00e1 um abra\u00e7o ao noivo - C\u00f3pia+ | Loja Online - Presentes Personalizados - Prendas Originais\" \/>\n<meta property=\"og:description\" content=\"Crach\u00e1\/pin com alfinete. Dispon\u00edvel em 2 tamanhos: 38mm e 58mm de di\u00e2metro. &nbsp; &nbsp; Caso pretenda uma cor de fundo ou de ilustra\u00e7\u00e3o diferente, contacte-nos. &nbsp; *Imagem meramente ilustrativa. Pode haver pequenas varia\u00e7\u00f5es de cor da imagem do produto para o produto final devido \u00e0 mudan\u00e7a do modo de cor de RGB para CMYK.\" \/>\n<meta property=\"og:url\" content=\"https:\/\/copiamais.com\/lojaonline\/produto\/cracha-despedida-solteiro-mod-51\/\" \/>\n<meta property=\"og:site_name\" content=\"C\u00f3pia+ | Loja Online - Presentes Personalizados - Prendas Originais\" \/>\n<meta property=\"article:modified_time\" content=\"2023-03-28T08:58:04+00:00\" \/>\n<meta property=\"og:image\" content=\"https:\/\/copiamais.com\/lojaonline\/wp-content\/uploads\/2019\/08\/crachadshomem10.jpg?v=1604670582\" \/>\n\t<meta property=\"og:image:width\" content=\"1000\" \/>\n\t<meta property=\"og:image:height\" content=\"1000\" \/>\n\t<meta property=\"og:image:type\" content=\"image\/jpeg\" \/>\n<meta name=\"twitter:card\" content=\"summary_large_image\" \/>\n<script type=\"application\/ld+json\" class=\"yoast-schema-graph\">{\"@context\":\"https:\/\/schema.org\",\"@graph\":[{\"@type\":\"WebPage\",\"@id\":\"https:\/\/copiamais.com\/lojaonline\/produto\/cracha-despedida-solteiro-mod-51\/\",\"url\":\"https:\/\/copiamais.com\/lojaonline\/produto\/cracha-despedida-solteiro-mod-51\/\",\"name\":\"Crach\u00e1 Despedida Solteiro - D\u00e1 um abra\u00e7o ao noivo - C\u00f3pia+ | Loja Online - Presentes Personalizados - Prendas Originais\",\"isPartOf\":{\"@id\":\"https:\/\/copiamais.com\/lojaonline\/#website\"},\"primaryImageOfPage\":{\"@id\":\"https:\/\/copiamais.com\/lojaonline\/produto\/cracha-despedida-solteiro-mod-51\/#primaryimage\"},\"image\":{\"@id\":\"https:\/\/copiamais.com\/lojaonline\/produto\/cracha-despedida-solteiro-mod-51\/#primaryimage\"},\"thumbnailUrl\":\"https:\/\/copiamais.com\/lojaonline\/wp-content\/uploads\/2019\/08\/crachadshomem10.jpg?v=1604670582\",\"datePublished\":\"2019-08-05T13:40:36+00:00\",\"dateModified\":\"2023-03-28T08:58:04+00:00\",\"breadcrumb\":{\"@id\":\"https:\/\/copiamais.com\/lojaonline\/produto\/cracha-despedida-solteiro-mod-51\/#breadcrumb\"},\"inLanguage\":\"pt-PT\",\"potentialAction\":[{\"@type\":\"ReadAction\",\"target\":[\"https:\/\/copiamais.com\/lojaonline\/produto\/cracha-despedida-solteiro-mod-51\/\"]}]},{\"@type\":\"ImageObject\",\"inLanguage\":\"pt-PT\",\"@id\":\"https:\/\/copiamais.com\/lojaonline\/produto\/cracha-despedida-solteiro-mod-51\/#primaryimage\",\"url\":\"https:\/\/copiamais.com\/lojaonline\/wp-content\/uploads\/2019\/08\/crachadshomem10.jpg?v=1604670582\",\"contentUrl\":\"https:\/\/copiamais.com\/lojaonline\/wp-content\/uploads\/2019\/08\/crachadshomem10.jpg?v=1604670582\",\"width\":1000,\"height\":1000,\"caption\":\"crach\u00e1 despedida solteiro modelo 10\"},{\"@type\":\"BreadcrumbList\",\"@id\":\"https:\/\/copiamais.com\/lojaonline\/produto\/cracha-despedida-solteiro-mod-51\/#breadcrumb\",\"itemListElement\":[{\"@type\":\"ListItem\",\"position\":1,\"name\":\"In\u00edcio\",\"item\":\"https:\/\/copiamais.com\/lojaonline\/\"},{\"@type\":\"ListItem\",\"position\":2,\"name\":\"Loja\",\"item\":\"https:\/\/copiamais.com\/lojaonline\/loja\/\"},{\"@type\":\"ListItem\",\"position\":3,\"name\":\"Crach\u00e1 Despedida Solteiro &#8211; D\u00e1 um abra\u00e7o ao noivo\"}]},{\"@type\":\"WebSite\",\"@id\":\"https:\/\/copiamais.com\/lojaonline\/#website\",\"url\":\"https:\/\/copiamais.com\/lojaonline\/\",\"name\":\"C\u00f3pia+ | Loja Online - Presentes Personalizados - Prendas Originais\",\"description\":\"Presentes para namorados, Dia do Pai, Dia da M\u00e3e, Dia dos Av\u00f3s, P\u00e1scoa...\",\"publisher\":{\"@id\":\"https:\/\/copiamais.com\/lojaonline\/#organization\"},\"potentialAction\":[{\"@type\":\"SearchAction\",\"target\":{\"@type\":\"EntryPoint\",\"urlTemplate\":\"https:\/\/copiamais.com\/lojaonline\/?s={search_term_string}\"},\"query-input\":{\"@type\":\"PropertyValueSpecification\",\"valueRequired\":true,\"valueName\":\"search_term_string\"}}],\"inLanguage\":\"pt-PT\"},{\"@type\":\"Organization\",\"@id\":\"https:\/\/copiamais.com\/lojaonline\/#organization\",\"name\":\"C\u00f3pia+\",\"url\":\"https:\/\/copiamais.com\/lojaonline\/\",\"logo\":{\"@type\":\"ImageObject\",\"inLanguage\":\"pt-PT\",\"@id\":\"https:\/\/copiamais.com\/lojaonline\/#\/schema\/logo\/image\/\",\"url\":\"https:\/\/copiamais.com\/lojaonline\/wp-content\/uploads\/2019\/08\/logo_copia.png\",\"contentUrl\":\"https:\/\/copiamais.com\/lojaonline\/wp-content\/uploads\/2019\/08\/logo_copia.png\",\"width\":150,\"height\":92,\"caption\":\"C\u00f3pia+\"},\"image\":{\"@id\":\"https:\/\/copiamais.com\/lojaonline\/#\/schema\/logo\/image\/\"}}]}<\/script>\n<!-- \/ Yoast SEO plugin. -->","yoast_head_json":{"title":"Crach\u00e1 Despedida Solteiro - D\u00e1 um abra\u00e7o ao noivo - C\u00f3pia+ | Loja Online - Presentes Personalizados - Prendas Originais","robots":{"index":"index","follow":"follow","max-snippet":"max-snippet:-1","max-image-preview":"max-image-preview:large","max-video-preview":"max-video-preview:-1"},"canonical":"https:\/\/copiamais.com\/lojaonline\/produto\/cracha-despedida-solteiro-mod-51\/","og_locale":"pt_PT","og_type":"article","og_title":"Crach\u00e1 Despedida Solteiro - D\u00e1 um abra\u00e7o ao noivo - C\u00f3pia+ | Loja Online - Presentes Personalizados - Prendas Originais","og_description":"Crach\u00e1\/pin com alfinete. Dispon\u00edvel em 2 tamanhos: 38mm e 58mm de di\u00e2metro. &nbsp; &nbsp; Caso pretenda uma cor de fundo ou de ilustra\u00e7\u00e3o diferente, contacte-nos. &nbsp; *Imagem meramente ilustrativa. Pode haver pequenas varia\u00e7\u00f5es de cor da imagem do produto para o produto final devido \u00e0 mudan\u00e7a do modo de cor de RGB para CMYK.","og_url":"https:\/\/copiamais.com\/lojaonline\/produto\/cracha-despedida-solteiro-mod-51\/","og_site_name":"C\u00f3pia+ | Loja Online - Presentes Personalizados - Prendas Originais","article_modified_time":"2023-03-28T08:58:04+00:00","og_image":[{"width":1000,"height":1000,"url":"https:\/\/copiamais.com\/lojaonline\/wp-content\/uploads\/2019\/08\/crachadshomem10.jpg?v=1604670582","type":"image\/jpeg"}],"twitter_card":"summary_large_image","schema":{"@context":"https:\/\/schema.org","@graph":[{"@type":"WebPage","@id":"https:\/\/copiamais.com\/lojaonline\/produto\/cracha-despedida-solteiro-mod-51\/","url":"https:\/\/copiamais.com\/lojaonline\/produto\/cracha-despedida-solteiro-mod-51\/","name":"Crach\u00e1 Despedida Solteiro - D\u00e1 um abra\u00e7o ao noivo - C\u00f3pia+ | Loja Online - Presentes Personalizados - Prendas Originais","isPartOf":{"@id":"https:\/\/copiamais.com\/lojaonline\/#website"},"primaryImageOfPage":{"@id":"https:\/\/copiamais.com\/lojaonline\/produto\/cracha-despedida-solteiro-mod-51\/#primaryimage"},"image":{"@id":"https:\/\/copiamais.com\/lojaonline\/produto\/cracha-despedida-solteiro-mod-51\/#primaryimage"},"thumbnailUrl":"https:\/\/copiamais.com\/lojaonline\/wp-content\/uploads\/2019\/08\/crachadshomem10.jpg?v=1604670582","datePublished":"2019-08-05T13:40:36+00:00","dateModified":"2023-03-28T08:58:04+00:00","breadcrumb":{"@id":"https:\/\/copiamais.com\/lojaonline\/produto\/cracha-despedida-solteiro-mod-51\/#breadcrumb"},"inLanguage":"pt-PT","potentialAction":[{"@type":"ReadAction","target":["https:\/\/copiamais.com\/lojaonline\/produto\/cracha-despedida-solteiro-mod-51\/"]}]},{"@type":"ImageObject","inLanguage":"pt-PT","@id":"https:\/\/copiamais.com\/lojaonline\/produto\/cracha-despedida-solteiro-mod-51\/#primaryimage","url":"https:\/\/copiamais.com\/lojaonline\/wp-content\/uploads\/2019\/08\/crachadshomem10.jpg?v=1604670582","contentUrl":"https:\/\/copiamais.com\/lojaonline\/wp-content\/uploads\/2019\/08\/crachadshomem10.jpg?v=1604670582","width":1000,"height":1000,"caption":"crach\u00e1 despedida solteiro modelo 10"},{"@type":"BreadcrumbList","@id":"https:\/\/copiamais.com\/lojaonline\/produto\/cracha-despedida-solteiro-mod-51\/#breadcrumb","itemListElement":[{"@type":"ListItem","position":1,"name":"In\u00edcio","item":"https:\/\/copiamais.com\/lojaonline\/"},{"@type":"ListItem","position":2,"name":"Loja","item":"https:\/\/copiamais.com\/lojaonline\/loja\/"},{"@type":"ListItem","position":3,"name":"Crach\u00e1 Despedida Solteiro &#8211; D\u00e1 um abra\u00e7o ao noivo"}]},{"@type":"WebSite","@id":"https:\/\/copiamais.com\/lojaonline\/#website","url":"https:\/\/copiamais.com\/lojaonline\/","name":"C\u00f3pia+ | Loja Online - Presentes Personalizados - Prendas Originais","description":"Presentes para namorados, Dia do Pai, Dia da M\u00e3e, Dia dos Av\u00f3s, P\u00e1scoa...","publisher":{"@id":"https:\/\/copiamais.com\/lojaonline\/#organization"},"potentialAction":[{"@type":"SearchAction","target":{"@type":"EntryPoint","urlTemplate":"https:\/\/copiamais.com\/lojaonline\/?s={search_term_string}"},"query-input":{"@type":"PropertyValueSpecification","valueRequired":true,"valueName":"search_term_string"}}],"inLanguage":"pt-PT"},{"@type":"Organization","@id":"https:\/\/copiamais.com\/lojaonline\/#organization","name":"C\u00f3pia+","url":"https:\/\/copiamais.com\/lojaonline\/","logo":{"@type":"ImageObject","inLanguage":"pt-PT","@id":"https:\/\/copiamais.com\/lojaonline\/#\/schema\/logo\/image\/","url":"https:\/\/copiamais.com\/lojaonline\/wp-content\/uploads\/2019\/08\/logo_copia.png","contentUrl":"https:\/\/copiamais.com\/lojaonline\/wp-content\/uploads\/2019\/08\/logo_copia.png","width":150,"height":92,"caption":"C\u00f3pia+"},"image":{"@id":"https:\/\/copiamais.com\/lojaonline\/#\/schema\/logo\/image\/"}}]}},"_links":{"self":[{"href":"https:\/\/copiamais.com\/lojaonline\/wp-json\/wp\/v2\/product\/833","targetHints":{"allow":["GET"]}}],"collection":[{"href":"https:\/\/copiamais.com\/lojaonline\/wp-json\/wp\/v2\/product"}],"about":[{"href":"https:\/\/copiamais.com\/lojaonline\/wp-json\/wp\/v2\/types\/product"}],"replies":[{"embeddable":true,"href":"https:\/\/copiamais.com\/lojaonline\/wp-json\/wp\/v2\/comments?post=833"}],"wp:featuredmedia":[{"embeddable":true,"href":"https:\/\/copiamais.com\/lojaonline\/wp-json\/wp\/v2\/media\/848"}],"wp:attachment":[{"href":"https:\/\/copiamais.com\/lojaonline\/wp-json\/wp\/v2\/media?parent=833"}],"wp:term":[{"taxonomy":"product_brand","embeddable":true,"href":"https:\/\/copiamais.com\/lojaonline\/wp-json\/wp\/v2\/product_brand?post=833"},{"taxonomy":"product_cat","embeddable":true,"href":"https:\/\/copiamais.com\/lojaonline\/wp-json\/wp\/v2\/product_cat?post=833"},{"taxonomy":"product_tag","embeddable":true,"href":"https:\/\/copiamais.com\/lojaonline\/wp-json\/wp\/v2\/product_tag?post=833"}],"curies":[{"name":"wp","href":"https:\/\/api.w.org\/{rel}","templated":true}]}}