{"id":8833,"date":"2020-08-28T13:56:10","date_gmt":"2020-08-28T13:56:10","guid":{"rendered":"https:\/\/copiamais.com\/lojaonline\/?post_type=product&#038;p=8833"},"modified":"2023-03-27T13:36:09","modified_gmt":"2023-03-27T13:36:09","slug":"wall-sticker-gatos-mod-60","status":"publish","type":"product","link":"https:\/\/copiamais.com\/lojaonline\/produto\/wall-sticker-gatos-mod-60\/","title":{"rendered":"Wall Sticker Gatos"},"content":{"rendered":"<p><strong>Os Wall Stickers C\u00d3PIA+ s\u00e3o ideais para dar um toque especial \u00e0 sua casa.<\/strong><\/p>\n<p>&nbsp;<\/p>\n<p>&nbsp;<\/p>\n<hr \/>\n<p>&nbsp;<\/p>\n<p><strong>Como aplicar o Wall Sticker?<\/strong><br \/>\nSeguir\u00e1 juntamente com a encomenda um documento com as devidas instru\u00e7\u00f5es de aplica\u00e7\u00e3o.<br \/>\nRecomendamos a aplica\u00e7\u00e3o do Wall Sticker com <a href=\"http:\/\/copiamais.com\/lojaonline\/produto\/espatula-de-feltro\/\">esp\u00e1tula<\/a>.<br \/>\nPoder\u00e1 sempre tamb\u00e9m contactar-nos atrav\u00e9s do telefone fixo ou email e teremos toda a disponibilidade para esclarecer qualquer d\u00favida que possa existir.<\/p>\n<p><strong>Onde posso aplicar?<\/strong><br \/>\nA superf\u00edcie onde vai colar o Wall Sticker deve ser lisa e n\u00e3o porosa. Deve estar seca, sem sujidade e impurezas tais como p\u00f3, l\u00edquidos e manchas.<br \/>\nDever\u00e1 limpar a \u00e1rea onde ir\u00e1 colocar o material com \u00e1lcool.<\/p>\n<p><strong>O que ir\u00e1 receber?<\/strong><br \/>\nReceber\u00e1 uma embalagem com o Wall Sticker.<br \/>\nNo caso de ter comprado tamb\u00e9m uma <a href=\"http:\/\/copiamais.com\/lojaonline\/produto\/espatula-de-feltro\/\">esp\u00e1tula<\/a>, esta estar\u00e1 tamb\u00e9m no interior da embalagem.<br \/>\nO wall Sticker \u00e9 composto por 2 ou 3 camadas de materiais: uma pel\u00edcula de transporte transparente por cima (opcional em desenhos com cortes finos), o vinil autocolante que ir\u00e1 ficar aplicado na parede e, por baixo, o papel que suporta o autocolante.<\/p>\n<p>&nbsp;<\/p>\n<p>&nbsp;<\/p>\n<p>&nbsp;<\/p>\n<p><em>*Imagem meramente ilustrativa.<\/em><br \/>\n<em>Pode haver pequenas varia\u00e7\u00f5es de cor da imagem do produto para o produto final devido \u00e0 mudan\u00e7a do modo de cor de RGB para CMYK.<\/em><\/p>\n","protected":false},"excerpt":{"rendered":"<p>Os Wall Stickers C\u00d3PIA+ s\u00e3o ideais para dar um toque especial \u00e0 sua casa. &nbsp; &nbsp; &nbsp; Como aplicar o Wall Sticker? Seguir\u00e1 juntamente com a encomenda um documento com as devidas instru\u00e7\u00f5es de aplica\u00e7\u00e3o. Recomendamos a aplica\u00e7\u00e3o do Wall Sticker com esp\u00e1tula. Poder\u00e1 sempre tamb\u00e9m contactar-nos atrav\u00e9s do telefone fixo ou email e teremos<\/p>\n","protected":false},"featured_media":8836,"comment_status":"open","ping_status":"closed","template":"","meta":{"_monsterinsights_skip_tracking":false,"_monsterinsights_sitenote_active":false,"_monsterinsights_sitenote_note":"","_monsterinsights_sitenote_category":0},"product_brand":[],"product_cat":[61,65],"product_tag":[110,102],"class_list":{"0":"post-8833","1":"product","2":"type-product","3":"status-publish","4":"has-post-thumbnail","6":"product_cat-adesivos","7":"product_cat-wallsticker","8":"product_tag-animais","9":"product_tag-decoracao-de-casa","11":"first","12":"instock","13":"taxable","14":"shipping-taxable","15":"purchasable","16":"product-type-variable"},"yoast_head":"<!-- This site is optimized with the Yoast SEO plugin v25.5 - https:\/\/yoast.com\/wordpress\/plugins\/seo\/ -->\n<title>Wall Sticker Gatos - C\u00f3pia+ | Loja Online - Presentes Personalizados - Prendas Originais<\/title>\n<meta name=\"description\" content=\"Wall sticker em vinil autocolante para decora\u00e7\u00e3o de parede - Gatos\" \/>\n<meta name=\"robots\" content=\"index, follow, max-snippet:-1, max-image-preview:large, max-video-preview:-1\" \/>\n<link rel=\"canonical\" href=\"https:\/\/copiamais.com\/lojaonline\/produto\/wall-sticker-gatos-mod-60\/\" \/>\n<meta property=\"og:locale\" content=\"pt_PT\" \/>\n<meta property=\"og:type\" content=\"article\" \/>\n<meta property=\"og:title\" content=\"Wall Sticker Gatos - C\u00f3pia+ | Loja Online - Presentes Personalizados - Prendas Originais\" \/>\n<meta property=\"og:description\" content=\"Wall sticker em vinil autocolante para decora\u00e7\u00e3o de parede - Gatos\" \/>\n<meta property=\"og:url\" content=\"https:\/\/copiamais.com\/lojaonline\/produto\/wall-sticker-gatos-mod-60\/\" \/>\n<meta property=\"og:site_name\" content=\"C\u00f3pia+ | Loja Online - Presentes Personalizados - Prendas Originais\" \/>\n<meta property=\"article:modified_time\" content=\"2023-03-27T13:36:09+00:00\" \/>\n<meta property=\"og:image\" content=\"https:\/\/copiamais.com\/lojaonline\/wp-content\/uploads\/2020\/08\/ws60.jpg?v=1604583693\" \/>\n\t<meta property=\"og:image:width\" content=\"1500\" \/>\n\t<meta property=\"og:image:height\" content=\"1500\" \/>\n\t<meta property=\"og:image:type\" content=\"image\/jpeg\" \/>\n<meta name=\"twitter:card\" content=\"summary_large_image\" \/>\n<meta name=\"twitter:label1\" content=\"Tempo estimado de leitura\" \/>\n\t<meta name=\"twitter:data1\" content=\"1 minuto\" \/>\n<script type=\"application\/ld+json\" class=\"yoast-schema-graph\">{\"@context\":\"https:\/\/schema.org\",\"@graph\":[{\"@type\":\"WebPage\",\"@id\":\"https:\/\/copiamais.com\/lojaonline\/produto\/wall-sticker-gatos-mod-60\/\",\"url\":\"https:\/\/copiamais.com\/lojaonline\/produto\/wall-sticker-gatos-mod-60\/\",\"name\":\"Wall Sticker Gatos - C\u00f3pia+ | Loja Online - Presentes Personalizados - Prendas Originais\",\"isPartOf\":{\"@id\":\"https:\/\/copiamais.com\/lojaonline\/#website\"},\"primaryImageOfPage\":{\"@id\":\"https:\/\/copiamais.com\/lojaonline\/produto\/wall-sticker-gatos-mod-60\/#primaryimage\"},\"image\":{\"@id\":\"https:\/\/copiamais.com\/lojaonline\/produto\/wall-sticker-gatos-mod-60\/#primaryimage\"},\"thumbnailUrl\":\"https:\/\/copiamais.com\/lojaonline\/wp-content\/uploads\/2020\/08\/ws60.jpg?v=1604583693\",\"datePublished\":\"2020-08-28T13:56:10+00:00\",\"dateModified\":\"2023-03-27T13:36:09+00:00\",\"description\":\"Wall sticker em vinil autocolante para decora\u00e7\u00e3o de parede - Gatos\",\"breadcrumb\":{\"@id\":\"https:\/\/copiamais.com\/lojaonline\/produto\/wall-sticker-gatos-mod-60\/#breadcrumb\"},\"inLanguage\":\"pt-PT\",\"potentialAction\":[{\"@type\":\"ReadAction\",\"target\":[\"https:\/\/copiamais.com\/lojaonline\/produto\/wall-sticker-gatos-mod-60\/\"]}]},{\"@type\":\"ImageObject\",\"inLanguage\":\"pt-PT\",\"@id\":\"https:\/\/copiamais.com\/lojaonline\/produto\/wall-sticker-gatos-mod-60\/#primaryimage\",\"url\":\"https:\/\/copiamais.com\/lojaonline\/wp-content\/uploads\/2020\/08\/ws60.jpg?v=1604583693\",\"contentUrl\":\"https:\/\/copiamais.com\/lojaonline\/wp-content\/uploads\/2020\/08\/ws60.jpg?v=1604583693\",\"width\":1500,\"height\":1500,\"caption\":\"wall sticker copia+ viana do castelo gatos cats copiamais mod.60\"},{\"@type\":\"BreadcrumbList\",\"@id\":\"https:\/\/copiamais.com\/lojaonline\/produto\/wall-sticker-gatos-mod-60\/#breadcrumb\",\"itemListElement\":[{\"@type\":\"ListItem\",\"position\":1,\"name\":\"In\u00edcio\",\"item\":\"https:\/\/copiamais.com\/lojaonline\/\"},{\"@type\":\"ListItem\",\"position\":2,\"name\":\"Loja\",\"item\":\"https:\/\/copiamais.com\/lojaonline\/loja\/\"},{\"@type\":\"ListItem\",\"position\":3,\"name\":\"Wall Sticker Gatos\"}]},{\"@type\":\"WebSite\",\"@id\":\"https:\/\/copiamais.com\/lojaonline\/#website\",\"url\":\"https:\/\/copiamais.com\/lojaonline\/\",\"name\":\"C\u00f3pia+ | Loja Online - Presentes Personalizados - Prendas Originais\",\"description\":\"Presentes para namorados, Dia do Pai, Dia da M\u00e3e, Dia dos Av\u00f3s, P\u00e1scoa...\",\"publisher\":{\"@id\":\"https:\/\/copiamais.com\/lojaonline\/#organization\"},\"potentialAction\":[{\"@type\":\"SearchAction\",\"target\":{\"@type\":\"EntryPoint\",\"urlTemplate\":\"https:\/\/copiamais.com\/lojaonline\/?s={search_term_string}\"},\"query-input\":{\"@type\":\"PropertyValueSpecification\",\"valueRequired\":true,\"valueName\":\"search_term_string\"}}],\"inLanguage\":\"pt-PT\"},{\"@type\":\"Organization\",\"@id\":\"https:\/\/copiamais.com\/lojaonline\/#organization\",\"name\":\"C\u00f3pia+\",\"url\":\"https:\/\/copiamais.com\/lojaonline\/\",\"logo\":{\"@type\":\"ImageObject\",\"inLanguage\":\"pt-PT\",\"@id\":\"https:\/\/copiamais.com\/lojaonline\/#\/schema\/logo\/image\/\",\"url\":\"https:\/\/copiamais.com\/lojaonline\/wp-content\/uploads\/2019\/08\/logo_copia.png\",\"contentUrl\":\"https:\/\/copiamais.com\/lojaonline\/wp-content\/uploads\/2019\/08\/logo_copia.png\",\"width\":150,\"height\":92,\"caption\":\"C\u00f3pia+\"},\"image\":{\"@id\":\"https:\/\/copiamais.com\/lojaonline\/#\/schema\/logo\/image\/\"}}]}<\/script>\n<!-- \/ Yoast SEO plugin. -->","yoast_head_json":{"title":"Wall Sticker Gatos - C\u00f3pia+ | Loja Online - Presentes Personalizados - Prendas Originais","description":"Wall sticker em vinil autocolante para decora\u00e7\u00e3o de parede - Gatos","robots":{"index":"index","follow":"follow","max-snippet":"max-snippet:-1","max-image-preview":"max-image-preview:large","max-video-preview":"max-video-preview:-1"},"canonical":"https:\/\/copiamais.com\/lojaonline\/produto\/wall-sticker-gatos-mod-60\/","og_locale":"pt_PT","og_type":"article","og_title":"Wall Sticker Gatos - C\u00f3pia+ | Loja Online - Presentes Personalizados - Prendas Originais","og_description":"Wall sticker em vinil autocolante para decora\u00e7\u00e3o de parede - Gatos","og_url":"https:\/\/copiamais.com\/lojaonline\/produto\/wall-sticker-gatos-mod-60\/","og_site_name":"C\u00f3pia+ | Loja Online - Presentes Personalizados - Prendas Originais","article_modified_time":"2023-03-27T13:36:09+00:00","og_image":[{"width":1500,"height":1500,"url":"https:\/\/copiamais.com\/lojaonline\/wp-content\/uploads\/2020\/08\/ws60.jpg?v=1604583693","type":"image\/jpeg"}],"twitter_card":"summary_large_image","twitter_misc":{"Tempo estimado de leitura":"1 minuto"},"schema":{"@context":"https:\/\/schema.org","@graph":[{"@type":"WebPage","@id":"https:\/\/copiamais.com\/lojaonline\/produto\/wall-sticker-gatos-mod-60\/","url":"https:\/\/copiamais.com\/lojaonline\/produto\/wall-sticker-gatos-mod-60\/","name":"Wall Sticker Gatos - C\u00f3pia+ | Loja Online - Presentes Personalizados - Prendas Originais","isPartOf":{"@id":"https:\/\/copiamais.com\/lojaonline\/#website"},"primaryImageOfPage":{"@id":"https:\/\/copiamais.com\/lojaonline\/produto\/wall-sticker-gatos-mod-60\/#primaryimage"},"image":{"@id":"https:\/\/copiamais.com\/lojaonline\/produto\/wall-sticker-gatos-mod-60\/#primaryimage"},"thumbnailUrl":"https:\/\/copiamais.com\/lojaonline\/wp-content\/uploads\/2020\/08\/ws60.jpg?v=1604583693","datePublished":"2020-08-28T13:56:10+00:00","dateModified":"2023-03-27T13:36:09+00:00","description":"Wall sticker em vinil autocolante para decora\u00e7\u00e3o de parede - Gatos","breadcrumb":{"@id":"https:\/\/copiamais.com\/lojaonline\/produto\/wall-sticker-gatos-mod-60\/#breadcrumb"},"inLanguage":"pt-PT","potentialAction":[{"@type":"ReadAction","target":["https:\/\/copiamais.com\/lojaonline\/produto\/wall-sticker-gatos-mod-60\/"]}]},{"@type":"ImageObject","inLanguage":"pt-PT","@id":"https:\/\/copiamais.com\/lojaonline\/produto\/wall-sticker-gatos-mod-60\/#primaryimage","url":"https:\/\/copiamais.com\/lojaonline\/wp-content\/uploads\/2020\/08\/ws60.jpg?v=1604583693","contentUrl":"https:\/\/copiamais.com\/lojaonline\/wp-content\/uploads\/2020\/08\/ws60.jpg?v=1604583693","width":1500,"height":1500,"caption":"wall sticker copia+ viana do castelo gatos cats copiamais mod.60"},{"@type":"BreadcrumbList","@id":"https:\/\/copiamais.com\/lojaonline\/produto\/wall-sticker-gatos-mod-60\/#breadcrumb","itemListElement":[{"@type":"ListItem","position":1,"name":"In\u00edcio","item":"https:\/\/copiamais.com\/lojaonline\/"},{"@type":"ListItem","position":2,"name":"Loja","item":"https:\/\/copiamais.com\/lojaonline\/loja\/"},{"@type":"ListItem","position":3,"name":"Wall Sticker Gatos"}]},{"@type":"WebSite","@id":"https:\/\/copiamais.com\/lojaonline\/#website","url":"https:\/\/copiamais.com\/lojaonline\/","name":"C\u00f3pia+ | Loja Online - Presentes Personalizados - Prendas Originais","description":"Presentes para namorados, Dia do Pai, Dia da M\u00e3e, Dia dos Av\u00f3s, P\u00e1scoa...","publisher":{"@id":"https:\/\/copiamais.com\/lojaonline\/#organization"},"potentialAction":[{"@type":"SearchAction","target":{"@type":"EntryPoint","urlTemplate":"https:\/\/copiamais.com\/lojaonline\/?s={search_term_string}"},"query-input":{"@type":"PropertyValueSpecification","valueRequired":true,"valueName":"search_term_string"}}],"inLanguage":"pt-PT"},{"@type":"Organization","@id":"https:\/\/copiamais.com\/lojaonline\/#organization","name":"C\u00f3pia+","url":"https:\/\/copiamais.com\/lojaonline\/","logo":{"@type":"ImageObject","inLanguage":"pt-PT","@id":"https:\/\/copiamais.com\/lojaonline\/#\/schema\/logo\/image\/","url":"https:\/\/copiamais.com\/lojaonline\/wp-content\/uploads\/2019\/08\/logo_copia.png","contentUrl":"https:\/\/copiamais.com\/lojaonline\/wp-content\/uploads\/2019\/08\/logo_copia.png","width":150,"height":92,"caption":"C\u00f3pia+"},"image":{"@id":"https:\/\/copiamais.com\/lojaonline\/#\/schema\/logo\/image\/"}}]}},"_links":{"self":[{"href":"https:\/\/copiamais.com\/lojaonline\/wp-json\/wp\/v2\/product\/8833","targetHints":{"allow":["GET"]}}],"collection":[{"href":"https:\/\/copiamais.com\/lojaonline\/wp-json\/wp\/v2\/product"}],"about":[{"href":"https:\/\/copiamais.com\/lojaonline\/wp-json\/wp\/v2\/types\/product"}],"replies":[{"embeddable":true,"href":"https:\/\/copiamais.com\/lojaonline\/wp-json\/wp\/v2\/comments?post=8833"}],"wp:featuredmedia":[{"embeddable":true,"href":"https:\/\/copiamais.com\/lojaonline\/wp-json\/wp\/v2\/media\/8836"}],"wp:attachment":[{"href":"https:\/\/copiamais.com\/lojaonline\/wp-json\/wp\/v2\/media?parent=8833"}],"wp:term":[{"taxonomy":"product_brand","embeddable":true,"href":"https:\/\/copiamais.com\/lojaonline\/wp-json\/wp\/v2\/product_brand?post=8833"},{"taxonomy":"product_cat","embeddable":true,"href":"https:\/\/copiamais.com\/lojaonline\/wp-json\/wp\/v2\/product_cat?post=8833"},{"taxonomy":"product_tag","embeddable":true,"href":"https:\/\/copiamais.com\/lojaonline\/wp-json\/wp\/v2\/product_tag?post=8833"}],"curies":[{"name":"wp","href":"https:\/\/api.w.org\/{rel}","templated":true}]}}