{"id":9360,"date":"2020-11-03T17:05:39","date_gmt":"2020-11-03T17:05:39","guid":{"rendered":"https:\/\/copiamais.com\/lojaonline\/?post_type=product&#038;p=9360"},"modified":"2023-03-13T17:42:03","modified_gmt":"2023-03-13T17:42:03","slug":"cubo-rotativo","status":"publish","type":"product","link":"https:\/\/copiamais.com\/lojaonline\/produto\/cubo-rotativo\/","title":{"rendered":"Cubo Rotativo"},"content":{"rendered":"<p>Cubo Rotativo com 6 faces personaliz\u00e1veis.<br \/>\nDispon\u00edvel com faces de 10x10cm ou 15x15cm.<\/p>\n<p>Inclui pilha.<\/p>\n<p>&nbsp;<\/p>\n<blockquote>\n<blockquote><p><strong>Clique no bot\u00e3o &#8220;Personalizar&#8221; para avan\u00e7ar para a p\u00e1gina de personaliza\u00e7\u00e3o do artigo.<\/strong><\/p>\n<p><strong>Personalize as 6 faces do cubo.<\/strong><\/p>\n<blockquote><p><strong>Aten\u00e7\u00e3o:<\/strong><\/p>\n<p><a href=\"https:\/\/copiamais.com\/lojaonline\/wp-content\/uploads\/2020\/11\/aviso.png\"><img fetchpriority=\"high\" decoding=\"async\" class=\"alignnone wp-image-15852 size-full\" src=\"https:\/\/copiamais.com\/lojaonline\/wp-content\/uploads\/2020\/11\/aviso.png\" alt=\"\" width=\"500\" height=\"145\" srcset=\"https:\/\/copiamais.com\/lojaonline\/wp-content\/uploads\/2020\/11\/aviso.png 500w, https:\/\/copiamais.com\/lojaonline\/wp-content\/uploads\/2020\/11\/aviso-300x87.png 300w, https:\/\/copiamais.com\/lojaonline\/wp-content\/uploads\/2020\/11\/aviso-350x102.png 350w\" sizes=\"(max-width: 500px) 100vw, 500px\" \/><\/a><\/p><\/blockquote>\n<\/blockquote>\n<\/blockquote>\n<p><em>*Imagem meramente ilustrativa. <\/em><br \/>\n<em>Pode haver pequenas varia\u00e7\u00f5es de cor da imagem do produto para o produto final devido \u00e0 mudan\u00e7a do modo de cor de RGB para CMYK e devido ao processo de impress\u00e3o.<\/em><\/p>\n","protected":false},"excerpt":{"rendered":"<p>Cubo Rotativo com 6 faces personaliz\u00e1veis. Dispon\u00edvel com faces de 10x10cm ou 15x15cm. Inclui pilha. &nbsp; Clique no bot\u00e3o &#8220;Personalizar&#8221; para avan\u00e7ar para a p\u00e1gina de personaliza\u00e7\u00e3o do artigo. Personalize as 6 faces do cubo. Aten\u00e7\u00e3o: *Imagem meramente ilustrativa. Pode haver pequenas varia\u00e7\u00f5es de cor da imagem do produto para o produto final devido \u00e0<\/p>\n","protected":false},"featured_media":9368,"comment_status":"open","ping_status":"closed","template":"","meta":{"_monsterinsights_skip_tracking":false,"_monsterinsights_sitenote_active":false,"_monsterinsights_sitenote_note":"","_monsterinsights_sitenote_category":0},"product_brand":[],"product_cat":[178,66],"product_tag":[100],"class_list":{"0":"post-9360","1":"product","2":"type-product","3":"status-publish","4":"has-post-thumbnail","6":"product_cat-cubos-rotativos","7":"product_cat-decoracao","8":"product_tag-artigos-personalizaveis","10":"first","11":"instock","12":"taxable","13":"shipping-taxable","14":"purchasable","15":"product-type-variable"},"yoast_head":"<!-- This site is optimized with the Yoast SEO plugin v25.5 - https:\/\/yoast.com\/wordpress\/plugins\/seo\/ -->\n<title>Cubo Rotativo - C\u00f3pia+ | Loja Online - Presentes Personalizados - Prendas Originais<\/title>\n<meta name=\"description\" content=\"Cubo Rotativo\" \/>\n<meta name=\"robots\" content=\"index, follow, max-snippet:-1, max-image-preview:large, max-video-preview:-1\" \/>\n<link rel=\"canonical\" href=\"https:\/\/copiamais.com\/lojaonline\/produto\/cubo-rotativo\/\" \/>\n<meta property=\"og:locale\" content=\"pt_PT\" \/>\n<meta property=\"og:type\" content=\"article\" \/>\n<meta property=\"og:title\" content=\"Cubo Rotativo - C\u00f3pia+ | Loja Online - Presentes Personalizados - Prendas Originais\" \/>\n<meta property=\"og:description\" content=\"Cubo Rotativo\" \/>\n<meta property=\"og:url\" content=\"https:\/\/copiamais.com\/lojaonline\/produto\/cubo-rotativo\/\" \/>\n<meta property=\"og:site_name\" content=\"C\u00f3pia+ | Loja Online - Presentes Personalizados - Prendas Originais\" \/>\n<meta property=\"article:modified_time\" content=\"2023-03-13T17:42:03+00:00\" \/>\n<meta property=\"og:image\" content=\"https:\/\/copiamais.com\/lojaonline\/wp-content\/uploads\/2020\/11\/cubopersonalizavel1.jpg?v=1636469331\" \/>\n\t<meta property=\"og:image:width\" content=\"652\" \/>\n\t<meta property=\"og:image:height\" content=\"652\" \/>\n\t<meta property=\"og:image:type\" content=\"image\/jpeg\" \/>\n<meta name=\"twitter:card\" content=\"summary_large_image\" \/>\n<meta name=\"twitter:label1\" content=\"Tempo estimado de leitura\" \/>\n\t<meta name=\"twitter:data1\" content=\"1 minuto\" \/>\n<script type=\"application\/ld+json\" class=\"yoast-schema-graph\">{\"@context\":\"https:\/\/schema.org\",\"@graph\":[{\"@type\":\"WebPage\",\"@id\":\"https:\/\/copiamais.com\/lojaonline\/produto\/cubo-rotativo\/\",\"url\":\"https:\/\/copiamais.com\/lojaonline\/produto\/cubo-rotativo\/\",\"name\":\"Cubo Rotativo - C\u00f3pia+ | Loja Online - Presentes Personalizados - Prendas Originais\",\"isPartOf\":{\"@id\":\"https:\/\/copiamais.com\/lojaonline\/#website\"},\"primaryImageOfPage\":{\"@id\":\"https:\/\/copiamais.com\/lojaonline\/produto\/cubo-rotativo\/#primaryimage\"},\"image\":{\"@id\":\"https:\/\/copiamais.com\/lojaonline\/produto\/cubo-rotativo\/#primaryimage\"},\"thumbnailUrl\":\"https:\/\/copiamais.com\/lojaonline\/wp-content\/uploads\/2020\/11\/cubopersonalizavel1.jpg?v=1636469331\",\"datePublished\":\"2020-11-03T17:05:39+00:00\",\"dateModified\":\"2023-03-13T17:42:03+00:00\",\"description\":\"Cubo Rotativo\",\"breadcrumb\":{\"@id\":\"https:\/\/copiamais.com\/lojaonline\/produto\/cubo-rotativo\/#breadcrumb\"},\"inLanguage\":\"pt-PT\",\"potentialAction\":[{\"@type\":\"ReadAction\",\"target\":[\"https:\/\/copiamais.com\/lojaonline\/produto\/cubo-rotativo\/\"]}]},{\"@type\":\"ImageObject\",\"inLanguage\":\"pt-PT\",\"@id\":\"https:\/\/copiamais.com\/lojaonline\/produto\/cubo-rotativo\/#primaryimage\",\"url\":\"https:\/\/copiamais.com\/lojaonline\/wp-content\/uploads\/2020\/11\/cubopersonalizavel1.jpg?v=1636469331\",\"contentUrl\":\"https:\/\/copiamais.com\/lojaonline\/wp-content\/uploads\/2020\/11\/cubopersonalizavel1.jpg?v=1636469331\",\"width\":652,\"height\":652,\"caption\":\"Cubo rotativo\"},{\"@type\":\"BreadcrumbList\",\"@id\":\"https:\/\/copiamais.com\/lojaonline\/produto\/cubo-rotativo\/#breadcrumb\",\"itemListElement\":[{\"@type\":\"ListItem\",\"position\":1,\"name\":\"In\u00edcio\",\"item\":\"https:\/\/copiamais.com\/lojaonline\/\"},{\"@type\":\"ListItem\",\"position\":2,\"name\":\"Loja\",\"item\":\"https:\/\/copiamais.com\/lojaonline\/loja\/\"},{\"@type\":\"ListItem\",\"position\":3,\"name\":\"Cubo Rotativo\"}]},{\"@type\":\"WebSite\",\"@id\":\"https:\/\/copiamais.com\/lojaonline\/#website\",\"url\":\"https:\/\/copiamais.com\/lojaonline\/\",\"name\":\"C\u00f3pia+ | Loja Online - Presentes Personalizados - Prendas Originais\",\"description\":\"Presentes para namorados, Dia do Pai, Dia da M\u00e3e, Dia dos Av\u00f3s, P\u00e1scoa...\",\"publisher\":{\"@id\":\"https:\/\/copiamais.com\/lojaonline\/#organization\"},\"potentialAction\":[{\"@type\":\"SearchAction\",\"target\":{\"@type\":\"EntryPoint\",\"urlTemplate\":\"https:\/\/copiamais.com\/lojaonline\/?s={search_term_string}\"},\"query-input\":{\"@type\":\"PropertyValueSpecification\",\"valueRequired\":true,\"valueName\":\"search_term_string\"}}],\"inLanguage\":\"pt-PT\"},{\"@type\":\"Organization\",\"@id\":\"https:\/\/copiamais.com\/lojaonline\/#organization\",\"name\":\"C\u00f3pia+\",\"url\":\"https:\/\/copiamais.com\/lojaonline\/\",\"logo\":{\"@type\":\"ImageObject\",\"inLanguage\":\"pt-PT\",\"@id\":\"https:\/\/copiamais.com\/lojaonline\/#\/schema\/logo\/image\/\",\"url\":\"https:\/\/copiamais.com\/lojaonline\/wp-content\/uploads\/2019\/08\/logo_copia.png\",\"contentUrl\":\"https:\/\/copiamais.com\/lojaonline\/wp-content\/uploads\/2019\/08\/logo_copia.png\",\"width\":150,\"height\":92,\"caption\":\"C\u00f3pia+\"},\"image\":{\"@id\":\"https:\/\/copiamais.com\/lojaonline\/#\/schema\/logo\/image\/\"}}]}<\/script>\n<!-- \/ Yoast SEO plugin. -->","yoast_head_json":{"title":"Cubo Rotativo - C\u00f3pia+ | Loja Online - Presentes Personalizados - Prendas Originais","description":"Cubo Rotativo","robots":{"index":"index","follow":"follow","max-snippet":"max-snippet:-1","max-image-preview":"max-image-preview:large","max-video-preview":"max-video-preview:-1"},"canonical":"https:\/\/copiamais.com\/lojaonline\/produto\/cubo-rotativo\/","og_locale":"pt_PT","og_type":"article","og_title":"Cubo Rotativo - C\u00f3pia+ | Loja Online - Presentes Personalizados - Prendas Originais","og_description":"Cubo Rotativo","og_url":"https:\/\/copiamais.com\/lojaonline\/produto\/cubo-rotativo\/","og_site_name":"C\u00f3pia+ | Loja Online - Presentes Personalizados - Prendas Originais","article_modified_time":"2023-03-13T17:42:03+00:00","og_image":[{"width":652,"height":652,"url":"https:\/\/copiamais.com\/lojaonline\/wp-content\/uploads\/2020\/11\/cubopersonalizavel1.jpg?v=1636469331","type":"image\/jpeg"}],"twitter_card":"summary_large_image","twitter_misc":{"Tempo estimado de leitura":"1 minuto"},"schema":{"@context":"https:\/\/schema.org","@graph":[{"@type":"WebPage","@id":"https:\/\/copiamais.com\/lojaonline\/produto\/cubo-rotativo\/","url":"https:\/\/copiamais.com\/lojaonline\/produto\/cubo-rotativo\/","name":"Cubo Rotativo - C\u00f3pia+ | Loja Online - Presentes Personalizados - Prendas Originais","isPartOf":{"@id":"https:\/\/copiamais.com\/lojaonline\/#website"},"primaryImageOfPage":{"@id":"https:\/\/copiamais.com\/lojaonline\/produto\/cubo-rotativo\/#primaryimage"},"image":{"@id":"https:\/\/copiamais.com\/lojaonline\/produto\/cubo-rotativo\/#primaryimage"},"thumbnailUrl":"https:\/\/copiamais.com\/lojaonline\/wp-content\/uploads\/2020\/11\/cubopersonalizavel1.jpg?v=1636469331","datePublished":"2020-11-03T17:05:39+00:00","dateModified":"2023-03-13T17:42:03+00:00","description":"Cubo Rotativo","breadcrumb":{"@id":"https:\/\/copiamais.com\/lojaonline\/produto\/cubo-rotativo\/#breadcrumb"},"inLanguage":"pt-PT","potentialAction":[{"@type":"ReadAction","target":["https:\/\/copiamais.com\/lojaonline\/produto\/cubo-rotativo\/"]}]},{"@type":"ImageObject","inLanguage":"pt-PT","@id":"https:\/\/copiamais.com\/lojaonline\/produto\/cubo-rotativo\/#primaryimage","url":"https:\/\/copiamais.com\/lojaonline\/wp-content\/uploads\/2020\/11\/cubopersonalizavel1.jpg?v=1636469331","contentUrl":"https:\/\/copiamais.com\/lojaonline\/wp-content\/uploads\/2020\/11\/cubopersonalizavel1.jpg?v=1636469331","width":652,"height":652,"caption":"Cubo rotativo"},{"@type":"BreadcrumbList","@id":"https:\/\/copiamais.com\/lojaonline\/produto\/cubo-rotativo\/#breadcrumb","itemListElement":[{"@type":"ListItem","position":1,"name":"In\u00edcio","item":"https:\/\/copiamais.com\/lojaonline\/"},{"@type":"ListItem","position":2,"name":"Loja","item":"https:\/\/copiamais.com\/lojaonline\/loja\/"},{"@type":"ListItem","position":3,"name":"Cubo Rotativo"}]},{"@type":"WebSite","@id":"https:\/\/copiamais.com\/lojaonline\/#website","url":"https:\/\/copiamais.com\/lojaonline\/","name":"C\u00f3pia+ | Loja Online - Presentes Personalizados - Prendas Originais","description":"Presentes para namorados, Dia do Pai, Dia da M\u00e3e, Dia dos Av\u00f3s, P\u00e1scoa...","publisher":{"@id":"https:\/\/copiamais.com\/lojaonline\/#organization"},"potentialAction":[{"@type":"SearchAction","target":{"@type":"EntryPoint","urlTemplate":"https:\/\/copiamais.com\/lojaonline\/?s={search_term_string}"},"query-input":{"@type":"PropertyValueSpecification","valueRequired":true,"valueName":"search_term_string"}}],"inLanguage":"pt-PT"},{"@type":"Organization","@id":"https:\/\/copiamais.com\/lojaonline\/#organization","name":"C\u00f3pia+","url":"https:\/\/copiamais.com\/lojaonline\/","logo":{"@type":"ImageObject","inLanguage":"pt-PT","@id":"https:\/\/copiamais.com\/lojaonline\/#\/schema\/logo\/image\/","url":"https:\/\/copiamais.com\/lojaonline\/wp-content\/uploads\/2019\/08\/logo_copia.png","contentUrl":"https:\/\/copiamais.com\/lojaonline\/wp-content\/uploads\/2019\/08\/logo_copia.png","width":150,"height":92,"caption":"C\u00f3pia+"},"image":{"@id":"https:\/\/copiamais.com\/lojaonline\/#\/schema\/logo\/image\/"}}]}},"_links":{"self":[{"href":"https:\/\/copiamais.com\/lojaonline\/wp-json\/wp\/v2\/product\/9360","targetHints":{"allow":["GET"]}}],"collection":[{"href":"https:\/\/copiamais.com\/lojaonline\/wp-json\/wp\/v2\/product"}],"about":[{"href":"https:\/\/copiamais.com\/lojaonline\/wp-json\/wp\/v2\/types\/product"}],"replies":[{"embeddable":true,"href":"https:\/\/copiamais.com\/lojaonline\/wp-json\/wp\/v2\/comments?post=9360"}],"wp:featuredmedia":[{"embeddable":true,"href":"https:\/\/copiamais.com\/lojaonline\/wp-json\/wp\/v2\/media\/9368"}],"wp:attachment":[{"href":"https:\/\/copiamais.com\/lojaonline\/wp-json\/wp\/v2\/media?parent=9360"}],"wp:term":[{"taxonomy":"product_brand","embeddable":true,"href":"https:\/\/copiamais.com\/lojaonline\/wp-json\/wp\/v2\/product_brand?post=9360"},{"taxonomy":"product_cat","embeddable":true,"href":"https:\/\/copiamais.com\/lojaonline\/wp-json\/wp\/v2\/product_cat?post=9360"},{"taxonomy":"product_tag","embeddable":true,"href":"https:\/\/copiamais.com\/lojaonline\/wp-json\/wp\/v2\/product_tag?post=9360"}],"curies":[{"name":"wp","href":"https:\/\/api.w.org\/{rel}","templated":true}]}}